{"id":5588,"date":"2021-03-18T15:51:30","date_gmt":"2021-03-18T15:51:30","guid":{"rendered":"https:\/\/www.djurskyddet.se\/adalen\/?page_id=5588"},"modified":"2025-10-01T09:13:58","modified_gmt":"2025-10-01T09:13:58","slug":"bli-medlem","status":"publish","type":"page","link":"https:\/\/www.djurskyddet.se\/adalen\/bli-medlem\/","title":{"rendered":"Bli medlem"},"content":{"rendered":"\n<p>Vi s\u00f6ker st\u00e4ndigt nya medlemmar som st\u00f6d till v\u00e5ran f\u00f6rening.<\/p>\n\n\n\n<p>Som medlem i Djurskyddet \u00c5dalen \u00e4r du ocks\u00e5 medlem i riksf\u00f6rbundet Djurskyddet Sverige och f\u00e5r Tidningen Djurskyddet fyra g\u00e5nger per \u00e5r, b\u00e5de i brevl\u00e5dan och i appen TD. Ladda ner den d\u00e4r appar finns! Dessutom kan du l\u00e4sa intressanta djurskyddsnyheter p\u00e5 <strong><a href=\"https:\/\/tidningen.djurskyddet.se\/\">webbtidningen<\/a><\/strong> och kan ta del av ett antal\u202ffina <strong><a href=\"https:\/\/www.djurskyddet.se\/stod-oss\/bli-medlem\/medlemsformaner\/\">medlemsf\u00f6rm\u00e5ner<\/a><\/strong>, s\u00e5som rabatt hos olika n\u00e4tbutiker.\u00a0Du blir \u00e4ven kallad till styrelsens \u00e5rsm\u00f6te en g\u00e5ng per \u00e5r f\u00f6r att ta del av \u00e5ret som har varit och det som komma skall.<\/p>\n\n\n\n<p>Registrera dig som medlem p\u00e5\u202fDjurskyddet Sveriges hemsida. Se till att v\u00e4lja Djurskyddet \u00c5dalen som din lokalf\u00f6rening.\u00a0<\/p>\n\n\n\n<div class=\"wp-block-buttons is-layout-flex wp-block-buttons-is-layout-flex\">\n<div class=\"wp-block-button has-custom-font-size has-small-font-size\"><a class=\"wp-block-button__link has-white-color has-text-color has-background has-link-color wp-element-button\" href=\"https:\/\/donation.djurskyddet.se\/s\/medlem\" style=\"background-color:#00a64a\">Bli medlem h\u00e4r<\/a><\/div>\n<\/div>\n\n\n\n<p><\/p>\n\n\n\n<h2 class=\"wp-block-heading\"><strong>Att bli medlem kostar:<\/strong><\/h2>\n\n\n\n<p><strong>Enskild:<\/strong>&nbsp;150 kr\/\u00e5r.<\/p>\n\n\n\n<p><strong>Familjemedlem:<\/strong>&nbsp;50kr\/ \u00e5r om en i familjen betalar full medlemsavgift.<\/p>\n\n\n\n<p>Medlemsavgiften betalas in till&nbsp;<strong>Bankgiro 804-8407&nbsp;<\/strong><\/p>\n\n\n\n<p>Du kan \u00e4ven&nbsp;<strong>swisha till 123 137 44 87<\/strong>&nbsp;<strong>(OBS. Kom ih\u00e5g att skriva namn samt adress)<\/strong><\/p>\n","protected":false},"excerpt":{"rendered":"<p>Vi s\u00f6ker st\u00e4ndigt nya medlemmar som st\u00f6d till v\u00e5ran f\u00f6rening. Som medlem i Djurskyddet \u00c5dalen \u00e4r du ocks\u00e5 medlem i riksf\u00f6rbundet Djurskyddet Sverige och f\u00e5r Tidningen Djurskyddet fyra g\u00e5nger per \u00e5r, b\u00e5de i brevl\u00e5dan och i appen TD. Ladda ner den d\u00e4r appar finns! Dessutom kan du l\u00e4sa intressanta djurskyddsnyheter p\u00e5 webbtidningen och kan ta del av ett antal\u202ffina medlemsf\u00f6rm\u00e5ner, s\u00e5som rabatt hos olika n\u00e4tbutiker.\u00a0Du blir \u00e4ven kallad till styrelsens&hellip;<\/p>\n<p><a class=\"more-link\" href=\"https:\/\/www.djurskyddet.se\/adalen\/bli-medlem\/\" title=\"Continue reading &lsquo;Bli medlem&rsquo;\">L&auml;s mer<span class=\"meta-nav\">&raquo;<\/span><\/a><\/p>\n","protected":false},"author":3,"featured_media":0,"parent":0,"menu_order":0,"comment_status":"closed","ping_status":"closed","template":"left-sidebar.php","meta":{"_acf_changed":false,"footnotes":""},"class_list":["post-5588","page","type-page","status-publish","hentry"],"acf":[],"_links":{"self":[{"href":"https:\/\/www.djurskyddet.se\/adalen\/wp-json\/wp\/v2\/pages\/5588","targetHints":{"allow":["GET"]}}],"collection":[{"href":"https:\/\/www.djurskyddet.se\/adalen\/wp-json\/wp\/v2\/pages"}],"about":[{"href":"https:\/\/www.djurskyddet.se\/adalen\/wp-json\/wp\/v2\/types\/page"}],"author":[{"embeddable":true,"href":"https:\/\/www.djurskyddet.se\/adalen\/wp-json\/wp\/v2\/users\/3"}],"replies":[{"embeddable":true,"href":"https:\/\/www.djurskyddet.se\/adalen\/wp-json\/wp\/v2\/comments?post=5588"}],"version-history":[{"count":5,"href":"https:\/\/www.djurskyddet.se\/adalen\/wp-json\/wp\/v2\/pages\/5588\/revisions"}],"predecessor-version":[{"id":5725,"href":"https:\/\/www.djurskyddet.se\/adalen\/wp-json\/wp\/v2\/pages\/5588\/revisions\/5725"}],"wp:attachment":[{"href":"https:\/\/www.djurskyddet.se\/adalen\/wp-json\/wp\/v2\/media?parent=5588"}],"curies":[{"name":"wp","href":"https:\/\/api.w.org\/{rel}","templated":true}]}}