{"id":5602,"date":"2021-03-18T15:57:58","date_gmt":"2021-03-18T15:57:58","guid":{"rendered":"https:\/\/www.djurskyddet.se\/adalen\/?page_id=5602"},"modified":"2025-04-28T13:32:13","modified_gmt":"2025-04-28T13:32:13","slug":"gavor","status":"publish","type":"page","link":"https:\/\/www.djurskyddet.se\/adalen\/gavor\/","title":{"rendered":"G\u00e5vor"},"content":{"rendered":"\n<p>Vill du sk\u00e4nka en g\u00e5va till Djurskyddet \u00c5dalen g\u00f6r du det enklast genom att s\u00e4tta in p\u00e5<\/p>\n\n\n\n<p><strong>Bankgiro: 804-8407 eller<\/strong><\/p>\n\n\n\n<p><strong>Swisha till nummer 123 137 44 87<\/strong>. Du kan ocks\u00e5 scanna QR-koden nedan f\u00f6r att swisha en g\u00e5va. Ange \u201dg\u00e5va\u201d som meddelande. <\/p>\n\n\n\n<figure class=\"wp-block-image size-full\"><img loading=\"lazy\" decoding=\"async\" width=\"625\" height=\"945\" src=\"https:\/\/www.djurskyddet.se\/adalen\/wp-content\/uploads\/sites\/48\/2025\/04\/swisha-gava-hemsida-Adalen.png\" alt=\"QR-kod till Djurskyddet \u00c5dalens swishnummer. \" class=\"wp-image-5677\" srcset=\"https:\/\/www.djurskyddet.se\/adalen\/wp-content\/uploads\/sites\/48\/2025\/04\/swisha-gava-hemsida-Adalen.png 625w, https:\/\/www.djurskyddet.se\/adalen\/wp-content\/uploads\/sites\/48\/2025\/04\/swisha-gava-hemsida-Adalen-198x300.png 198w, https:\/\/www.djurskyddet.se\/adalen\/wp-content\/uploads\/sites\/48\/2025\/04\/swisha-gava-hemsida-Adalen-400x605.png 400w\" sizes=\"auto, (max-width: 625px) 100vw, 625px\" \/><\/figure>\n","protected":false},"excerpt":{"rendered":"<p>Vill du sk\u00e4nka en g\u00e5va till Djurskyddet \u00c5dalen g\u00f6r du det enklast genom att s\u00e4tta in p\u00e5 Bankgiro: 804-8407 eller Swisha till nummer 123 137 44 87. Du kan ocks\u00e5 scanna QR-koden nedan f\u00f6r att swisha en g\u00e5va. Ange \u201dg\u00e5va\u201d som meddelande.<\/p>\n","protected":false},"author":37,"featured_media":0,"parent":0,"menu_order":0,"comment_status":"closed","ping_status":"closed","template":"left-sidebar.php","meta":{"_acf_changed":false,"footnotes":""},"class_list":["post-5602","page","type-page","status-publish","hentry"],"acf":[],"_links":{"self":[{"href":"https:\/\/www.djurskyddet.se\/adalen\/wp-json\/wp\/v2\/pages\/5602","targetHints":{"allow":["GET"]}}],"collection":[{"href":"https:\/\/www.djurskyddet.se\/adalen\/wp-json\/wp\/v2\/pages"}],"about":[{"href":"https:\/\/www.djurskyddet.se\/adalen\/wp-json\/wp\/v2\/types\/page"}],"author":[{"embeddable":true,"href":"https:\/\/www.djurskyddet.se\/adalen\/wp-json\/wp\/v2\/users\/37"}],"replies":[{"embeddable":true,"href":"https:\/\/www.djurskyddet.se\/adalen\/wp-json\/wp\/v2\/comments?post=5602"}],"version-history":[{"count":4,"href":"https:\/\/www.djurskyddet.se\/adalen\/wp-json\/wp\/v2\/pages\/5602\/revisions"}],"predecessor-version":[{"id":5686,"href":"https:\/\/www.djurskyddet.se\/adalen\/wp-json\/wp\/v2\/pages\/5602\/revisions\/5686"}],"wp:attachment":[{"href":"https:\/\/www.djurskyddet.se\/adalen\/wp-json\/wp\/v2\/media?parent=5602"}],"curies":[{"name":"wp","href":"https:\/\/api.w.org\/{rel}","templated":true}]}}