{"id":5604,"date":"2021-03-18T15:58:54","date_gmt":"2021-03-18T15:58:54","guid":{"rendered":"https:\/\/www.djurskyddet.se\/adalen\/?page_id=5604"},"modified":"2025-04-28T13:39:13","modified_gmt":"2025-04-28T13:39:13","slug":"djurformedling","status":"publish","type":"page","link":"https:\/\/www.djurskyddet.se\/adalen\/djurformedling\/","title":{"rendered":"Djurf\u00f6rmedling"},"content":{"rendered":"\n<figure class=\"wp-block-image size-full\"><img loading=\"lazy\" decoding=\"async\" width=\"1024\" height=\"682\" src=\"https:\/\/www.djurskyddet.se\/adalen\/wp-content\/uploads\/sites\/48\/2025\/04\/Katt_pa-staketMedium-2.jpg\" alt=\"Katt balanserar p\u00e5 staket.\" class=\"wp-image-5695\" srcset=\"https:\/\/www.djurskyddet.se\/adalen\/wp-content\/uploads\/sites\/48\/2025\/04\/Katt_pa-staketMedium-2.jpg 1024w, https:\/\/www.djurskyddet.se\/adalen\/wp-content\/uploads\/sites\/48\/2025\/04\/Katt_pa-staketMedium-2-300x200.jpg 300w, https:\/\/www.djurskyddet.se\/adalen\/wp-content\/uploads\/sites\/48\/2025\/04\/Katt_pa-staketMedium-2-768x512.jpg 768w, https:\/\/www.djurskyddet.se\/adalen\/wp-content\/uploads\/sites\/48\/2025\/04\/Katt_pa-staketMedium-2-400x266.jpg 400w\" sizes=\"auto, (max-width: 1024px) 100vw, 1024px\" \/><\/figure>\n\n\n\n<p>Vi s\u00f6ker st\u00e4ndigt nya jourhem till de djur som kommer till oss, vid intresse kontakta Eva-Britt Gerhardsson p\u00e5 telefon nr: 073-0632345<\/p>\n\n\n\n<p>Om du hittar en katt, s\u00e5 kontrollera om katten \u00e4r tatuerad i v\u00e4nster \u00f6ra. M\u00e4rkningen brukar best\u00e5 av fyra siffror och en bokstav. Du kan sj\u00e4lv s\u00f6ka efter \u00e4garen i&nbsp;<a href=\"http:\/\/kennet.skk.se\/agarreg\/\">Kennelklubbens \u00e4garregister<\/a>. Ibland kan det vara sv\u00e5rt att se n\u00e5gon eller n\u00e5gra av siffrorna eller bokstaven, man kan d\u00e5 ers\u00e4tta den med en * (stj\u00e4rna). Om man bl\u00f6ter p\u00e4lsen med lite vatten i \u00f6rat s\u00e5 kan det vara l\u00e4ttare att se, man kan ocks\u00e5 lysa fr\u00e5n baksidan med en ficklampa. Det g\u00e5r ocks\u00e5 bra att ringa till SKKs kansli p\u00e5 tel. 08-795 30 50.<br><br>Det blir ocks\u00e5 allt vanligare att katter chipm\u00e4rks. Denna m\u00e4rkning som best\u00e5r av ett microchip i nacken m\u00e5ste avl\u00e4sas&nbsp; av en chipl\u00e4sare som finns hos Veterin\u00e4rer, Polisen, vissa Djuraff\u00e4rer och Hundpensionat. Vi i Djurskyddet kan ocks\u00e5 sj\u00e4lvklart hj\u00e4lpa till att tyda m\u00e4rkningarna. Sedan 2023 \u00e4r det lag p\u00e5 att id-m\u00e4rka och registrera sin katt. Det \u00e4r l\u00e4tt att tro att veterin\u00e4ren registrerar katten n\u00e4r den id-m\u00e4rks men s\u00e5 \u00e4r inte fallet s\u00e5 gl\u00f6m inte att sj\u00e4lv registrera din katt i Jordbruksverkets register. <\/p>\n\n\n\n<p>N\u00e4r du anm\u00e4ler ditt intresse ang. att k\u00f6pa katt fr\u00e5n oss st\u00e4ller vi lite fr\u00e5gor till dig. Vi brukar bl.a vilja veta om det finns andra husdjur, om sm\u00e5barn finns i familjen? Om katten kommer att bli inne eller utekatt? Allt f\u00f6r att kunna bilda sig en uppfattning om vilken katt som kan passa i vilket hem. Sen vill f\u00f6rst\u00e5s de flesta kattk\u00f6pare sj\u00e4lvklart tr\u00e4ffa katten f\u00f6r att se om &#8221;personkemin&#8221; st\u00e4mmer. N\u00e4r du k\u00f6per en katt av oss, skriver vi ett avtal med dig, d\u00e4r det st\u00e5r vilken katt det \u00e4r, hur den \u00e4r ID-m\u00e4rkt, kastrerad m.m. V\u00e5ra katter kostar 1000:- och d\u00e5 ing\u00e5r kastrering, \u00f6ronm\u00e4rkning och vaccinering.<\/p>\n","protected":false},"excerpt":{"rendered":"<p>Vi s\u00f6ker st\u00e4ndigt nya jourhem till de djur som kommer till oss, vid intresse kontakta Eva-Britt Gerhardsson p\u00e5 telefon nr: 073-0632345 Om du hittar en katt, s\u00e5 kontrollera om katten \u00e4r tatuerad i v\u00e4nster \u00f6ra. M\u00e4rkningen brukar best\u00e5 av fyra siffror och en bokstav. Du kan sj\u00e4lv s\u00f6ka efter \u00e4garen i&nbsp;Kennelklubbens \u00e4garregister. Ibland kan det vara sv\u00e5rt att se n\u00e5gon eller n\u00e5gra av siffrorna eller bokstaven, man kan d\u00e5 ers\u00e4tta&hellip;<\/p>\n<p><a class=\"more-link\" href=\"https:\/\/www.djurskyddet.se\/adalen\/djurformedling\/\" title=\"Continue reading &lsquo;Djurf\u00f6rmedling&rsquo;\">L&auml;s mer<span class=\"meta-nav\">&raquo;<\/span><\/a><\/p>\n","protected":false},"author":3,"featured_media":0,"parent":0,"menu_order":0,"comment_status":"closed","ping_status":"closed","template":"left-sidebar.php","meta":{"_acf_changed":false,"footnotes":""},"class_list":["post-5604","page","type-page","status-publish","hentry"],"acf":[],"_links":{"self":[{"href":"https:\/\/www.djurskyddet.se\/adalen\/wp-json\/wp\/v2\/pages\/5604","targetHints":{"allow":["GET"]}}],"collection":[{"href":"https:\/\/www.djurskyddet.se\/adalen\/wp-json\/wp\/v2\/pages"}],"about":[{"href":"https:\/\/www.djurskyddet.se\/adalen\/wp-json\/wp\/v2\/types\/page"}],"author":[{"embeddable":true,"href":"https:\/\/www.djurskyddet.se\/adalen\/wp-json\/wp\/v2\/users\/3"}],"replies":[{"embeddable":true,"href":"https:\/\/www.djurskyddet.se\/adalen\/wp-json\/wp\/v2\/comments?post=5604"}],"version-history":[{"count":3,"href":"https:\/\/www.djurskyddet.se\/adalen\/wp-json\/wp\/v2\/pages\/5604\/revisions"}],"predecessor-version":[{"id":5696,"href":"https:\/\/www.djurskyddet.se\/adalen\/wp-json\/wp\/v2\/pages\/5604\/revisions\/5696"}],"wp:attachment":[{"href":"https:\/\/www.djurskyddet.se\/adalen\/wp-json\/wp\/v2\/media?parent=5604"}],"curies":[{"name":"wp","href":"https:\/\/api.w.org\/{rel}","templated":true}]}}