{"id":5606,"date":"2021-03-18T16:00:19","date_gmt":"2021-03-18T16:00:19","guid":{"rendered":"https:\/\/www.djurskyddet.se\/adalen\/?page_id=5606"},"modified":"2025-05-08T12:33:33","modified_gmt":"2025-05-08T12:33:33","slug":"aktuellt","status":"publish","type":"page","link":"https:\/\/www.djurskyddet.se\/adalen\/aktuellt\/","title":{"rendered":"Aktuellt"},"content":{"rendered":"\n<p>Visste du att en i bil som st\u00e5r parkerad i skuggan kan temperaturen snabbt stiga \u00f6ver 30 grader? I solen kan det bli \u00f6ver 50 grader celsius.<\/p>\n\n\n\n<p>S\u00e5 t\u00e4nk p\u00e5 att inte l\u00e4mna ditt djur i bilen i sommar d\u00e5 det l\u00e4tt kan bli en d\u00f6dsf\u00e4lla f\u00f6r ditt djur. <\/p>\n\n\n\n<figure class=\"wp-block-image size-full\"><img loading=\"lazy\" decoding=\"async\" width=\"1000\" height=\"666\" src=\"https:\/\/www.djurskyddet.se\/adalen\/wp-content\/uploads\/sites\/48\/2025\/05\/Hund-i-bil_4834422.png\" alt=\"Hund sitter i bil och tittar ut\" class=\"wp-image-5704\" srcset=\"https:\/\/www.djurskyddet.se\/adalen\/wp-content\/uploads\/sites\/48\/2025\/05\/Hund-i-bil_4834422.png 1000w, https:\/\/www.djurskyddet.se\/adalen\/wp-content\/uploads\/sites\/48\/2025\/05\/Hund-i-bil_4834422-300x200.png 300w, https:\/\/www.djurskyddet.se\/adalen\/wp-content\/uploads\/sites\/48\/2025\/05\/Hund-i-bil_4834422-768x511.png 768w, https:\/\/www.djurskyddet.se\/adalen\/wp-content\/uploads\/sites\/48\/2025\/05\/Hund-i-bil_4834422-400x266.png 400w\" sizes=\"auto, (max-width: 1000px) 100vw, 1000px\" \/><\/figure>\n","protected":false},"excerpt":{"rendered":"<p>Visste du att en i bil som st\u00e5r parkerad i skuggan kan temperaturen snabbt stiga \u00f6ver 30 grader? I solen kan det bli \u00f6ver 50 grader celsius. S\u00e5 t\u00e4nk p\u00e5 att inte l\u00e4mna ditt djur i bilen i sommar d\u00e5 det l\u00e4tt kan bli en d\u00f6dsf\u00e4lla f\u00f6r ditt djur.<\/p>\n","protected":false},"author":37,"featured_media":0,"parent":0,"menu_order":0,"comment_status":"closed","ping_status":"closed","template":"left-sidebar.php","meta":{"_acf_changed":false,"footnotes":""},"class_list":["post-5606","page","type-page","status-publish","hentry"],"acf":[],"_links":{"self":[{"href":"https:\/\/www.djurskyddet.se\/adalen\/wp-json\/wp\/v2\/pages\/5606","targetHints":{"allow":["GET"]}}],"collection":[{"href":"https:\/\/www.djurskyddet.se\/adalen\/wp-json\/wp\/v2\/pages"}],"about":[{"href":"https:\/\/www.djurskyddet.se\/adalen\/wp-json\/wp\/v2\/types\/page"}],"author":[{"embeddable":true,"href":"https:\/\/www.djurskyddet.se\/adalen\/wp-json\/wp\/v2\/users\/37"}],"replies":[{"embeddable":true,"href":"https:\/\/www.djurskyddet.se\/adalen\/wp-json\/wp\/v2\/comments?post=5606"}],"version-history":[{"count":4,"href":"https:\/\/www.djurskyddet.se\/adalen\/wp-json\/wp\/v2\/pages\/5606\/revisions"}],"predecessor-version":[{"id":5706,"href":"https:\/\/www.djurskyddet.se\/adalen\/wp-json\/wp\/v2\/pages\/5606\/revisions\/5706"}],"wp:attachment":[{"href":"https:\/\/www.djurskyddet.se\/adalen\/wp-json\/wp\/v2\/media?parent=5606"}],"curies":[{"name":"wp","href":"https:\/\/api.w.org\/{rel}","templated":true}]}}