{"id":5610,"date":"2021-03-18T16:01:38","date_gmt":"2021-03-18T16:01:38","guid":{"rendered":"https:\/\/www.djurskyddet.se\/adalen\/?page_id=5610"},"modified":"2025-04-28T13:37:00","modified_gmt":"2025-04-28T13:37:00","slug":"kontakt","status":"publish","type":"page","link":"https:\/\/www.djurskyddet.se\/adalen\/kontakt\/","title":{"rendered":"Kontakt"},"content":{"rendered":"\n<h2 class=\"wp-block-heading\"><em><strong>Ordf\u00f6rande<\/strong><\/em><\/h2>\n\n\n\n<p><em>Eva-Britt Gerhardsson<\/em><\/p>\n\n\n\n<p><em>073-063 23 45<\/em><\/p>\n\n\n\n<p><em><strong>V\u00e5r mailadress \u00e4r:&nbsp;&nbsp;<\/strong><\/em><\/p>\n\n\n\n<p><a href=\"mailto:djurskyddetadalen@hotmail.com\" target=\"_blank\" rel=\"noreferrer noopener\"><em>djurskyddetadalen@hotmail.com<\/em><\/a><\/p>\n\n\n\n<p><em>Vi finns ocks\u00e5 p\u00e5 Facebook&nbsp;&nbsp;<a href=\"https:\/\/sv-se.facebook.com\/Djurskyddet-%C3%85dalen-312100581928\/\" target=\"_blank\" rel=\"noreferrer noopener\">Djurskyddet \u00c5dalen<\/a><\/em><\/p>\n","protected":false},"excerpt":{"rendered":"<p>Ordf\u00f6rande Eva-Britt Gerhardsson 073-063 23 45 V\u00e5r mailadress \u00e4r:&nbsp;&nbsp; djurskyddetadalen@hotmail.com Vi finns ocks\u00e5 p\u00e5 Facebook&nbsp;&nbsp;Djurskyddet \u00c5dalen<\/p>\n","protected":false},"author":3,"featured_media":0,"parent":0,"menu_order":0,"comment_status":"closed","ping_status":"closed","template":"left-sidebar.php","meta":{"_acf_changed":false,"footnotes":""},"class_list":["post-5610","page","type-page","status-publish","hentry"],"acf":[],"_links":{"self":[{"href":"https:\/\/www.djurskyddet.se\/adalen\/wp-json\/wp\/v2\/pages\/5610","targetHints":{"allow":["GET"]}}],"collection":[{"href":"https:\/\/www.djurskyddet.se\/adalen\/wp-json\/wp\/v2\/pages"}],"about":[{"href":"https:\/\/www.djurskyddet.se\/adalen\/wp-json\/wp\/v2\/types\/page"}],"author":[{"embeddable":true,"href":"https:\/\/www.djurskyddet.se\/adalen\/wp-json\/wp\/v2\/users\/3"}],"replies":[{"embeddable":true,"href":"https:\/\/www.djurskyddet.se\/adalen\/wp-json\/wp\/v2\/comments?post=5610"}],"version-history":[{"count":2,"href":"https:\/\/www.djurskyddet.se\/adalen\/wp-json\/wp\/v2\/pages\/5610\/revisions"}],"predecessor-version":[{"id":5692,"href":"https:\/\/www.djurskyddet.se\/adalen\/wp-json\/wp\/v2\/pages\/5610\/revisions\/5692"}],"wp:attachment":[{"href":"https:\/\/www.djurskyddet.se\/adalen\/wp-json\/wp\/v2\/media?parent=5610"}],"curies":[{"name":"wp","href":"https:\/\/api.w.org\/{rel}","templated":true}]}}