{"id":5623,"date":"2021-03-18T16:04:19","date_gmt":"2021-03-18T16:04:19","guid":{"rendered":"https:\/\/www.djurskyddet.se\/adalen\/?page_id=5623"},"modified":"2025-04-28T13:31:47","modified_gmt":"2025-04-28T13:31:47","slug":"stod-oss","status":"publish","type":"page","link":"https:\/\/www.djurskyddet.se\/adalen\/stod-oss\/","title":{"rendered":"St\u00f6d oss"},"content":{"rendered":"\n<figure class=\"wp-block-image size-full\"><img loading=\"lazy\" decoding=\"async\" width=\"1024\" height=\"681\" src=\"https:\/\/www.djurskyddet.se\/adalen\/wp-content\/uploads\/sites\/48\/2025\/04\/Hund-glad_L.jpg\" alt=\"\" class=\"wp-image-5684\" srcset=\"https:\/\/www.djurskyddet.se\/adalen\/wp-content\/uploads\/sites\/48\/2025\/04\/Hund-glad_L.jpg 1024w, https:\/\/www.djurskyddet.se\/adalen\/wp-content\/uploads\/sites\/48\/2025\/04\/Hund-glad_L-300x200.jpg 300w, https:\/\/www.djurskyddet.se\/adalen\/wp-content\/uploads\/sites\/48\/2025\/04\/Hund-glad_L-768x511.jpg 768w, https:\/\/www.djurskyddet.se\/adalen\/wp-content\/uploads\/sites\/48\/2025\/04\/Hund-glad_L-400x266.jpg 400w\" sizes=\"auto, (max-width: 1024px) 100vw, 1024px\" \/><\/figure>\n\n\n\n<p>St\u00f6d oss g\u00e4rna genom att <a href=\"https:\/\/www.djurskyddet.se\/adalen\/bli-medlem\/\">bli medlem<\/a> eller <a href=\"https:\/\/www.djurskyddet.se\/adalen\/gavor\/\">swisha en g\u00e5va<\/a>. <\/p>\n","protected":false},"excerpt":{"rendered":"<p>St\u00f6d oss g\u00e4rna genom att bli medlem eller swisha en g\u00e5va.<\/p>\n","protected":false},"author":3,"featured_media":0,"parent":0,"menu_order":0,"comment_status":"closed","ping_status":"closed","template":"","meta":{"_acf_changed":false,"footnotes":""},"class_list":["post-5623","page","type-page","status-publish","hentry"],"acf":[],"_links":{"self":[{"href":"https:\/\/www.djurskyddet.se\/adalen\/wp-json\/wp\/v2\/pages\/5623","targetHints":{"allow":["GET"]}}],"collection":[{"href":"https:\/\/www.djurskyddet.se\/adalen\/wp-json\/wp\/v2\/pages"}],"about":[{"href":"https:\/\/www.djurskyddet.se\/adalen\/wp-json\/wp\/v2\/types\/page"}],"author":[{"embeddable":true,"href":"https:\/\/www.djurskyddet.se\/adalen\/wp-json\/wp\/v2\/users\/3"}],"replies":[{"embeddable":true,"href":"https:\/\/www.djurskyddet.se\/adalen\/wp-json\/wp\/v2\/comments?post=5623"}],"version-history":[{"count":4,"href":"https:\/\/www.djurskyddet.se\/adalen\/wp-json\/wp\/v2\/pages\/5623\/revisions"}],"predecessor-version":[{"id":5685,"href":"https:\/\/www.djurskyddet.se\/adalen\/wp-json\/wp\/v2\/pages\/5623\/revisions\/5685"}],"wp:attachment":[{"href":"https:\/\/www.djurskyddet.se\/adalen\/wp-json\/wp\/v2\/media?parent=5623"}],"curies":[{"name":"wp","href":"https:\/\/api.w.org\/{rel}","templated":true}]}}