{"id":5599,"date":"2020-01-15T10:18:17","date_gmt":"2020-01-15T10:18:17","guid":{"rendered":"https:\/\/www.djurskyddet.se\/asele\/?page_id=5599"},"modified":"2022-10-27T12:27:24","modified_gmt":"2022-10-27T12:27:24","slug":"sponsring","status":"publish","type":"page","link":"https:\/\/www.djurskyddet.se\/asele\/sponsring\/","title":{"rendered":"Sponsring"},"content":{"rendered":"\n<h2 class=\"wp-block-heading\">Vill ditt f\u00f6retag sponsra oss?<\/h2>\n\n\n\n<p>Vi tar tacksamt emot all form av sponsring vare sig det \u00e4r ekonomiskt eller materiellt. Som tack f\u00e5r ni synas lite extra p\u00e5 v\u00e5r hemsida med en l\u00e4nk till er hemsida! <\/p>\n\n\n\n<p><a href=\"https:\/\/www.djurskyddet.se\/asele\/kontakt\/\">Kontakta oss <\/a>g\u00e4rna redan idag! f\u00f6r att f\u00e5 erat f\u00f6retag sponsrat.<\/p>\n","protected":false},"excerpt":{"rendered":"<p>Vill ditt f\u00f6retag sponsra oss? Vi tar tacksamt emot all form av sponsring vare sig det \u00e4r ekonomiskt eller materiellt. Som tack f\u00e5r ni synas lite extra p\u00e5 v\u00e5r hemsida med en l\u00e4nk till er hemsida! Kontakta oss g\u00e4rna redan idag! f\u00f6r att f\u00e5 erat f\u00f6retag sponsrat.<\/p>\n","protected":false},"author":3,"featured_media":0,"parent":0,"menu_order":0,"comment_status":"closed","ping_status":"closed","template":"left-sidebar.php","meta":{"_acf_changed":false,"footnotes":""},"class_list":["post-5599","page","type-page","status-publish","hentry"],"acf":[],"_links":{"self":[{"href":"https:\/\/www.djurskyddet.se\/asele\/wp-json\/wp\/v2\/pages\/5599","targetHints":{"allow":["GET"]}}],"collection":[{"href":"https:\/\/www.djurskyddet.se\/asele\/wp-json\/wp\/v2\/pages"}],"about":[{"href":"https:\/\/www.djurskyddet.se\/asele\/wp-json\/wp\/v2\/types\/page"}],"author":[{"embeddable":true,"href":"https:\/\/www.djurskyddet.se\/asele\/wp-json\/wp\/v2\/users\/3"}],"replies":[{"embeddable":true,"href":"https:\/\/www.djurskyddet.se\/asele\/wp-json\/wp\/v2\/comments?post=5599"}],"version-history":[{"count":4,"href":"https:\/\/www.djurskyddet.se\/asele\/wp-json\/wp\/v2\/pages\/5599\/revisions"}],"predecessor-version":[{"id":6225,"href":"https:\/\/www.djurskyddet.se\/asele\/wp-json\/wp\/v2\/pages\/5599\/revisions\/6225"}],"wp:attachment":[{"href":"https:\/\/www.djurskyddet.se\/asele\/wp-json\/wp\/v2\/media?parent=5599"}],"curies":[{"name":"wp","href":"https:\/\/api.w.org\/{rel}","templated":true}]}}