{"id":5882,"date":"2022-09-17T15:18:33","date_gmt":"2022-09-17T15:18:33","guid":{"rendered":"https:\/\/www.djurskyddet.se\/asele\/?page_id=5882"},"modified":"2022-09-30T20:35:23","modified_gmt":"2022-09-30T20:35:23","slug":"katter-for-omplacering","status":"publish","type":"page","link":"https:\/\/www.djurskyddet.se\/asele\/katter-for-omplacering\/","title":{"rendered":"Karant\u00e4nbyggnaden"},"content":{"rendered":"\n<figure class=\"wp-block-gallery has-nested-images columns-default is-cropped wp-block-gallery-1 is-layout-flex wp-block-gallery-is-layout-flex\">\n<figure class=\"wp-block-image size-large\"><img loading=\"lazy\" decoding=\"async\" width=\"768\" height=\"1024\" data-id=\"6095\" src=\"https:\/\/www.djurskyddet.se\/asele\/wp-content\/uploads\/sites\/40\/2022\/09\/IMG_20220920_132228-2.jpg\" alt=\"\" class=\"wp-image-6095\" srcset=\"https:\/\/www.djurskyddet.se\/asele\/wp-content\/uploads\/sites\/40\/2022\/09\/IMG_20220920_132228-2.jpg 768w, https:\/\/www.djurskyddet.se\/asele\/wp-content\/uploads\/sites\/40\/2022\/09\/IMG_20220920_132228-2-225x300.jpg 225w, https:\/\/www.djurskyddet.se\/asele\/wp-content\/uploads\/sites\/40\/2022\/09\/IMG_20220920_132228-2-400x533.jpg 400w\" sizes=\"auto, (max-width: 768px) 100vw, 768px\" \/><figcaption><strong>H\u00e4r s\u00e4tter vi bron p\u00e5 plats efter v\u00e5r, f\u00f6rhoppningsvis sista flytt ?<br>Vi har haft det k\u00e4mpigt under flera \u00e5r med flytt fram och tillbaka. Men nu hoppas vi och tror att vi f\u00e5r stanna p\u00e5 denna plats ?<\/strong><\/figcaption><\/figure>\n<\/figure>\n\n\n\n<figure class=\"wp-block-gallery has-nested-images columns-default is-cropped wp-block-gallery-2 is-layout-flex wp-block-gallery-is-layout-flex\">\n<figure class=\"wp-block-image size-large\"><img loading=\"lazy\" decoding=\"async\" width=\"768\" height=\"1024\" data-id=\"6087\" src=\"https:\/\/www.djurskyddet.se\/asele\/wp-content\/uploads\/sites\/40\/2022\/09\/IMG_20190913_194702.jpg\" alt=\"\" class=\"wp-image-6087\" srcset=\"https:\/\/www.djurskyddet.se\/asele\/wp-content\/uploads\/sites\/40\/2022\/09\/IMG_20190913_194702.jpg 768w, https:\/\/www.djurskyddet.se\/asele\/wp-content\/uploads\/sites\/40\/2022\/09\/IMG_20190913_194702-225x300.jpg 225w, https:\/\/www.djurskyddet.se\/asele\/wp-content\/uploads\/sites\/40\/2022\/09\/IMG_20190913_194702-400x533.jpg 400w\" sizes=\"auto, (max-width: 768px) 100vw, 768px\" \/><\/figure>\n\n\n\n<figure class=\"wp-block-image size-large\"><img loading=\"lazy\" decoding=\"async\" width=\"768\" height=\"1024\" data-id=\"6092\" src=\"https:\/\/www.djurskyddet.se\/asele\/wp-content\/uploads\/sites\/40\/2022\/09\/IMG_20190923_142650-1.jpg\" alt=\"\" class=\"wp-image-6092\" srcset=\"https:\/\/www.djurskyddet.se\/asele\/wp-content\/uploads\/sites\/40\/2022\/09\/IMG_20190923_142650-1.jpg 768w, https:\/\/www.djurskyddet.se\/asele\/wp-content\/uploads\/sites\/40\/2022\/09\/IMG_20190923_142650-1-225x300.jpg 225w, https:\/\/www.djurskyddet.se\/asele\/wp-content\/uploads\/sites\/40\/2022\/09\/IMG_20190923_142650-1-400x533.jpg 400w\" sizes=\"auto, (max-width: 768px) 100vw, 768px\" \/><\/figure>\n\n\n\n<figure class=\"wp-block-image size-large\"><img loading=\"lazy\" decoding=\"async\" width=\"768\" height=\"1024\" data-id=\"6086\" src=\"https:\/\/www.djurskyddet.se\/asele\/wp-content\/uploads\/sites\/40\/2022\/09\/IMG_20200328_185001-1.jpg\" alt=\"\" class=\"wp-image-6086\" srcset=\"https:\/\/www.djurskyddet.se\/asele\/wp-content\/uploads\/sites\/40\/2022\/09\/IMG_20200328_185001-1.jpg 768w, https:\/\/www.djurskyddet.se\/asele\/wp-content\/uploads\/sites\/40\/2022\/09\/IMG_20200328_185001-1-225x300.jpg 225w, https:\/\/www.djurskyddet.se\/asele\/wp-content\/uploads\/sites\/40\/2022\/09\/IMG_20200328_185001-1-400x533.jpg 400w\" sizes=\"auto, (max-width: 768px) 100vw, 768px\" \/><\/figure>\n\n\n\n<figure class=\"wp-block-image size-large\"><img loading=\"lazy\" decoding=\"async\" width=\"768\" height=\"1024\" data-id=\"6088\" src=\"https:\/\/www.djurskyddet.se\/asele\/wp-content\/uploads\/sites\/40\/2022\/09\/IMG_20200328_185122.jpg\" alt=\"\" class=\"wp-image-6088\" srcset=\"https:\/\/www.djurskyddet.se\/asele\/wp-content\/uploads\/sites\/40\/2022\/09\/IMG_20200328_185122.jpg 768w, https:\/\/www.djurskyddet.se\/asele\/wp-content\/uploads\/sites\/40\/2022\/09\/IMG_20200328_185122-225x300.jpg 225w, https:\/\/www.djurskyddet.se\/asele\/wp-content\/uploads\/sites\/40\/2022\/09\/IMG_20200328_185122-400x533.jpg 400w\" sizes=\"auto, (max-width: 768px) 100vw, 768px\" \/><\/figure>\n\n\n\n<figure class=\"wp-block-image size-large\"><img loading=\"lazy\" decoding=\"async\" width=\"768\" height=\"1024\" data-id=\"6090\" src=\"https:\/\/www.djurskyddet.se\/asele\/wp-content\/uploads\/sites\/40\/2022\/09\/IMG_20200328_194703-1.jpg\" alt=\"\" class=\"wp-image-6090\" srcset=\"https:\/\/www.djurskyddet.se\/asele\/wp-content\/uploads\/sites\/40\/2022\/09\/IMG_20200328_194703-1.jpg 768w, https:\/\/www.djurskyddet.se\/asele\/wp-content\/uploads\/sites\/40\/2022\/09\/IMG_20200328_194703-1-225x300.jpg 225w, https:\/\/www.djurskyddet.se\/asele\/wp-content\/uploads\/sites\/40\/2022\/09\/IMG_20200328_194703-1-400x533.jpg 400w\" sizes=\"auto, (max-width: 768px) 100vw, 768px\" \/><\/figure>\n\n\n\n<figure class=\"wp-block-image size-large\"><img loading=\"lazy\" decoding=\"async\" width=\"768\" height=\"1024\" data-id=\"6091\" src=\"https:\/\/www.djurskyddet.se\/asele\/wp-content\/uploads\/sites\/40\/2022\/09\/IMG_20200328_194850-3.jpg\" alt=\"\" class=\"wp-image-6091\" srcset=\"https:\/\/www.djurskyddet.se\/asele\/wp-content\/uploads\/sites\/40\/2022\/09\/IMG_20200328_194850-3.jpg 768w, https:\/\/www.djurskyddet.se\/asele\/wp-content\/uploads\/sites\/40\/2022\/09\/IMG_20200328_194850-3-225x300.jpg 225w, https:\/\/www.djurskyddet.se\/asele\/wp-content\/uploads\/sites\/40\/2022\/09\/IMG_20200328_194850-3-400x533.jpg 400w\" sizes=\"auto, (max-width: 768px) 100vw, 768px\" \/><\/figure>\n\n\n\n<figure class=\"wp-block-image size-large\"><img loading=\"lazy\" decoding=\"async\" width=\"1024\" height=\"750\" data-id=\"6089\" src=\"https:\/\/www.djurskyddet.se\/asele\/wp-content\/uploads\/sites\/40\/2022\/09\/kattungar-fran-birger-2.jpg\" alt=\"\" class=\"wp-image-6089\" srcset=\"https:\/\/www.djurskyddet.se\/asele\/wp-content\/uploads\/sites\/40\/2022\/09\/kattungar-fran-birger-2.jpg 1024w, https:\/\/www.djurskyddet.se\/asele\/wp-content\/uploads\/sites\/40\/2022\/09\/kattungar-fran-birger-2-300x220.jpg 300w, https:\/\/www.djurskyddet.se\/asele\/wp-content\/uploads\/sites\/40\/2022\/09\/kattungar-fran-birger-2-768x563.jpg 768w, https:\/\/www.djurskyddet.se\/asele\/wp-content\/uploads\/sites\/40\/2022\/09\/kattungar-fran-birger-2-400x293.jpg 400w\" sizes=\"auto, (max-width: 1024px) 100vw, 1024px\" \/><\/figure>\n\n\n\n<figure class=\"wp-block-image size-large\"><img loading=\"lazy\" decoding=\"async\" width=\"768\" height=\"1024\" data-id=\"6094\" src=\"https:\/\/www.djurskyddet.se\/asele\/wp-content\/uploads\/sites\/40\/2022\/09\/Nihm-1.jpg\" alt=\"\" class=\"wp-image-6094\" srcset=\"https:\/\/www.djurskyddet.se\/asele\/wp-content\/uploads\/sites\/40\/2022\/09\/Nihm-1.jpg 768w, https:\/\/www.djurskyddet.se\/asele\/wp-content\/uploads\/sites\/40\/2022\/09\/Nihm-1-225x300.jpg 225w, https:\/\/www.djurskyddet.se\/asele\/wp-content\/uploads\/sites\/40\/2022\/09\/Nihm-1-400x533.jpg 400w\" sizes=\"auto, (max-width: 768px) 100vw, 768px\" \/><\/figure>\n<\/figure>\n","protected":false},"excerpt":{"rendered":"","protected":false},"author":38,"featured_media":0,"parent":0,"menu_order":0,"comment_status":"closed","ping_status":"closed","template":"","meta":{"_acf_changed":false,"footnotes":""},"class_list":["post-5882","page","type-page","status-publish","hentry"],"acf":[],"_links":{"self":[{"href":"https:\/\/www.djurskyddet.se\/asele\/wp-json\/wp\/v2\/pages\/5882","targetHints":{"allow":["GET"]}}],"collection":[{"href":"https:\/\/www.djurskyddet.se\/asele\/wp-json\/wp\/v2\/pages"}],"about":[{"href":"https:\/\/www.djurskyddet.se\/asele\/wp-json\/wp\/v2\/types\/page"}],"author":[{"embeddable":true,"href":"https:\/\/www.djurskyddet.se\/asele\/wp-json\/wp\/v2\/users\/38"}],"replies":[{"embeddable":true,"href":"https:\/\/www.djurskyddet.se\/asele\/wp-json\/wp\/v2\/comments?post=5882"}],"version-history":[{"count":7,"href":"https:\/\/www.djurskyddet.se\/asele\/wp-json\/wp\/v2\/pages\/5882\/revisions"}],"predecessor-version":[{"id":6096,"href":"https:\/\/www.djurskyddet.se\/asele\/wp-json\/wp\/v2\/pages\/5882\/revisions\/6096"}],"wp:attachment":[{"href":"https:\/\/www.djurskyddet.se\/asele\/wp-json\/wp\/v2\/media?parent=5882"}],"curies":[{"name":"wp","href":"https:\/\/api.w.org\/{rel}","templated":true}]}}