{"id":6039,"date":"2022-09-30T19:26:38","date_gmt":"2022-09-30T19:26:38","guid":{"rendered":"https:\/\/www.djurskyddet.se\/asele\/?page_id=6039"},"modified":"2025-09-08T09:58:17","modified_gmt":"2025-09-08T09:58:17","slug":"katthemmet","status":"publish","type":"page","link":"https:\/\/www.djurskyddet.se\/asele\/katthemmet\/","title":{"rendered":"Katthemmet"},"content":{"rendered":"\n<p>Katthemmet best\u00e5r av tv\u00e5 ihopslagna l\u00e4genheter med uteplats. Vi har egentligen allt vi beh\u00f6ver, \u00e4ven om vi m\u00e5nga g\u00e5nger \u00f6nskat att det var st\u00f6rre.<\/p>\n\n\n\n<figure class=\"wp-block-gallery has-nested-images columns-default is-cropped wp-block-gallery-1 is-layout-flex wp-block-gallery-is-layout-flex\">\n<figure class=\"wp-block-image size-large\"><img loading=\"lazy\" decoding=\"async\" width=\"768\" height=\"1024\" data-id=\"6065\" src=\"https:\/\/www.djurskyddet.se\/asele\/wp-content\/uploads\/sites\/40\/2022\/09\/IMG_20220928_173857.jpg\" alt=\"\" class=\"wp-image-6065\" srcset=\"https:\/\/www.djurskyddet.se\/asele\/wp-content\/uploads\/sites\/40\/2022\/09\/IMG_20220928_173857.jpg 768w, https:\/\/www.djurskyddet.se\/asele\/wp-content\/uploads\/sites\/40\/2022\/09\/IMG_20220928_173857-225x300.jpg 225w, https:\/\/www.djurskyddet.se\/asele\/wp-content\/uploads\/sites\/40\/2022\/09\/IMG_20220928_173857-400x533.jpg 400w\" sizes=\"auto, (max-width: 768px) 100vw, 768px\" \/><\/figure>\n<\/figure>\n\n\n\n<figure class=\"wp-block-gallery has-nested-images columns-default is-cropped wp-block-gallery-2 is-layout-flex wp-block-gallery-is-layout-flex\">\n<figure class=\"wp-block-image size-large\"><img loading=\"lazy\" decoding=\"async\" width=\"768\" height=\"1024\" data-id=\"6070\" src=\"https:\/\/www.djurskyddet.se\/asele\/wp-content\/uploads\/sites\/40\/2022\/09\/IMG_20220928_115305.jpg\" alt=\"\" class=\"wp-image-6070\" srcset=\"https:\/\/www.djurskyddet.se\/asele\/wp-content\/uploads\/sites\/40\/2022\/09\/IMG_20220928_115305.jpg 768w, https:\/\/www.djurskyddet.se\/asele\/wp-content\/uploads\/sites\/40\/2022\/09\/IMG_20220928_115305-225x300.jpg 225w, https:\/\/www.djurskyddet.se\/asele\/wp-content\/uploads\/sites\/40\/2022\/09\/IMG_20220928_115305-400x533.jpg 400w\" sizes=\"auto, (max-width: 768px) 100vw, 768px\" \/><\/figure>\n\n\n\n<figure class=\"wp-block-image size-large\"><img loading=\"lazy\" decoding=\"async\" width=\"768\" height=\"1024\" data-id=\"6069\" src=\"https:\/\/www.djurskyddet.se\/asele\/wp-content\/uploads\/sites\/40\/2022\/09\/IMG_20220928_120152.jpg\" alt=\"\" class=\"wp-image-6069\" srcset=\"https:\/\/www.djurskyddet.se\/asele\/wp-content\/uploads\/sites\/40\/2022\/09\/IMG_20220928_120152.jpg 768w, https:\/\/www.djurskyddet.se\/asele\/wp-content\/uploads\/sites\/40\/2022\/09\/IMG_20220928_120152-225x300.jpg 225w, https:\/\/www.djurskyddet.se\/asele\/wp-content\/uploads\/sites\/40\/2022\/09\/IMG_20220928_120152-400x533.jpg 400w\" sizes=\"auto, (max-width: 768px) 100vw, 768px\" \/><\/figure>\n\n\n\n<figure class=\"wp-block-image size-large\"><img loading=\"lazy\" decoding=\"async\" width=\"768\" height=\"1024\" data-id=\"6067\" src=\"https:\/\/www.djurskyddet.se\/asele\/wp-content\/uploads\/sites\/40\/2022\/09\/IMG_20220928_122548.jpg\" alt=\"\" class=\"wp-image-6067\" srcset=\"https:\/\/www.djurskyddet.se\/asele\/wp-content\/uploads\/sites\/40\/2022\/09\/IMG_20220928_122548.jpg 768w, https:\/\/www.djurskyddet.se\/asele\/wp-content\/uploads\/sites\/40\/2022\/09\/IMG_20220928_122548-225x300.jpg 225w, https:\/\/www.djurskyddet.se\/asele\/wp-content\/uploads\/sites\/40\/2022\/09\/IMG_20220928_122548-400x533.jpg 400w\" sizes=\"auto, (max-width: 768px) 100vw, 768px\" \/><\/figure>\n\n\n\n<figure class=\"wp-block-image size-large\"><img loading=\"lazy\" decoding=\"async\" width=\"768\" height=\"1024\" data-id=\"6071\" src=\"https:\/\/www.djurskyddet.se\/asele\/wp-content\/uploads\/sites\/40\/2022\/09\/IMG_20220928_124327.jpg\" alt=\"\" class=\"wp-image-6071\" srcset=\"https:\/\/www.djurskyddet.se\/asele\/wp-content\/uploads\/sites\/40\/2022\/09\/IMG_20220928_124327.jpg 768w, https:\/\/www.djurskyddet.se\/asele\/wp-content\/uploads\/sites\/40\/2022\/09\/IMG_20220928_124327-225x300.jpg 225w, https:\/\/www.djurskyddet.se\/asele\/wp-content\/uploads\/sites\/40\/2022\/09\/IMG_20220928_124327-400x533.jpg 400w\" sizes=\"auto, (max-width: 768px) 100vw, 768px\" \/><\/figure>\n\n\n\n<figure class=\"wp-block-image size-large\"><img loading=\"lazy\" decoding=\"async\" width=\"768\" height=\"1024\" data-id=\"6068\" src=\"https:\/\/www.djurskyddet.se\/asele\/wp-content\/uploads\/sites\/40\/2022\/09\/IMG_20220928_125714.jpg\" alt=\"\" class=\"wp-image-6068\" srcset=\"https:\/\/www.djurskyddet.se\/asele\/wp-content\/uploads\/sites\/40\/2022\/09\/IMG_20220928_125714.jpg 768w, https:\/\/www.djurskyddet.se\/asele\/wp-content\/uploads\/sites\/40\/2022\/09\/IMG_20220928_125714-225x300.jpg 225w, https:\/\/www.djurskyddet.se\/asele\/wp-content\/uploads\/sites\/40\/2022\/09\/IMG_20220928_125714-400x533.jpg 400w\" sizes=\"auto, (max-width: 768px) 100vw, 768px\" \/><\/figure>\n\n\n\n<figure class=\"wp-block-image size-large\"><img loading=\"lazy\" decoding=\"async\" width=\"768\" height=\"1024\" data-id=\"6072\" src=\"https:\/\/www.djurskyddet.se\/asele\/wp-content\/uploads\/sites\/40\/2022\/09\/IMG_20220928_125940.jpg\" alt=\"\" class=\"wp-image-6072\" srcset=\"https:\/\/www.djurskyddet.se\/asele\/wp-content\/uploads\/sites\/40\/2022\/09\/IMG_20220928_125940.jpg 768w, https:\/\/www.djurskyddet.se\/asele\/wp-content\/uploads\/sites\/40\/2022\/09\/IMG_20220928_125940-225x300.jpg 225w, https:\/\/www.djurskyddet.se\/asele\/wp-content\/uploads\/sites\/40\/2022\/09\/IMG_20220928_125940-400x533.jpg 400w\" sizes=\"auto, (max-width: 768px) 100vw, 768px\" \/><\/figure>\n\n\n\n<figure class=\"wp-block-image size-large\"><img loading=\"lazy\" decoding=\"async\" width=\"768\" height=\"1024\" data-id=\"6066\" src=\"https:\/\/www.djurskyddet.se\/asele\/wp-content\/uploads\/sites\/40\/2022\/09\/IMG_20220928_131557.jpg\" alt=\"\" class=\"wp-image-6066\" srcset=\"https:\/\/www.djurskyddet.se\/asele\/wp-content\/uploads\/sites\/40\/2022\/09\/IMG_20220928_131557.jpg 768w, https:\/\/www.djurskyddet.se\/asele\/wp-content\/uploads\/sites\/40\/2022\/09\/IMG_20220928_131557-225x300.jpg 225w, https:\/\/www.djurskyddet.se\/asele\/wp-content\/uploads\/sites\/40\/2022\/09\/IMG_20220928_131557-400x533.jpg 400w\" sizes=\"auto, (max-width: 768px) 100vw, 768px\" \/><\/figure>\n<\/figure>\n\n\n\n<figure class=\"wp-block-gallery has-nested-images columns-default is-cropped wp-block-gallery-3 is-layout-flex wp-block-gallery-is-layout-flex\">\n<figure class=\"wp-block-image size-large\"><img loading=\"lazy\" decoding=\"async\" width=\"768\" height=\"1024\" data-id=\"6073\" src=\"https:\/\/www.djurskyddet.se\/asele\/wp-content\/uploads\/sites\/40\/2022\/09\/IMG_20220928_120329.jpg\" alt=\"\" class=\"wp-image-6073\" srcset=\"https:\/\/www.djurskyddet.se\/asele\/wp-content\/uploads\/sites\/40\/2022\/09\/IMG_20220928_120329.jpg 768w, https:\/\/www.djurskyddet.se\/asele\/wp-content\/uploads\/sites\/40\/2022\/09\/IMG_20220928_120329-225x300.jpg 225w, https:\/\/www.djurskyddet.se\/asele\/wp-content\/uploads\/sites\/40\/2022\/09\/IMG_20220928_120329-400x533.jpg 400w\" sizes=\"auto, (max-width: 768px) 100vw, 768px\" \/><\/figure>\n<\/figure>\n\n\n\n<figure class=\"wp-block-gallery has-nested-images columns-default is-cropped wp-block-gallery-4 is-layout-flex wp-block-gallery-is-layout-flex\">\n<figure class=\"wp-block-image size-large\"><img loading=\"lazy\" decoding=\"async\" width=\"576\" height=\"1024\" data-id=\"6044\" src=\"https:\/\/www.djurskyddet.se\/asele\/wp-content\/uploads\/sites\/40\/2022\/09\/IMG_20210831_193710-kopia.jpg\" alt=\"\" class=\"wp-image-6044\" srcset=\"https:\/\/www.djurskyddet.se\/asele\/wp-content\/uploads\/sites\/40\/2022\/09\/IMG_20210831_193710-kopia.jpg 576w, https:\/\/www.djurskyddet.se\/asele\/wp-content\/uploads\/sites\/40\/2022\/09\/IMG_20210831_193710-kopia-169x300.jpg 169w, https:\/\/www.djurskyddet.se\/asele\/wp-content\/uploads\/sites\/40\/2022\/09\/IMG_20210831_193710-kopia-400x711.jpg 400w\" sizes=\"auto, (max-width: 576px) 100vw, 576px\" \/><\/figure>\n\n\n\n<figure class=\"wp-block-image size-large\"><img loading=\"lazy\" decoding=\"async\" width=\"768\" height=\"1024\" data-id=\"6057\" src=\"https:\/\/www.djurskyddet.se\/asele\/wp-content\/uploads\/sites\/40\/2022\/09\/IMG_20210919_150329-kopia.jpg\" alt=\"\" class=\"wp-image-6057\" srcset=\"https:\/\/www.djurskyddet.se\/asele\/wp-content\/uploads\/sites\/40\/2022\/09\/IMG_20210919_150329-kopia.jpg 768w, https:\/\/www.djurskyddet.se\/asele\/wp-content\/uploads\/sites\/40\/2022\/09\/IMG_20210919_150329-kopia-225x300.jpg 225w, https:\/\/www.djurskyddet.se\/asele\/wp-content\/uploads\/sites\/40\/2022\/09\/IMG_20210919_150329-kopia-400x533.jpg 400w\" sizes=\"auto, (max-width: 768px) 100vw, 768px\" \/><\/figure>\n\n\n\n<figure class=\"wp-block-image size-large\"><img loading=\"lazy\" decoding=\"async\" width=\"768\" height=\"1024\" data-id=\"6050\" src=\"https:\/\/www.djurskyddet.se\/asele\/wp-content\/uploads\/sites\/40\/2022\/09\/IMG_20210919_150829-kopia.jpg\" alt=\"\" class=\"wp-image-6050\" srcset=\"https:\/\/www.djurskyddet.se\/asele\/wp-content\/uploads\/sites\/40\/2022\/09\/IMG_20210919_150829-kopia.jpg 768w, https:\/\/www.djurskyddet.se\/asele\/wp-content\/uploads\/sites\/40\/2022\/09\/IMG_20210919_150829-kopia-225x300.jpg 225w, https:\/\/www.djurskyddet.se\/asele\/wp-content\/uploads\/sites\/40\/2022\/09\/IMG_20210919_150829-kopia-400x533.jpg 400w\" sizes=\"auto, (max-width: 768px) 100vw, 768px\" \/><\/figure>\n\n\n\n<figure class=\"wp-block-image size-large\"><img loading=\"lazy\" decoding=\"async\" width=\"768\" height=\"1024\" data-id=\"6062\" src=\"https:\/\/www.djurskyddet.se\/asele\/wp-content\/uploads\/sites\/40\/2022\/09\/IMG_20210919_151237-kopia.jpg\" alt=\"\" class=\"wp-image-6062\" srcset=\"https:\/\/www.djurskyddet.se\/asele\/wp-content\/uploads\/sites\/40\/2022\/09\/IMG_20210919_151237-kopia.jpg 768w, https:\/\/www.djurskyddet.se\/asele\/wp-content\/uploads\/sites\/40\/2022\/09\/IMG_20210919_151237-kopia-225x300.jpg 225w, https:\/\/www.djurskyddet.se\/asele\/wp-content\/uploads\/sites\/40\/2022\/09\/IMG_20210919_151237-kopia-400x533.jpg 400w\" sizes=\"auto, (max-width: 768px) 100vw, 768px\" \/><\/figure>\n\n\n\n<figure class=\"wp-block-image size-large\"><img loading=\"lazy\" decoding=\"async\" width=\"576\" height=\"1024\" data-id=\"6046\" src=\"https:\/\/www.djurskyddet.se\/asele\/wp-content\/uploads\/sites\/40\/2022\/09\/IMG_20210919_152005-kopia.jpg\" alt=\"\" class=\"wp-image-6046\" srcset=\"https:\/\/www.djurskyddet.se\/asele\/wp-content\/uploads\/sites\/40\/2022\/09\/IMG_20210919_152005-kopia.jpg 576w, https:\/\/www.djurskyddet.se\/asele\/wp-content\/uploads\/sites\/40\/2022\/09\/IMG_20210919_152005-kopia-169x300.jpg 169w, https:\/\/www.djurskyddet.se\/asele\/wp-content\/uploads\/sites\/40\/2022\/09\/IMG_20210919_152005-kopia-400x711.jpg 400w\" sizes=\"auto, (max-width: 576px) 100vw, 576px\" \/><\/figure>\n\n\n\n<figure class=\"wp-block-image size-large\"><img loading=\"lazy\" decoding=\"async\" width=\"576\" height=\"1024\" data-id=\"6045\" src=\"https:\/\/www.djurskyddet.se\/asele\/wp-content\/uploads\/sites\/40\/2022\/09\/IMG_20211106_203926.jpg\" alt=\"\" class=\"wp-image-6045\" srcset=\"https:\/\/www.djurskyddet.se\/asele\/wp-content\/uploads\/sites\/40\/2022\/09\/IMG_20211106_203926.jpg 576w, https:\/\/www.djurskyddet.se\/asele\/wp-content\/uploads\/sites\/40\/2022\/09\/IMG_20211106_203926-169x300.jpg 169w, https:\/\/www.djurskyddet.se\/asele\/wp-content\/uploads\/sites\/40\/2022\/09\/IMG_20211106_203926-400x711.jpg 400w\" sizes=\"auto, (max-width: 576px) 100vw, 576px\" \/><\/figure>\n\n\n\n<figure class=\"wp-block-image size-large\"><img loading=\"lazy\" decoding=\"async\" width=\"576\" height=\"1024\" data-id=\"6053\" src=\"https:\/\/www.djurskyddet.se\/asele\/wp-content\/uploads\/sites\/40\/2022\/09\/IMG_20211112_213359.jpg\" alt=\"\" class=\"wp-image-6053\" srcset=\"https:\/\/www.djurskyddet.se\/asele\/wp-content\/uploads\/sites\/40\/2022\/09\/IMG_20211112_213359.jpg 576w, https:\/\/www.djurskyddet.se\/asele\/wp-content\/uploads\/sites\/40\/2022\/09\/IMG_20211112_213359-169x300.jpg 169w, https:\/\/www.djurskyddet.se\/asele\/wp-content\/uploads\/sites\/40\/2022\/09\/IMG_20211112_213359-400x711.jpg 400w\" sizes=\"auto, (max-width: 576px) 100vw, 576px\" \/><\/figure>\n\n\n\n<figure class=\"wp-block-image size-large\"><img loading=\"lazy\" decoding=\"async\" width=\"576\" height=\"1024\" data-id=\"6049\" src=\"https:\/\/www.djurskyddet.se\/asele\/wp-content\/uploads\/sites\/40\/2022\/09\/IMG_20211112_213626.jpg\" alt=\"\" class=\"wp-image-6049\" srcset=\"https:\/\/www.djurskyddet.se\/asele\/wp-content\/uploads\/sites\/40\/2022\/09\/IMG_20211112_213626.jpg 576w, https:\/\/www.djurskyddet.se\/asele\/wp-content\/uploads\/sites\/40\/2022\/09\/IMG_20211112_213626-169x300.jpg 169w, https:\/\/www.djurskyddet.se\/asele\/wp-content\/uploads\/sites\/40\/2022\/09\/IMG_20211112_213626-400x711.jpg 400w\" sizes=\"auto, (max-width: 576px) 100vw, 576px\" \/><\/figure>\n\n\n\n<figure class=\"wp-block-image size-large\"><img loading=\"lazy\" decoding=\"async\" width=\"576\" height=\"1024\" data-id=\"6052\" src=\"https:\/\/www.djurskyddet.se\/asele\/wp-content\/uploads\/sites\/40\/2022\/09\/IMG_20211204_174638.jpg\" alt=\"\" class=\"wp-image-6052\" srcset=\"https:\/\/www.djurskyddet.se\/asele\/wp-content\/uploads\/sites\/40\/2022\/09\/IMG_20211204_174638.jpg 576w, https:\/\/www.djurskyddet.se\/asele\/wp-content\/uploads\/sites\/40\/2022\/09\/IMG_20211204_174638-169x300.jpg 169w, https:\/\/www.djurskyddet.se\/asele\/wp-content\/uploads\/sites\/40\/2022\/09\/IMG_20211204_174638-400x711.jpg 400w\" sizes=\"auto, (max-width: 576px) 100vw, 576px\" \/><\/figure>\n\n\n\n<figure class=\"wp-block-image size-large\"><img loading=\"lazy\" decoding=\"async\" width=\"576\" height=\"1024\" data-id=\"6048\" src=\"https:\/\/www.djurskyddet.se\/asele\/wp-content\/uploads\/sites\/40\/2022\/09\/IMG_20211204_174740.jpg\" alt=\"\" class=\"wp-image-6048\" srcset=\"https:\/\/www.djurskyddet.se\/asele\/wp-content\/uploads\/sites\/40\/2022\/09\/IMG_20211204_174740.jpg 576w, https:\/\/www.djurskyddet.se\/asele\/wp-content\/uploads\/sites\/40\/2022\/09\/IMG_20211204_174740-169x300.jpg 169w, https:\/\/www.djurskyddet.se\/asele\/wp-content\/uploads\/sites\/40\/2022\/09\/IMG_20211204_174740-400x711.jpg 400w\" sizes=\"auto, (max-width: 576px) 100vw, 576px\" \/><\/figure>\n\n\n\n<figure class=\"wp-block-image size-large\"><img loading=\"lazy\" decoding=\"async\" width=\"576\" height=\"1024\" data-id=\"6054\" src=\"https:\/\/www.djurskyddet.se\/asele\/wp-content\/uploads\/sites\/40\/2022\/09\/IMG_20220101_210331.jpg\" alt=\"\" class=\"wp-image-6054\" srcset=\"https:\/\/www.djurskyddet.se\/asele\/wp-content\/uploads\/sites\/40\/2022\/09\/IMG_20220101_210331.jpg 576w, https:\/\/www.djurskyddet.se\/asele\/wp-content\/uploads\/sites\/40\/2022\/09\/IMG_20220101_210331-169x300.jpg 169w, https:\/\/www.djurskyddet.se\/asele\/wp-content\/uploads\/sites\/40\/2022\/09\/IMG_20220101_210331-400x711.jpg 400w\" sizes=\"auto, (max-width: 576px) 100vw, 576px\" \/><\/figure>\n\n\n\n<figure class=\"wp-block-image size-large\"><img loading=\"lazy\" decoding=\"async\" width=\"576\" height=\"1024\" data-id=\"6056\" src=\"https:\/\/www.djurskyddet.se\/asele\/wp-content\/uploads\/sites\/40\/2022\/09\/IMG_20220203_180249.jpg\" alt=\"\" class=\"wp-image-6056\" srcset=\"https:\/\/www.djurskyddet.se\/asele\/wp-content\/uploads\/sites\/40\/2022\/09\/IMG_20220203_180249.jpg 576w, https:\/\/www.djurskyddet.se\/asele\/wp-content\/uploads\/sites\/40\/2022\/09\/IMG_20220203_180249-169x300.jpg 169w, https:\/\/www.djurskyddet.se\/asele\/wp-content\/uploads\/sites\/40\/2022\/09\/IMG_20220203_180249-400x711.jpg 400w\" sizes=\"auto, (max-width: 576px) 100vw, 576px\" \/><\/figure>\n\n\n\n<figure class=\"wp-block-image size-large\"><img loading=\"lazy\" decoding=\"async\" width=\"576\" height=\"1024\" data-id=\"6051\" src=\"https:\/\/www.djurskyddet.se\/asele\/wp-content\/uploads\/sites\/40\/2022\/09\/IMG_20220203_182458.jpg\" alt=\"\" class=\"wp-image-6051\" srcset=\"https:\/\/www.djurskyddet.se\/asele\/wp-content\/uploads\/sites\/40\/2022\/09\/IMG_20220203_182458.jpg 576w, https:\/\/www.djurskyddet.se\/asele\/wp-content\/uploads\/sites\/40\/2022\/09\/IMG_20220203_182458-169x300.jpg 169w, https:\/\/www.djurskyddet.se\/asele\/wp-content\/uploads\/sites\/40\/2022\/09\/IMG_20220203_182458-400x711.jpg 400w\" sizes=\"auto, (max-width: 576px) 100vw, 576px\" \/><\/figure>\n\n\n\n<figure class=\"wp-block-image size-large\"><img loading=\"lazy\" decoding=\"async\" width=\"768\" height=\"1024\" data-id=\"6055\" src=\"https:\/\/www.djurskyddet.se\/asele\/wp-content\/uploads\/sites\/40\/2022\/09\/IMG_20220305_130211.jpg\" alt=\"\" class=\"wp-image-6055\" srcset=\"https:\/\/www.djurskyddet.se\/asele\/wp-content\/uploads\/sites\/40\/2022\/09\/IMG_20220305_130211.jpg 768w, https:\/\/www.djurskyddet.se\/asele\/wp-content\/uploads\/sites\/40\/2022\/09\/IMG_20220305_130211-225x300.jpg 225w, https:\/\/www.djurskyddet.se\/asele\/wp-content\/uploads\/sites\/40\/2022\/09\/IMG_20220305_130211-400x533.jpg 400w\" sizes=\"auto, (max-width: 768px) 100vw, 768px\" \/><\/figure>\n\n\n\n<figure class=\"wp-block-image size-large\"><img loading=\"lazy\" decoding=\"async\" width=\"768\" height=\"1024\" data-id=\"6061\" src=\"https:\/\/www.djurskyddet.se\/asele\/wp-content\/uploads\/sites\/40\/2022\/09\/IMG_20220824_134625.jpg\" alt=\"\" class=\"wp-image-6061\" srcset=\"https:\/\/www.djurskyddet.se\/asele\/wp-content\/uploads\/sites\/40\/2022\/09\/IMG_20220824_134625.jpg 768w, https:\/\/www.djurskyddet.se\/asele\/wp-content\/uploads\/sites\/40\/2022\/09\/IMG_20220824_134625-225x300.jpg 225w, https:\/\/www.djurskyddet.se\/asele\/wp-content\/uploads\/sites\/40\/2022\/09\/IMG_20220824_134625-400x533.jpg 400w\" sizes=\"auto, (max-width: 768px) 100vw, 768px\" \/><\/figure>\n\n\n\n<figure class=\"wp-block-image size-large\"><img loading=\"lazy\" decoding=\"async\" width=\"768\" height=\"1024\" data-id=\"6060\" src=\"https:\/\/www.djurskyddet.se\/asele\/wp-content\/uploads\/sites\/40\/2022\/09\/IMG_20220831_141415.jpg\" alt=\"\" class=\"wp-image-6060\" srcset=\"https:\/\/www.djurskyddet.se\/asele\/wp-content\/uploads\/sites\/40\/2022\/09\/IMG_20220831_141415.jpg 768w, https:\/\/www.djurskyddet.se\/asele\/wp-content\/uploads\/sites\/40\/2022\/09\/IMG_20220831_141415-225x300.jpg 225w, https:\/\/www.djurskyddet.se\/asele\/wp-content\/uploads\/sites\/40\/2022\/09\/IMG_20220831_141415-400x533.jpg 400w\" sizes=\"auto, (max-width: 768px) 100vw, 768px\" \/><\/figure>\n\n\n\n<figure class=\"wp-block-image size-large\"><img loading=\"lazy\" decoding=\"async\" width=\"768\" height=\"1024\" data-id=\"6059\" src=\"https:\/\/www.djurskyddet.se\/asele\/wp-content\/uploads\/sites\/40\/2022\/09\/IMG_20220831_141522.jpg\" alt=\"\" class=\"wp-image-6059\" srcset=\"https:\/\/www.djurskyddet.se\/asele\/wp-content\/uploads\/sites\/40\/2022\/09\/IMG_20220831_141522.jpg 768w, https:\/\/www.djurskyddet.se\/asele\/wp-content\/uploads\/sites\/40\/2022\/09\/IMG_20220831_141522-225x300.jpg 225w, https:\/\/www.djurskyddet.se\/asele\/wp-content\/uploads\/sites\/40\/2022\/09\/IMG_20220831_141522-400x533.jpg 400w\" sizes=\"auto, (max-width: 768px) 100vw, 768px\" \/><\/figure>\n\n\n\n<figure class=\"wp-block-image size-large\"><img loading=\"lazy\" decoding=\"async\" width=\"768\" height=\"1024\" data-id=\"6058\" src=\"https:\/\/www.djurskyddet.se\/asele\/wp-content\/uploads\/sites\/40\/2022\/09\/IMG_20220831_141803.jpg\" alt=\"\" class=\"wp-image-6058\" srcset=\"https:\/\/www.djurskyddet.se\/asele\/wp-content\/uploads\/sites\/40\/2022\/09\/IMG_20220831_141803.jpg 768w, https:\/\/www.djurskyddet.se\/asele\/wp-content\/uploads\/sites\/40\/2022\/09\/IMG_20220831_141803-225x300.jpg 225w, https:\/\/www.djurskyddet.se\/asele\/wp-content\/uploads\/sites\/40\/2022\/09\/IMG_20220831_141803-400x533.jpg 400w\" sizes=\"auto, (max-width: 768px) 100vw, 768px\" \/><\/figure>\n<\/figure>\n","protected":false},"excerpt":{"rendered":"<p>Katthemmet best\u00e5r av tv\u00e5 ihopslagna l\u00e4genheter med uteplats. Vi har egentligen allt vi beh\u00f6ver, \u00e4ven om vi m\u00e5nga g\u00e5nger \u00f6nskat att det var st\u00f6rre.<\/p>\n","protected":false},"author":65,"featured_media":0,"parent":0,"menu_order":0,"comment_status":"closed","ping_status":"closed","template":"","meta":{"_acf_changed":false,"footnotes":""},"class_list":["post-6039","page","type-page","status-publish","hentry"],"acf":[],"_links":{"self":[{"href":"https:\/\/www.djurskyddet.se\/asele\/wp-json\/wp\/v2\/pages\/6039","targetHints":{"allow":["GET"]}}],"collection":[{"href":"https:\/\/www.djurskyddet.se\/asele\/wp-json\/wp\/v2\/pages"}],"about":[{"href":"https:\/\/www.djurskyddet.se\/asele\/wp-json\/wp\/v2\/types\/page"}],"author":[{"embeddable":true,"href":"https:\/\/www.djurskyddet.se\/asele\/wp-json\/wp\/v2\/users\/65"}],"replies":[{"embeddable":true,"href":"https:\/\/www.djurskyddet.se\/asele\/wp-json\/wp\/v2\/comments?post=6039"}],"version-history":[{"count":4,"href":"https:\/\/www.djurskyddet.se\/asele\/wp-json\/wp\/v2\/pages\/6039\/revisions"}],"predecessor-version":[{"id":6344,"href":"https:\/\/www.djurskyddet.se\/asele\/wp-json\/wp\/v2\/pages\/6039\/revisions\/6344"}],"wp:attachment":[{"href":"https:\/\/www.djurskyddet.se\/asele\/wp-json\/wp\/v2\/media?parent=6039"}],"curies":[{"name":"wp","href":"https:\/\/api.w.org\/{rel}","templated":true}]}}