{"id":6131,"date":"2022-10-24T11:46:17","date_gmt":"2022-10-24T11:46:17","guid":{"rendered":"https:\/\/www.djurskyddet.se\/asele\/?page_id=6131"},"modified":"2022-10-24T12:31:11","modified_gmt":"2022-10-24T12:31:11","slug":"katt","status":"publish","type":"page","link":"https:\/\/www.djurskyddet.se\/asele\/katt\/","title":{"rendered":"Katt"},"content":{"rendered":"\n<p><strong><br><\/strong>En katt kan bli upp till tjugo \u00e5r gammal. T\u00e4nk efter om livet med katt passar dig \u00e4ven om tjugo \u00e5r. Fundera \u00e4ven p\u00e5 hur en katt f\u00f6r\u00e4ndrar ditt liv \u2013 innan du skaffar dig en.<\/p>\n\n\n\n<ul class=\"wp-block-list\"><li>Har n\u00e5gon i familjen p\u00e4lsdjursallergi? Finns det allergiker i din n\u00e4rmaste sl\u00e4kt eller bekantskapskrets? Hur kommer en katt p\u00e5verka er relation?<\/li><li>Hur l\u00f6ser du kattpassning om du reser bort?<\/li><li>Har du tid att spendera med din katt? Tv\u00e4rtemot vad m\u00e5nga tror s\u00e5 uppskattar socialiserade katter sin \u00e4gares s\u00e4llskap och beh\u00f6ver \u00e4ven aktiveras genom social kontakt och lek.<\/li><li>Om familjesituationen f\u00f6r\u00e4ndras, r\u00e4knar du med att beh\u00e5lla katten?<\/li><li>\u00c4r du beredd att regelbundet betala f\u00f6rs\u00e4kring, vaccination och eventuella veterin\u00e4rkostnader?<\/li><\/ul>\n\n\n\n<p><strong>L\u00e4s p\u00e5<\/strong><br>L\u00e4r dig s\u00e5 mycket du kan om kattsk\u00f6tsel och katters beteende, innan du k\u00f6per din katt. P\u00e5 s\u00e5 s\u00e4tt slipper du bli \u00f6verraskad av hur mycket som kr\u00e4vs av dig. L\u00e5na g\u00e4rna aktuella b\u00f6cker om kattsk\u00f6tsel p\u00e5 ditt bibliotek och l\u00e4s p\u00e5 webben. L\u00e4s de lagar och r\u00e5d som omfattar dig och din katt p\u00e5 Jordbruksverkets hemsida.<\/p>\n\n\n\n<p><strong>Katt fr\u00e5n djurhem<\/strong><br>Sveriges djurhem tar varje \u00e5r hand om tusentals heml\u00f6sa katter, dessa beh\u00f6ver nya, k\u00e4rleksfulla hem. Katter fr\u00e5n katthem \u00e4r veterin\u00e4runders\u00f6kta, vaccinerade, kastrerade och id-m\u00e4rkta. Dessutom kan du f\u00e5 god hj\u00e4lp av erfaren personal att v\u00e4lja en katt som passar just dig. Du hittar kontaktuppgifter till&nbsp;<a href=\"https:\/\/www.djurskyddet.se\/kampanjer\/adoptera-ett-djur\/\"><strong>Djurskyddets lokalf\u00f6reningar h\u00e4r<\/strong><\/a>, flera av dem har djurhem och bedriver omplaceringsverksamhet.<\/p>\n\n\n\n<p><strong>Teckna f\u00f6rs\u00e4kring<\/strong><br>Du ska aldrig beh\u00f6va fundera \u00f6ver om du har r\u00e5d att ge din katt den v\u00e5rd den beh\u00f6ver, och det kan bli dyrt utan f\u00f6rs\u00e4kring. De flesta f\u00f6rs\u00e4kringsbolag har kattf\u00f6rs\u00e4kringar.<\/p>\n\n\n\n<p><strong>Ansvar<\/strong><br>Du som katt\u00e4gare \u00e4r ansvarig f\u00f6r kattens v\u00e4lm\u00e5ende. Det \u00e4r viktigt att du kastrerar, vaccinerar, id-m\u00e4rker och registrerar din katt. Om din katt blir skadad eller sjuk ska du ta den till veterin\u00e4ren. Kom ih\u00e5g att huvudansvaret f\u00f6r katten alltid ligger p\u00e5 vuxna, inte p\u00e5 barn. Undvik oplanerade kattungar genom att kastrera din katt. Skriv alltid ett k\u00f6pekontrakt n\u00e4r du k\u00f6per ett djur och se till att det f\u00f6ljer med ett veterin\u00e4rintyg, som inte \u00e4r \u00e4ldre \u00e4n en vecka, p\u00e5 att katten \u00e4r frisk. Katten ska vara vaccinerad, detta intygas i ett vaccinationskort eller pass.<\/p>\n\n\n\n<p><strong>Samh\u00e4llsproblem och \u00f6vergivna katter<\/strong><br>Heml\u00f6sa katter \u00e4r ett stort problem. Se till att din katt \u00e4r id-m\u00e4rkt och registrerad s\u00e5 att du kan f\u00e5 tillbaka katten om den skulle springa bort. Det \u00e4r enligt djurskyddslagen brottsligt att \u00f6verge sin katt. Tv\u00e4rtemot myten s\u00e5 klarar sig inte en katt i det vilda. Det \u00e4r stor risk att katten skadas eller sv\u00e4lter ihj\u00e4l. Om den \u00f6verlever bidrar den till att den f\u00f6rvildade kattstammen \u00f6kar.<\/p>\n\n\n\n<p><strong>Kastrering<\/strong><br>Du ska f\u00f6rebygga att din katt f\u00e5r ungar oplanerat. Det g\u00f6r du b\u00e4st genom att kastrera katten, oavsett om det \u00e4r en hon- eller hankatt. Det finns p-piller att ge till honkatter men om de ges under en l\u00e4ngre tid finns det risk f\u00f6r biverkningar som kan g\u00f6ra katten sjuk. Att kastrera sin katt har \u00e4ven andra f\u00f6rdelar. Kastrerade katter riskerar inte att f\u00e5 sjukdomar i fortplantningsorganen och de \u00e4r ofta lugnare och h\u00e5ller sig n\u00e4rmre hemmet \u00e4n okastrerade katter. Katter f\u00f6rlorar inte sin jaktlust n\u00e4r de kastreras.<\/p>\n\n\n\n<p><strong>Id-m\u00e4rkning och registrering<\/strong><br>Det \u00e4r viktigt att du id-m\u00e4rker din katt genom att \u00f6ron- eller chipm\u00e4rka den hos veterin\u00e4ren. D\u00e4refter ska katten \u00e4garregistreras. Det finns idag tv\u00e5 register att v\u00e4lja mellan, djurid.se och SVERAK. Registrera g\u00e4rna din katt i b\u00e5da dessa register s\u00e5 \u00e4r det st\u00f6rre chans att en upphittare kan finna dig som \u00e4gare om katten skulle springa bort. Nackdelen med \u00f6ronm\u00e4rkning \u00e4r att den kan bli otydlig med tiden. F\u00f6rdelen \u00e4r att den \u00e4r l\u00e4tt att uppt\u00e4cka. Nackdelen med chipm\u00e4rkning \u00e4r att den inte syns, utan m\u00e5ste avl\u00e4sas med en s\u00e4rskild skanner, och f\u00f6rdelarna \u00e4r att den aldrig f\u00f6rsvinner och att du kan f\u00e5 tillbaka din katt \u00e4ven om den skulle f\u00f6rsvinna utomlands. Nu f\u00f6r tiden \u00e4r chipm\u00e4rkning vanligt p\u00e5 katter och det \u00e4r d\u00e4rf\u00f6r den metod som rekommenderas. Om din katt f\u00f6rsvinner, kontakta polisen och ditt lokala djurhem. Efterlys lokalt och annonsera p\u00e5 sociala medier. P\u00e5&nbsp;<a href=\"http:\/\/www.vilse.nu\/\">www.vilse.nu<\/a>&nbsp;kan du b\u00e5de annonsera efter din katt om den sprungit bort och s\u00f6ka efter \u00e4gare till en katt som du hittat.<\/p>\n\n\n\n<p><strong>Tillsyn<\/strong><br>En katt ska enligt lag ha tillsyn minst tv\u00e5 g\u00e5nger per dygn, detta g\u00e4ller \u00e4ven utekatter. Unga, sjuka eller skadade djur beh\u00f6ver oftast ha tillsyn betydligt oftare \u00e4n s\u00e5. M\u00e5nga katter \u00e4r ocks\u00e5 s\u00e5 pass sociala att de inte trivs om de blir l\u00e4mnade ensamma st\u00f6rre delen av dygnet. Du f\u00e5r inte heller l\u00e4mna din katt utan tillsyn n\u00e4r du reser bort.<\/p>\n\n\n\n<p><strong>Rumsren<\/strong><br>En katt som pl\u00f6tsligt b\u00f6rjar kissa och bajsa inomhus, p\u00e5 fel st\u00e4llen, kan g\u00f6ra det p\u00e5 grund av sjukdom. L\u00e5t d\u00e4rf\u00f6r en veterin\u00e4r unders\u00f6ka din katt om detta sker. Om katten \u00e4r frisk kan problemen bero p\u00e5 brister i hygienen med toa-l\u00e5dan. Katter vill ha rena l\u00e5dor med finkornig sand utan doft. Problemen kan \u00e4ven bero p\u00e5 stress. Om veterin\u00e4ren inte kan hj\u00e4lpa, ta g\u00e4rna kontakt med en etolog specialiserad p\u00e5 katters beteende.<\/p>\n\n\n\n<p><strong>Sk\u00f6tsel<\/strong><\/p>\n\n\n\n<p>En kattunge f\u00e5r inte skiljas fr\u00e5n sin mamma f\u00f6rr\u00e4n tidigast vid 12 veckors \u00e5lder. Innan detta \u00e4r katten inte redo att anpassa sig till de f\u00f6r\u00e4ndringar som en flytt inneb\u00e4r och den beh\u00f6ver sin mamma f\u00f6r att utvecklas p\u00e5 ett normalt s\u00e4tt. Ju mer tid du \u00e4gnar din katt, ju mer tillgiven blir den. L\u00e5t alltid katten sova och \u00e4ta ifred. Lek och kela med katten n\u00e4r den sj\u00e4lv vill. Interaktionen med katten varar ofta l\u00e4ngre om katten sj\u00e4lv f\u00e5r styra denna.<br>Borsta och kamma kattens p\u00e4ls regelbundet s\u00e5 att den inte f\u00e5r tovor eller slickar i sig f\u00f6r mycket l\u00f6sa h\u00e5rstr\u00e5n. H\u00e5rstr\u00e5na kan samlas i mags\u00e4cken och bli till h\u00e5rda bollar som kan ge katten problem. Det rekommenderas \u00e4ven att du borstar t\u00e4nderna p\u00e5 din katt. Tandsten och tandk\u00f6ttsinflammationer \u00e4r vanliga problem hos katter om munhygienen inte sk\u00f6ts ordentligt. Det \u00e4r viktigt att tr\u00e4na katten p\u00e5 all sorts hantering. Det underl\u00e4ttar veterin\u00e4rbes\u00f6k om katten p\u00e5 ett lugnt s\u00e4tt \u00e4r tr\u00e4nad till att tolerera att du till exempel tittar den i munnen och \u00f6ronen. Katter m\u00e5ste f\u00e5 m\u00f6jlighet att riva och kl\u00f6sa f\u00f6r att h\u00e5lla klorna och musklerna i trim. Ge katten kl\u00f6spelare kl\u00e4dda med sisalsn\u00f6ren eller n\u00e5gon typ av matta. Om klorna \u00e4nd\u00e5 blir f\u00f6r l\u00e5nga m\u00e5ste du klippa dem. Ett naturligt beteende som \u00e4r viktigt f\u00f6r katter \u00e4r att kl\u00e4ttra och sitta och spana fr\u00e5n h\u00f6ga platser. Ge d\u00e4rf\u00f6r din katt tillg\u00e5ng till liggplatser som \u00e4r h\u00f6gt upp. Gemensamt f\u00f6r alla katter, oavsett om de \u00e4r raskatter eller huskatter, \u00e4r att de beh\u00f6ver f\u00e5 utlopp f\u00f6r sitt naturliga jaktbeteende. Om du inte har m\u00f6jlighet att l\u00e5ta din katt g\u00e5 ut, lek med den inomhus.<\/p>\n\n\n\n<p><strong>Foder<\/strong><br>Katter ska ha fri tillg\u00e5ng till vatten och ska f\u00e5 ett bra k\u00f6ttbaserat foder varje dag. Det \u00e4r viktigt att ge den lagom mycket foder s\u00e5 att den varken \u00e4r f\u00f6r smal eller f\u00f6r tjock. \u00d6vervikt medf\u00f6r stora h\u00e4lsoproblem hos katter och kan f\u00f6rkorta deras liv med flera \u00e5r. Fr\u00e5ga din veterin\u00e4r om du \u00e4r os\u00e4ker p\u00e5 om din katt \u00e4r i bra hull.<\/p>\n\n\n\n<p><strong>Vaccinering<\/strong><br>B\u00e5de inne- och utekatter ska vaccineras mot kattsnuva och kattpest. Innekatter kan komma i kontakt med smitta till exempel genom att du tar smitta med dig utifr\u00e5n. Fr\u00e5ga din veterin\u00e4r om hur ofta du ska vaccinera din katt.   <\/p>\n\n\n\n<h3 class=\"wp-block-heading\">Jordbruksverket<\/h3>\n\n\n\n<p>Du \u00e4r enligt lag skyldig att ta del av de best\u00e4mmelser som omfattar dig som djur\u00e4gare.<\/p>\n\n\n\n<p><a href=\"https:\/\/jordbruksverket.se\/djur\/hastar-och-sallskapsdjur\/katter\" target=\"_blank\" rel=\"noreferrer noopener\">De viktigaste reglerna som ber\u00f6r dig som katt\u00e4gare.<\/a><\/p>\n\n\n\n<p><\/p>\n","protected":false},"excerpt":{"rendered":"<p>En katt kan bli upp till tjugo \u00e5r gammal. T\u00e4nk efter om livet med katt passar dig \u00e4ven om tjugo \u00e5r. Fundera \u00e4ven p\u00e5 hur en katt f\u00f6r\u00e4ndrar ditt liv \u2013 innan du skaffar dig en. Har n\u00e5gon i familjen p\u00e4lsdjursallergi? Finns det allergiker i din n\u00e4rmaste sl\u00e4kt eller bekantskapskrets? Hur kommer en katt p\u00e5verka er relation? Hur l\u00f6ser du kattpassning om du reser bort? Har du tid att spendera&hellip;<\/p>\n<p><a class=\"more-link\" href=\"https:\/\/www.djurskyddet.se\/asele\/katt\/\" title=\"Continue reading &lsquo;Katt&rsquo;\">L&auml;s mer<span class=\"meta-nav\">&raquo;<\/span><\/a><\/p>\n","protected":false},"author":65,"featured_media":0,"parent":0,"menu_order":0,"comment_status":"closed","ping_status":"closed","template":"","meta":{"_acf_changed":false,"footnotes":""},"class_list":["post-6131","page","type-page","status-publish","hentry"],"acf":[],"_links":{"self":[{"href":"https:\/\/www.djurskyddet.se\/asele\/wp-json\/wp\/v2\/pages\/6131","targetHints":{"allow":["GET"]}}],"collection":[{"href":"https:\/\/www.djurskyddet.se\/asele\/wp-json\/wp\/v2\/pages"}],"about":[{"href":"https:\/\/www.djurskyddet.se\/asele\/wp-json\/wp\/v2\/types\/page"}],"author":[{"embeddable":true,"href":"https:\/\/www.djurskyddet.se\/asele\/wp-json\/wp\/v2\/users\/65"}],"replies":[{"embeddable":true,"href":"https:\/\/www.djurskyddet.se\/asele\/wp-json\/wp\/v2\/comments?post=6131"}],"version-history":[{"count":3,"href":"https:\/\/www.djurskyddet.se\/asele\/wp-json\/wp\/v2\/pages\/6131\/revisions"}],"predecessor-version":[{"id":6168,"href":"https:\/\/www.djurskyddet.se\/asele\/wp-json\/wp\/v2\/pages\/6131\/revisions\/6168"}],"wp:attachment":[{"href":"https:\/\/www.djurskyddet.se\/asele\/wp-json\/wp\/v2\/media?parent=6131"}],"curies":[{"name":"wp","href":"https:\/\/api.w.org\/{rel}","templated":true}]}}