{"id":6140,"date":"2022-10-24T11:55:32","date_gmt":"2022-10-24T11:55:32","guid":{"rendered":"https:\/\/www.djurskyddet.se\/asele\/?page_id=6140"},"modified":"2022-10-24T12:34:05","modified_gmt":"2022-10-24T12:34:05","slug":"hund","status":"publish","type":"page","link":"https:\/\/www.djurskyddet.se\/asele\/hund\/","title":{"rendered":"Hund"},"content":{"rendered":"\n<p>Det s\u00e4gs att hunden \u00e4r m\u00e4nniskans b\u00e4sta v\u00e4n. Hundar \u00e4r fantastiska djur och samarbetar med och f\u00f6rst\u00e5r m\u00e4nniskor p\u00e5 ett unikt s\u00e4tt. Men att ha hund \u00e4r ett stort ansvar och beslutet att inkludera en hund i familjen ska tas p\u00e5 allvar.<\/p>\n\n\n\n<p><strong>Vad g\u00f6r du om 15 \u00e5r?<\/strong><br>En hund kan bli 15 \u00e5r gammal eller \u00e4ldre. Tror du att din hund kommer att passa in i ditt liv d\u00e5? Fundera \u00e4ven p\u00e5 hur en hund f\u00f6r\u00e4ndrar ditt liv \u2013 innan du skaffar dig en.<\/p>\n\n\n\n<ul class=\"wp-block-list\"><li>Har n\u00e5gon i sl\u00e4kten\/familjen p\u00e4lsdjursallergi? Finns det allergiker i din n\u00e4rmaste bekantskapskrets? Hur kommer en hund p\u00e5verka er relation?<\/li><li>Hur l\u00f6ser du hundpassning n\u00e4r du jobbar eller om du reser bort p\u00e5 semester?<\/li><li>Har du tid att spendera med din hund? Alla hundar kr\u00e4ver b\u00e5de motion och aktivering. Hur mycket beror p\u00e5 ras, \u00e5lder och individ.<\/li><li>Om familjesituationen f\u00f6r\u00e4ndras, r\u00e4knar du med att beh\u00e5lla hunden?<\/li><li>\u00c4r du beredd att regelbundet betala f\u00f6rs\u00e4kring, vaccination och eventuella veterin\u00e4rr\u00e4kningar?<\/li><\/ul>\n\n\n\n<p><strong>V\u00e4lj r\u00e4tt hund<\/strong><\/p>\n\n\n\n<p>T\u00e4nk igenom vilka egenskaper du s\u00f6ker hos en hund och v\u00e4lj ras utifr\u00e5n detta. Vissa raser \u00e4r avlade i generationer f\u00f6r en viss egenskap. K\u00f6p inte en utpr\u00e4glad jakt- eller vallhund om du inte har som avsikt att jaga eller valla. Hur mycket aktivitet har du m\u00f6jlighet att ge din hund dagligen? Vissa raser och individer kr\u00e4ver m\u00e5nga timmars fysisk och mental tr\u00e4ning varje vecka f\u00f6r att m\u00e5 bra och vara en trevlig individ. Behoven inkluderar inte bara hundens fysiska och mentala s\u00e5dana, utan ocks\u00e5 behov av till exempel p\u00e4lsv\u00e5rd.<\/p>\n\n\n\n<p>T\u00e4nk ocks\u00e5 p\u00e5 att olika raser har olika h\u00e4lsoproblem, vissa \u00e4r friskare \u00e4n andra. Undvik till exempel att k\u00f6pa s\u00e5 kallade brachycephala, eller trubbnosiga, hundar. De har en huvudform som g\u00f6r att de ofta har problem att andas och reglera sin v\u00e4rme, vilket \u00e4r ett stort lidande. En hund med friska luftv\u00e4gar har en tyst andning.<\/p>\n\n\n\n<p><strong>Att t\u00e4nka p\u00e5 innan du skaffar hund<\/strong><br>K\u00f6p aldrig en valp som \u00e4r yngre \u00e4n \u00e5tta veckor, det \u00e4r av st\u00f6rsta vikt att valpen f\u00e5r tillbringa sina f\u00f6rsta m\u00e5nader med sin mamma och eventuella syskon. Det \u00e4r ocks\u00e5 f\u00f6rbjudet enligt lag att skilja valpen fr\u00e5n mamman tidigare.<\/p>\n\n\n\n<ul class=\"wp-block-list\"><li>Skriv alltid ett k\u00f6pekontrakt n\u00e4r du k\u00f6per hund. Se till att det inkluderar namn, adress telefonnummer och personnummer till s\u00e4ljaren s\u00e5 att hen g\u00e5r att sp\u00e5ra \u00e4ven efter k\u00f6pet.<\/li><li>Se till att det f\u00f6ljer med ett veterin\u00e4rintyg, som inte ska vara \u00e4ldre \u00e4n en vecka, p\u00e5 att hunden \u00e4r frisk. Valpen ska vara vaccinerad, detta intygas i ett vaccinationskort eller pass.<\/li><li>K\u00f6p aldrig en hund som \u00e4r insmugglad till Sverige, bland annat p\u00e5 grund av att de kan \u00f6verf\u00f6ra smittor till m\u00e4nniskor och andra djur. Dessutom kommer vissa valpar fr\u00e5n s\u00e5 kallade valpfabriker d\u00e4r hundarna lever under fruktansv\u00e4rda f\u00f6rh\u00e5llanden. Avst\u00e5 k\u00f6pet om du \u00e4r minsta os\u00e4ker p\u00e5 var hunden kommer ifr\u00e5n och hur den har haft det.&nbsp;<strong><a href=\"https:\/\/www.djurskyddet.se\/kop-ingen-smuggelhund\/\">L\u00e4s mer h\u00e4r om hur du undviker att k\u00f6pa en smuggelhund.<\/a><\/strong><\/li><li>Saker du b\u00f6r ha inf\u00f6rskaffat innan du tar hem din hund: matsk\u00e5l, vattensk\u00e5l, koppel, sele eller halsband (inte stryphalsband), leksaker, klot\u00e5ng, borste, hundb\u00e4dd och ett hundapotek (till exempel f\u00e4stingplockare, bandagematerial, termometer).<\/li><\/ul>\n\n\n\n<p><strong>Sk\u00f6tsel<\/strong><br>Det finns flera saker att t\u00e4nka p\u00e5 vad det g\u00e4ller sk\u00f6tsel av din hund. Borsta hundens p\u00e4ls, klipp klor och g\u00f6r rent hundens \u00f6ron regelbundet, g\u00e4rna en g\u00e5ng i veckan, och b\u00f6rja redan fr\u00e5n att den \u00e4r valp. H\u00e5ll ocks\u00e5 koll p\u00e5 hundens t\u00e4nder s\u00e5 att den inte utvecklar tandsten, det leder till tandlossning som \u00e4r mycket sm\u00e4rtsamt. Helst ska hundars t\u00e4nder borstas varje dag f\u00f6r att undvika tandsten.<br><br><strong>Tillsyn<\/strong><br>Hundar \u00e4r flockdjur och vill inte vara ensamma hela arbetsdagar. Enligt djurskyddsf\u00f6reskriften b\u00f6r en vuxen hund dessutom rastas minst var sj\u00e4tte timme. En valp ska du inte l\u00e4mna ensam \u00f6ver huvud taget f\u00f6rr\u00e4n den \u00e4r trygg i sin milj\u00f6 och med dig, och d\u00e5 endast under mycket korta<br>stunder som sakta f\u00f6rl\u00e4ngs.<br><br><strong>Id-m\u00e4rkning och registrering<\/strong><br>Det \u00e4r lag p\u00e5 att hundar ska id-m\u00e4rkas senast vid fyra m\u00e5naders \u00e5lder. Men vanligast \u00e4r att valpen m\u00e4rks med ett mikrochip redan innan den flyttar till en ny \u00e4gare. K\u00f6p inte en hund som inte \u00e4r ID-m\u00e4rkt. Hundar ska ocks\u00e5 vara \u00e4garregistrerade hos Jordbruksverket.<br><br><strong>Liggplats<\/strong><br>Hundar ska ha tillg\u00e5ng till en mjuk och torr plats att ligga p\u00e5. De vill ocks\u00e5 ha det lagom varmt. \u00c4r det minusgrader beh\u00f6ver de f\u00e5 en uppv\u00e4rmd plats och p\u00e5 sommaren beh\u00f6ver de ha tillg\u00e5ng till skugga. Hundar vill g\u00e4rna b\u00e4dda innan de l\u00e4gger sig ner, s\u00e5 det \u00e4r bra om liggplatsen ocks\u00e5 till\u00e5ter det. Hundar f\u00e5r inte h\u00e5llas i bur, f\u00f6rutom vid transport eller vid t\u00e4vling och tr\u00e4ning. Har du en bur hemma s\u00e5 ska d\u00f6rren vara borttagen s\u00e5 att hunden alltid kan g\u00e5 in och ut som den vill. Du f\u00e5r inte heller ha din hund uppbunden hemma.<br><br><strong>Foder<\/strong><br>Hundar ska ha fri tillg\u00e5ng till vatten och ska f\u00e5 ett bra hundfoder varje dag. Det \u00e4r viktigt att ge den lagom mycket foder s\u00e5 att den varken \u00e4r f\u00f6r smal eller f\u00f6r tjock. Tyv\u00e4rr s\u00e5 \u00e4r det vanligt att hund\u00e4gare ger sin hund f\u00f6r lite motion och f\u00f6r mycket mat. \u00d6vervikt medf\u00f6r stora h\u00e4lsoproblem hos hundar och kan f\u00f6rkorta deras liv med flera \u00e5r. Fr\u00e5ga din veterin\u00e4r om du \u00e4r os\u00e4ker p\u00e5 om din hund \u00e4r i bra hull.<br><br><strong>F\u00f6rsvunnen<\/strong><br>Om din hund f\u00f6rsvinner, kontakta polisen, l\u00e4nsstyrelsen och ditt lokala djurhem. Efterlys lokalt och annonsera p\u00e5 internet.<\/p>\n\n\n\n<p><strong>L\u00e4s p\u00e5<\/strong><br>L\u00e4r dig s\u00e5 mycket du kan om hundsk\u00f6tsel, innan du k\u00f6per din hund. P\u00e5 s\u00e5 s\u00e4tt slipper du bli \u00f6verraskad av hur mycket som kr\u00e4vs av dig. L\u00e5na g\u00e4rna aktuella b\u00f6cker om hundsk\u00f6tsel p\u00e5 ditt bibliotek. Olika hundraser har olika karakt\u00e4rsdrag, s\u00e5 v\u00e4lj ras efter de egenskaper som passar dig.<\/p>\n\n\n\n<p><strong>Lagar och regler<\/strong><br>L\u00e4s de lagar och r\u00e5d som omfattar dig och din hund p\u00e5 Jordbruksverkets hemsida. Kontakta ocks\u00e5 den kommun du bor i, eftersom den kan ha specifika kommunbundna lagar och regler du som hund\u00e4gare m\u00e5ste f\u00f6lja.<br><br><strong>Teckna f\u00f6rs\u00e4kring<\/strong><br>Du ska aldrig beh\u00f6va fundera \u00f6ver om du har r\u00e5d att ge din hund den v\u00e5rd den beh\u00f6ver, och det kan bli dyrt utan f\u00f6rs\u00e4kring. H\u00f6r med f\u00f6rs\u00e4kringsbolaget vilka olika f\u00f6rs\u00e4kringar du kan eller b\u00f6r teckna. Exempel p\u00e5 f\u00f6rs\u00e4kringsbolag \u00e4r Agria, Folksam, If, Sveland, Moderna f\u00f6rs\u00e4kringar, Svedea och ICA.<\/p>\n\n\n\n<p>Best\u00e4ll v\u00e5r handbok f\u00f6r hund\u00e4gare gratis p\u00e5 v\u00e5r\u00a0<a href=\"https:\/\/www.djurskyddet.se\/material\/\"><strong>hemsida<\/strong><\/a>\u00a0eller ladda ner den\u00a0<a href=\"https:\/\/www.djurskyddet.se\/wp-content\/uploads\/2020\/01\/handbokhund.pdf\"><strong>h\u00e4r<\/strong><\/a>!   <\/p>\n\n\n\n<h3 class=\"wp-block-heading\">Jordbruksverket<\/h3>\n\n\n\n<p>Du \u00e4r enligt lag skyldig att ta del av de best\u00e4mmelser som omfattar dig som djur\u00e4gare.<\/p>\n\n\n\n<p><a href=\"https:\/\/jordbruksverket.se\/djur\/hastar-och-sallskapsdjur\/hundar\">L\u00e4s mer p\u00e5 Jordbruksverkets hemsida!&nbsp;<\/a><\/p>\n","protected":false},"excerpt":{"rendered":"<p>Det s\u00e4gs att hunden \u00e4r m\u00e4nniskans b\u00e4sta v\u00e4n. Hundar \u00e4r fantastiska djur och samarbetar med och f\u00f6rst\u00e5r m\u00e4nniskor p\u00e5 ett unikt s\u00e4tt. Men att ha hund \u00e4r ett stort ansvar och beslutet att inkludera en hund i familjen ska tas p\u00e5 allvar. Vad g\u00f6r du om 15 \u00e5r?En hund kan bli 15 \u00e5r gammal eller \u00e4ldre. Tror du att din hund kommer att passa in i ditt liv d\u00e5? Fundera&hellip;<\/p>\n<p><a class=\"more-link\" href=\"https:\/\/www.djurskyddet.se\/asele\/hund\/\" title=\"Continue reading &lsquo;Hund&rsquo;\">L&auml;s mer<span class=\"meta-nav\">&raquo;<\/span><\/a><\/p>\n","protected":false},"author":65,"featured_media":0,"parent":0,"menu_order":0,"comment_status":"closed","ping_status":"closed","template":"","meta":{"_acf_changed":false,"footnotes":""},"class_list":["post-6140","page","type-page","status-publish","hentry"],"acf":[],"_links":{"self":[{"href":"https:\/\/www.djurskyddet.se\/asele\/wp-json\/wp\/v2\/pages\/6140","targetHints":{"allow":["GET"]}}],"collection":[{"href":"https:\/\/www.djurskyddet.se\/asele\/wp-json\/wp\/v2\/pages"}],"about":[{"href":"https:\/\/www.djurskyddet.se\/asele\/wp-json\/wp\/v2\/types\/page"}],"author":[{"embeddable":true,"href":"https:\/\/www.djurskyddet.se\/asele\/wp-json\/wp\/v2\/users\/65"}],"replies":[{"embeddable":true,"href":"https:\/\/www.djurskyddet.se\/asele\/wp-json\/wp\/v2\/comments?post=6140"}],"version-history":[{"count":2,"href":"https:\/\/www.djurskyddet.se\/asele\/wp-json\/wp\/v2\/pages\/6140\/revisions"}],"predecessor-version":[{"id":6170,"href":"https:\/\/www.djurskyddet.se\/asele\/wp-json\/wp\/v2\/pages\/6140\/revisions\/6170"}],"wp:attachment":[{"href":"https:\/\/www.djurskyddet.se\/asele\/wp-json\/wp\/v2\/media?parent=6140"}],"curies":[{"name":"wp","href":"https:\/\/api.w.org\/{rel}","templated":true}]}}