{"id":6147,"date":"2022-10-24T12:09:37","date_gmt":"2022-10-24T12:09:37","guid":{"rendered":"https:\/\/www.djurskyddet.se\/asele\/?page_id=6147"},"modified":"2022-10-24T17:01:06","modified_gmt":"2022-10-24T17:01:06","slug":"kanin","status":"publish","type":"page","link":"https:\/\/www.djurskyddet.se\/asele\/kanin\/","title":{"rendered":"Kanin"},"content":{"rendered":"\n<p>Kaniner \u00e4r komplexa djur med flera viktiga behov som m\u00e5ste tillfredsst\u00e4llas f\u00f6r att dom ska m\u00e5 bra. En del av dessa behov \u00e4r att f\u00e5 gr\u00e4va, gnaga och att ha stora utrymmen f\u00f6r skutt och skoj. T\u00e4nk igenom ditt k\u00f6p noga, kan du erbjuda din kanin detta? Kaniner lever inte ensamma och s\u00e4llskap av andra kaniner kan inte ers\u00e4ttas av s\u00e4llskap av m\u00e4nniskor. Kaniner kan bli upp till tio \u00e5r gamla. T\u00e4nk efter om livet med kanin passar dig \u00e4ven om tio \u00e5r. Fundera \u00e4ven p\u00e5 hur kaniner f\u00f6r\u00e4ndrar ditt liv, innan du skaffar dig dem.<\/p>\n\n\n\n<ul class=\"wp-block-list\"><li>Har n\u00e5gon i familjen p\u00e4lsdjursallergi? Finns det allergiker i din n\u00e4rmaste sl\u00e4kt eller bekantskapskrets? Hur kommer dina kaniner p\u00e5verka er relation?<\/li><li>Hur l\u00f6ser du kaninpassning om du reser bort?<\/li><li>Har du tid att spendera med dina kaniner? Kaniner ska ha s\u00e4llskap och aktivering.<\/li><li>Om familjesituationen f\u00f6r\u00e4ndras, r\u00e4knar du med att beh\u00e5lla kaninerna?<\/li><li>\u00c4r du beredd att regelbundet betala f\u00f6rs\u00e4kring, vaccination och eventuella veterin\u00e4rr\u00e4kningar?<\/li><\/ul>\n\n\n\n<p><strong>L\u00e4s p\u00e5<\/strong><br>L\u00e4r dig s\u00e5 mycket du kan om kaniner och kaninsk\u00f6tsel, innan du k\u00f6per dina kaniner. P\u00e5 s\u00e5 s\u00e4tt slipper du bli \u00f6verraskad av hur mycket som kr\u00e4vs av dig. L\u00e4s p\u00e5 Sveriges Kaninv\u00e4lf\u00e4rdsf\u00f6renings sida, samt p\u00e5 Jordbruksverkets hemsida. Kaninungar ska enligt djurskyddsbest\u00e4mmelserna stanna hos sin mamma s\u00e5 l\u00e4nge de beh\u00f6ver henne och rekommendationen \u00e4r att kaninungen ska vara minst sex veckor gammal n\u00e4r den skiljs fr\u00e5n modern. K\u00f6p inte en f\u00f6r ung kaninunge!<\/p>\n\n\n\n<p><strong>Kanin fr\u00e5n djurhem<\/strong><br>Sveriges djurhem tar varje \u00e5r hand om heml\u00f6sa kaniner, dessa beh\u00f6ver nya och k\u00e4rleksfulla hem. Kaniner fr\u00e5n djurhem \u00e4r oftast veterin\u00e4runders\u00f6kta, vaccinerade, kastrerade och id-m\u00e4rkta. Dessutom kan du f\u00e5 god hj\u00e4lp av erfaren personal att v\u00e4lja en kanin som passar just dig. Flera av Djurskyddet Sveriges lokalf\u00f6reningar driver djurhem, varav en del omplacerar kaniner. Du hittar kontaktuppgifter till&nbsp;<a href=\"https:\/\/www.djurskyddet.se\/kampanjer\/adoptera-ett-djur\/\"><strong>Djurskyddets lokalf\u00f6reningar h\u00e4r<\/strong><\/a>!<\/p>\n\n\n\n<p><strong>Sk\u00f6tsel<\/strong><\/p>\n\n\n\n<p>Kaniner \u00e4r mycket sociala djur som i det vilda lever i stora grupper. Fundera ordentligt p\u00e5 om du har tid att ta hand om och aktivera kaninerna varje dag. En kanin som sitter inst\u00e4ngd ensam i en bur utan s\u00e4llskap och aktivering \u00e4r en olycklig kanin. Kaniner ska ha s\u00e4llskap, helst av andra kaniner. Man kan v\u00e4lja att ha dem i par eller grupp. Grupperna b\u00f6r helst s\u00e4ttas samman redan n\u00e4r kaninerna \u00e4r unga, och sedan h\u00e5llas stabila. Att s\u00e4tta samman vuxna individer kan vara sv\u00e5rt, s\u00e4rskilt om det \u00e4r i sm\u00e5 utrymmen. Men med tid, kunskap och r\u00e4tt individer kan ocks\u00e5 det fungera. T\u00e4nk dock p\u00e5 att tv\u00e5 okastrerade hanar inte ska h\u00e5llas ihop och att det inte \u00e4r l\u00e4mpligt att h\u00e5lla fertila honor och hanar ihop. Att h\u00e5lla kaniner med marsvin och h\u00f6ns \u00e4r inte att rekommendera. Marsvinen blir ibland illa behandlade av kaniner och h\u00f6nsens milj\u00f6 \u00e4r dammig och kan ge kaninerna luftv\u00e4gsproblem. Kaniner ska enligt djurskyddsbest\u00e4mmelserna ha tillsyn minst en g\u00e5ng om dagen, men det \u00e4r inte nog f\u00f6r att tillgodose deras behov av social kontakt.<\/p>\n\n\n\n<p>R\u00e5dfr\u00e5ga \u00e4ven din veterin\u00e4r ang\u00e5ende vaccination av kaniner. De b\u00f6r vaccineras mot kaninpest och kaningulsot. Kaninerna kan smittas av dessa sjukdomar i omr\u00e5den d\u00e4r det finns vilda kaniner.<\/p>\n\n\n\n<p><strong>Utrymmen<\/strong><\/p>\n\n\n\n<p>Det finns regler om hur stor en bur minst m\u00e5ste vara, s\u00e5 vill du ha kaninen i bur ska du ta reda p\u00e5 vad som g\u00e4ller. Men kaniner b\u00f6r egentligen inte bo i bur. De trivs inte och kan inte r\u00f6ra sig naturligt n\u00e4r de spenderar m\u00e5nga timmar p\u00e5 s\u00e5 liten yta. Kaniner m\u00e5r bra om de f\u00e5r r\u00f6ra mycket p\u00e5 sig och allra b\u00e4st m\u00e5r de om de f\u00e5r g\u00e5 fritt och slipper bo i bur. Det kan dock vara bra att ha en bur som \u00e4r \u00f6ppen eller en toal\u00e5da, \u00e4ven om kaninen g\u00e5r fritt. D\u00e5 kan kaninen kissa och bajsa i en h\u00f6rna av buren. Oavsett om du har kaninen fritt eller i bur ska det finnas gnagmaterial, bomaterial och hyllor\/hus som kaninen kan g\u00f6mma sig i och sitta p\u00e5.<\/p>\n\n\n\n<p>Du ska l\u00e5ta kaninen skutta fritt dagligen, se till att kaninen har tillg\u00e5ng till utrymmen som \u00e4r svala och har l\u00e5g luftfuktighet, klippa kaninens klor och ha koll p\u00e5 att kaninen \u00e4ter ordentligt.<\/p>\n\n\n\n<p>Om du har kaninerna utomhus n\u00e4r det \u00e4r minusgrader ska du ge dem uppv\u00e4rmt dricksvatten minst tv\u00e5 g\u00e5nger per dygn. De ska ocks\u00e5 erbjudas skydd mot till exempel nederb\u00f6rd, v\u00e4rme, kyla och andra djur. Ut\u00f6ver detta ska marken som kaninerna vistas p\u00e5 vara v\u00e4l dr\u00e4nerad och de ska kunna s\u00f6ka sitt- och liggplatser upph\u00f6jda fr\u00e5n marken.<\/p>\n\n\n\n<p><strong>Kostnader<\/strong><\/p>\n\n\n\n<p>Alla djur har ett v\u00e4rde, betala alltid en k\u00f6peskilling f\u00f6r det djur du skaffar dig. Kostnader du ska r\u00e4kna med f\u00f6r dina kaniner \u00e4r foder, str\u00f6, f\u00f6rs\u00e4kring och veterin\u00e4rv\u00e5rd. Veterin\u00e4rv\u00e5rden kan bli dyr, kolla d\u00e4rf\u00f6r upp vad kostnaden f\u00f6rv\u00e4ntas bli f\u00f6r dina kaniner och f\u00f6rs\u00e4kra alltid dina djur. De flesta f\u00f6rs\u00e4kringsbolag kan hj\u00e4lpa dig att hitta och v\u00e4lja f\u00f6rs\u00e4kring.<\/p>\n\n\n\n<p><strong>Utfodring<\/strong><\/p>\n\n\n\n<p>L\u00e4s p\u00e5 noga om hur du ska utfodra och sk\u00f6ta dina kaniner f\u00f6r att de ska m\u00e5 bra. Det viktigaste \u00e4r att ge dem fri tillg\u00e5ng till h\u00f6 och fr\u00e4scht vatten. Maten \u00e4r en mycket viktig del, men tyv\u00e4rr med m\u00e5nga felaktigheter. Kaniner f\u00e5r tex. inte \u00e4ta mor\u00f6tter och gnagarblandning! Ett bra h\u00f6 \u00e4r r\u00e4tt mat! Det b\u00e4sta \u00e4r att k\u00f6pa analyserat h\u00f6 hos n\u00e5gon bonde. Det ska vara dammfritt, lukta gott och inneh\u00e5lla olika sorters gr\u00e4s.<\/p>\n\n\n\n<p>Det finns bra information p\u00e5 n\u00e4tet och k\u00f6per du en kanin av oss s\u00e5 f\u00e5r du med informationsblad och \u00f6verg\u00e5ngsfoder eftersom kaniner har k\u00e4nslig mage. Om en kanin slutar \u00e4ta ska du genast kontakta veterin\u00e4r. Det finns olika orsaker till att en kanin inte \u00e4ter. Det kan bero p\u00e5 tandproblem eller matsm\u00e4ltningsst\u00f6rningar. Oavsett orsaken \u00e4r det mycket allvarligt om en kanin slutar \u00e4ta.<\/p>\n\n\n\n<p>En vanlig missuppfattning \u00e4r att s\u00e5 kallade kanin- och gnagarblandningar \u00e4r bra foder till kaniner. Det \u00e4r det inte. Ska du ge kaninerna n\u00e5got komplement till h\u00f6 b\u00f6r det vara pellets, i liten m\u00e4ngd, med h\u00f6gt fiberinneh\u00e5ll och\/eller f\u00e4rska gr\u00f6nsaker. Kaniner ska ha tillg\u00e5ng till gnagmaterial, till exempel f\u00e4rska grenar. Eftersom deras t\u00e4nder v\u00e4xer under hela livet beh\u00f6ver de bra och naturligt material att gnaga p\u00e5 f\u00f6r att slipa t\u00e4nderna.<\/p>\n\n\n\n<p><strong>L\u00e4s mer<\/strong><\/p>\n\n\n\n<p>Sveriges Kaninv\u00e4lf\u00e4rdsf\u00f6rening \u00e4r en ideell f\u00f6rening vars syfte \u00e4r att v\u00e4rna om svenska tamkaniners v\u00e4lf\u00e4rd och h\u00f6ja kaninens status som s\u00e4llskapsdjur. L\u00e4s mer p\u00e5&nbsp;<a href=\"http:\/\/www.skvf.se\/\">www.skvf.se<\/a>.   <\/p>\n\n\n\n<p> <\/p>\n\n\n\n<h3 class=\"wp-block-heading\">Jordbruksverket<\/h3>\n\n\n\n<p>Du \u00e4r enligt lag skyldig att ta del av de best\u00e4mmelser som omfattar dig som djur\u00e4gare.<\/p>\n\n\n\n<p><a href=\"http:\/\/www.jordbruksverket.se\/amnesomraden\/djur\/andrasallskapsdjur\/kaniner.4.62af51191240430af4d80002643.html\" target=\"_blank\" rel=\"noreferrer noopener\">Ta del av best\u00e4mmelserna f\u00f6r&nbsp;kaniner h\u00e4r.<\/a><\/p>\n","protected":false},"excerpt":{"rendered":"<p>Kaniner \u00e4r komplexa djur med flera viktiga behov som m\u00e5ste tillfredsst\u00e4llas f\u00f6r att dom ska m\u00e5 bra. En del av dessa behov \u00e4r att f\u00e5 gr\u00e4va, gnaga och att ha stora utrymmen f\u00f6r skutt och skoj. T\u00e4nk igenom ditt k\u00f6p noga, kan du erbjuda din kanin detta? Kaniner lever inte ensamma och s\u00e4llskap av andra kaniner kan inte ers\u00e4ttas av s\u00e4llskap av m\u00e4nniskor. Kaniner kan bli upp till tio \u00e5r&hellip;<\/p>\n<p><a class=\"more-link\" href=\"https:\/\/www.djurskyddet.se\/asele\/kanin\/\" title=\"Continue reading &lsquo;Kanin&rsquo;\">L&auml;s mer<span class=\"meta-nav\">&raquo;<\/span><\/a><\/p>\n","protected":false},"author":65,"featured_media":0,"parent":0,"menu_order":0,"comment_status":"closed","ping_status":"closed","template":"","meta":{"_acf_changed":false,"footnotes":""},"class_list":["post-6147","page","type-page","status-publish","hentry"],"acf":[],"_links":{"self":[{"href":"https:\/\/www.djurskyddet.se\/asele\/wp-json\/wp\/v2\/pages\/6147","targetHints":{"allow":["GET"]}}],"collection":[{"href":"https:\/\/www.djurskyddet.se\/asele\/wp-json\/wp\/v2\/pages"}],"about":[{"href":"https:\/\/www.djurskyddet.se\/asele\/wp-json\/wp\/v2\/types\/page"}],"author":[{"embeddable":true,"href":"https:\/\/www.djurskyddet.se\/asele\/wp-json\/wp\/v2\/users\/65"}],"replies":[{"embeddable":true,"href":"https:\/\/www.djurskyddet.se\/asele\/wp-json\/wp\/v2\/comments?post=6147"}],"version-history":[{"count":3,"href":"https:\/\/www.djurskyddet.se\/asele\/wp-json\/wp\/v2\/pages\/6147\/revisions"}],"predecessor-version":[{"id":6216,"href":"https:\/\/www.djurskyddet.se\/asele\/wp-json\/wp\/v2\/pages\/6147\/revisions\/6216"}],"wp:attachment":[{"href":"https:\/\/www.djurskyddet.se\/asele\/wp-json\/wp\/v2\/media?parent=6147"}],"curies":[{"name":"wp","href":"https:\/\/api.w.org\/{rel}","templated":true}]}}