{"id":6151,"date":"2022-10-24T12:12:16","date_gmt":"2022-10-24T12:12:16","guid":{"rendered":"https:\/\/www.djurskyddet.se\/asele\/?page_id=6151"},"modified":"2022-10-24T12:39:14","modified_gmt":"2022-10-24T12:39:14","slug":"gnagare","status":"publish","type":"page","link":"https:\/\/www.djurskyddet.se\/asele\/gnagare\/","title":{"rendered":"Gnagare"},"content":{"rendered":"\n<p>Gnagare \u00e4r s\u00f6ta och fascinerande djur. Men fundera p\u00e5 varf\u00f6r du \u00e4r intresserad av just gnagare och om du kan erbjuda dem de f\u00f6ruts\u00e4ttningar de beh\u00f6ver. Vissa av arterna \u00e4r nattaktiva och flera har ett stort behov av att r\u00f6ra p\u00e5 sig. Andra har v\u00e4ldigt k\u00e4nsliga luftv\u00e4gar och kr\u00e4ver extra mycket kunskap av dig som djurh\u00e5llare. Vissa arter \u00e4r inte l\u00e4mpliga att h\u00e5lla f\u00f6r s\u00e4llskap. Planera flera \u00e5r fram\u00e5t i tiden. R\u00e5ttor och m\u00f6ss blir vanligtvis 2\u20133 \u00e5r gamla, marsvin kan bli upp till 7 \u00e5r, chinchillor lever i ca 10\u201315 \u00e5r, hamstrar i ca 2\u20133 \u00e5r och gerbiler kan bli upp till 5 \u00e5r gamla. T\u00e4nk efter om livet med gnagare passar dig \u00e4ven i framtiden. Fundera p\u00e5 hur gnagare f\u00f6r\u00e4ndrar ditt liv, innan du skaffar dig dem.<\/p>\n\n\n\n<ul class=\"wp-block-list\"><li>Har n\u00e5gon i familjen p\u00e4lsdjursallergi? Finns det allergiker i din n\u00e4rmaste sl\u00e4kt eller bekantskapskrets? Hur kommer dina gnagare p\u00e5verka er relation?<\/li><li>Hur l\u00f6ser du passning av gnagarna om du reser bort p\u00e5? Djuren ska ha tillsyn varje dag.<\/li><li>Har du tid att spendera med dina gnagare? De flesta gnagare ska ha s\u00e4llskap och aktivering.<\/li><li>Om familjesituationen f\u00f6r\u00e4ndras, r\u00e4knar du med att beh\u00e5lla gnagarna?<\/li><li>Har du m\u00f6jlighet att regelbundet betala f\u00f6rs\u00e4kring, vaccination och eventuella veterin\u00e4rr\u00e4kningar? Var beredd p\u00e5 att du kan beh\u00f6va \u00e5ka l\u00e5ngt f\u00f6r att hitta en veterin\u00e4r som \u00e4r specialiserad p\u00e5 gnagare.<\/li><\/ul>\n\n\n\n<h2 class=\"wp-block-heading\">L\u00e4s p\u00e5<\/h2>\n\n\n\n<p>L\u00e4r dig s\u00e5 mycket som m\u00f6jligt om de gnagare du planerar att skaffa. Olika gnagare har olika behov av social kontakt med m\u00e4nniskor och andra individer, och storlek p\u00e5 utrymmen och inredning. D\u00e4rf\u00f6r \u00e4r det viktigt att du vet vad just dina gnagare beh\u00f6ver. Alla djur ska h\u00e5llas och sk\u00f6tas p\u00e5 ett s\u00e4tt som utg\u00e5r fr\u00e5n deras naturliga milj\u00f6 och beteende. Ta \u00e4ven reda p\u00e5 hur l\u00e4nge ungarna ska vara hos sin mamma, s\u00e5 att du inte k\u00f6per f\u00f6r unga gnagare. Reglerna hittar du p\u00e5 Jordbruksverkets hemsida.<\/p>\n\n\n\n<h2 class=\"wp-block-heading\">Gnagare fr\u00e5n djurhem<\/h2>\n\n\n\n<p>N\u00e4r du best\u00e4mt dig f\u00f6r att skaffa gnagare kan det vara en bra id\u00e9 att s\u00f6ka efter djur som beh\u00f6ver nya hem.&nbsp;<a href=\"http:\/\/marsvinshjalpen.se\/\">http:\/\/marsvinshjalpen.se\/<\/a>&nbsp;hj\u00e4lper till att omplacera marsvin och i vissa fall har Djurskyddet Sveriges lokalf\u00f6reningar \u00e4ven gnagare f\u00f6r adoption. Du hittar&nbsp;<a href=\"https:\/\/www.djurskyddet.se\/kampanjer\/adoptera-ett-djur\/\"><strong>Djurskyddets lokalf\u00f6reningar h\u00e4r<\/strong><\/a><strong>.<\/strong><\/p>\n\n\n\n<h2 class=\"wp-block-heading\">Sk\u00f6tsel<\/h2>\n\n\n\n<p>I det vilda lever vissa gnagare i stora kolonier och r\u00f6r sig \u00f6ver stora ytor. Men till exempel guldhamster lever solit\u00e4rt (ensamma) och tr\u00e4ffar endast artfr\u00e4nder vid parning. S\u00e5 just dessa ska inte h\u00e5llas i par eller grupp, n\u00e5got som andra gnagare ska. R\u00e5ttor \u00e4r mycket sociala djur. De g\u00e5r att tr\u00e4na och l\u00e4r sig g\u00e4rna trix n\u00e4r du tr\u00e4nar dem med positiva metoder. Det \u00e4r viktigt att du umg\u00e5s med och hanterar dina gnagare. Kontrollera p\u00e4ls, t\u00e4nder och hull regelbundet. De gnagare som \u00e4r nattaktiva ska l\u00e4mnas ifred n\u00e4r de sover p\u00e5 dagen, dessa djur \u00e4r inte l\u00e4mpliga som s\u00e4llskapsdjur till barn.<\/p>\n\n\n\n<h2 class=\"wp-block-heading\">Utrymmen<\/h2>\n\n\n\n<p>Det finns krav p\u00e5 minsta storlek p\u00e5 burar, men ge hellre dina djur gott om utrymme. Gnagare beh\u00f6ver inte h\u00e5llas i burar och de m\u00e5tt som \u00e4r minimikrav \u00e4r l\u00e5ngt ifr\u00e5n tillr\u00e4ckliga f\u00f6r att djuren ska kunna utf\u00f6ra naturliga beteenden och m\u00e5 bra. I st\u00e4llet kan du bygga st\u00f6rre boxar eller liknande. Men kontrollera materialen innan s\u00e5 att de inte inneh\u00e5ller gifter. Vissa gnagare gr\u00e4ver komplexa g\u00e5ngsystem och ska de h\u00e5llas i f\u00e5ngenskap ska de ges m\u00f6jlighet att gr\u00e4va. Andra gnagare kl\u00e4ttrar g\u00e4rna och ska d\u00e5 ha inredning som tillfredsst\u00e4ller det behovet. R\u00e5ttor och chinchillor ska ha h\u00f6ga utrymmen med hyllor som de kan kl\u00e4ttra mellan. Chinchillor, gerbiler och degusr\u00e5ttor ska ha ett sandbad. Gemensamt f\u00f6r alla gnagare \u00e4r att de ska ha m\u00f6jlighet att g\u00f6mma sig. Gnagare f\u00e5r inte h\u00e5llas i utrymmen d\u00e4r det \u00e4r minusgrader och de \u00e4r k\u00e4nsliga f\u00f6r drag. Utrymmet ska h\u00e5llas rent, s\u00e5 st\u00e4da varje dag och g\u00f6r en mer grundlig reng\u00f6ring med j\u00e4mna mellanrum. T\u00e4nk \u00e4ven p\u00e5 att gnagarna ska k\u00e4nna sig trygga. Gnagare \u00e4r bytesdjur och kan stressas om till exempel hundar och katter \u00e4r i n\u00e4rheten.<\/p>\n\n\n\n<h2 class=\"wp-block-heading\">Kostnader<\/h2>\n\n\n\n<p>Att ha djur kostar pengar och har ett v\u00e4rde. Betala alltid en k\u00f6peskilling n\u00e4r du k\u00f6per ett djur och f\u00f6rs\u00e4kra dina gnagare.<\/p>\n\n\n\n<h2 class=\"wp-block-heading\">Utfodring<\/h2>\n\n\n\n<p>Gnagare \u00e4ter olika sorters mat. Vissa \u00e4ter bara vegetabilier och andra \u00e4r all\u00e4tare. Det \u00e4r mycket viktigt att du vet vad just dina gnagare ska ha f\u00f6r foder. De kan bli sjuka om de inte f\u00e5r det foder som \u00e4r naturligt f\u00f6r dem. Presentera \u00e4ven fodret p\u00e5 ett s\u00e4tt som \u00e4r l\u00e4mpligt f\u00f6r arten. Ta reda p\u00e5 hur gnagarna \u00e4ter i naturlig milj\u00f6 och efterlikna det. H\u00f6h\u00e4ckar \u00e4r inte l\u00e4mpligt till marsvin och det kan vara b\u00e4ttre att g\u00f6mma mat p\u00e5 olika st\u00e4llen i gnagarnas utrymme \u00e4n att servera det i en sk\u00e5l. Undvik gnagarblandningar. Det finns ingen gnagarblandning som passar till alla sorters gnagare och ibland inneh\u00e5ller dessa blandningar f\u00f6r mycket fett. Gnagare ska alltid ha fri tillg\u00e5ng till rent vatten. Reng\u00f6r vattenflaskor och sk\u00e5lar noga d\u00e5 vissa gnagare \u00e4r mycket k\u00e4nsliga f\u00f6r bakterier.<\/p>\n\n\n\n<p>H\u00f6 ska ges i fri tillg\u00e5ng till marsvin och chinchillor. Vissa gnagare beh\u00f6ver c-vitamin i kosten, d\u00e5 kan du ge f\u00e4rska gr\u00f6nsaker. Eftersom gnagarnas t\u00e4nder v\u00e4xer hela deras liv ska de ha gnagbart material som till exempel f\u00e4rska grenar och kvistar. N\u00e4r de gnager slipas t\u00e4nderna. Men se upp med vilka grenar du anv\u00e4nder s\u00e5 att de inte \u00e4r giftiga f\u00f6r gnagarna.<\/p>\n\n\n\n<h2 class=\"wp-block-heading\">L\u00e4s mer<\/h2>\n\n\n\n<p>Djursjukhusgrupperna Evidensia och Anicura har bra information p\u00e5 sina sidor om gnagare. Det finns \u00e4ven intressef\u00f6reningar f\u00f6r de flesta gnagare, d\u00e4r du kan l\u00e4sa fakta om de olika djurslagen och vad de beh\u00f6ver f\u00f6r sk\u00f6tsel.  <\/p>\n\n\n\n<h3 class=\"wp-block-heading\">Jordbruksverket<\/h3>\n\n\n\n<p>Du \u00e4r enligt lag skyldig att ta del av de best\u00e4mmelser som omfattar dig som djur\u00e4gare.<\/p>\n\n\n\n<p><a href=\"https:\/\/jordbruksverket.se\/djur\/hastar-och-sallskapsdjur\/gnagare\" target=\"_blank\" rel=\"noreferrer noopener\">Ta del av best\u00e4mmelserna f\u00f6r gnagare h\u00e4r.<\/a><\/p>\n","protected":false},"excerpt":{"rendered":"<p>Gnagare \u00e4r s\u00f6ta och fascinerande djur. Men fundera p\u00e5 varf\u00f6r du \u00e4r intresserad av just gnagare och om du kan erbjuda dem de f\u00f6ruts\u00e4ttningar de beh\u00f6ver. Vissa av arterna \u00e4r nattaktiva och flera har ett stort behov av att r\u00f6ra p\u00e5 sig. Andra har v\u00e4ldigt k\u00e4nsliga luftv\u00e4gar och kr\u00e4ver extra mycket kunskap av dig som djurh\u00e5llare. Vissa arter \u00e4r inte l\u00e4mpliga att h\u00e5lla f\u00f6r s\u00e4llskap. Planera flera \u00e5r fram\u00e5t i&hellip;<\/p>\n<p><a class=\"more-link\" href=\"https:\/\/www.djurskyddet.se\/asele\/gnagare\/\" title=\"Continue reading &lsquo;Gnagare&rsquo;\">L&auml;s mer<span class=\"meta-nav\">&raquo;<\/span><\/a><\/p>\n","protected":false},"author":65,"featured_media":0,"parent":0,"menu_order":0,"comment_status":"closed","ping_status":"closed","template":"","meta":{"_acf_changed":false,"footnotes":""},"class_list":["post-6151","page","type-page","status-publish","hentry"],"acf":[],"_links":{"self":[{"href":"https:\/\/www.djurskyddet.se\/asele\/wp-json\/wp\/v2\/pages\/6151","targetHints":{"allow":["GET"]}}],"collection":[{"href":"https:\/\/www.djurskyddet.se\/asele\/wp-json\/wp\/v2\/pages"}],"about":[{"href":"https:\/\/www.djurskyddet.se\/asele\/wp-json\/wp\/v2\/types\/page"}],"author":[{"embeddable":true,"href":"https:\/\/www.djurskyddet.se\/asele\/wp-json\/wp\/v2\/users\/65"}],"replies":[{"embeddable":true,"href":"https:\/\/www.djurskyddet.se\/asele\/wp-json\/wp\/v2\/comments?post=6151"}],"version-history":[{"count":2,"href":"https:\/\/www.djurskyddet.se\/asele\/wp-json\/wp\/v2\/pages\/6151\/revisions"}],"predecessor-version":[{"id":6173,"href":"https:\/\/www.djurskyddet.se\/asele\/wp-json\/wp\/v2\/pages\/6151\/revisions\/6173"}],"wp:attachment":[{"href":"https:\/\/www.djurskyddet.se\/asele\/wp-json\/wp\/v2\/media?parent=6151"}],"curies":[{"name":"wp","href":"https:\/\/api.w.org\/{rel}","templated":true}]}}