{"id":6155,"date":"2022-10-24T12:15:09","date_gmt":"2022-10-24T12:15:09","guid":{"rendered":"https:\/\/www.djurskyddet.se\/asele\/?page_id=6155"},"modified":"2022-10-24T12:44:42","modified_gmt":"2022-10-24T12:44:42","slug":"sallskapsfagel","status":"publish","type":"page","link":"https:\/\/www.djurskyddet.se\/asele\/sallskapsfagel\/","title":{"rendered":"S\u00e4llskapsf\u00e5gel"},"content":{"rendered":"\n<p>F\u00e5glar \u00e4r fantastiska djur! De \u00e4r vackra, intelligenta och kr\u00e4ver mycket engagemang f\u00f6r att m\u00e5 bra. De f\u00e5gelarter som \u00e4r vanliga att h\u00e5lla som s\u00e4llskap i svenska hem har olika behov, men det finns n\u00e5gra saker som \u00e4r gemensamma f\u00f6r alla arterna: de \u00e4r skapta f\u00f6r att flyga l\u00e5nga str\u00e4ckor och m\u00e5r inte bra av att tillbringa sin tid i en bur, och de \u00e4r flockdjur och m\u00e5ste f\u00e5 bo tillsammans med andra f\u00e5glar. M\u00e5nga f\u00e5glar \u00e4r sv\u00e5ra att f\u00e5 att m\u00e5 bra i f\u00e5ngenskap.<\/p>\n\n\n\n<p><strong>T\u00e4nk efter f\u00f6re!<\/strong><\/p>\n\n\n\n<p>Ett f\u00e5tal f\u00e5gelarter passar f\u00f6r att bo i f\u00e5ngenskap, d\u00e5 de inte \u00e4r domesticerade och inte anpassade f\u00f6r ett liv tillsammans med m\u00e4nniskan. Om du v\u00e4ljer att ha en f\u00e5gel som husdjur har du ett ansvar att v\u00e4lja en art som passar ett s\u00e5dant liv. T\u00e4nk p\u00e5 att bara f\u00f6r att en individ \u00e4r tam, s\u00e5 inneb\u00e4r detta inte att arten \u00e4r domesticerad eller b\u00f6r h\u00e5llas i f\u00e5ngenskap. De st\u00f6rre papegojarterna \u00e4r exempel p\u00e5 f\u00e5glar som \u00e4r ol\u00e4mpliga husdjur. De \u00e4r mycket intelligenta f\u00e5glar som \u00e4r skapta f\u00f6r ett liv i det vilda d\u00e4r de lever i stora flockar, flyger l\u00e5nga str\u00e4ckor varje dag och \u00e4gnar stora delar av sin vakna tid \u00e5t att s\u00f6ka efter f\u00f6da. Dessa arter \u00e4r dessutom ofta utrotningshotade i det vilda och ju mer popul\u00e4ra dessa f\u00e5glar blir att ha som husdjur, desto st\u00f6rre blir efterfr\u00e5gan p\u00e5 vildf\u00e5ngade f\u00e5glar. Kontrollera noga att det \u00e4r lagligt att k\u00f6pa just den f\u00e5geln du har t\u00e4nkt dig, m\u00e5nga beh\u00f6ver \u00e5tf\u00f6ljas av ett CITES-intyg f\u00f6r att f\u00e5 s\u00e4ljas. Kontakta Jordbruksverket f\u00f6r mer information.<\/p>\n\n\n\n<p>T\u00e4nk efter hur livet med s\u00e4llskapsf\u00e5glar passar b\u00e5de f\u00e5glarna och dig innan du skaffar f\u00e5glar!<\/p>\n\n\n\n<ul class=\"wp-block-list\"><li>Har du plats f\u00f6r f\u00e5glar? F\u00e5glar kr\u00e4ver mycket plats f\u00f6r att m\u00e5 bra, de ska inte bo i bur.<\/li><li>Hur l\u00f6ser du passning f\u00f6r f\u00e5glarna om du reser bort?<\/li><li>Har du tid att tillbringa spendera med f\u00e5glarna?<\/li><li>\u00c4r du beredd att regelbundet betala till exempel f\u00f6rs\u00e4kring och eventuella veterin\u00e4rr\u00e4kningar? Var beredd p\u00e5 att du kan beh\u00f6va \u00e5ka l\u00e5ngt f\u00f6r att hitta en veterin\u00e4r som \u00e4r specialiserad p\u00e5 f\u00e5glar!<\/li><\/ul>\n\n\n\n<p><strong>Sk\u00f6tsel<\/strong><\/p>\n\n\n\n<p>De f\u00e5glar som h\u00e5lls som s\u00e4llskapsdjur i Sverige \u00e4r alla mycket sociala och ska inte h\u00e5llas ensamma. Du ska ha minst tv\u00e5, annars kommer din f\u00e5gel att vara olycklig. I Jordbruksverkets djurskyddsf\u00f6reskrifter st\u00e5r att s\u00e4llskapsf\u00e5glar som i naturen lever i grupp ska h\u00e5llas i par eller grupp \u00e4ven i f\u00e5ngenskap.<\/p>\n\n\n\n<p>F\u00e5gelungar i behov av matning ska h\u00e5llas med minst en vuxen f\u00e5gel som kan mata dem, det \u00e4r inte till\u00e5tet att handmata f\u00e5gelungen f\u00f6rutom om f\u00f6r\u00e4ldern inte matar ungen eller skadar den. Ungarna f\u00e5r inte heller tas fr\u00e5n f\u00f6r\u00e4ldrarna n\u00e4r de \u00e4r f\u00f6r unga. Detta varierar lite mellan olika f\u00e5gelarter.<\/p>\n\n\n\n<p><strong>Utrymme<\/strong><\/p>\n\n\n\n<p>De flesta s\u00e4llskapsf\u00e5glar (undantaget marklevande s\u00e4llskapsf\u00e5glar) tar sig fram genom att flyga och \u00e4r skapta f\u00f6r att flyga l\u00e5nga str\u00e4ckor varje dag. \u00c4ven f\u00e5glar i f\u00e5ngenskap beh\u00f6ver ha m\u00f6jlighet och utrymme att flyga, och b\u00f6r inte h\u00e5llas inst\u00e4ngda i burar. Det finns forskning som visar att undulater som h\u00e5lls i bur har en betydligt s\u00e4mre v\u00e4lf\u00e4rd \u00e4n de som h\u00e5lls i en st\u00f6rre volj\u00e4r. \u00c4ven om det \u00e4r till\u00e5tet enligt lag att h\u00e5lla f\u00e5glar i relativt sm\u00e5 utrymmen \u00e4r det allts\u00e5 inte bra f\u00f6r djuren.<\/p>\n\n\n\n<p>Du \u00e4r enligt lag skyldig att berika f\u00e5glarnas milj\u00f6 s\u00e5 att du ger dem m\u00f6jlighet att utf\u00f6ra naturliga beteenden. Detta kan till exempel vara f\u00f6rem\u00e5l att gnaga p\u00e5, foderberikning och bottensubstrat. Byt g\u00e4rna ut berikningsf\u00f6rem\u00e5l med j\u00e4mna mellanrum. Badande s\u00e4llskapsf\u00e5glar ska ha badvatten och sandbadande ska ha tillg\u00e5ng till ren sand.<\/p>\n\n\n\n<p><strong>Kostnader<\/strong><\/p>\n\n\n\n<p>Det kan kosta mer pengar \u00e4n vad du tror att ha f\u00e5glar. Foder, f\u00f6rs\u00e4kring och veterin\u00e4rv\u00e5rd kan l\u00e4tt bli dyrt. Kolla d\u00e4rf\u00f6r upp vad kostnaden f\u00f6rv\u00e4ntas bli f\u00f6r dina f\u00e5glar och h\u00e5ll dem f\u00f6rs\u00e4krade. T\u00e4nk ocks\u00e5 p\u00e5 att det finns f\u00e5 veterin\u00e4rer som \u00e4r specialiserade p\u00e5 just f\u00e5glar och du kan beh\u00f6va resa l\u00e5ngt f\u00f6r att hitta en s\u00e5dan.<\/p>\n\n\n\n<p><strong>Utfodring<\/strong><\/p>\n\n\n\n<p>L\u00e4s p\u00e5 noga om hur du ska utfodra dina f\u00e5glar f\u00f6r att de ska m\u00e5 bra. Kom ih\u00e5g att olika arter har olika behov, s\u00e5 l\u00e4s p\u00e5 om just din art. Det \u00e4r b\u00e5de viktigt att f\u00e5glarna f\u00e5r r\u00e4tt n\u00e4rings\u00e4mnen och att fodret presenteras p\u00e5 ett s\u00e4tt som \u00e4r r\u00e4tt f\u00f6r arten. F\u00f6r att f\u00e5 utlopp f\u00f6r sitt f\u00f6dos\u00f6ksbeteende kan f\u00e5glarna beh\u00f6va f\u00e5 foder presenterat p\u00e5 olika kreativa s\u00e4tt.  <\/p>\n\n\n\n<h3 class=\"wp-block-heading\">Jordbruksverket<\/h3>\n\n\n\n<p>Du \u00e4r enligt lag skyldig att ta del av de best\u00e4mmelser som omfattar dig som djur\u00e4gare.<\/p>\n\n\n\n<p><a href=\"https:\/\/jordbruksverket.se\/djur\/hastar-och-sallskapsdjur\/sallskapsfaglar\" target=\"_blank\" rel=\"noreferrer noopener\">Ta del av best\u00e4mmelserna f\u00f6r burf\u00e5glar h\u00e4r.<\/a><\/p>\n","protected":false},"excerpt":{"rendered":"<p>F\u00e5glar \u00e4r fantastiska djur! De \u00e4r vackra, intelligenta och kr\u00e4ver mycket engagemang f\u00f6r att m\u00e5 bra. De f\u00e5gelarter som \u00e4r vanliga att h\u00e5lla som s\u00e4llskap i svenska hem har olika behov, men det finns n\u00e5gra saker som \u00e4r gemensamma f\u00f6r alla arterna: de \u00e4r skapta f\u00f6r att flyga l\u00e5nga str\u00e4ckor och m\u00e5r inte bra av att tillbringa sin tid i en bur, och de \u00e4r flockdjur och m\u00e5ste f\u00e5 bo&hellip;<\/p>\n<p><a class=\"more-link\" href=\"https:\/\/www.djurskyddet.se\/asele\/sallskapsfagel\/\" title=\"Continue reading &lsquo;S\u00e4llskapsf\u00e5gel&rsquo;\">L&auml;s mer<span class=\"meta-nav\">&raquo;<\/span><\/a><\/p>\n","protected":false},"author":65,"featured_media":0,"parent":0,"menu_order":0,"comment_status":"closed","ping_status":"closed","template":"","meta":{"_acf_changed":false,"footnotes":""},"class_list":["post-6155","page","type-page","status-publish","hentry"],"acf":[],"_links":{"self":[{"href":"https:\/\/www.djurskyddet.se\/asele\/wp-json\/wp\/v2\/pages\/6155","targetHints":{"allow":["GET"]}}],"collection":[{"href":"https:\/\/www.djurskyddet.se\/asele\/wp-json\/wp\/v2\/pages"}],"about":[{"href":"https:\/\/www.djurskyddet.se\/asele\/wp-json\/wp\/v2\/types\/page"}],"author":[{"embeddable":true,"href":"https:\/\/www.djurskyddet.se\/asele\/wp-json\/wp\/v2\/users\/65"}],"replies":[{"embeddable":true,"href":"https:\/\/www.djurskyddet.se\/asele\/wp-json\/wp\/v2\/comments?post=6155"}],"version-history":[{"count":2,"href":"https:\/\/www.djurskyddet.se\/asele\/wp-json\/wp\/v2\/pages\/6155\/revisions"}],"predecessor-version":[{"id":6179,"href":"https:\/\/www.djurskyddet.se\/asele\/wp-json\/wp\/v2\/pages\/6155\/revisions\/6179"}],"wp:attachment":[{"href":"https:\/\/www.djurskyddet.se\/asele\/wp-json\/wp\/v2\/media?parent=6155"}],"curies":[{"name":"wp","href":"https:\/\/api.w.org\/{rel}","templated":true}]}}