{"id":6158,"date":"2022-10-24T12:17:26","date_gmt":"2022-10-24T12:17:26","guid":{"rendered":"https:\/\/www.djurskyddet.se\/asele\/?page_id=6158"},"modified":"2022-10-24T12:49:15","modified_gmt":"2022-10-24T12:49:15","slug":"akvariefiskar","status":"publish","type":"page","link":"https:\/\/www.djurskyddet.se\/asele\/akvariefiskar\/","title":{"rendered":"Akvariefiskar"},"content":{"rendered":"\n<p>Fiskar \u00e4r troligtvis det vanligaste husdjuret i Sverige, sett till antal individer. V\u00e4rt att t\u00e4nka p\u00e5 \u00e4r att ingen fiskart \u00e4r den andra lik, det kan vara lika stor skillnad mellan olika fiskarter som det \u00e4r mellan en mus och en katt. Fiskar anses vara enkla husdjur, men att h\u00e5lla fiskar i f\u00e5ngenskap kr\u00e4ver mer kunskap \u00e4n man kanske tror. De har olika behov beroende p\u00e5 art och behoven kan ibland vara sv\u00e5ra att m\u00f6ta i ett hem. Det kan vara sv\u00e5rt att se p\u00e5 en fisk om den m\u00e5r bra eller inte, speciellt f\u00f6r den som inte \u00e4r van. Luras inte av att du inte f\u00f6rst\u00e5r fiskarnas kroppsspr\u00e5k! De \u00e4r intelligenta djur som upplever b\u00e5de sm\u00e4rta och stress. Visste du att m\u00e5nga fiskar g\u00e5r att klickertr\u00e4na?<\/p>\n\n\n\n<p><strong>T\u00e4nk efter f\u00f6re!<\/strong><\/p>\n\n\n\n<p>T\u00e4nk p\u00e5 att fiskar \u00e4r individer och omfattas av djurskyddslagen p\u00e5 samma s\u00e4tt som andra djur. Du \u00e4r skyldig att ha kunskap om fiskarna du h\u00e5ller, att h\u00e5lla dem p\u00e5 ett s\u00e4tt som g\u00f6r att de kan f\u00e5 utlopp f\u00f6r sina naturliga beteenden och att se till att de har en god djurv\u00e4lf\u00e4rd. Det \u00e4r inte alla fiskar som passar f\u00f6r att bo i f\u00e5ngenskap, v\u00e4lj en art som du vet kan f\u00e5 ett gott liv. Kontrollera \u00e4ven noga att det \u00e4r lagligt att k\u00f6pa just de fiskar du har t\u00e4nkt dig, vissa beh\u00f6ver \u00e5tf\u00f6ljas av ett CITES-intyg f\u00f6r att f\u00e5 s\u00e4ljas. Kontakta Jordbruksverket f\u00f6r mer information.<\/p>\n\n\n\n<p>T\u00e4nk efter hur livet med fiskar passar b\u00e5de fiskarna och dig innan du skaffar fiskar!<\/p>\n\n\n\n<ul class=\"wp-block-list\"><li>Har du plats f\u00f6r fiskar? Vissa kr\u00e4ver stora akvarier f\u00f6r att m\u00e5 bra!<\/li><li>Hur l\u00f6ser du passning f\u00f6r fiskarna om du reser bort? Du \u00e4r skyldig att ge fiskar tillsyn minst en g\u00e5ng per dag.<\/li><li>Har du tid att kontrollera hur fiskarna m\u00e5r och g\u00f6ra rent akvariet efter behov?<\/li><\/ul>\n\n\n\n<p><strong>Sk\u00f6tsel<\/strong><\/p>\n\n\n\n<p>Alla s\u00e4llskapsdjur som normalt lever i grupp ska f\u00e5 g\u00f6ra det \u00e4ven i f\u00e5ngenskap. De fiskarter som naturligt bildar stim b\u00f6r h\u00e5llas med fiskar av samma art. N\u00e4r du s\u00e4tter samman olika arter och individer i ett akvarium \u00e4r det viktigt att ta h\u00e4nsyn till deras beteenden s\u00e5 att aggressivitet och stress undviks. Det finns arter som \u00e4r ensamlevande och aggressiva av naturen. Ett exempel \u00e4r kampfisken, kampfiskhanar ska absolut inte h\u00e5llas ihop och de kan vara sv\u00e5ra att h\u00e5lla ihop \u00e4ven med honor eller andra arter.<\/p>\n\n\n\n<p>T\u00e4nk p\u00e5 att ge fiskarna den berikning de beh\u00f6ver f\u00f6r att m\u00e5 bra. Alla fiskarter \u00e4r olika och du beh\u00f6ver utg\u00e5 ifr\u00e5n deras naturliga beteende n\u00e4r du planerar deras sk\u00f6tsel. Tillbringa tid vid akvariet f\u00f6r att se hur fiskarna m\u00e5r. Har n\u00e5got \u00e4ndrats i deras beteende eller utseende?<\/p>\n\n\n\n<p><strong>Utrymmen<\/strong><\/p>\n\n\n\n<p>Akvariets utformning och storlek m\u00e5ste vara anpassade efter fiskarnas storlek, antal och levnadss\u00e4tt. Enligt lag b\u00f6r volymen aldrig vara mindre \u00e4n 40 liter vatten. Som grund \u00e4r klotformade akvarium, s\u00e5 kallade guldfisksk\u00e5lar, inte till\u00e5tna. Det beror p\u00e5 att vattenytan blir f\u00f6r liten f\u00f6r att syres\u00e4ttningen ska fungera. Vissa fiskarter kr\u00e4ver ett mycket stort akvarium, till exempel p\u00e5 grund av storlek eller f\u00f6r att de l\u00e4tt blir aggressiva. Minst en sida av akvariet ska vara minst en sida av akvariet vara skyddad fr\u00e5n insyn, eller s\u00e5 ska inredningen ge ett s\u00e5dant skydd. Du ska inreda akvariet med s\u00e5dant som motsvarar just din arts naturliga milj\u00f6, s\u00e5 \u00e5terigen, l\u00e4s p\u00e5 om den art du \u00e4r intresserad av! V\u00e4xter och g\u00f6mslen \u00e4r till exempel viktiga f\u00f6r fiskar som vill g\u00f6mma sig. \u00c4ven bottenmaterialet ska vara anpassat till artens levnadss\u00e4tt.<\/p>\n\n\n\n<p>Vattnets kvalitet \u00e4r s\u00e5klart mycket viktig f\u00f6r en fisk. Det m\u00e5ste vara r\u00e4tt temperatur, syres\u00e4ttning, pH-v\u00e4rde och salthalt f\u00f6r just den art du vill h\u00e5lla. Kom ih\u00e5g att inte pl\u00f6tsligt \u00e4ndra vattenkvaliteten. Du b\u00f6r ha n\u00e5got slags pump i akvariet.<\/p>\n\n\n\n<p><strong>Utfodring<\/strong><\/p>\n\n\n\n<p>L\u00e4s p\u00e5 noga om hur du ska utfodra dina fiskar f\u00f6r att de ska m\u00e5 bra! \u00c4r det ett rovdjur du har i akvariet? Eller en ren v\u00e4xt\u00e4tare? Eller n\u00e5got d\u00e4remellan? Se till att du ger ett foder av r\u00e4tt kvalitet, n\u00e4ring, i r\u00e4tt m\u00e4ngd och lagom ofta. Och se till att alla fiskar f\u00e5r tillg\u00e5ng till fodret! Du kan ocks\u00e5 l\u00e4sa p\u00e5 om foderberikning f\u00f6r fiskar f\u00f6r att de ska f\u00e5 utlopp f\u00f6r sina naturliga beteendebehov.  <\/p>\n\n\n\n<h3 class=\"wp-block-heading\">Jordbruksverket<\/h3>\n\n\n\n<p>Du \u00e4r enligt lag skyldig att ta del av de best\u00e4mmelser som omfattar dig som djur\u00e4gare.<\/p>\n\n\n\n<p><a href=\"https:\/\/jordbruksverket.se\/djur\/hastar-och-sallskapsdjur\/akvariefiskar\" target=\"_blank\" rel=\"noreferrer noopener\">Ta del av best\u00e4mmelserna f\u00f6r akvariefiskar h\u00e4r.<\/a><\/p>\n","protected":false},"excerpt":{"rendered":"<p>Fiskar \u00e4r troligtvis det vanligaste husdjuret i Sverige, sett till antal individer. V\u00e4rt att t\u00e4nka p\u00e5 \u00e4r att ingen fiskart \u00e4r den andra lik, det kan vara lika stor skillnad mellan olika fiskarter som det \u00e4r mellan en mus och en katt. Fiskar anses vara enkla husdjur, men att h\u00e5lla fiskar i f\u00e5ngenskap kr\u00e4ver mer kunskap \u00e4n man kanske tror. De har olika behov beroende p\u00e5 art och behoven kan&hellip;<\/p>\n<p><a class=\"more-link\" href=\"https:\/\/www.djurskyddet.se\/asele\/akvariefiskar\/\" title=\"Continue reading &lsquo;Akvariefiskar&rsquo;\">L&auml;s mer<span class=\"meta-nav\">&raquo;<\/span><\/a><\/p>\n","protected":false},"author":65,"featured_media":0,"parent":0,"menu_order":0,"comment_status":"closed","ping_status":"closed","template":"","meta":{"_acf_changed":false,"footnotes":""},"class_list":["post-6158","page","type-page","status-publish","hentry"],"acf":[],"_links":{"self":[{"href":"https:\/\/www.djurskyddet.se\/asele\/wp-json\/wp\/v2\/pages\/6158","targetHints":{"allow":["GET"]}}],"collection":[{"href":"https:\/\/www.djurskyddet.se\/asele\/wp-json\/wp\/v2\/pages"}],"about":[{"href":"https:\/\/www.djurskyddet.se\/asele\/wp-json\/wp\/v2\/types\/page"}],"author":[{"embeddable":true,"href":"https:\/\/www.djurskyddet.se\/asele\/wp-json\/wp\/v2\/users\/65"}],"replies":[{"embeddable":true,"href":"https:\/\/www.djurskyddet.se\/asele\/wp-json\/wp\/v2\/comments?post=6158"}],"version-history":[{"count":2,"href":"https:\/\/www.djurskyddet.se\/asele\/wp-json\/wp\/v2\/pages\/6158\/revisions"}],"predecessor-version":[{"id":6183,"href":"https:\/\/www.djurskyddet.se\/asele\/wp-json\/wp\/v2\/pages\/6158\/revisions\/6183"}],"wp:attachment":[{"href":"https:\/\/www.djurskyddet.se\/asele\/wp-json\/wp\/v2\/media?parent=6158"}],"curies":[{"name":"wp","href":"https:\/\/api.w.org\/{rel}","templated":true}]}}