{"id":6161,"date":"2022-10-24T12:19:05","date_gmt":"2022-10-24T12:19:05","guid":{"rendered":"https:\/\/www.djurskyddet.se\/asele\/?page_id=6161"},"modified":"2022-10-24T12:47:40","modified_gmt":"2022-10-24T12:47:40","slug":"reptiler-och-groddjur","status":"publish","type":"page","link":"https:\/\/www.djurskyddet.se\/asele\/reptiler-och-groddjur\/","title":{"rendered":"Reptiler och groddjur"},"content":{"rendered":"\n<p>Det finns tusentals olika arter av reptiler och groddjur och de har s\u00e5klart lika olika behov som olika typer av d\u00e4ggdjur har. Reptiler och groddjur anses ibland vara enkla husdjur, detta \u00e4r fel! Att h\u00e5lla dessa djur i f\u00e5ngenskap kr\u00e4ver mer kunskap \u00e4n man kanske tror. De har olika behov beroende p\u00e5 art och behoven kan ibland vara sv\u00e5ra att m\u00f6ta&nbsp;i ett hem.&nbsp;Det kan vara sv\u00e5rt att se p\u00e5 en orm, \u00f6dla eller groda om den m\u00e5r bra eller inte,&nbsp;s\u00e4rskilt&nbsp;f\u00f6r den som inte \u00e4r van. Luras inte av att du inte f\u00f6rst\u00e5r deras kroppsspr\u00e5k!&nbsp;Reptiler&nbsp;far ofta v\u00e4ldigt illa&nbsp;p\u00e5 grund av felsk\u00f6tsel, de har komplexa behov och kr\u00e4ver ofta en mycket speciell omgivning f\u00f6r att m\u00e5 bra. Visste du att det finns siffror som s\u00e4ger att hela 70&nbsp;% av alla gr\u00f6na leguaner i f\u00e5ngenskap d\u00f6r inom det f\u00f6rsta \u00e5ret?&nbsp;<\/p>\n\n\n\n<p><strong>T\u00e4nk efter f\u00f6re!<\/strong>&nbsp;<\/p>\n\n\n\n<p>Bara ett&nbsp;f\u00e5tal arter av reptiler och groddjur passar f\u00f6r att bo i f\u00e5ngenskap, d\u00e5 de inte \u00e4r domesticerade och inte anpassade f\u00f6r ett liv tillsammans med m\u00e4nniskan. M\u00e5nga arter \u00e4r dessutom utrotningshotade i det vilda och ju mer popul\u00e4ra dessa djur blir att ha som husdjur, desto st\u00f6rre blir efterfr\u00e5gan p\u00e5 vildf\u00e5ngade djur.&nbsp;Kontrollera noga att det \u00e4r lagligt att k\u00f6pa just de fiskar du har t\u00e4nkt dig, vissa beh\u00f6ver \u00e5tf\u00f6ljas av ett CITES-intyg f\u00f6r att f\u00e5 s\u00e4ljas. Kontakta Jordbruksverket f\u00f6r mer information.&nbsp;T\u00e4nk p\u00e5 att&nbsp;reptiler och groddjur&nbsp;\u00e4r individer och omfattas av djurskyddslagen p\u00e5 samma s\u00e4tt som andra djur. Du \u00e4r skyldig att ha kunskap om&nbsp;djuren&nbsp;du h\u00e5ller, att h\u00e5lla dem p\u00e5 ett s\u00e4tt som g\u00f6r att de kan f\u00e5 utlopp f\u00f6r sina naturliga beteenden och att se till att de har en god djurv\u00e4lf\u00e4rd.&nbsp;<\/p>\n\n\n\n<p>T\u00e4nk efter hur livet med&nbsp;reptiler och groddjur&nbsp;passar b\u00e5de&nbsp;djuren&nbsp;och dig innan du skaffar&nbsp;dem!&nbsp;<\/p>\n\n\n\n<ul class=\"wp-block-list\"><li>Har du plats f\u00f6r&nbsp;djuren? Vissa kr\u00e4ver stora akvarier f\u00f6r att m\u00e5 bra!&nbsp;<\/li><li>Hur l\u00f6ser du passning om du reser bort? Du \u00e4r skyldig att ge&nbsp;djuren&nbsp;tillsyn minst en g\u00e5ng per dag.&nbsp;<\/li><li>Har du tid att kontrollera hur&nbsp;djuren&nbsp;m\u00e5r och g\u00f6ra rent&nbsp;terrariet&nbsp;efter behov?&nbsp;<\/li><li>\u00c4r du beredd att regelbundet betala till exempel f\u00f6rs\u00e4kring och eventuella veterin\u00e4rr\u00e4kningar? Var beredd p\u00e5 att du kan beh\u00f6va \u00e5ka l\u00e5ngt f\u00f6r att hitta en veterin\u00e4r som \u00e4r specialiserad p\u00e5&nbsp;just den art du har som husdjur!&nbsp;<\/li><\/ul>\n\n\n\n<p><strong>Sk\u00f6tsel<\/strong>&nbsp;<\/p>\n\n\n\n<p>L\u00e4s p\u00e5 ordentligt om just den art du har hemma. Beh\u00f6ver den till exempel vintervila? I s\u00e5 fall \u00e4r du skyldig att ge den detta. Reptiler kan b\u00e4ra p\u00e5 sjukdomar, till exempel salmonella, som inte g\u00f6r djuren sjuka men som kan smitta m\u00e4nniskor. Var noga med god hygien, speciellt om det finns barn eller personer med ett s\u00e4mre immunf\u00f6rsvar runt djuren.&nbsp;&nbsp;<\/p>\n\n\n\n<p>T\u00e4nk p\u00e5 att ge&nbsp;djuren&nbsp;den berikning de beh\u00f6ver f\u00f6r att m\u00e5 bra. Alla&nbsp;arter&nbsp;\u00e4r olika och du beh\u00f6ver utg\u00e5 ifr\u00e5n deras naturliga beteende n\u00e4r du planerar deras sk\u00f6tsel. Tillbringa tid&nbsp;med djuren f\u00f6r att&nbsp;se hur&nbsp;de&nbsp;m\u00e5r. Har n\u00e5got \u00e4ndrats i deras beteende eller utseende?&nbsp;<\/p>\n\n\n\n<p><strong>Utrymmen<\/strong>&nbsp;<\/p>\n\n\n\n<p>Terrariets utformning och storlek m\u00e5ste vara anpassade efter de djur som ska bo i det. Det ska finnas bottenmaterial och g\u00f6mst\u00e4llen.&nbsp;Arter som lever vid vatten ska ha badvatten och de som lever i tr\u00e4d ska ha tillg\u00e5ng till grenar. Klimatet du erbjuder djuren ska likna artens naturliga.&nbsp;L\u00e4s&nbsp;p\u00e5 om den art du \u00e4r intresserad av!&nbsp;&nbsp;<\/p>\n\n\n\n<p><strong>Utfodring<\/strong>&nbsp;<\/p>\n\n\n\n<p>L\u00e4s p\u00e5 noga om hur du ska utfodra dina\u00a0djur\u00a0f\u00f6r att de ska m\u00e5 bra!\u00a0Felaktig utfodring \u00e4r mycket vanligt g\u00e4llande reptiler och groddjur.\u00a0Se till att du ger ett foder av r\u00e4tt kvalitet\u00a0och\u00a0n\u00e4ring, i r\u00e4tt m\u00e4ngd och lagom ofta.\u00a0\u00d6vervaka utfodringen s\u00e5 att djuren inte skadar varandra. Kom ih\u00e5g att det inte \u00e4r till\u00e5tet att utfodra dina reptiler med levande djur.\u00a0Du kan ocks\u00e5 l\u00e4sa p\u00e5 om foderberikning f\u00f6r att dina djur\u00a0ska f\u00e5 utlopp f\u00f6r sina naturliga beteendebehov.\u00a0 <\/p>\n\n\n\n<h3 class=\"wp-block-heading\">Jordbruksverket<\/h3>\n\n\n\n<p>Du \u00e4r enligt lag skyldig att ta del av de best\u00e4mmelser som omfattar dig som djur\u00e4gare.<\/p>\n\n\n\n<p><a href=\"https:\/\/jordbruksverket.se\/djur\/hastar-och-sallskapsdjur\/reptiler-och-groddjur\" target=\"_blank\" rel=\"noreferrer noopener\">Ta del av best\u00e4mmelserna f\u00f6r kr\u00e4l- och groddjur h\u00e4r.<\/a><\/p>\n","protected":false},"excerpt":{"rendered":"<p>Det finns tusentals olika arter av reptiler och groddjur och de har s\u00e5klart lika olika behov som olika typer av d\u00e4ggdjur har. Reptiler och groddjur anses ibland vara enkla husdjur, detta \u00e4r fel! Att h\u00e5lla dessa djur i f\u00e5ngenskap kr\u00e4ver mer kunskap \u00e4n man kanske tror. De har olika behov beroende p\u00e5 art och behoven kan ibland vara sv\u00e5ra att m\u00f6ta&nbsp;i ett hem.&nbsp;Det kan vara sv\u00e5rt att se p\u00e5 en&hellip;<\/p>\n<p><a class=\"more-link\" href=\"https:\/\/www.djurskyddet.se\/asele\/reptiler-och-groddjur\/\" title=\"Continue reading &lsquo;Reptiler och groddjur&rsquo;\">L&auml;s mer<span class=\"meta-nav\">&raquo;<\/span><\/a><\/p>\n","protected":false},"author":65,"featured_media":0,"parent":0,"menu_order":0,"comment_status":"closed","ping_status":"closed","template":"","meta":{"_acf_changed":false,"footnotes":""},"class_list":["post-6161","page","type-page","status-publish","hentry"],"acf":[],"_links":{"self":[{"href":"https:\/\/www.djurskyddet.se\/asele\/wp-json\/wp\/v2\/pages\/6161","targetHints":{"allow":["GET"]}}],"collection":[{"href":"https:\/\/www.djurskyddet.se\/asele\/wp-json\/wp\/v2\/pages"}],"about":[{"href":"https:\/\/www.djurskyddet.se\/asele\/wp-json\/wp\/v2\/types\/page"}],"author":[{"embeddable":true,"href":"https:\/\/www.djurskyddet.se\/asele\/wp-json\/wp\/v2\/users\/65"}],"replies":[{"embeddable":true,"href":"https:\/\/www.djurskyddet.se\/asele\/wp-json\/wp\/v2\/comments?post=6161"}],"version-history":[{"count":2,"href":"https:\/\/www.djurskyddet.se\/asele\/wp-json\/wp\/v2\/pages\/6161\/revisions"}],"predecessor-version":[{"id":6181,"href":"https:\/\/www.djurskyddet.se\/asele\/wp-json\/wp\/v2\/pages\/6161\/revisions\/6181"}],"wp:attachment":[{"href":"https:\/\/www.djurskyddet.se\/asele\/wp-json\/wp\/v2\/media?parent=6161"}],"curies":[{"name":"wp","href":"https:\/\/api.w.org\/{rel}","templated":true}]}}