{"id":6185,"date":"2022-10-24T12:55:56","date_gmt":"2022-10-24T12:55:56","guid":{"rendered":"https:\/\/www.djurskyddet.se\/asele\/?page_id=6185"},"modified":"2022-10-24T12:55:57","modified_gmt":"2022-10-24T12:55:57","slug":"handla-djurschysst","status":"publish","type":"page","link":"https:\/\/www.djurskyddet.se\/asele\/handla-djurschysst\/","title":{"rendered":"Handla djurschysst"},"content":{"rendered":"\n<h1 class=\"wp-block-heading\"><\/h1>\n\n\n\n<p><strong>Konsumentguiden Handla Djurschysst ges ut av Djurskyddet Sverige. Den v\u00e4nder sig till alla som vill g\u00f6ra djurskyddsmedvetna val vid k\u00f6p av livsmedel.<\/strong><\/p>\n\n\n\n<p>Majoriteten av Sveriges vuxna befolkning konsumerar produkter som kommer fr\u00e5n djur. Flera unders\u00f6kningar har visat att djurv\u00e4lf\u00e4rd \u00e4r en viktig faktor n\u00e4r konsumenter ska v\u00e4lja k\u00f6tt, \u00e4gg eller mj\u00f6lk.<\/p>\n\n\n\n<p>Men det \u00e4r inte s\u00e5 l\u00e4tt att veta vad som skiljer den ena m\u00e4rkningens regelverk fr\u00e5n den andra n\u00e4r det kommer till hur djuren haft det. Konsumentguiden Handla Djurschysst vill hj\u00e4lpa alla att fatta mer djurskyddsmedvetna beslut och har d\u00e4rf\u00f6r unders\u00f6kt hur m\u00e4rkningarnas regelverk lever upp till ett antal viktiga djurskyddskriterier. Guiden visar ocks\u00e5 vad som \u00e4r viktigt f\u00f6r lantbrukens djur ur ett djurskyddsperspektiv, fr\u00e5n uppv\u00e4xtmilj\u00f6n till slakt\u00f6gonblicket.<\/p>\n\n\n\n<p><strong><a href=\"https:\/\/djurschysst.se\/\">Klicka h\u00e4r f\u00f6r att komma till konsumentguiden Handla Djurschysst!<\/a><\/strong><\/p>\n","protected":false},"excerpt":{"rendered":"<p>Konsumentguiden Handla Djurschysst ges ut av Djurskyddet Sverige. Den v\u00e4nder sig till alla som vill g\u00f6ra djurskyddsmedvetna val vid k\u00f6p av livsmedel. Majoriteten av Sveriges vuxna befolkning konsumerar produkter som kommer fr\u00e5n djur. Flera unders\u00f6kningar har visat att djurv\u00e4lf\u00e4rd \u00e4r en viktig faktor n\u00e4r konsumenter ska v\u00e4lja k\u00f6tt, \u00e4gg eller mj\u00f6lk. Men det \u00e4r inte s\u00e5 l\u00e4tt att veta vad som skiljer den ena m\u00e4rkningens regelverk fr\u00e5n den andra n\u00e4r&hellip;<\/p>\n<p><a class=\"more-link\" href=\"https:\/\/www.djurskyddet.se\/asele\/handla-djurschysst\/\" title=\"Continue reading &lsquo;Handla djurschysst&rsquo;\">L&auml;s mer<span class=\"meta-nav\">&raquo;<\/span><\/a><\/p>\n","protected":false},"author":65,"featured_media":0,"parent":0,"menu_order":0,"comment_status":"closed","ping_status":"closed","template":"","meta":{"_acf_changed":false,"footnotes":""},"class_list":["post-6185","page","type-page","status-publish","hentry"],"acf":[],"_links":{"self":[{"href":"https:\/\/www.djurskyddet.se\/asele\/wp-json\/wp\/v2\/pages\/6185","targetHints":{"allow":["GET"]}}],"collection":[{"href":"https:\/\/www.djurskyddet.se\/asele\/wp-json\/wp\/v2\/pages"}],"about":[{"href":"https:\/\/www.djurskyddet.se\/asele\/wp-json\/wp\/v2\/types\/page"}],"author":[{"embeddable":true,"href":"https:\/\/www.djurskyddet.se\/asele\/wp-json\/wp\/v2\/users\/65"}],"replies":[{"embeddable":true,"href":"https:\/\/www.djurskyddet.se\/asele\/wp-json\/wp\/v2\/comments?post=6185"}],"version-history":[{"count":1,"href":"https:\/\/www.djurskyddet.se\/asele\/wp-json\/wp\/v2\/pages\/6185\/revisions"}],"predecessor-version":[{"id":6187,"href":"https:\/\/www.djurskyddet.se\/asele\/wp-json\/wp\/v2\/pages\/6185\/revisions\/6187"}],"wp:attachment":[{"href":"https:\/\/www.djurskyddet.se\/asele\/wp-json\/wp\/v2\/media?parent=6185"}],"curies":[{"name":"wp","href":"https:\/\/api.w.org\/{rel}","templated":true}]}}