{"id":6193,"date":"2022-10-24T12:59:29","date_gmt":"2022-10-24T12:59:29","guid":{"rendered":"https:\/\/www.djurskyddet.se\/asele\/?page_id=6193"},"modified":"2025-09-08T13:00:54","modified_gmt":"2025-09-08T13:00:54","slug":"nar-djur-far-illa","status":"publish","type":"page","link":"https:\/\/www.djurskyddet.se\/asele\/nar-djur-far-illa\/","title":{"rendered":"N\u00e4r djur far illa"},"content":{"rendered":"\n<h2 class=\"wp-block-heading\">Anm\u00e4l till L\u00e4nsstyrelsen eller polisen<\/h2>\n\n\n\n<p>Om du ser eller tror att ett djur far illa ska du g\u00f6ra en anm\u00e4lan till djurskyddshandl\u00e4ggaren hos din l\u00e4nsstyrelse. Om det \u00e4r akut och du inte kan n\u00e5 l\u00e4nsstyrelsen kan du kontakta polisen som \u00e4r skyldiga att utreda brott mot djurskyddslagen alternativt djurpl\u00e5geri. Du kan kontakta polisen \u00e4ven om det inte \u00e4r akut.<\/p>\n\n\n\n<p><a href=\"https:\/\/www.lansstyrelsen.se\/vasterbotten\/djur\/skotsel-av-djur\/anmal-bristande-djurhallning.html\">Anm\u00e4l bristande djurh\u00e5llning | L\u00e4nsstyrelsen V\u00e4sterbotten (lansstyrelsen.se)<\/a><\/p>\n\n\n\n<p>Om du vill anm\u00e4la ett brott eller tipsa polisen, ring 114 14. I akut l\u00e4ge (vid p\u00e5g\u00e5ende brott) ring 112.<\/p>\n\n\n\n<h2 class=\"wp-block-heading\">Anonym anm\u00e4lan<\/h2>\n\n\n\n<p>En anm\u00e4lan kan g\u00f6ras anonymt. L\u00e4nsstyrelsen har skyldighet att utreda anonyma anm\u00e4lningar, till skillnad fr\u00e5n polisen. Nackdelen med en anonym anm\u00e4lan \u00e4r att det kan vara sv\u00e5rt f\u00f6r den som utreder \u00e4rendet att g\u00e5 vidare. Det \u00e4r ibland n\u00f6dv\u00e4ndigt att n\u00e5gon kan vittna om vad de har sett och upplevt samt att det finns dokumentation om h\u00e4ndelsef\u00f6rlopp, tidsangivelser med mera.<\/p>\n\n\n\n<h2 class=\"wp-block-heading\">Vad h\u00e4nder med din anm\u00e4lan?<\/h2>\n\n\n\n<p>Om en djur\u00e4gare inte sk\u00f6ter sina djur enligt djurskyddslagstiftningen ska L\u00e4nsstyrelsen besluta om f\u00f6rel\u00e4ggande att \u00e5tg\u00e4rda bristerna, omh\u00e4ndertagande eller i f\u00f6rl\u00e4ngningen djurf\u00f6rbud. Polisen utreder brott mot djurskyddslagen alternativt djurpl\u00e5geri.<\/p>\n\n\n\n<h2 class=\"wp-block-heading\">Vad s\u00e4ger lagen?<\/h2>\n\n\n\n<p>I djurskyddslagstiftningen st\u00e5r hur djur ska v\u00e5rdas och behandlas. Djur ska bland annat skyddas mot on\u00f6digt lidande, ges tillr\u00e4ckligt med foder och vatten och h\u00e5llas i en god milj\u00f6 som ger dem m\u00f6jlighet att utf\u00f6ra sina naturliga beteenden. Djur f\u00e5r inte \u00f6veranstr\u00e4ngas eller h\u00e5llas bundna p\u00e5 ett pl\u00e5gsamt s\u00e4tt. En djur\u00e4gare som inte respekterar dessa regler kan d\u00f6mas f\u00f6r vanv\u00e5rd eller djurpl\u00e5geri.<\/p>\n\n\n\n<p>Straffet f\u00f6r djurpl\u00e5geri \u00e4r b\u00f6ter eller f\u00e4ngelse i h\u00f6gst tv\u00e5 \u00e5r. Straff f\u00f6r brott mot djurskyddslagen \u00e4r b\u00f6ter eller f\u00e4ngelse i h\u00f6gst tv\u00e5 \u00e5r.<\/p>\n\n\n\n<h2 class=\"wp-block-heading\">Ge inte upp!<\/h2>\n\n\n\n<p>Djurskyddet tar ofta emot samtal fr\u00e5n missn\u00f6jda m\u00e4nniskor som anm\u00e4lt missf\u00f6rh\u00e5llanden f\u00f6r djur och som k\u00e4nner frustration \u00f6ver att ingenting h\u00e4nder. Vi rekommenderar att ringa ansvarig handl\u00e4ggare f\u00f6r att f\u00e5 uppgifter om \u00e4rendets hantering. Handlingarna kan \u00e4ven beg\u00e4ras ut. Oftast finns det en f\u00f6rklaring till varf\u00f6r \u00e4rendet tar l\u00e5ng tid.  <\/p>\n\n\n\n<p>Du kan alltid kontakta oss p\u00e5 Djurskyddet f\u00f6r r\u00e5d och hj\u00e4lp.<\/p>\n\n\n\n<h3 class=\"wp-block-heading\">Vill du veta mer om djurskyddslagen?<\/h3>\n\n\n\n<p>P\u00e5&nbsp;<a href=\"http:\/\/www.jordbruksverket.se\/amnesomraden\/djur\/djurskydd.4.1dbcbad113c7ffa7b0380003185.html\" target=\"_blank\" rel=\"noreferrer noopener\">Jordbruksverkets hemsida<\/a>&nbsp;hittar du f\u00f6reskrifter om djurskydd, djurskyddsf\u00f6rordningen och djurskyddslagen.<\/p>\n","protected":false},"excerpt":{"rendered":"<p>Anm\u00e4l till L\u00e4nsstyrelsen eller polisen Om du ser eller tror att ett djur far illa ska du g\u00f6ra en anm\u00e4lan till djurskyddshandl\u00e4ggaren hos din l\u00e4nsstyrelse. Om det \u00e4r akut och du inte kan n\u00e5 l\u00e4nsstyrelsen kan du kontakta polisen som \u00e4r skyldiga att utreda brott mot djurskyddslagen alternativt djurpl\u00e5geri. Du kan kontakta polisen \u00e4ven om det inte \u00e4r akut. Anm\u00e4l bristande djurh\u00e5llning | L\u00e4nsstyrelsen V\u00e4sterbotten (lansstyrelsen.se) Om du vill anm\u00e4la&hellip;<\/p>\n<p><a class=\"more-link\" href=\"https:\/\/www.djurskyddet.se\/asele\/nar-djur-far-illa\/\" title=\"Continue reading &lsquo;N\u00e4r djur far illa&rsquo;\">L&auml;s mer<span class=\"meta-nav\">&raquo;<\/span><\/a><\/p>\n","protected":false},"author":65,"featured_media":0,"parent":0,"menu_order":0,"comment_status":"closed","ping_status":"closed","template":"","meta":{"_acf_changed":false,"footnotes":""},"class_list":["post-6193","page","type-page","status-publish","hentry"],"acf":[],"_links":{"self":[{"href":"https:\/\/www.djurskyddet.se\/asele\/wp-json\/wp\/v2\/pages\/6193","targetHints":{"allow":["GET"]}}],"collection":[{"href":"https:\/\/www.djurskyddet.se\/asele\/wp-json\/wp\/v2\/pages"}],"about":[{"href":"https:\/\/www.djurskyddet.se\/asele\/wp-json\/wp\/v2\/types\/page"}],"author":[{"embeddable":true,"href":"https:\/\/www.djurskyddet.se\/asele\/wp-json\/wp\/v2\/users\/65"}],"replies":[{"embeddable":true,"href":"https:\/\/www.djurskyddet.se\/asele\/wp-json\/wp\/v2\/comments?post=6193"}],"version-history":[{"count":7,"href":"https:\/\/www.djurskyddet.se\/asele\/wp-json\/wp\/v2\/pages\/6193\/revisions"}],"predecessor-version":[{"id":6413,"href":"https:\/\/www.djurskyddet.se\/asele\/wp-json\/wp\/v2\/pages\/6193\/revisions\/6413"}],"wp:attachment":[{"href":"https:\/\/www.djurskyddet.se\/asele\/wp-json\/wp\/v2\/media?parent=6193"}],"curies":[{"name":"wp","href":"https:\/\/api.w.org\/{rel}","templated":true}]}}