{"id":6198,"date":"2022-10-24T13:10:16","date_gmt":"2022-10-24T13:10:16","guid":{"rendered":"https:\/\/www.djurskyddet.se\/asele\/?page_id=6198"},"modified":"2022-10-24T13:10:17","modified_gmt":"2022-10-24T13:10:17","slug":"nar-du-reser","status":"publish","type":"page","link":"https:\/\/www.djurskyddet.se\/asele\/nar-du-reser\/","title":{"rendered":"N\u00e4r du reser"},"content":{"rendered":"\n<p>Djurpl\u00e5geri \u00e4r tyv\u00e4rr i m\u00e5nga fall en biverkning av turism. N\u00e4r det finns pengar att tj\u00e4na blir djur exploaterade. Djur utnyttjas f\u00f6r att underh\u00e5lla turister genom aktiviteter som tjurf\u00e4ktning, djurcirkus och \u201csimma-med-delfin-aktiviteter\u201d. Vanliga klagom\u00e5l fr\u00e5n turister handlar om misshandel av djur i arbete, souvenirer fr\u00e5n d\u00f6da djur och hur utsatta djur helt enkelt ignoreras av sin omgivning.<\/p>\n\n\n\n<p><strong>Undvik:<\/strong><\/p>\n\n\n\n<ul class=\"wp-block-list\"><li>Attraktioner som orsakar lidande f\u00f6r djur (till exempel djurcirkus, djurshower och \u201cvattenland\u201d med djur och fiskar).<\/li><li>Att betala f\u00f6r att fotograferas med djur.<\/li><li>Souvenirer som \u00e4r gjorda av djur.<\/li><li>Exotisk\/lyxig mat som produceras p\u00e5 extremt pl\u00e5gsamma s\u00e4tt f\u00f6r djuren (till exempel g\u00e5slever, \u00e4ven kallat fois gras)<\/li><\/ul>\n\n\n\n<h2 class=\"wp-block-heading\">Turister kan p\u00e5verka djurpl\u00e5geri!<\/h2>\n\n\n\n<p>Som turist kan man k\u00e4nna sig maktl\u00f6s n\u00e4r man konfronteras med djurpl\u00e5geri utomlands. Men det finns s\u00e4tt att p\u00e5verka. Det finns n\u00e5gra enkla saker som du kan g\u00f6ra om du ser att djur far illa n\u00e4r du reser.<\/p>\n\n\n\n<p>Notera f\u00f6ljande:<\/p>\n\n\n\n<ul class=\"wp-block-list\"><li>vad som g\u00f6r att djuret far illa<\/li><li>plats<\/li><li>tid och datum<\/li><li>hur m\u00e5nga djur det g\u00e4ller<\/li><li>vilken art djuren tillh\u00f6r<\/li><li>filma eller ta kort p\u00e5 vad du ser<\/li><\/ul>\n\n\n\n<p>Klaga och \u00f6verl\u00e4mna din information till:<\/p>\n\n\n\n<ul class=\"wp-block-list\"><li>lokala polisen<\/li><li>lokala turistkontoret<\/li><li>lokala djurskyddsorganisationen<\/li><li>din reseledare<\/li><\/ul>\n\n\n\n<p>N\u00e4r du kommer hem:<\/p>\n\n\n\n<ul class=\"wp-block-list\"><li>Kontakta ambassaden f\u00f6r landet du bes\u00f6kt och informera om vad du bevittnat<\/li><li>Informera turistkontoret<\/li><li>Informera dina lokala politiker<\/li><li>G\u00f6r en snabb &amp; enkel anm\u00e4lan till World Animal Protection<\/li><\/ul>\n","protected":false},"excerpt":{"rendered":"<p>Djurpl\u00e5geri \u00e4r tyv\u00e4rr i m\u00e5nga fall en biverkning av turism. N\u00e4r det finns pengar att tj\u00e4na blir djur exploaterade. Djur utnyttjas f\u00f6r att underh\u00e5lla turister genom aktiviteter som tjurf\u00e4ktning, djurcirkus och \u201csimma-med-delfin-aktiviteter\u201d. Vanliga klagom\u00e5l fr\u00e5n turister handlar om misshandel av djur i arbete, souvenirer fr\u00e5n d\u00f6da djur och hur utsatta djur helt enkelt ignoreras av sin omgivning. Undvik: Attraktioner som orsakar lidande f\u00f6r djur (till exempel djurcirkus, djurshower och \u201cvattenland\u201d&hellip;<\/p>\n<p><a class=\"more-link\" href=\"https:\/\/www.djurskyddet.se\/asele\/nar-du-reser\/\" title=\"Continue reading &lsquo;N\u00e4r du reser&rsquo;\">L&auml;s mer<span class=\"meta-nav\">&raquo;<\/span><\/a><\/p>\n","protected":false},"author":65,"featured_media":0,"parent":0,"menu_order":0,"comment_status":"closed","ping_status":"closed","template":"","meta":{"_acf_changed":false,"footnotes":""},"class_list":["post-6198","page","type-page","status-publish","hentry"],"acf":[],"_links":{"self":[{"href":"https:\/\/www.djurskyddet.se\/asele\/wp-json\/wp\/v2\/pages\/6198","targetHints":{"allow":["GET"]}}],"collection":[{"href":"https:\/\/www.djurskyddet.se\/asele\/wp-json\/wp\/v2\/pages"}],"about":[{"href":"https:\/\/www.djurskyddet.se\/asele\/wp-json\/wp\/v2\/types\/page"}],"author":[{"embeddable":true,"href":"https:\/\/www.djurskyddet.se\/asele\/wp-json\/wp\/v2\/users\/65"}],"replies":[{"embeddable":true,"href":"https:\/\/www.djurskyddet.se\/asele\/wp-json\/wp\/v2\/comments?post=6198"}],"version-history":[{"count":1,"href":"https:\/\/www.djurskyddet.se\/asele\/wp-json\/wp\/v2\/pages\/6198\/revisions"}],"predecessor-version":[{"id":6200,"href":"https:\/\/www.djurskyddet.se\/asele\/wp-json\/wp\/v2\/pages\/6198\/revisions\/6200"}],"wp:attachment":[{"href":"https:\/\/www.djurskyddet.se\/asele\/wp-json\/wp\/v2\/media?parent=6198"}],"curies":[{"name":"wp","href":"https:\/\/api.w.org\/{rel}","templated":true}]}}