{"id":6203,"date":"2022-10-24T16:19:46","date_gmt":"2022-10-24T16:19:46","guid":{"rendered":"https:\/\/www.djurskyddet.se\/asele\/?page_id=6203"},"modified":"2025-09-08T10:25:22","modified_gmt":"2025-09-08T10:25:22","slug":"vad-vi-som-djurskyddsforening-gor","status":"publish","type":"page","link":"https:\/\/www.djurskyddet.se\/asele\/vad-vi-som-djurskyddsforening-gor\/","title":{"rendered":"Vad vi g\u00f6r"},"content":{"rendered":"\n<p>Vi tar emot katter och andra sm\u00e5djur som av olika anledningar beh\u00f6ver nya hem. Det kan r\u00f6ra sig om upphittade \u00e4garl\u00f6sa katter eller katter som hotas av avlivning f\u00f6r att \u00e4garna inte kan ha dom kvar och hittar ingen som kan ta hand om. F\u00f6rvildade och skygga &#8221;ladug\u00e5rdskatter&#8221; \u00e4r ett stort bekymmer och dom allra flesta g\u00e5r tyv\u00e4rr en pl\u00e5gsam d\u00f6d till m\u00f6tes n\u00e4r vintern kommer. Dom som blir inf\u00e5ngade av Djurskyddet har tur, dom f\u00e5r komma in i v\u00e4rmen och f\u00e5r maten serverad. Hundar och st\u00f6rre djur har vi inte plats f\u00f6r i djurhemmet, men ibland finns det jourhem att tillg\u00e5. <\/p>\n\n\n\n<p>Allergier och f\u00f6r\u00e4ndrade familjef\u00f6rh\u00e5llanden \u00e4r exempel p\u00e5 orsaker till att djur beh\u00f6ver omplaceras. I f\u00f6rsta hand vill vi att \u00e4garen sj\u00e4lv f\u00f6rs\u00f6ker hitta ett nytt hem \u00e5t sitt djur och vi hj\u00e4lper g\u00e4rna till med annonsering, vi kan ocks\u00e5 ta emot djuret i m\u00e5n av plats, och f\u00f6r n\u00e4rvarande tar vi d\u00e5 en avgift p\u00e5 500 kr.<\/p>\n\n\n\n<p>Innan vi placerar om en katt eller kanin ser vi till att den \u00e4r kastrerad, vaccinerad, f\u00f6rs\u00e4krad och Id-m\u00e4rkt. Den nya \u00e4garen till en kattunge eller kaninunge f\u00f6rbinder sig att kastrera den n\u00e4r den har n\u00e5tt r\u00e4tt \u00e5lder. F\u00f6r n\u00e4rvarande tar vi 1500 kr f\u00f6r en katt, 1200 kr f\u00f6r en hankanin och 1200 kr f\u00f6r en honkanin.<\/p>\n\n\n\n<p>Vi har ett katthem\/djurhem och en karant\u00e4nbyggnad. V\u00e5ra lokaler \u00e4r godk\u00e4nda av l\u00e4nsstyrelsen och kunskapskraven \u00e4r uppfyllda. <\/p>\n\n\n\n<p>Vi \u00e4r noga med var djuren placeras och den nya \u00e4garen skriver p\u00e5 ett avtal d\u00e4r hen bland annat f\u00f6rbinder sig till att ta hand om djuret p\u00e5 b\u00e4sta s\u00e4tt, att ta djuret till veterin\u00e4r vid misstanke om sjukdom, att djuret f\u00e5r sina behov tillgodosedda och att djuret inte p\u00e5 n\u00e5got s\u00e4tt uts\u00e4tts f\u00f6r fara. <\/p>\n","protected":false},"excerpt":{"rendered":"<p>Vi tar emot katter och andra sm\u00e5djur som av olika anledningar beh\u00f6ver nya hem. Det kan r\u00f6ra sig om upphittade \u00e4garl\u00f6sa katter eller katter som hotas av avlivning f\u00f6r att \u00e4garna inte kan ha dom kvar och hittar ingen som kan ta hand om. F\u00f6rvildade och skygga &#8221;ladug\u00e5rdskatter&#8221; \u00e4r ett stort bekymmer och dom allra flesta g\u00e5r tyv\u00e4rr en pl\u00e5gsam d\u00f6d till m\u00f6tes n\u00e4r vintern kommer. Dom som blir inf\u00e5ngade&hellip;<\/p>\n<p><a class=\"more-link\" href=\"https:\/\/www.djurskyddet.se\/asele\/vad-vi-som-djurskyddsforening-gor\/\" title=\"Continue reading &lsquo;Vad vi g\u00f6r&rsquo;\">L&auml;s mer<span class=\"meta-nav\">&raquo;<\/span><\/a><\/p>\n","protected":false},"author":65,"featured_media":0,"parent":0,"menu_order":0,"comment_status":"closed","ping_status":"closed","template":"","meta":{"_acf_changed":false,"footnotes":""},"class_list":["post-6203","page","type-page","status-publish","hentry"],"acf":[],"_links":{"self":[{"href":"https:\/\/www.djurskyddet.se\/asele\/wp-json\/wp\/v2\/pages\/6203","targetHints":{"allow":["GET"]}}],"collection":[{"href":"https:\/\/www.djurskyddet.se\/asele\/wp-json\/wp\/v2\/pages"}],"about":[{"href":"https:\/\/www.djurskyddet.se\/asele\/wp-json\/wp\/v2\/types\/page"}],"author":[{"embeddable":true,"href":"https:\/\/www.djurskyddet.se\/asele\/wp-json\/wp\/v2\/users\/65"}],"replies":[{"embeddable":true,"href":"https:\/\/www.djurskyddet.se\/asele\/wp-json\/wp\/v2\/comments?post=6203"}],"version-history":[{"count":5,"href":"https:\/\/www.djurskyddet.se\/asele\/wp-json\/wp\/v2\/pages\/6203\/revisions"}],"predecessor-version":[{"id":6351,"href":"https:\/\/www.djurskyddet.se\/asele\/wp-json\/wp\/v2\/pages\/6203\/revisions\/6351"}],"wp:attachment":[{"href":"https:\/\/www.djurskyddet.se\/asele\/wp-json\/wp\/v2\/media?parent=6203"}],"curies":[{"name":"wp","href":"https:\/\/api.w.org\/{rel}","templated":true}]}}