{"id":6236,"date":"2022-11-06T11:58:14","date_gmt":"2022-11-06T11:58:14","guid":{"rendered":"https:\/\/www.djurskyddet.se\/asele\/?page_id=6236"},"modified":"2022-11-06T11:58:15","modified_gmt":"2022-11-06T11:58:15","slug":"rede","status":"publish","type":"page","link":"https:\/\/www.djurskyddet.se\/asele\/rede\/","title":{"rendered":"REDE"},"content":{"rendered":"\n<p><strong>Djurskydd f\u00f6r framtiden<\/strong><\/p>\n\n\n\n<p>REDE ger barnen en v\u00e4rdegrund som vilar p\u00e5 etik och respekt f\u00f6r allas egenv\u00e4rde, s\u00e5v\u00e4l djur&nbsp;som m\u00e4nniskor.<\/p>\n\n\n\n<p>REDE \u2013 Respekt, Empati, Djur, Etik \u00e4r Djurskyddet Sveriges djurinriktade v\u00e4rdegrundsmaterial f\u00f6r barn i skolan och f\u00f6rskolan. M\u00e5let med REDE \u00e4r att alla barn i Sverige ska utveckla ett respektfullt syns\u00e4tt gentemot djur och sina medm\u00e4nniskor och fungera som ett l\u00e5ngsiktigt djurskyddsprojekt.<\/p>\n\n\n\n<p>Djurskyddet Sverige tillhandah\u00e5ller fritt undervisningsmateriel att anv\u00e4ndas i f\u00f6rskolor och skolor.<\/p>\n\n\n\n<p>L\u00e4s mer p\u00e5 Djurskyddet Sveriges hemsida&nbsp;<a href=\"https:\/\/www.djurskyddet.se\/vad-vi-gor\/barn-och-djurskydd\/\"><strong>h\u00e4r<\/strong><\/a>.<\/p>\n","protected":false},"excerpt":{"rendered":"<p>Djurskydd f\u00f6r framtiden REDE ger barnen en v\u00e4rdegrund som vilar p\u00e5 etik och respekt f\u00f6r allas egenv\u00e4rde, s\u00e5v\u00e4l djur&nbsp;som m\u00e4nniskor. REDE \u2013 Respekt, Empati, Djur, Etik \u00e4r Djurskyddet Sveriges djurinriktade v\u00e4rdegrundsmaterial f\u00f6r barn i skolan och f\u00f6rskolan. M\u00e5let med REDE \u00e4r att alla barn i Sverige ska utveckla ett respektfullt syns\u00e4tt gentemot djur och sina medm\u00e4nniskor och fungera som ett l\u00e5ngsiktigt djurskyddsprojekt. Djurskyddet Sverige tillhandah\u00e5ller fritt undervisningsmateriel att anv\u00e4ndas i&hellip;<\/p>\n<p><a class=\"more-link\" href=\"https:\/\/www.djurskyddet.se\/asele\/rede\/\" title=\"Continue reading &lsquo;REDE&rsquo;\">L&auml;s mer<span class=\"meta-nav\">&raquo;<\/span><\/a><\/p>\n","protected":false},"author":65,"featured_media":0,"parent":0,"menu_order":0,"comment_status":"closed","ping_status":"closed","template":"","meta":{"_acf_changed":false,"footnotes":""},"class_list":["post-6236","page","type-page","status-publish","hentry"],"acf":[],"_links":{"self":[{"href":"https:\/\/www.djurskyddet.se\/asele\/wp-json\/wp\/v2\/pages\/6236","targetHints":{"allow":["GET"]}}],"collection":[{"href":"https:\/\/www.djurskyddet.se\/asele\/wp-json\/wp\/v2\/pages"}],"about":[{"href":"https:\/\/www.djurskyddet.se\/asele\/wp-json\/wp\/v2\/types\/page"}],"author":[{"embeddable":true,"href":"https:\/\/www.djurskyddet.se\/asele\/wp-json\/wp\/v2\/users\/65"}],"replies":[{"embeddable":true,"href":"https:\/\/www.djurskyddet.se\/asele\/wp-json\/wp\/v2\/comments?post=6236"}],"version-history":[{"count":1,"href":"https:\/\/www.djurskyddet.se\/asele\/wp-json\/wp\/v2\/pages\/6236\/revisions"}],"predecessor-version":[{"id":6237,"href":"https:\/\/www.djurskyddet.se\/asele\/wp-json\/wp\/v2\/pages\/6236\/revisions\/6237"}],"wp:attachment":[{"href":"https:\/\/www.djurskyddet.se\/asele\/wp-json\/wp\/v2\/media?parent=6236"}],"curies":[{"name":"wp","href":"https:\/\/api.w.org\/{rel}","templated":true}]}}