{"id":6250,"date":"2022-11-06T12:58:52","date_gmt":"2022-11-06T12:58:52","guid":{"rendered":"https:\/\/www.djurskyddet.se\/asele\/?page_id=6250"},"modified":"2022-11-06T13:34:00","modified_gmt":"2022-11-06T13:34:00","slug":"kastrering-id-markning","status":"publish","type":"page","link":"https:\/\/www.djurskyddet.se\/asele\/kastrering-id-markning\/","title":{"rendered":"KASTRERING &amp; ID-M\u00c4RKNING"},"content":{"rendered":"\n<p>K\u00f6per du en katt hos oss s\u00e5 \u00e4r den alltid kastrerad (med undantag f\u00f6r kattungar) och ID-m\u00e4rkt. Om du \u00e4r medlem i v\u00e5r lokalf\u00f6rening <strong>Djurskyddet \u00c5sele Katthem<\/strong> s\u00e5 betalar du bara halva priset p\u00e5 kastrering och ID-m\u00e4rkning av din katt. <\/p>\n\n\n\n<p>H\u00e4r kan du bli medlem:  <a href=\"https:\/\/www.djurskyddet.se\/stod-oss\/bli-medlem\/\" target=\"_blank\" rel=\"noreferrer noopener\">www.djurskyddet.se.<\/a><\/p>\n","protected":false},"excerpt":{"rendered":"<p>K\u00f6per du en katt hos oss s\u00e5 \u00e4r den alltid kastrerad (med undantag f\u00f6r kattungar) och ID-m\u00e4rkt. Om du \u00e4r medlem i v\u00e5r lokalf\u00f6rening Djurskyddet \u00c5sele Katthem s\u00e5 betalar du bara halva priset p\u00e5 kastrering och ID-m\u00e4rkning av din katt. H\u00e4r kan du bli medlem: www.djurskyddet.se.<\/p>\n","protected":false},"author":65,"featured_media":0,"parent":0,"menu_order":0,"comment_status":"closed","ping_status":"closed","template":"","meta":{"_acf_changed":false,"footnotes":""},"class_list":["post-6250","page","type-page","status-publish","hentry"],"acf":[],"_links":{"self":[{"href":"https:\/\/www.djurskyddet.se\/asele\/wp-json\/wp\/v2\/pages\/6250","targetHints":{"allow":["GET"]}}],"collection":[{"href":"https:\/\/www.djurskyddet.se\/asele\/wp-json\/wp\/v2\/pages"}],"about":[{"href":"https:\/\/www.djurskyddet.se\/asele\/wp-json\/wp\/v2\/types\/page"}],"author":[{"embeddable":true,"href":"https:\/\/www.djurskyddet.se\/asele\/wp-json\/wp\/v2\/users\/65"}],"replies":[{"embeddable":true,"href":"https:\/\/www.djurskyddet.se\/asele\/wp-json\/wp\/v2\/comments?post=6250"}],"version-history":[{"count":4,"href":"https:\/\/www.djurskyddet.se\/asele\/wp-json\/wp\/v2\/pages\/6250\/revisions"}],"predecessor-version":[{"id":6266,"href":"https:\/\/www.djurskyddet.se\/asele\/wp-json\/wp\/v2\/pages\/6250\/revisions\/6266"}],"wp:attachment":[{"href":"https:\/\/www.djurskyddet.se\/asele\/wp-json\/wp\/v2\/media?parent=6250"}],"curies":[{"name":"wp","href":"https:\/\/api.w.org\/{rel}","templated":true}]}}