{"id":6260,"date":"2022-11-06T13:20:18","date_gmt":"2022-11-06T13:20:18","guid":{"rendered":"https:\/\/www.djurskyddet.se\/asele\/?page_id=6260"},"modified":"2025-09-08T09:46:04","modified_gmt":"2025-09-08T09:46:04","slug":"styrelsen","status":"publish","type":"page","link":"https:\/\/www.djurskyddet.se\/asele\/styrelsen\/","title":{"rendered":"Styrelsen 2025"},"content":{"rendered":"\n<p><strong>Ordinarie ledam\u00f6ter:<\/strong><\/p>\n\n\n\n<p>Ordf\u00f6rande: Marie \u00d6stlund<\/p>\n\n\n\n<p>Vice ordf\u00f6rande: Arne Johansson<\/p>\n\n\n\n<p>Sekreterare: Eva Pettersson Daun<\/p>\n\n\n\n<p>Inger \u00d6stlund<\/p>\n\n\n\n<p>Carina Olofsson<\/p>\n\n\n\n<p>Michaela Lundgren<\/p>\n\n\n\n<p>Kass\u00f6r: Mikael Selinder<\/p>\n\n\n\n<p><strong>Suppleanter:<\/strong><\/p>\n\n\n\n<p>Kerstin Jonsson<\/p>\n\n\n\n<p>Ingvar Pettersson<\/p>\n\n\n\n<p><strong>Valberedning:<\/strong> Rickhard Lundqvist \u00d6stlund<\/p>\n\n\n\n<p><strong>Revisor<\/strong>: Pascal De Roo<\/p>\n\n\n\n<p><\/p>\n","protected":false},"excerpt":{"rendered":"<p>Ordinarie ledam\u00f6ter: Ordf\u00f6rande: Marie \u00d6stlund Vice ordf\u00f6rande: Arne Johansson Sekreterare: Eva Pettersson Daun Inger \u00d6stlund Carina Olofsson Michaela Lundgren Kass\u00f6r: Mikael Selinder Suppleanter: Kerstin Jonsson Ingvar Pettersson Valberedning: Rickhard Lundqvist \u00d6stlund Revisor: Pascal De Roo<\/p>\n","protected":false},"author":65,"featured_media":0,"parent":0,"menu_order":0,"comment_status":"closed","ping_status":"closed","template":"","meta":{"_acf_changed":false,"footnotes":""},"class_list":["post-6260","page","type-page","status-publish","hentry"],"acf":[],"_links":{"self":[{"href":"https:\/\/www.djurskyddet.se\/asele\/wp-json\/wp\/v2\/pages\/6260","targetHints":{"allow":["GET"]}}],"collection":[{"href":"https:\/\/www.djurskyddet.se\/asele\/wp-json\/wp\/v2\/pages"}],"about":[{"href":"https:\/\/www.djurskyddet.se\/asele\/wp-json\/wp\/v2\/types\/page"}],"author":[{"embeddable":true,"href":"https:\/\/www.djurskyddet.se\/asele\/wp-json\/wp\/v2\/users\/65"}],"replies":[{"embeddable":true,"href":"https:\/\/www.djurskyddet.se\/asele\/wp-json\/wp\/v2\/comments?post=6260"}],"version-history":[{"count":5,"href":"https:\/\/www.djurskyddet.se\/asele\/wp-json\/wp\/v2\/pages\/6260\/revisions"}],"predecessor-version":[{"id":6342,"href":"https:\/\/www.djurskyddet.se\/asele\/wp-json\/wp\/v2\/pages\/6260\/revisions\/6342"}],"wp:attachment":[{"href":"https:\/\/www.djurskyddet.se\/asele\/wp-json\/wp\/v2\/media?parent=6260"}],"curies":[{"name":"wp","href":"https:\/\/api.w.org\/{rel}","templated":true}]}}