{"id":5531,"date":"2018-10-01T11:41:01","date_gmt":"2018-10-01T11:41:01","guid":{"rendered":"http:\/\/www.djurskyddet.se\/billochbull\/?page_id=5531"},"modified":"2024-07-17T11:55:02","modified_gmt":"2024-07-17T11:55:02","slug":"djurskyddet-sverige","status":"publish","type":"page","link":"https:\/\/www.djurskyddet.se\/billochbull\/kontakta-oss\/djurskyddet-sverige\/","title":{"rendered":"Djurskyddet Sverige"},"content":{"rendered":"<p>Djurskyddet Bill &amp; Bull i S\u00f6derhamn \u00e4r anslutna till Djurskyddet Sverige \u00e4r med sina ungef\u00e4r 11 500 medlemmar en av Sveriges st\u00f6rsta djurskyddsorganisationer. Vi \u00e4r en rikst\u00e4ckande organisation med 41 anslutna lokalf\u00f6reningar. Organisationen har arbetat ideellt i \u00f6ver hundra \u00e5r f\u00f6r att hj\u00e4lpa djuren och st\u00e4rka djurskyddet.<\/p>\n<p>Djurskyddet Sveriges vision \u00e4r ett samh\u00e4lle d\u00e4r m\u00e4nniskor visar respekt och medk\u00e4nsla f\u00f6r alla djur. Organisationen jobbar f\u00f6r att alla djur ska behandlas v\u00e4l, oavsett om de lever vilt, h\u00e5lls f\u00f6r m\u00e4nniskans s\u00e4llskap eller f\u00f6ds upp f\u00f6r att bli eller producera mat. Alla djur ska ha r\u00e4tt att utf\u00f6ra sina naturliga beteenden och skyddas fr\u00e5n lidande. N\u00e4r djur avlivas ska det ske fritt fr\u00e5n r\u00e4dsla och sm\u00e4rta.<\/p>\n<p>L\u00e4s g\u00e4rna mer om f\u00f6rbundet <a href=\"http:\/\/www.djurskyddet.se\" target=\"_blank\" rel=\"noopener noreferrer\">Djurskyddet Sverige<\/a> och f\u00f6lj organisationen p\u00e5 <a href=\"http:\/\/www.facebook.com\/djurskyddet\" target=\"_blank\" rel=\"noopener noreferrer\">Facebook<\/a>.<\/p>\n<p><a href=\"https:\/\/www.djurskyddet.se\/billochbull\/wp-content\/uploads\/sites\/24\/2018\/10\/Kalv-djurskyddet-sverige.jpg\"><img loading=\"lazy\" decoding=\"async\" class=\"aligncenter size-full wp-image-5593\" src=\"https:\/\/www.djurskyddet.se\/billochbull\/wp-content\/uploads\/sites\/24\/2018\/10\/Kalv-djurskyddet-sverige.jpg\" alt=\"\" width=\"492\" height=\"300\" srcset=\"https:\/\/www.djurskyddet.se\/billochbull\/wp-content\/uploads\/sites\/24\/2018\/10\/Kalv-djurskyddet-sverige.jpg 492w, https:\/\/www.djurskyddet.se\/billochbull\/wp-content\/uploads\/sites\/24\/2018\/10\/Kalv-djurskyddet-sverige-300x183.jpg 300w, https:\/\/www.djurskyddet.se\/billochbull\/wp-content\/uploads\/sites\/24\/2018\/10\/Kalv-djurskyddet-sverige-400x244.jpg 400w\" sizes=\"auto, (max-width: 492px) 100vw, 492px\" \/><\/a><\/p>\n\n<div class=\"wp-block-image\">\n<figure class=\"aligncenter size-full is-resized\"><img loading=\"lazy\" decoding=\"async\" width=\"1024\" height=\"101\" src=\"https:\/\/www.djurskyddet.se\/billochbull\/wp-content\/uploads\/sites\/24\/2024\/05\/border-test-1-1.png\" alt=\"\" class=\"wp-image-8794\" style=\"width:840px;height:auto\" srcset=\"https:\/\/www.djurskyddet.se\/billochbull\/wp-content\/uploads\/sites\/24\/2024\/05\/border-test-1-1.png 1024w, https:\/\/www.djurskyddet.se\/billochbull\/wp-content\/uploads\/sites\/24\/2024\/05\/border-test-1-1-300x30.png 300w, https:\/\/www.djurskyddet.se\/billochbull\/wp-content\/uploads\/sites\/24\/2024\/05\/border-test-1-1-768x76.png 768w, https:\/\/www.djurskyddet.se\/billochbull\/wp-content\/uploads\/sites\/24\/2024\/05\/border-test-1-1-400x39.png 400w\" sizes=\"auto, (max-width: 1024px) 100vw, 1024px\" \/><\/figure><\/div>","protected":false},"excerpt":{"rendered":"<p>Djurskyddet Bill &amp; Bull i S\u00f6derhamn \u00e4r anslutna till Djurskyddet Sverige \u00e4r med sina ungef\u00e4r 11 500 medlemmar en av Sveriges st\u00f6rsta djurskyddsorganisationer. Vi \u00e4r en rikst\u00e4ckande organisation med 41 anslutna lokalf\u00f6reningar. Organisationen har arbetat ideellt i \u00f6ver hundra \u00e5r f\u00f6r att hj\u00e4lpa djuren och st\u00e4rka djurskyddet. Djurskyddet Sveriges vision \u00e4r ett samh\u00e4lle d\u00e4r m\u00e4nniskor visar respekt och medk\u00e4nsla f\u00f6r alla djur. Organisationen jobbar f\u00f6r att alla djur ska behandlas&hellip;<\/p>\n<p><a class=\"more-link\" href=\"https:\/\/www.djurskyddet.se\/billochbull\/kontakta-oss\/djurskyddet-sverige\/\" title=\"Continue reading &lsquo;Djurskyddet Sverige&rsquo;\">L&auml;s mer<span class=\"meta-nav\">&raquo;<\/span><\/a><\/p>\n","protected":false},"author":3,"featured_media":0,"parent":5529,"menu_order":0,"comment_status":"closed","ping_status":"closed","template":"page-templates\/left-sidebar.php","meta":{"_acf_changed":false,"footnotes":""},"class_list":["post-5531","page","type-page","status-publish","hentry"],"acf":[],"_links":{"self":[{"href":"https:\/\/www.djurskyddet.se\/billochbull\/wp-json\/wp\/v2\/pages\/5531","targetHints":{"allow":["GET"]}}],"collection":[{"href":"https:\/\/www.djurskyddet.se\/billochbull\/wp-json\/wp\/v2\/pages"}],"about":[{"href":"https:\/\/www.djurskyddet.se\/billochbull\/wp-json\/wp\/v2\/types\/page"}],"author":[{"embeddable":true,"href":"https:\/\/www.djurskyddet.se\/billochbull\/wp-json\/wp\/v2\/users\/3"}],"replies":[{"embeddable":true,"href":"https:\/\/www.djurskyddet.se\/billochbull\/wp-json\/wp\/v2\/comments?post=5531"}],"version-history":[{"count":14,"href":"https:\/\/www.djurskyddet.se\/billochbull\/wp-json\/wp\/v2\/pages\/5531\/revisions"}],"predecessor-version":[{"id":8908,"href":"https:\/\/www.djurskyddet.se\/billochbull\/wp-json\/wp\/v2\/pages\/5531\/revisions\/8908"}],"up":[{"embeddable":true,"href":"https:\/\/www.djurskyddet.se\/billochbull\/wp-json\/wp\/v2\/pages\/5529"}],"wp:attachment":[{"href":"https:\/\/www.djurskyddet.se\/billochbull\/wp-json\/wp\/v2\/media?parent=5531"}],"curies":[{"name":"wp","href":"https:\/\/api.w.org\/{rel}","templated":true}]}}