{"id":5542,"date":"2018-10-01T11:43:38","date_gmt":"2018-10-01T11:43:38","guid":{"rendered":"http:\/\/www.djurskyddet.se\/billochbull\/?page_id=5542"},"modified":"2024-11-10T19:54:09","modified_gmt":"2024-11-10T19:54:09","slug":"bli-jourhem","status":"publish","type":"page","link":"https:\/\/www.djurskyddet.se\/billochbull\/stod-oss\/bli-jourhem\/","title":{"rendered":"Bli jourhem"},"content":{"rendered":"<p><strong>Vi beh\u00f6ver alltid jourhem \u00e5t v\u00e5ra katter.<\/strong><\/p>\n<p>Du som st\u00e4ller upp som jourhem \u00f6ppnar upp ditt hem \u00e5t en eller flera katter som sedan adopteras ut till nya permanenta hem. Jourhemmen har alltid f\u00f6rtur om de vill adoptera katten. Jourhemmet ombes\u00f6rjer god v\u00e5rdnad av katten och Bill &amp; Bull hj\u00e4lper till med eventuella veterin\u00e4rkostnader.<\/p>\n<p>Jourhemmet ska \u00e4ven vara beredd att ta emot bes\u00f6k i hemmet, av de som eventuellt \u00e4r intresserad av jourkatten man har hand om.<\/p>\n<p>Varje jourhem f\u00e5r m\u00f6jligheten att h\u00e4mta mat och sand i katthemmet \u00e5r sina jourkatter.<\/p>\n<p><strong>\u00c4r du intresserad av att hj\u00e4lpa till som jourhem?<\/strong> <a href=\"https:\/\/www.djurskyddet.se\/billochbull\/om-oss\/kontakta-oss\/\">Kontakta oss<\/a> och ber\u00e4tta lite om dig sj\u00e4lv och hur du bor.<\/p>\n<p><a href=\"https:\/\/www.djurskyddet.se\/billochbull\/wp-content\/uploads\/sites\/24\/2018\/10\/kissarna.jpg\"><img loading=\"lazy\" decoding=\"async\" class=\"aligncenter wp-image-5621 size-full\" src=\"https:\/\/www.djurskyddet.se\/billochbull\/wp-content\/uploads\/sites\/24\/2018\/10\/kissarna.jpg\" alt=\"Kattungar\" width=\"250\" height=\"172\" \/><\/a><\/p>\n","protected":false},"excerpt":{"rendered":"<p>Vi beh\u00f6ver alltid jourhem \u00e5t v\u00e5ra katter. Du som st\u00e4ller upp som jourhem \u00f6ppnar upp ditt hem \u00e5t en eller flera katter som sedan adopteras ut till nya permanenta hem. Jourhemmen har alltid f\u00f6rtur om de vill adoptera katten. Jourhemmet ombes\u00f6rjer god v\u00e5rdnad av katten och Bill &amp; Bull hj\u00e4lper till med eventuella veterin\u00e4rkostnader. Jourhemmet ska \u00e4ven vara beredd att ta emot bes\u00f6k i hemmet, av de som eventuellt \u00e4r&hellip;<\/p>\n<p><a class=\"more-link\" href=\"https:\/\/www.djurskyddet.se\/billochbull\/stod-oss\/bli-jourhem\/\" title=\"Continue reading &lsquo;Bli jourhem&rsquo;\">L&auml;s mer<span class=\"meta-nav\">&raquo;<\/span><\/a><\/p>\n","protected":false},"author":3,"featured_media":0,"parent":9579,"menu_order":0,"comment_status":"closed","ping_status":"closed","template":"page-templates\/left-sidebar.php","meta":{"_acf_changed":false,"footnotes":""},"class_list":["post-5542","page","type-page","status-publish","hentry"],"acf":[],"_links":{"self":[{"href":"https:\/\/www.djurskyddet.se\/billochbull\/wp-json\/wp\/v2\/pages\/5542","targetHints":{"allow":["GET"]}}],"collection":[{"href":"https:\/\/www.djurskyddet.se\/billochbull\/wp-json\/wp\/v2\/pages"}],"about":[{"href":"https:\/\/www.djurskyddet.se\/billochbull\/wp-json\/wp\/v2\/types\/page"}],"author":[{"embeddable":true,"href":"https:\/\/www.djurskyddet.se\/billochbull\/wp-json\/wp\/v2\/users\/3"}],"replies":[{"embeddable":true,"href":"https:\/\/www.djurskyddet.se\/billochbull\/wp-json\/wp\/v2\/comments?post=5542"}],"version-history":[{"count":6,"href":"https:\/\/www.djurskyddet.se\/billochbull\/wp-json\/wp\/v2\/pages\/5542\/revisions"}],"predecessor-version":[{"id":9968,"href":"https:\/\/www.djurskyddet.se\/billochbull\/wp-json\/wp\/v2\/pages\/5542\/revisions\/9968"}],"up":[{"embeddable":true,"href":"https:\/\/www.djurskyddet.se\/billochbull\/wp-json\/wp\/v2\/pages\/9579"}],"wp:attachment":[{"href":"https:\/\/www.djurskyddet.se\/billochbull\/wp-json\/wp\/v2\/media?parent=5542"}],"curies":[{"name":"wp","href":"https:\/\/api.w.org\/{rel}","templated":true}]}}