{"id":5544,"date":"2018-10-01T11:44:11","date_gmt":"2018-10-01T11:44:11","guid":{"rendered":"http:\/\/www.djurskyddet.se\/billochbull\/?page_id=5544"},"modified":"2024-07-17T11:22:32","modified_gmt":"2024-07-17T11:22:32","slug":"sponsorer","status":"publish","type":"page","link":"https:\/\/www.djurskyddet.se\/billochbull\/om-oss\/sponsorer\/","title":{"rendered":"Sponsorer"},"content":{"rendered":"\n<h2 class=\"wp-block-heading has-text-align-center\">Dessa f\u00f6retag\/f\u00f6reningar\/verksamheter st\u00f6djer oss i v\u00e5rt arbete f\u00f6r djurens b\u00e4sta!<br>Tack f\u00f6r all den hj\u00e4lp vi f\u00e5r av er f\u00f6r att kunna hj\u00e4lpa djuren.<\/h2>\n\n\n\n<hr class=\"wp-block-separator aligncenter has-alpha-channel-opacity\" \/>\n\n\n\n<div class=\"wp-block-group\"><div class=\"wp-block-group__inner-container is-layout-constrained wp-block-group-is-layout-constrained\"><div class=\"wp-block-image\">\n<figure class=\"aligncenter size-full is-resized\"><a href=\"https:\/\/www.hillspet.se\/\"><img loading=\"lazy\" decoding=\"async\" width=\"1000\" height=\"1000\" src=\"https:\/\/www.djurskyddet.se\/billochbull\/wp-content\/uploads\/sites\/24\/2016\/01\/hills-sponsor.jpg\" alt=\"Hill's logga\" class=\"wp-image-5504\" style=\"width:275px;height:auto\" srcset=\"https:\/\/www.djurskyddet.se\/billochbull\/wp-content\/uploads\/sites\/24\/2016\/01\/hills-sponsor.jpg 1000w, https:\/\/www.djurskyddet.se\/billochbull\/wp-content\/uploads\/sites\/24\/2016\/01\/hills-sponsor-150x150.jpg 150w, https:\/\/www.djurskyddet.se\/billochbull\/wp-content\/uploads\/sites\/24\/2016\/01\/hills-sponsor-300x300.jpg 300w, https:\/\/www.djurskyddet.se\/billochbull\/wp-content\/uploads\/sites\/24\/2016\/01\/hills-sponsor-768x768.jpg 768w, https:\/\/www.djurskyddet.se\/billochbull\/wp-content\/uploads\/sites\/24\/2016\/01\/hills-sponsor-400x400.jpg 400w\" sizes=\"auto, (max-width: 1000px) 100vw, 1000px\" \/><\/a><\/figure><\/div>\n\n\n<h3 class=\"wp-block-heading has-text-align-center\">Hill\u00b4s sponsrar med kvalitetsfoder till v\u00e5ra fyrbenta v\u00e4nner. <br>Vi \u00e4r v\u00e4ldigt tacksamma f\u00f6r detta samarbete. <\/h3>\n\n\n\n<h2 class=\"wp-block-heading\">Om Hill&#8217;s<\/h2>\n\n\n\n<p>V\u00e5rt m\u00e5l \u00e4r att hj\u00e4lpa till att berika och f\u00f6rdjupa det speciella f\u00f6rh\u00e5llandet som finns mellan m\u00e4nniskor och deras hundar och katter. F\u00f6r att g\u00f6ra detta levererar vi b\u00e4sta m\u00f6jliga kvalitetsn\u00e4ring i v\u00e5ra varum\u00e4rken Prescription DietTM och Science PlanTM. Vi menar att alla husdjur, stora som sm\u00e5, b\u00f6r \u00e4lskas och sk\u00f6tas om omsorgsfullt under hela deras liv. D\u00e4rf\u00f6r st\u00f6djer vi aktivt veterin\u00e4rbranschen samt frivilligorganisationernas och h\u00e4rb\u00e4rgenas insatser, vilka r\u00e4ddar livet p\u00e5 n\u00e4stan en miljon hundar och katter v\u00e4rlden \u00f6ver varje \u00e5r. P\u00e5 alla s\u00e4tt och vis, och \u00f6ver hela v\u00e4rlden, g\u00f6r vi en skillnad f\u00f6r folk och deras husdjur.<br>Djurskyddet Sverige \u00e4r med cirka 12 000 medlemmar en av Sveriges st\u00f6rsta djurskyddsorganisationer. V\u00e5r vision \u00e4r ett samh\u00e4lle d\u00e4r m\u00e4nniskor visar respekt och medk\u00e4nsla f\u00f6r alla djur. Vi jobbar f\u00f6r att djur ska behandlas v\u00e4l, oavsett om de lever vilt, h\u00e5lls f\u00f6r m\u00e4nniskans s\u00e4llskap eller f\u00f6ds upp f\u00f6r att bli mat.<\/p>\n\n\n\n<div class=\"wp-block-buttons is-content-justification-center is-layout-flex wp-container-core-buttons-is-layout-1 wp-block-buttons-is-layout-flex\">\n<div class=\"wp-block-button\"><a class=\"wp-block-button__link has-white-color has-vivid-cyan-blue-background-color has-text-color has-background has-link-color wp-element-button\" href=\"https:\/\/www.hillspet.se\/\">Bes\u00f6k deras hemsida h\u00e4r!<\/a><\/div>\n<\/div>\n<\/div><\/div>\n\n\n\n<hr class=\"wp-block-separator aligncenter has-alpha-channel-opacity\" \/>\n\n\n\n<div class=\"wp-block-group\"><div class=\"wp-block-group__inner-container is-layout-constrained wp-block-group-is-layout-constrained\"><div class=\"wp-block-image\">\n<figure class=\"aligncenter size-large\"><img loading=\"lazy\" decoding=\"async\" width=\"1024\" height=\"333\" src=\"https:\/\/www.djurskyddet.se\/billochbull\/wp-content\/uploads\/sites\/24\/2016\/01\/BestFriend_CMYK-1024x333.png\" alt=\"\" class=\"wp-image-7569\" srcset=\"https:\/\/www.djurskyddet.se\/billochbull\/wp-content\/uploads\/sites\/24\/2016\/01\/BestFriend_CMYK-1024x333.png 1024w, https:\/\/www.djurskyddet.se\/billochbull\/wp-content\/uploads\/sites\/24\/2016\/01\/BestFriend_CMYK-300x97.png 300w, https:\/\/www.djurskyddet.se\/billochbull\/wp-content\/uploads\/sites\/24\/2016\/01\/BestFriend_CMYK-768x249.png 768w, https:\/\/www.djurskyddet.se\/billochbull\/wp-content\/uploads\/sites\/24\/2016\/01\/BestFriend_CMYK-400x130.png 400w, https:\/\/www.djurskyddet.se\/billochbull\/wp-content\/uploads\/sites\/24\/2016\/01\/BestFriend_CMYK.png 1626w\" sizes=\"auto, (max-width: 1024px) 100vw, 1024px\" \/><\/figure><\/div>\n\n\n<h3 class=\"wp-block-heading has-text-align-center\">Best Friend sponsrar katthemmet med kattsand och vi \u00e4r \u00e4ven en lojal kund hos dem. Detta samarbete \u00e4r vi v\u00e4ldigt tacksamma f\u00f6r. <\/h3>\n\n\n\n<h2 class=\"wp-block-heading\">Om Best Friend<\/h2>\n\n\n\n<p>I Best Friends omfattande produktsortiment hittar du de viktigaste produkterna f\u00f6r ditt husdjur. Vi \u00e4r en p\u00e5litlig vardagsv\u00e4n f\u00f6r alla husdjur och deras \u00e4gare. Husdjur och deras familjer f\u00f6rtj\u00e4nar bara det b\u00e4sta, d\u00e4rf\u00f6r \u00e4r ansvar och produkts\u00e4kerhet k\u00e4rnan i v\u00e5r verksamhet. <br>Vi tror att kvalitetsprodukter \u00e4r r\u00e4tten f\u00f6r varje husdjur. Innovativ produktutveckling, erfarenhet och professionalism garanterar smakrika och h\u00f6gkvalitativa produkter f\u00f6r nordiska husdjur.<br><br>I v\u00e5rt m\u00e5ngsidiga sortiment hittar du riktigt gott foder, l\u00e4ckra godisbitar, kattstr\u00f6, leksaker och alla andra tillbeh\u00f6r som din katt beh\u00f6ver. V\u00e5ra h\u00f6gklassiga produkter designas f\u00f6r din katts b\u00e4sta. Det \u00e4r viktigt f\u00f6r oss att v\u00e5ra produkter \u00e4r s\u00e4kra och ansvarsfulla, d\u00e4rf\u00f6r testar vi regelbundet v\u00e5ra leksaker f\u00f6r skadliga kemikalier. F\u00f6rpackningsmaterialen i v\u00e5ra produkter \u00e4r \u00e5tervinningsbara.<\/p>\n\n\n\n<div class=\"wp-block-buttons is-content-justification-center is-layout-flex wp-container-core-buttons-is-layout-2 wp-block-buttons-is-layout-flex\">\n<div class=\"wp-block-button\"><a class=\"wp-block-button__link has-white-color has-vivid-cyan-blue-background-color has-text-color has-background has-link-color wp-element-button\" href=\"https:\/\/bestfriend.com\/sv\">Bes\u00f6k deras hemsida h\u00e4r!<\/a><\/div>\n<\/div>\n\n\n\n<hr class=\"wp-block-separator has-alpha-channel-opacity\" \/>\n<\/div><\/div>\n\n\n\n<div class=\"wp-block-group\"><div class=\"wp-block-group__inner-container is-layout-constrained wp-block-group-is-layout-constrained\"><div class=\"wp-block-image\">\n<figure class=\"aligncenter size-full\"><img loading=\"lazy\" decoding=\"async\" width=\"159\" height=\"56\" src=\"https:\/\/www.djurskyddet.se\/billochbull\/wp-content\/uploads\/sites\/24\/2016\/01\/sponsorhuset.gif\" alt=\"Sponsorhusetlogga\" class=\"wp-image-5506\" \/><\/figure><\/div>\n\n\n<h2 class=\"wp-block-heading\">Om Sponsorhuset<\/h2>\n\n\n\n<p class=\"has-text-align-left\">G\u00f6r du som m\u00e5nga andra dina ink\u00f6p via internet? <strong>Passa p\u00e5 att alltid g\u00e5 igenom Sponsorhuset.se de har \u00f6ver 500 butiker anslutna! Det generar pengar till f\u00f6reningen utan att det kostar dig ett \u00f6re \u2013 du tj\u00e4nar faktiskt sj\u00e4lv p\u00e5 det!<\/strong> Bli medlem p\u00e5 <a href=\"https:\/\/www.sponsorhuset.se\/billochbull\" target=\"_blank\" rel=\"noreferrer noopener\">https:\/\/www.sponsorhuset.se\/billochbull<\/a> f\u00f6r att sj\u00e4lv tj\u00e4na extra kronor samtidigt som du st\u00f6ttar f\u00f6reningen, eller g\u00e5 alltid via l\u00e4nken f\u00f6r att sponsra utan att du sj\u00e4lv f\u00e5r ta del av sponsringen.<br>Enklast \u00e4r att ladda ner Sponsorhusets till\u00e4gg f\u00f6r webbl\u00e4sare \u2013 Handla Smart, <a href=\"https:\/\/www.sponsorhuset.se\/billochbull\/tips-till-foreningen\/handla-smart\/\" target=\"_blank\" rel=\"noreferrer noopener\">klicka h\u00e4r f\u00f6r nerladdning och instruktioner<\/a>. D\u00e5 blir du automatiskt p\u00e5mind varje g\u00e5ng du surfar in p\u00e5 en sida som \u00e4r ansluten till Sponsorhuset s\u00e5 du enkelt kan sponsra! <\/p>\n\n\n\n<p><\/p>\n\n\n\n<div class=\"wp-block-buttons is-content-justification-center is-layout-flex wp-container-core-buttons-is-layout-3 wp-block-buttons-is-layout-flex\">\n<div class=\"wp-block-button\"><a class=\"wp-block-button__link has-white-color has-vivid-cyan-blue-background-color has-text-color has-background has-link-color wp-element-button\" href=\"https:\/\/www.sponsorhuset.se\/billochbull\">Bli medlem h\u00e4r!<\/a><\/div>\n\n\n\n<div class=\"wp-block-button\"><a class=\"wp-block-button__link has-white-color has-vivid-cyan-blue-background-color has-text-color has-background has-link-color wp-element-button\" href=\"https:\/\/www.sponsorhuset.se\/billochbull\/tips-till-foreningen\/handla-smart\/\">Klicka h\u00e4r f\u00f6r nerladdning och instruktioner!<\/a><\/div>\n<\/div>\n\n\n\n<hr class=\"wp-block-separator has-alpha-channel-opacity\" \/>\n<\/div><\/div>\n\n\n<div class=\"wp-block-image\">\n<figure class=\"aligncenter size-full\"><img loading=\"lazy\" decoding=\"async\" width=\"1024\" height=\"101\" src=\"https:\/\/www.djurskyddet.se\/billochbull\/wp-content\/uploads\/sites\/24\/2024\/05\/border-test-1-1.png\" alt=\"\" class=\"wp-image-8794\" srcset=\"https:\/\/www.djurskyddet.se\/billochbull\/wp-content\/uploads\/sites\/24\/2024\/05\/border-test-1-1.png 1024w, https:\/\/www.djurskyddet.se\/billochbull\/wp-content\/uploads\/sites\/24\/2024\/05\/border-test-1-1-300x30.png 300w, https:\/\/www.djurskyddet.se\/billochbull\/wp-content\/uploads\/sites\/24\/2024\/05\/border-test-1-1-768x76.png 768w, https:\/\/www.djurskyddet.se\/billochbull\/wp-content\/uploads\/sites\/24\/2024\/05\/border-test-1-1-400x39.png 400w\" sizes=\"auto, (max-width: 1024px) 100vw, 1024px\" \/><\/figure><\/div>","protected":false},"excerpt":{"rendered":"<p>Dessa f\u00f6retag\/f\u00f6reningar\/verksamheter st\u00f6djer oss i v\u00e5rt arbete f\u00f6r djurens b\u00e4sta!Tack f\u00f6r all den hj\u00e4lp vi f\u00e5r av er f\u00f6r att kunna hj\u00e4lpa djuren. Hill\u00b4s sponsrar med kvalitetsfoder till v\u00e5ra fyrbenta v\u00e4nner. Vi \u00e4r v\u00e4ldigt tacksamma f\u00f6r detta samarbete. Om Hill&#8217;s V\u00e5rt m\u00e5l \u00e4r att hj\u00e4lpa till att berika och f\u00f6rdjupa det speciella f\u00f6rh\u00e5llandet som finns mellan m\u00e4nniskor och deras hundar och katter. F\u00f6r att g\u00f6ra detta levererar vi b\u00e4sta m\u00f6jliga&hellip;<\/p>\n<p><a class=\"more-link\" href=\"https:\/\/www.djurskyddet.se\/billochbull\/om-oss\/sponsorer\/\" title=\"Continue reading &lsquo;Sponsorer&rsquo;\">L&auml;s mer<span class=\"meta-nav\">&raquo;<\/span><\/a><\/p>\n","protected":false},"author":3,"featured_media":0,"parent":5507,"menu_order":0,"comment_status":"closed","ping_status":"closed","template":"page-templates\/left-sidebar.php","meta":{"_acf_changed":false,"footnotes":""},"class_list":["post-5544","page","type-page","status-publish","hentry"],"acf":[],"_links":{"self":[{"href":"https:\/\/www.djurskyddet.se\/billochbull\/wp-json\/wp\/v2\/pages\/5544","targetHints":{"allow":["GET"]}}],"collection":[{"href":"https:\/\/www.djurskyddet.se\/billochbull\/wp-json\/wp\/v2\/pages"}],"about":[{"href":"https:\/\/www.djurskyddet.se\/billochbull\/wp-json\/wp\/v2\/types\/page"}],"author":[{"embeddable":true,"href":"https:\/\/www.djurskyddet.se\/billochbull\/wp-json\/wp\/v2\/users\/3"}],"replies":[{"embeddable":true,"href":"https:\/\/www.djurskyddet.se\/billochbull\/wp-json\/wp\/v2\/comments?post=5544"}],"version-history":[{"count":15,"href":"https:\/\/www.djurskyddet.se\/billochbull\/wp-json\/wp\/v2\/pages\/5544\/revisions"}],"predecessor-version":[{"id":9282,"href":"https:\/\/www.djurskyddet.se\/billochbull\/wp-json\/wp\/v2\/pages\/5544\/revisions\/9282"}],"up":[{"embeddable":true,"href":"https:\/\/www.djurskyddet.se\/billochbull\/wp-json\/wp\/v2\/pages\/5507"}],"wp:attachment":[{"href":"https:\/\/www.djurskyddet.se\/billochbull\/wp-json\/wp\/v2\/media?parent=5544"}],"curies":[{"name":"wp","href":"https:\/\/api.w.org\/{rel}","templated":true}]}}