{"id":5551,"date":"2018-10-01T11:45:55","date_gmt":"2018-10-01T11:45:55","guid":{"rendered":"http:\/\/www.djurskyddet.se\/billochbull\/?page_id=5551"},"modified":"2024-07-17T12:08:43","modified_gmt":"2024-07-17T12:08:43","slug":"bli-volontar","status":"publish","type":"page","link":"https:\/\/www.djurskyddet.se\/billochbull\/stod-oss\/bli-volontar\/","title":{"rendered":"Engagera dig \u2013 bli volont\u00e4r"},"content":{"rendered":"<p><strong>Har du tid och intresse av att hj\u00e4lpa till i katthemmet?<\/strong> Det \u00e4r i stor del sj\u00e4lva arbetet i katthemmet med katterna vi beh\u00f6ver hj\u00e4lp med, att bemanna tv\u00e5 g\u00e5nger om dagen, \u00e5ret om. Vi har ett pass p\u00e5 f\u00f6rmiddagen samt ett p\u00e5 kv\u00e4llen. Sj\u00e4lvklart ska \u00e4ven helger och heldagar bemannas.<\/p>\n<p><strong>Vi beh\u00f6ver \u00e4ven hj\u00e4lp med annat.<\/strong> Volont\u00e4rer som kan hj\u00e4lpa till med bemanning under loppisens \u00f6ppettider, hj\u00e4lp med transport \u2013 t ex till och fr\u00e5n veterin\u00e4ren, byggnationer, ja vi beh\u00f6ver hj\u00e4lp med det mesta f\u00f6r att f\u00e5 katthemmet och f\u00f6reningen att g\u00e5 runt!<\/p>\n<p><strong>Kontakta oss och ber\u00e4tta vad du vill och kan hj\u00e4lpa till med, allt \u00e4r av intresse \u00e4ven om det kanske bara \u00e4r en g\u00e5ng i m\u00e5naden. Vi beh\u00f6ver verkligen din hj\u00e4lp \u2013 KATTERNA BEH\u00d6VER DIG!<\/strong><\/p>\n<p>Ring oss p\u00e5 <strong>076 410 01 01<\/strong>, f\u00e5r du inget svar s\u00e5 v\u00e4nligen prata in ett meddelande med kontaktuppgifter eller skicka oss ett sms s\u00e5 h\u00f6r vi av oss s\u00e5 snart vi kan. Det g\u00e5r \u00e4ven bra att skicka ett mail till <a href=\"mailto:info@djurskyddetbillochbull.se\">info@djurskyddetbillochbull.se<\/a><\/p>\n<p><a href=\"https:\/\/www.djurskyddet.se\/billochbull\/wp-content\/uploads\/sites\/24\/2018\/10\/volont\u00e4r1.jpg\"><img loading=\"lazy\" decoding=\"async\" class=\"aligncenter wp-image-5625 size-full\" src=\"https:\/\/www.djurskyddet.se\/billochbull\/wp-content\/uploads\/sites\/24\/2018\/10\/volont\u00e4r1-e1548162745345.jpg\" alt=\"Katt i en famn\" width=\"747\" height=\"519\" srcset=\"https:\/\/www.djurskyddet.se\/billochbull\/wp-content\/uploads\/sites\/24\/2018\/10\/volont\u00e4r1-e1548162745345.jpg 747w, https:\/\/www.djurskyddet.se\/billochbull\/wp-content\/uploads\/sites\/24\/2018\/10\/volont\u00e4r1-e1548162745345-300x208.jpg 300w, https:\/\/www.djurskyddet.se\/billochbull\/wp-content\/uploads\/sites\/24\/2018\/10\/volont\u00e4r1-e1548162745345-400x278.jpg 400w\" sizes=\"auto, (max-width: 747px) 100vw, 747px\" \/><\/a><\/p>\n","protected":false},"excerpt":{"rendered":"<p>Har du tid och intresse av att hj\u00e4lpa till i katthemmet? Det \u00e4r i stor del sj\u00e4lva arbetet i katthemmet med katterna vi beh\u00f6ver hj\u00e4lp med, att bemanna tv\u00e5 g\u00e5nger om dagen, \u00e5ret om. Vi har ett pass p\u00e5 f\u00f6rmiddagen samt ett p\u00e5 kv\u00e4llen. Sj\u00e4lvklart ska \u00e4ven helger och heldagar bemannas. Vi beh\u00f6ver \u00e4ven hj\u00e4lp med annat. Volont\u00e4rer som kan hj\u00e4lpa till med bemanning under loppisens \u00f6ppettider, hj\u00e4lp med transport&hellip;<\/p>\n<p><a class=\"more-link\" href=\"https:\/\/www.djurskyddet.se\/billochbull\/stod-oss\/bli-volontar\/\" title=\"Continue reading &lsquo;Engagera dig \u2013 bli volont\u00e4r&rsquo;\">L&auml;s mer<span class=\"meta-nav\">&raquo;<\/span><\/a><\/p>\n","protected":false},"author":3,"featured_media":0,"parent":9579,"menu_order":0,"comment_status":"closed","ping_status":"closed","template":"page-templates\/left-sidebar.php","meta":{"_acf_changed":false,"footnotes":""},"class_list":["post-5551","page","type-page","status-publish","hentry"],"acf":[],"_links":{"self":[{"href":"https:\/\/www.djurskyddet.se\/billochbull\/wp-json\/wp\/v2\/pages\/5551","targetHints":{"allow":["GET"]}}],"collection":[{"href":"https:\/\/www.djurskyddet.se\/billochbull\/wp-json\/wp\/v2\/pages"}],"about":[{"href":"https:\/\/www.djurskyddet.se\/billochbull\/wp-json\/wp\/v2\/types\/page"}],"author":[{"embeddable":true,"href":"https:\/\/www.djurskyddet.se\/billochbull\/wp-json\/wp\/v2\/users\/3"}],"replies":[{"embeddable":true,"href":"https:\/\/www.djurskyddet.se\/billochbull\/wp-json\/wp\/v2\/comments?post=5551"}],"version-history":[{"count":9,"href":"https:\/\/www.djurskyddet.se\/billochbull\/wp-json\/wp\/v2\/pages\/5551\/revisions"}],"predecessor-version":[{"id":7024,"href":"https:\/\/www.djurskyddet.se\/billochbull\/wp-json\/wp\/v2\/pages\/5551\/revisions\/7024"}],"up":[{"embeddable":true,"href":"https:\/\/www.djurskyddet.se\/billochbull\/wp-json\/wp\/v2\/pages\/9579"}],"wp:attachment":[{"href":"https:\/\/www.djurskyddet.se\/billochbull\/wp-json\/wp\/v2\/media?parent=5551"}],"curies":[{"name":"wp","href":"https:\/\/api.w.org\/{rel}","templated":true}]}}