{"id":5641,"date":"2018-10-02T12:17:27","date_gmt":"2018-10-02T12:17:27","guid":{"rendered":"http:\/\/www.djurskyddet.se\/billochbull\/?page_id=5641"},"modified":"2025-01-26T14:08:27","modified_gmt":"2025-01-26T14:08:27","slug":"att-adoptera-en-katt","status":"publish","type":"page","link":"https:\/\/www.djurskyddet.se\/billochbull\/att-adoptera-en-katt\/","title":{"rendered":"Adoptera, Hur g\u00f6r jag?"},"content":{"rendered":"<p class=\"widget-title\"><span style=\"font-size: inherit;color: #191e23\">Att adoptera en katt fr\u00e5n oss kostar 1500 kr, \u00e4r det s\u00e5 att du adopterar tv\u00e5 s\u00e5 betalar du 1000 kr f\u00f6r den andra. Vid bokning betalas 500 kr\/katt som ej \u00e5terbetalas vid \u00e5nger.<br \/>Alla vuxna katter \u00e4r vaccinerade, kastrerade och ID-m\u00e4rkta med chip n\u00e4r de adopteras ut.<\/span><\/p>\n<p class=\"widget-title\"><span style=\"font-size: inherit;color: #191e23\"><span style=\"font-size: revert;color: initial\">Adopterar du en kattunge s\u00e5 st\u00e5r f\u00f6reningen f\u00f6r kastreringen n\u00e4r katten har \u00e5ldern inne om det bokas genom oss. Katten \u00e4r \u00e4ven veterin\u00e4runders\u00f6kt samt avmaskad och hos oss \u00e4ter katterna kvalitetsfoder fr\u00e5n <\/span><a style=\"font-size: revert\" href=\"http:\/\/www.hillspet.se\" target=\"_blank\" rel=\"noopener noreferrer\">Hill&#8217;s<\/a><span style=\"font-size: revert;color: initial\">.<br \/><em>En regel som vi inte ruckar p\u00e5 \u00e4r att vi aldrig adopterar ut en kattunge som ensamkatt.<\/em><\/span><br \/><\/span><\/p>\n<div class=\"textwidget\">\n<p>Skulle det av n\u00e5gon anledning inte fungera f\u00f6r katten i det nya hemmet s\u00e5 tar vi alltid tillbaka katten eller hj\u00e4lper till p\u00e5 annat s\u00e4tt f\u00f6r att f\u00e5 det att fungera.<\/p>\n<p>\u00c4r ni intresserade av n\u00e5gon katt som s\u00f6ker hem?<br \/>Fyll i <a href=\"https:\/\/www.djurskyddet.se\/billochbull\/djurformedling\/intresseanmalan\/\">Intresseanm\u00e4lan<\/a> eller kontakta oss s\u00e5 ber\u00e4ttar vi mer eller bokar in ett bes\u00f6k.<\/p>\n<p>Har du fr\u00e5gor s\u00e5 ring eller maila oss s\u00e5 hj\u00e4lper vi till s\u00e5 gott vi kan!<\/p>\n<\/div>\n\n<div class=\"wp-block-image\">\n<figure class=\"aligncenter size-full\"><img loading=\"lazy\" decoding=\"async\" width=\"1024\" height=\"101\" src=\"https:\/\/www.djurskyddet.se\/billochbull\/wp-content\/uploads\/sites\/24\/2024\/05\/border-test-1-1.png\" alt=\"\" class=\"wp-image-8794\" srcset=\"https:\/\/www.djurskyddet.se\/billochbull\/wp-content\/uploads\/sites\/24\/2024\/05\/border-test-1-1.png 1024w, https:\/\/www.djurskyddet.se\/billochbull\/wp-content\/uploads\/sites\/24\/2024\/05\/border-test-1-1-300x30.png 300w, https:\/\/www.djurskyddet.se\/billochbull\/wp-content\/uploads\/sites\/24\/2024\/05\/border-test-1-1-768x76.png 768w, https:\/\/www.djurskyddet.se\/billochbull\/wp-content\/uploads\/sites\/24\/2024\/05\/border-test-1-1-400x39.png 400w\" sizes=\"auto, (max-width: 1024px) 100vw, 1024px\" \/><\/figure><\/div>","protected":false},"excerpt":{"rendered":"<p>Att adoptera en katt fr\u00e5n oss kostar 1500 kr, \u00e4r det s\u00e5 att du adopterar tv\u00e5 s\u00e5 betalar du 1000 kr f\u00f6r den andra. Vid bokning betalas 500 kr\/katt som ej \u00e5terbetalas vid \u00e5nger.Alla vuxna katter \u00e4r vaccinerade, kastrerade och ID-m\u00e4rkta med chip n\u00e4r de adopteras ut. Adopterar du en kattunge s\u00e5 st\u00e5r f\u00f6reningen f\u00f6r kastreringen n\u00e4r katten har \u00e5ldern inne om det bokas genom oss. Katten \u00e4r \u00e4ven veterin\u00e4runders\u00f6kt&hellip;<\/p>\n<p><a class=\"more-link\" href=\"https:\/\/www.djurskyddet.se\/billochbull\/att-adoptera-en-katt\/\" title=\"Continue reading &lsquo;Adoptera, Hur g\u00f6r jag?&rsquo;\">L&auml;s mer<span class=\"meta-nav\">&raquo;<\/span><\/a><\/p>\n","protected":false},"author":3,"featured_media":0,"parent":0,"menu_order":0,"comment_status":"closed","ping_status":"closed","template":"page-templates\/left-sidebar.php","meta":{"_acf_changed":false,"footnotes":""},"class_list":["post-5641","page","type-page","status-publish","hentry"],"acf":[],"_links":{"self":[{"href":"https:\/\/www.djurskyddet.se\/billochbull\/wp-json\/wp\/v2\/pages\/5641","targetHints":{"allow":["GET"]}}],"collection":[{"href":"https:\/\/www.djurskyddet.se\/billochbull\/wp-json\/wp\/v2\/pages"}],"about":[{"href":"https:\/\/www.djurskyddet.se\/billochbull\/wp-json\/wp\/v2\/types\/page"}],"author":[{"embeddable":true,"href":"https:\/\/www.djurskyddet.se\/billochbull\/wp-json\/wp\/v2\/users\/3"}],"replies":[{"embeddable":true,"href":"https:\/\/www.djurskyddet.se\/billochbull\/wp-json\/wp\/v2\/comments?post=5641"}],"version-history":[{"count":16,"href":"https:\/\/www.djurskyddet.se\/billochbull\/wp-json\/wp\/v2\/pages\/5641\/revisions"}],"predecessor-version":[{"id":10157,"href":"https:\/\/www.djurskyddet.se\/billochbull\/wp-json\/wp\/v2\/pages\/5641\/revisions\/10157"}],"wp:attachment":[{"href":"https:\/\/www.djurskyddet.se\/billochbull\/wp-json\/wp\/v2\/media?parent=5641"}],"curies":[{"name":"wp","href":"https:\/\/api.w.org\/{rel}","templated":true}]}}