{"id":5653,"date":"2018-10-02T12:20:00","date_gmt":"2018-10-02T12:20:00","guid":{"rendered":"http:\/\/www.djurskyddet.se\/billochbull\/?page_id=5653"},"modified":"2024-07-17T16:38:11","modified_gmt":"2024-07-17T16:38:11","slug":"jag-maste-omplacera","status":"publish","type":"page","link":"https:\/\/www.djurskyddet.se\/billochbull\/jag-maste-omplacera\/","title":{"rendered":"Jag m\u00e5ste omplacera"},"content":{"rendered":"<p>Anledningarna kan vara m\u00e5nga till varf\u00f6r man beh\u00f6ver omplacera sin \u00e4lskade katt som dessutom \u00e4r ett mycket tungt och tufft beslut. Det finns en hel del saker man kan t\u00e4nka p\u00e5 f\u00f6r att f\u00f6rs\u00f6ka hitta det nya perfekta hemmet.<\/p>\n<p>\u00c4ven om det \u00e4r en omplacering som akut kr\u00e4ver att katten beh\u00f6ver komma iv\u00e4g s\u00e5 m\u00e5ste man h\u00e5lla huvudet kallt och inte stressa iv\u00e4g \u2013 f\u00f6r kattens skull! Eftersom du en g\u00e5ng tagit till dig katten s\u00e5 \u00e4r det din skyldighet att se till att katten kommer f\u00e5 det bra i n\u00e4sta hem.<\/p>\n<h3>Hur b\u00f6rjar man?<\/h3>\n<p>M\u00e5nga tror (tyv\u00e4rr) att det \u00e4r katthem som man f\u00f6rst ska v\u00e4nda sig till, s\u00e5 \u00e4r inte fallet utan katthemmen \u00e4r till f\u00f6r de katter utan n\u00e5got hem och de som blir missk\u00f6tta. \u00c4nnu fler tror att det \u00e4r till katthemmen man ska v\u00e4nda sig i sista sekunden n\u00e4r ingen annan utv\u00e4g finns \u2013 det \u00e4r ocks\u00e5 fel.<br \/>\nDet man kan g\u00f6ra \u00e4r att direkt man vet att man har en katt eller flera som beh\u00f6ver omplaceras \u00e4r att man kontaktar ett (g\u00e4rna flera) katthem och h\u00f6r sig f\u00f6r om man kan f\u00e5 s\u00e4tta katterna p\u00e5 deras k\u00f6lista. Det brukar alltid vara k\u00f6 in s\u00e5 man ska vara f\u00f6rberedd att det kan ta en tid. Under tiden s\u00e5 <strong>m\u00e5ste<\/strong> du sj\u00e4lv f\u00f6rs\u00f6ka hitta nytt hem \u00e5t katten.<\/p>\n<p><strong>Se dig omkring<\/strong><br \/>\nB\u00f6rja med att kolla bland sl\u00e4kt och v\u00e4nner \u2013 kanske n\u00e5gon av de planerat att skaffa en katt? Eller de kanske vet av n\u00e5gon annan som s\u00f6ker? Detta \u00e4r ett utav de vanligaste s\u00e4tten en katt f\u00e5r ett nytt hem.\u00a0 Skulle inte det h\u00e4r s\u00e4ttet fungera s\u00e5 frukta inte \u2013 det finns m\u00e5nga fler metoder att ta till.<\/p>\n<h3>Annonsering<\/h3>\n<p>Att s\u00e4tta ut en annons \u00e4r inte s\u00e5 sv\u00e5rt, ett l\u00e4mpligt st\u00e4lle att b\u00f6rja \u00e4r ett inl\u00e4gg i omplaceringsgrupper p\u00e5 facebook. F\u00f6r att lyckas med annonseringen och synas i m\u00e4ngden \u00e4r det viktigt att man har en bra bild p\u00e5 katten, sedan en beskrivning. Det kattspekulanter ofta vill veta \u00e4r hur gammal katten \u00e4r, om det \u00e4r en inne- eller utekatt, om katten \u00e4r sn\u00e4ll mot barn och andra djur, om katten \u00e4r kastrerad\/idm\u00e4rkt\/vaccinerad. Skriv ner s\u00e5 mycket du kan om katten och f\u00f6rs\u00f6k sedan f\u00f6rkorta ner det till en passande annonstext.<\/p>\n<p>Sedan finns det en uppsj\u00f6 av k\u00f6p- och s\u00e4ljsidor p\u00e5 n\u00e4tet, blocket.se \u00e4r en av dem. <strong>Ni kan \u00e4ven annonsera h\u00e4r p\u00e5 v\u00e5r hemsida<\/strong>, skicka ett mail (<a href=\"mailto:info@djurskyddetbillochbull.se\">info@djurskyddetbillochbull.se<\/a>) med bild, information och kontaktuppgifter till er s\u00e5 l\u00e4gger vi upp er annons.<\/p>\n<h3>Det h\u00e4nder inget?<\/h3>\n<p>Att ha is i magen \u00e4r n\u00e5got man f\u00e5r ha n\u00e4r det g\u00e4ller omplacering av katter, det brukar inte g\u00e5 snabbt att hitta ett bra hem, r\u00e4kna med att det kan ta flera veckor\/m\u00e5nader. Ett tips \u00e4r att se \u00f6ver hur man kan f\u00f6rb\u00e4ttra situationen. \u00c4r din katt kastrerad? Om inte, se om du inte kan l\u00e4gga ut lite extra p\u00e5 att f\u00e5 till en kastrering d\u00e5 m\u00e5nga i dagsl\u00e4get inte g\u00e4rna vill k\u00f6pa okastrerade katter. Gl\u00f6m inte att h\u00e5lla kontakt med katthemmen, kanske de har n\u00e5gon l\u00f6sning i sikte eller fler tips och r\u00e5d hur du nu ska g\u00e5 tillv\u00e4ga?<\/p>\n<h3>N\u00e5gon visar intresse!<\/h3>\n<p>N\u00e4r det \u00e4ntligen sker att n\u00e5gon kontaktar dig och vill ha din katt s\u00e5 hasta inte iv\u00e4g, stanna upp och fundera och st\u00e4ll fr\u00e5gor, kattens behov m\u00e5ste g\u00e5 i f\u00f6rsta hand. Fr\u00e5ga lite hur de bor, om katten f\u00e5r vara inne\/ute, om det \u00e4r i t\u00e4tbebyggelse med tungt trafikerade v\u00e4gar b\u00f6r katten inte f\u00e5 vara ute f\u00f6r sin egen s\u00e4kerhet. Ni k\u00e4nner sj\u00e4lva om den som visar intresse verkar vara r\u00e4tt f\u00f6r just er katt \u2013 det \u00e4r just ni som k\u00e4nner katten och dess behov b\u00e4st.<br \/>\nN\u00e4r katten till slut f\u00e5tt nytt hem, gl\u00f6m inte att meddela katthemmet s\u00e5 att de vet att katten f\u00e5tt nytt boende.<\/p>\n","protected":false},"excerpt":{"rendered":"<p>Anledningarna kan vara m\u00e5nga till varf\u00f6r man beh\u00f6ver omplacera sin \u00e4lskade katt som dessutom \u00e4r ett mycket tungt och tufft beslut. Det finns en hel del saker man kan t\u00e4nka p\u00e5 f\u00f6r att f\u00f6rs\u00f6ka hitta det nya perfekta hemmet. \u00c4ven om det \u00e4r en omplacering som akut kr\u00e4ver att katten beh\u00f6ver komma iv\u00e4g s\u00e5 m\u00e5ste man h\u00e5lla huvudet kallt och inte stressa iv\u00e4g \u2013 f\u00f6r kattens skull! Eftersom du en&hellip;<\/p>\n<p><a class=\"more-link\" href=\"https:\/\/www.djurskyddet.se\/billochbull\/jag-maste-omplacera\/\" title=\"Continue reading &lsquo;Jag m\u00e5ste omplacera&rsquo;\">L&auml;s mer<span class=\"meta-nav\">&raquo;<\/span><\/a><\/p>\n","protected":false},"author":3,"featured_media":0,"parent":0,"menu_order":0,"comment_status":"closed","ping_status":"closed","template":"page-templates\/left-sidebar.php","meta":{"_acf_changed":false,"footnotes":""},"class_list":["post-5653","page","type-page","status-publish","hentry"],"acf":[],"_links":{"self":[{"href":"https:\/\/www.djurskyddet.se\/billochbull\/wp-json\/wp\/v2\/pages\/5653","targetHints":{"allow":["GET"]}}],"collection":[{"href":"https:\/\/www.djurskyddet.se\/billochbull\/wp-json\/wp\/v2\/pages"}],"about":[{"href":"https:\/\/www.djurskyddet.se\/billochbull\/wp-json\/wp\/v2\/types\/page"}],"author":[{"embeddable":true,"href":"https:\/\/www.djurskyddet.se\/billochbull\/wp-json\/wp\/v2\/users\/3"}],"replies":[{"embeddable":true,"href":"https:\/\/www.djurskyddet.se\/billochbull\/wp-json\/wp\/v2\/comments?post=5653"}],"version-history":[{"count":8,"href":"https:\/\/www.djurskyddet.se\/billochbull\/wp-json\/wp\/v2\/pages\/5653\/revisions"}],"predecessor-version":[{"id":9585,"href":"https:\/\/www.djurskyddet.se\/billochbull\/wp-json\/wp\/v2\/pages\/5653\/revisions\/9585"}],"wp:attachment":[{"href":"https:\/\/www.djurskyddet.se\/billochbull\/wp-json\/wp\/v2\/media?parent=5653"}],"curies":[{"name":"wp","href":"https:\/\/api.w.org\/{rel}","templated":true}]}}