{"id":7603,"date":"2021-03-23T20:59:12","date_gmt":"2021-03-23T20:59:12","guid":{"rendered":"https:\/\/www.djurskyddet.se\/billochbull\/?page_id=7603"},"modified":"2024-07-17T12:02:07","modified_gmt":"2024-07-17T12:02:07","slug":"fordelar-med-kastrering","status":"publish","type":"page","link":"https:\/\/www.djurskyddet.se\/billochbull\/tips-rad\/kastrering\/fordelar-med-kastrering\/","title":{"rendered":"F\u00f6rdelar med kastrering"},"content":{"rendered":"\n<figure class=\"wp-block-image\"><img loading=\"lazy\" decoding=\"async\" width=\"1024\" height=\"683\" src=\"https:\/\/www.djurskyddet.se\/billochbull\/wp-content\/uploads\/sites\/24\/2019\/09\/sara-1024x683.jpg\" alt=\"\" class=\"wp-image-6327\" srcset=\"https:\/\/www.djurskyddet.se\/billochbull\/wp-content\/uploads\/sites\/24\/2019\/09\/sara.jpg 1024w, https:\/\/www.djurskyddet.se\/billochbull\/wp-content\/uploads\/sites\/24\/2019\/09\/sara-300x200.jpg 300w, https:\/\/www.djurskyddet.se\/billochbull\/wp-content\/uploads\/sites\/24\/2019\/09\/sara-768x512.jpg 768w, https:\/\/www.djurskyddet.se\/billochbull\/wp-content\/uploads\/sites\/24\/2019\/09\/sara-400x267.jpg 400w\" sizes=\"auto, (max-width: 1024px) 100vw, 1024px\" \/><\/figure>\n\n\n\n<p>Det finns m\u00e5nga fler f\u00f6rdelar att kastrera sin katt \u00e4n nackdelar. F\u00f6rutom att man slipper oroa sig \u00f6ver o\u00f6nskade kattungar s\u00e5 kan en rad problem f\u00f6rsvinna i och med kastreringen. Vi t\u00e4nkte lista en del av dem h\u00e4r, kom g\u00e4rna med tips p\u00e5 fler om vi missat n\u00e5got. <\/p>\n\n\n\n<p><strong>I Sverige kastreras b\u00e5de hon- och hankatter<\/strong>, sterilisering av honkatt \u00e4r extremt ovanligt i Sverige men det \u00e4r desto vanligare att man blandar ihop begreppen och ben\u00e4mner en kastrerad honkatt som steriliserad. En steriliserad honkatt kan inte f\u00e5 kattungar men har alla hormoner och l\u00f6pbeteende kvar vilket \u00e4r jobbigt f\u00f6r b\u00e5de honan och katt\u00e4garen.<\/p>\n\n\n\n<p><strong>En kastrerad katt blir oftast lugnare<\/strong>, h\u00e5ller ett mindre revir och riskerar d\u00e4rmed inte att vandra hemifr\u00e5n l\u00e4ngre str\u00e4ckor eller hamna i slagsm\u00e5l i samma grad s\u00e5 som okastrerade katter. Okastrerade katter kan ofta urinmarkera, \u00e4ven honor, b\u00e5de inomhus och utomhus vilket kan vara ett jobbigt beteende b\u00e5de f\u00f6r katten, katt\u00e4garen och grannar d\u00e5 katten g\u00e4rna v\u00e4ljer att markera p\u00e5 mjuka ytor s\u00e5 som dynor till tr\u00e4dg\u00e5rdsm\u00f6bler, en kastrering tar oftast bort detta beteende. <\/p>\n\n\n\n<p><strong>En okastrerad hankatts urin luktar<\/strong> v\u00e4ldigt starkt och lukten tenderar att bita sig kvar i omgivning, denna lukt f\u00f6rsvinner vid kastrering. Luktar en kastrerad katts urin illa s\u00e5 kontakta veterin\u00e4r, d\u00e5 \u00e4r det troligen n\u00e5got som inte st\u00e5r r\u00e4tt till.<\/p>\n\n\n\n<p><strong>Marskatt har ni v\u00e4l alla h\u00f6rt talas om?<\/strong> En l\u00f6pande katthona jamar och l\u00e5ter dygnet runt, det \u00e4r v\u00e4ldigt jobbigt, framf\u00f6r allt f\u00f6r honan, d\u00e5 hon ofta kan tappa matlusten, \u00e5lar runt och g\u00e4rna vill f\u00f6rs\u00f6ka smita ut p\u00e5 alla s\u00e4tt och vis f\u00f6r att hitta sig en partner. Att kastrera sin honkatt ger en mycket lugnare och harmoniskare katt. En kastrerad hona kan inte f\u00e5 livmoderinflammation eller tum\u00f6rer p\u00e5\/i \u00e4ggstockarna och om man kastrerar vid tidig \u00e5lder minskas ocks\u00e5 risken f\u00f6r juvertum\u00f6rer betydligt. Att ge en katt p-piller \u00f6kar risken f\u00f6r tum\u00f6rer och risken blir st\u00f6rre ju l\u00e4ngre tid man ger pillren!<\/p>\n\n\n\n<p><strong>En kastrerad katt lever l\u00e4ngre<\/strong>, studier visar att kastrerade katter lever ett l\u00e4ngre liv \u00e4n okastrerade. Det kan ha flera orsaker men de fr\u00e4msta \u00e4r att katterna blir lugnare och h\u00e5ller sig hemma mera och d\u00e4rmed inte riskerar att hamna i slagsm\u00e5l eller bli skadad i trafiken men du l\u00e5ter v\u00e4l inte din \u00e4lskade katt g\u00e5 ut i trafikerade omr\u00e5den \u00e4nd\u00e5? <\/p>\n\n\n\n<p><strong>Den enda riktiga nackdelen med kastrering<\/strong> av katter \u00e4r att risken f\u00f6r \u00f6vervikt \u00f6kar, redan inom 48 timmar efter kastreringen \u00f6kar katten sitt dagliga intag av f\u00f6da och samtidigt minskar \u00e4mnesoms\u00e4ttningen med ca 30%. Detta kan ge en snabb vikt\u00f6kning om man inte \u00e4r f\u00f6rberedd. F\u00e5 katter klarar av att ha fri tillg\u00e5ng p\u00e5 foder, s\u00e5 att dela upp foderm\u00e4ngden under dagen \u00e4r en bra id\u00e9 samt att byta ut maten till ett foder som \u00e4r anpassat f\u00f6r kastrerade katter. Prata med din veterin\u00e4r vid kastreringen f\u00f6r att f\u00e5 tips och r\u00e5d, oftast finns m\u00f6jlighet att f\u00e5 provp\u00e5sar med foder f\u00f6r att kunna testa sig fram till vad din katt tycker om. \u00d6vervikt kan leda till m\u00e5nga olika h\u00e4lsoproblem s\u00e5 det \u00e4r viktigt att man inte \u00f6verfodrar sin katt f\u00f6r att den ska f\u00e5 ett l\u00e5ngt och friskt liv.<\/p>\n","protected":false},"excerpt":{"rendered":"<p>Det finns m\u00e5nga fler f\u00f6rdelar att kastrera sin katt \u00e4n nackdelar. F\u00f6rutom att man slipper oroa sig \u00f6ver o\u00f6nskade kattungar s\u00e5 kan en rad problem f\u00f6rsvinna i och med kastreringen. Vi t\u00e4nkte lista en del av dem h\u00e4r, kom g\u00e4rna med tips p\u00e5 fler om vi missat n\u00e5got. I Sverige kastreras b\u00e5de hon- och hankatter, sterilisering av honkatt \u00e4r extremt ovanligt i Sverige men det \u00e4r desto vanligare att man&hellip;<\/p>\n<p><a class=\"more-link\" href=\"https:\/\/www.djurskyddet.se\/billochbull\/tips-rad\/kastrering\/fordelar-med-kastrering\/\" title=\"Continue reading &lsquo;F\u00f6rdelar med kastrering&rsquo;\">L&auml;s mer<span class=\"meta-nav\">&raquo;<\/span><\/a><\/p>\n","protected":false},"author":23,"featured_media":0,"parent":7413,"menu_order":0,"comment_status":"closed","ping_status":"closed","template":"page-templates\/left-sidebar.php","meta":{"_acf_changed":false,"footnotes":""},"class_list":["post-7603","page","type-page","status-publish","hentry"],"acf":[],"_links":{"self":[{"href":"https:\/\/www.djurskyddet.se\/billochbull\/wp-json\/wp\/v2\/pages\/7603","targetHints":{"allow":["GET"]}}],"collection":[{"href":"https:\/\/www.djurskyddet.se\/billochbull\/wp-json\/wp\/v2\/pages"}],"about":[{"href":"https:\/\/www.djurskyddet.se\/billochbull\/wp-json\/wp\/v2\/types\/page"}],"author":[{"embeddable":true,"href":"https:\/\/www.djurskyddet.se\/billochbull\/wp-json\/wp\/v2\/users\/23"}],"replies":[{"embeddable":true,"href":"https:\/\/www.djurskyddet.se\/billochbull\/wp-json\/wp\/v2\/comments?post=7603"}],"version-history":[{"count":20,"href":"https:\/\/www.djurskyddet.se\/billochbull\/wp-json\/wp\/v2\/pages\/7603\/revisions"}],"predecessor-version":[{"id":7648,"href":"https:\/\/www.djurskyddet.se\/billochbull\/wp-json\/wp\/v2\/pages\/7603\/revisions\/7648"}],"up":[{"embeddable":true,"href":"https:\/\/www.djurskyddet.se\/billochbull\/wp-json\/wp\/v2\/pages\/7413"}],"wp:attachment":[{"href":"https:\/\/www.djurskyddet.se\/billochbull\/wp-json\/wp\/v2\/media?parent=7603"}],"curies":[{"name":"wp","href":"https:\/\/api.w.org\/{rel}","templated":true}]}}