{"id":7657,"date":"2021-03-24T15:47:33","date_gmt":"2021-03-24T15:47:33","guid":{"rendered":"https:\/\/www.djurskyddet.se\/billochbull\/?page_id=7657"},"modified":"2024-07-17T12:00:39","modified_gmt":"2024-07-17T12:00:39","slug":"hittat-en-katt-vad-gor-jag-nu","status":"publish","type":"page","link":"https:\/\/www.djurskyddet.se\/billochbull\/tips-rad\/hittat-en-katt-vad-gor-jag-nu\/","title":{"rendered":"Hittat en katt, Vad g\u00f6r jag nu?"},"content":{"rendered":"\n<p>\u00c4r du helt s\u00e4ker p\u00e5 att katten du hittat \u00e4r heml\u00f6s och inte bara en nyinflyttad grannkatt? \u00c4r katten mager, tovig, smutsig eller kanske skygg? D\u00e5 \u00e4r risken stor att katten \u00e4r heml\u00f6s och beh\u00f6ver din hj\u00e4lp. En social katt som g\u00e5r att klappa och lyfta har troligen ett hem n\u00e5gonstans och \u00e4r antagligen vilsen och beh\u00f6ver hj\u00e4lp att hitta hem. <strong>Om katten p\u00e5 n\u00e5got s\u00e4tt verkar skadad eller sjuk \u2013 ta den till veterin\u00e4r direkt!<\/strong><\/p>\n\n\n\n<figure class=\"wp-block-image\"><img loading=\"lazy\" decoding=\"async\" width=\"1024\" height=\"619\" src=\"https:\/\/www.djurskyddet.se\/billochbull\/wp-content\/uploads\/sites\/24\/2021\/03\/138113799_4236034146424598_3039950864601954386_o-1-1024x619.jpg\" alt=\"\" class=\"wp-image-7660\" srcset=\"https:\/\/www.djurskyddet.se\/billochbull\/wp-content\/uploads\/sites\/24\/2021\/03\/138113799_4236034146424598_3039950864601954386_o-1.jpg 1024w, https:\/\/www.djurskyddet.se\/billochbull\/wp-content\/uploads\/sites\/24\/2021\/03\/138113799_4236034146424598_3039950864601954386_o-1-300x181.jpg 300w, https:\/\/www.djurskyddet.se\/billochbull\/wp-content\/uploads\/sites\/24\/2021\/03\/138113799_4236034146424598_3039950864601954386_o-1-768x464.jpg 768w, https:\/\/www.djurskyddet.se\/billochbull\/wp-content\/uploads\/sites\/24\/2021\/03\/138113799_4236034146424598_3039950864601954386_o-1-400x242.jpg 400w\" sizes=\"auto, (max-width: 1024px) 100vw, 1024px\" \/><\/figure>\n\n\n\n<p>F\u00f6rst och fr\u00e4mst m\u00e5ste du f\u00f6rs\u00f6ka fastst\u00e4lla om katten har en \u00e4gare, <strong>ser du n\u00e5got halsband<\/strong>? Om halsband finns kolla efter kontaktuppgifter till \u00e4garen d\u00e5 det ofta skrivs p\u00e5 insidan av halsbandet om ingen beh\u00e5llare p\u00e5 halsbandet finns d\u00e4r man lagt kontaktuppgifter.<\/p>\n\n\n\n<p>Om inget halsband finns \u2013 <strong>kolla efter \u00f6ronm\u00e4rkning<\/strong>, m\u00e4rkningen sitter oftast inne i v\u00e4nster \u00f6ra och har en siffer- och bokstavskombination. Det \u00e4r inte alltid helt l\u00e4tt att utl\u00e4sa tatueringen, men det brukar vara l\u00e4ttare om man lyser med en ficklampa p\u00e5 baksidan av \u00f6rat. Om katten \u00e4r m\u00e4rkt kollar man upp id-numret hos Svenska Kennelklubben eller Kattf\u00f6rbundet Sverak, det finns tv\u00e5 \u00e4garregister f\u00f6r katter i Sverige s\u00e5 bra att dubbelkolla i b\u00e5da.<br>Svenska Kennelklubben \u2013 <a href=\"https:\/\/hundar.skk.se\/agarreg\/\" target=\"_blank\" rel=\"noreferrer noopener\">https:\/\/hundar.skk.se\/agarreg<\/a><br>Kattf\u00f6rbundet Sverak&nbsp; <a href=\"http:\/\/www.sverak.se\/id-register\/\" target=\"_blank\" rel=\"noreferrer noopener\">www.sverak.se\/id-register\/<\/a><\/p>\n\n\n\n<p>Ibland har inte \u00e4garen medgivit att kontaktuppgifterna publiceras p\u00e5 internet utan d\u00e5 beh\u00f6ver man kontakta registren p\u00e5 de telefonnummer som st\u00e5r i respektive register. Det g\u00e5r \u00e4ven att kontakta polisen som har tillg\u00e5ng till dessa uppgifter dygnet runt.<\/p>\n\n\n\n<p>\u00c4r katten inte id-m\u00e4rkt i \u00f6rat finns en stor chans att <strong>man m\u00e4rkt sin katt genom microchip<\/strong> och d\u00e5 beh\u00f6ver man en speciell avl\u00e4sare f\u00f6r att se m\u00e4rkningen, s\u00e5dan finns hos veterin\u00e4rer, poliser och hos oss p\u00e5 katthemmet. Chipm\u00e4rkningen \u00e4r numera det vanligaste s\u00e4ttet att id-m\u00e4rka katter p\u00e5.<\/p>\n\n\n\n<p>\u00c4r katten helt om\u00e4rkt s\u00e5 beh\u00f6ver man ta till andra metoder f\u00f6r att sp\u00e5ra upp \u00e4garen, b\u00f6rja med att knacka p\u00e5 i grannskapet f\u00f6r att h\u00f6ra s\u00e5 katten inte bor i n\u00e4rheten eller om grannarna vet n\u00e5got mer om katten.<strong> Att s\u00e4tta upp lappar<\/strong> d\u00e4r det r\u00f6r sig mycket folk \u00e4r en bra id\u00e9, bra st\u00e4llen \u00e4r i n\u00e4romr\u00e5det d\u00e4r katten hittats, matbutiker, djuraff\u00e4rer, veterin\u00e4rer och anslagstavlor. Allra b\u00e4st \u00e4r det om man har en bild p\u00e5 den upphittade katten.<\/p>\n\n\n\n<p>Se \u00e4ven till att <strong>kontakta polisen<\/strong> f\u00f6r att g\u00f6ra en anm\u00e4lan om upphittad katt, f\u00f6rhoppningsvis har \u00e4garen gjort en f\u00f6rlustanm\u00e4lan och man p\u00e5 detta s\u00e4tt kan hitta reda p\u00e5 kattens \u00e4gare.<\/p>\n\n\n\n<p><strong>Kontakta ocks\u00e5 ditt lokala katthem<\/strong> f\u00f6r att be om hj\u00e4lp, katthemmen har i princip alltid fullt och k\u00f6lista med katter som beh\u00f6ver hj\u00e4lp s\u00e5 r\u00e4kna inte med att katthemmet kan hj\u00e4lpa till direkt men det \u00e4r \u00e4nd\u00e5 v\u00e4ldigt viktigt att du h\u00f6r av dig och st\u00e4ller katten p\u00e5 k\u00f6 och samtidigt kan f\u00e5 tips och r\u00e5d.<\/p>\n\n\n\n<p>Se \u00e4ven till att ni<strong> annonserar p\u00e5 n\u00e4tet<\/strong>, ni kan annonsera gratis p\u00e5 v\u00e5r hemsida om upphittade djur, en annan bra sida \u00e4r blocket.se eller<strong> din lokala tidning<\/strong>. Har ni Facebook s\u00e5 l\u00e4gg g\u00e4rna in i gruppen&nbsp;<a href=\"https:\/\/www.facebook.com\/groups\/223019764400375\/\" target=\"_blank\" rel=\"noreferrer noopener\">Upphittade\/borttappade djur i H\u00e4lsingland&nbsp;<\/a><\/p>\n\n\n\n<p>St\u00e4ll g\u00e4rna ut en sk\u00e5l med vanligt vatten till katten, mata inte om det inte \u00e4r n\u00f6dv\u00e4ndigt. H\u00f6r av er till oss om ni \u00e4r os\u00e4kra!<\/p>\n","protected":false},"excerpt":{"rendered":"<p>\u00c4r du helt s\u00e4ker p\u00e5 att katten du hittat \u00e4r heml\u00f6s och inte bara en nyinflyttad grannkatt? \u00c4r katten mager, tovig, smutsig eller kanske skygg? D\u00e5 \u00e4r risken stor att katten \u00e4r heml\u00f6s och beh\u00f6ver din hj\u00e4lp. En social katt som g\u00e5r att klappa och lyfta har troligen ett hem n\u00e5gonstans och \u00e4r antagligen vilsen och beh\u00f6ver hj\u00e4lp att hitta hem. Om katten p\u00e5 n\u00e5got s\u00e4tt verkar skadad eller sjuk&hellip;<\/p>\n<p><a class=\"more-link\" href=\"https:\/\/www.djurskyddet.se\/billochbull\/tips-rad\/hittat-en-katt-vad-gor-jag-nu\/\" title=\"Continue reading &lsquo;Hittat en katt, Vad g\u00f6r jag nu?&rsquo;\">L&auml;s mer<span class=\"meta-nav\">&raquo;<\/span><\/a><\/p>\n","protected":false},"author":23,"featured_media":0,"parent":9573,"menu_order":0,"comment_status":"closed","ping_status":"closed","template":"page-templates\/left-sidebar.php","meta":{"_acf_changed":false,"footnotes":""},"class_list":["post-7657","page","type-page","status-publish","hentry"],"acf":[],"_links":{"self":[{"href":"https:\/\/www.djurskyddet.se\/billochbull\/wp-json\/wp\/v2\/pages\/7657","targetHints":{"allow":["GET"]}}],"collection":[{"href":"https:\/\/www.djurskyddet.se\/billochbull\/wp-json\/wp\/v2\/pages"}],"about":[{"href":"https:\/\/www.djurskyddet.se\/billochbull\/wp-json\/wp\/v2\/types\/page"}],"author":[{"embeddable":true,"href":"https:\/\/www.djurskyddet.se\/billochbull\/wp-json\/wp\/v2\/users\/23"}],"replies":[{"embeddable":true,"href":"https:\/\/www.djurskyddet.se\/billochbull\/wp-json\/wp\/v2\/comments?post=7657"}],"version-history":[{"count":4,"href":"https:\/\/www.djurskyddet.se\/billochbull\/wp-json\/wp\/v2\/pages\/7657\/revisions"}],"predecessor-version":[{"id":9567,"href":"https:\/\/www.djurskyddet.se\/billochbull\/wp-json\/wp\/v2\/pages\/7657\/revisions\/9567"}],"up":[{"embeddable":true,"href":"https:\/\/www.djurskyddet.se\/billochbull\/wp-json\/wp\/v2\/pages\/9573"}],"wp:attachment":[{"href":"https:\/\/www.djurskyddet.se\/billochbull\/wp-json\/wp\/v2\/media?parent=7657"}],"curies":[{"name":"wp","href":"https:\/\/api.w.org\/{rel}","templated":true}]}}