{"id":9014,"date":"2024-05-23T22:56:43","date_gmt":"2024-05-23T22:56:43","guid":{"rendered":"https:\/\/www.djurskyddet.se\/billochbull\/?page_id=9014"},"modified":"2024-07-17T16:47:37","modified_gmt":"2024-07-17T16:47:37","slug":"onskelista","status":"publish","type":"page","link":"https:\/\/www.djurskyddet.se\/billochbull\/stod-oss\/onskelista\/","title":{"rendered":"\u00d6nskelista"},"content":{"rendered":"\n<h3 class=\"wp-block-heading\">Nedanst\u00e5ende mat och tillbeh\u00f6r \u00e4r av stort v\u00e4rde f\u00f6r oss:&nbsp;<\/h3>\n\n\n\n<p><\/p>\n\n\n\n<ul class=\"wp-block-list\">\n<li>Feliway \u2013 en produkt som lugnar katterna<\/li>\n\n\n\n<li>Milbemax avmaskningsmedel f\u00f6r vuxen katt samt kattungar<\/li>\n\n\n\n<li>Klosaxar &#8211; Detta \u00e4r vi i stort behov av just nu.<\/li>\n\n\n\n<li>Bl\u00f6tfoder, Torrfoder och mj\u00f6lkers\u00e4ttning f\u00f6r kattungar<\/li>\n\n\n\n<li>Bidrag till kattsand som vi k\u00f6per in fr\u00e5n <a href=\"https:\/\/bestfriend.com\/sv\/products\/bf-cattia-spring-fresh-scented-cat-litter\" target=\"_blank\" rel=\"noreferrer noopener\">BestFriend<\/a> och som vi anv\u00e4nder i katthemmet.<\/li>\n\n\n\n<li>Kattkojor, Kl\u00f6str\u00e4d, Kl\u00e4tterst\u00e4llningar osv.<\/li>\n\n\n\n<li>Kattleksaker, Laserpekare, Kattmynta<\/li>\n\n\n\n<li>Filtar, Kattkojor, Babynests<\/li>\n\n\n\n<li>Transportboxar<\/li>\n\n\n\n<li>Frigolitl\u00e5dor som kan isoleras f\u00f6r att skydda uteg\u00e5ende katter p\u00e5 vintern.<\/li>\n<\/ul>\n\n\n\n<h3 class=\"wp-block-heading\">Nedanst\u00e5ende f\u00f6rbrukningsartiklar \u00e4r av stort v\u00e4rde f\u00f6r oss:&nbsp;<\/h3>\n\n\n\n<p><\/p>\n\n\n\n<ul class=\"wp-block-list\">\n<li>Gr\u00f6ns\u00e5pa och Diskmedel<\/li>\n\n\n\n<li>Hush\u00e5llspapper\/Toapapper<\/li>\n\n\n\n<li>Eng\u00e5ngshandskar helst av nitril<\/li>\n\n\n\n<li>Frott\u00e9handdukar<\/li>\n\n\n\n<li>K\u00f6kshanddukar<\/li>\n<\/ul>\n\n\n\n<hr class=\"wp-block-separator has-alpha-channel-opacity\" \/>\n\n\n\n<div class=\"wp-block-columns is-layout-flex wp-container-core-columns-is-layout-1 wp-block-columns-is-layout-flex\">\n<div class=\"wp-block-column is-layout-flow wp-block-column-is-layout-flow\">\n<h2 class=\"wp-block-heading\">DIY &#8211; Fantasihj\u00e4lpen<\/h2>\n\n\n\n<pre class=\"wp-block-verse\"><em>M\u00e5nga g\u00e5nger vill man hj\u00e4lpa till men kanske inte kan skicka pengar. <br>D\u00e5 \u00e4r det<\/em> e<em>tt ypperligt tillf\u00e4lle att f\u00f6rdriva tiden p\u00e5 att g\u00f6ra n\u00e5got tillsammans med familjen! Det ger \u00e4ven kunskap till barnen att \u00e4ven om man inte kan ta hand om allt s\u00e5 kan alla g\u00f6ra n\u00e5got f\u00f6r att hj\u00e4lpa. <\/em><br><\/pre>\n\n\n<div class=\"wp-block-image\">\n<figure data-wp-context=\"{&quot;imageId&quot;:&quot;69ff61e6ca3d0&quot;}\" data-wp-interactive=\"core\/image\" class=\"alignright size-full is-resized wp-lightbox-container\"><img loading=\"lazy\" decoding=\"async\" width=\"720\" height=\"960\" data-wp-class--hide=\"state.isContentHidden\" data-wp-class--show=\"state.isContentVisible\" data-wp-init=\"callbacks.setButtonStyles\" data-wp-on-async--click=\"actions.showLightbox\" data-wp-on-async--load=\"callbacks.setButtonStyles\" data-wp-on-async-window--resize=\"callbacks.setButtonStyles\" src=\"https:\/\/www.djurskyddet.se\/billochbull\/wp-content\/uploads\/sites\/24\/2024\/05\/75472849_3089889877705703_3938406588624142336_n.jpg\" alt=\"\" class=\"wp-image-8983\" style=\"width:208px;height:auto\" srcset=\"https:\/\/www.djurskyddet.se\/billochbull\/wp-content\/uploads\/sites\/24\/2024\/05\/75472849_3089889877705703_3938406588624142336_n.jpg 720w, https:\/\/www.djurskyddet.se\/billochbull\/wp-content\/uploads\/sites\/24\/2024\/05\/75472849_3089889877705703_3938406588624142336_n-225x300.jpg 225w, https:\/\/www.djurskyddet.se\/billochbull\/wp-content\/uploads\/sites\/24\/2024\/05\/75472849_3089889877705703_3938406588624142336_n-400x533.jpg 400w\" sizes=\"auto, (max-width: 720px) 100vw, 720px\" \/><button\n\t\t\tclass=\"lightbox-trigger\"\n\t\t\ttype=\"button\"\n\t\t\taria-haspopup=\"dialog\"\n\t\t\taria-label=\"F\u00f6rstora bild\"\n\t\t\tdata-wp-init=\"callbacks.initTriggerButton\"\n\t\t\tdata-wp-on-async--click=\"actions.showLightbox\"\n\t\t\tdata-wp-style--right=\"state.imageButtonRight\"\n\t\t\tdata-wp-style--top=\"state.imageButtonTop\"\n\t\t>\n\t\t\t<svg xmlns=\"http:\/\/www.w3.org\/2000\/svg\" width=\"12\" height=\"12\" fill=\"none\" viewBox=\"0 0 12 12\">\n\t\t\t\t<path fill=\"#fff\" d=\"M2 0a2 2 0 0 0-2 2v2h1.5V2a.5.5 0 0 1 .5-.5h2V0H2Zm2 10.5H2a.5.5 0 0 1-.5-.5V8H0v2a2 2 0 0 0 2 2h2v-1.5ZM8 12v-1.5h2a.5.5 0 0 0 .5-.5V8H12v2a2 2 0 0 1-2 2H8Zm2-12a2 2 0 0 1 2 2v2h-1.5V2a.5.5 0 0 0-.5-.5H8V0h2Z\" \/>\n\t\t\t<\/svg>\n\t\t<\/button><figcaption class=\"wp-element-caption\"><em>Bild fr\u00e5n <a href=\"https:\/\/www.reddit.com\/r\/theviralthings\/comments\/usv9v4\/this_man_is_recycling_old_picnic_coolers_into\/\">&#8211;&gt;&gt;K\u00c4LLA&lt;&lt;&lt;&#8211;<\/a><\/em><\/figcaption><\/figure><\/div>\n\n\n<h3 class=\"wp-block-heading\"><mark style=\"background-color:#ffffff\" class=\"has-inline-color has-black-color\">Vinterbostad<\/mark><\/h3>\n\n\n\n<pre class=\"wp-block-preformatted\"><br>Ett exempel p\u00e5 n\u00e5got att bygga \u00e4r en vinterbostad, en plats d\u00e4r katten kan finna v\u00e4rme och \u00e4ven lugn f\u00f6r stunden.<br><br>Nu \u00e4r sommaren h\u00e4r, d\u00e5 \u00e4r det perfekt att b\u00f6rja rensa hemma och f\u00f6rbereda inf\u00f6r n\u00e4sta vinter. <br>Sk\u00e4nk g\u00e4rna en tanke till v\u00e5ra fyrbenta v\u00e4nner som inte har m\u00f6jlighet till tak \u00f6ver huvudet och en varm filt att sova p\u00e5 \u00f6ver natten. <\/pre>\n<\/div>\n<\/div>\n\n\n\n<h3 class=\"wp-block-heading\">Denna l\u00e5da nedanf\u00f6r har v\u00e5r k\u00e4ra volont\u00e4r Karin Altmann skapat.<\/h3>\n\n\n\n<figure class=\"wp-block-gallery aligncenter has-nested-images columns-default is-cropped wp-block-gallery-1 is-layout-flex wp-block-gallery-is-layout-flex\">\n<figure data-wp-context=\"{&quot;imageId&quot;:&quot;69ff61e6cad2d&quot;}\" data-wp-interactive=\"core\/image\" class=\"wp-block-image size-large wp-lightbox-container\"><img loading=\"lazy\" decoding=\"async\" width=\"1024\" height=\"472\" data-wp-class--hide=\"state.isContentHidden\" data-wp-class--show=\"state.isContentVisible\" data-wp-init=\"callbacks.setButtonStyles\" data-wp-on-async--click=\"actions.showLightbox\" data-wp-on-async--load=\"callbacks.setButtonStyles\" data-wp-on-async-window--resize=\"callbacks.setButtonStyles\" data-id=\"8993\" src=\"https:\/\/www.djurskyddet.se\/billochbull\/wp-content\/uploads\/sites\/24\/2024\/05\/391532313_2124962327845123_4721387113821647029_n-1.jpg\" alt=\"\" class=\"wp-image-8993\" srcset=\"https:\/\/www.djurskyddet.se\/billochbull\/wp-content\/uploads\/sites\/24\/2024\/05\/391532313_2124962327845123_4721387113821647029_n-1.jpg 1024w, https:\/\/www.djurskyddet.se\/billochbull\/wp-content\/uploads\/sites\/24\/2024\/05\/391532313_2124962327845123_4721387113821647029_n-1-300x138.jpg 300w, https:\/\/www.djurskyddet.se\/billochbull\/wp-content\/uploads\/sites\/24\/2024\/05\/391532313_2124962327845123_4721387113821647029_n-1-768x354.jpg 768w, https:\/\/www.djurskyddet.se\/billochbull\/wp-content\/uploads\/sites\/24\/2024\/05\/391532313_2124962327845123_4721387113821647029_n-1-400x184.jpg 400w\" sizes=\"auto, (max-width: 1024px) 100vw, 1024px\" \/><button\n\t\t\tclass=\"lightbox-trigger\"\n\t\t\ttype=\"button\"\n\t\t\taria-haspopup=\"dialog\"\n\t\t\taria-label=\"F\u00f6rstora bild\"\n\t\t\tdata-wp-init=\"callbacks.initTriggerButton\"\n\t\t\tdata-wp-on-async--click=\"actions.showLightbox\"\n\t\t\tdata-wp-style--right=\"state.imageButtonRight\"\n\t\t\tdata-wp-style--top=\"state.imageButtonTop\"\n\t\t>\n\t\t\t<svg xmlns=\"http:\/\/www.w3.org\/2000\/svg\" width=\"12\" height=\"12\" fill=\"none\" viewBox=\"0 0 12 12\">\n\t\t\t\t<path fill=\"#fff\" d=\"M2 0a2 2 0 0 0-2 2v2h1.5V2a.5.5 0 0 1 .5-.5h2V0H2Zm2 10.5H2a.5.5 0 0 1-.5-.5V8H0v2a2 2 0 0 0 2 2h2v-1.5ZM8 12v-1.5h2a.5.5 0 0 0 .5-.5V8H12v2a2 2 0 0 1-2 2H8Zm2-12a2 2 0 0 1 2 2v2h-1.5V2a.5.5 0 0 0-.5-.5H8V0h2Z\" \/>\n\t\t\t<\/svg>\n\t\t<\/button><figcaption class=\"wp-element-caption\">Sk\u00e4r ut frigolitbitar.<\/figcaption><\/figure>\n\n\n<div class=\"wp-block-image\">\n<figure data-wp-context=\"{&quot;imageId&quot;:&quot;69ff61e6cafcf&quot;}\" data-wp-interactive=\"core\/image\" class=\"aligncenter size-large wp-lightbox-container\"><img loading=\"lazy\" decoding=\"async\" width=\"1024\" height=\"473\" data-wp-class--hide=\"state.isContentHidden\" data-wp-class--show=\"state.isContentVisible\" data-wp-init=\"callbacks.setButtonStyles\" data-wp-on-async--click=\"actions.showLightbox\" data-wp-on-async--load=\"callbacks.setButtonStyles\" data-wp-on-async-window--resize=\"callbacks.setButtonStyles\" data-id=\"8992\" src=\"https:\/\/www.djurskyddet.se\/billochbull\/wp-content\/uploads\/sites\/24\/2024\/05\/386995706_2124962367845119_2732735352543005613_n-1.jpg\" alt=\"\" class=\"wp-image-8992\" srcset=\"https:\/\/www.djurskyddet.se\/billochbull\/wp-content\/uploads\/sites\/24\/2024\/05\/386995706_2124962367845119_2732735352543005613_n-1.jpg 1024w, https:\/\/www.djurskyddet.se\/billochbull\/wp-content\/uploads\/sites\/24\/2024\/05\/386995706_2124962367845119_2732735352543005613_n-1-300x139.jpg 300w, https:\/\/www.djurskyddet.se\/billochbull\/wp-content\/uploads\/sites\/24\/2024\/05\/386995706_2124962367845119_2732735352543005613_n-1-768x355.jpg 768w, https:\/\/www.djurskyddet.se\/billochbull\/wp-content\/uploads\/sites\/24\/2024\/05\/386995706_2124962367845119_2732735352543005613_n-1-400x185.jpg 400w\" sizes=\"auto, (max-width: 1024px) 100vw, 1024px\" \/><button\n\t\t\tclass=\"lightbox-trigger\"\n\t\t\ttype=\"button\"\n\t\t\taria-haspopup=\"dialog\"\n\t\t\taria-label=\"F\u00f6rstora bild\"\n\t\t\tdata-wp-init=\"callbacks.initTriggerButton\"\n\t\t\tdata-wp-on-async--click=\"actions.showLightbox\"\n\t\t\tdata-wp-style--right=\"state.imageButtonRight\"\n\t\t\tdata-wp-style--top=\"state.imageButtonTop\"\n\t\t>\n\t\t\t<svg xmlns=\"http:\/\/www.w3.org\/2000\/svg\" width=\"12\" height=\"12\" fill=\"none\" viewBox=\"0 0 12 12\">\n\t\t\t\t<path fill=\"#fff\" d=\"M2 0a2 2 0 0 0-2 2v2h1.5V2a.5.5 0 0 1 .5-.5h2V0H2Zm2 10.5H2a.5.5 0 0 1-.5-.5V8H0v2a2 2 0 0 0 2 2h2v-1.5ZM8 12v-1.5h2a.5.5 0 0 0 .5-.5V8H12v2a2 2 0 0 1-2 2H8Zm2-12a2 2 0 0 1 2 2v2h-1.5V2a.5.5 0 0 0-.5-.5H8V0h2Z\" \/>\n\t\t\t<\/svg>\n\t\t<\/button><figcaption class=\"wp-element-caption\">Packa en l\u00e5da med frigoliten och f\u00f6rs\u00f6k f\u00e5 det t\u00e4tt.<\/figcaption><\/figure><\/div>\n\n\n<figure data-wp-context=\"{&quot;imageId&quot;:&quot;69ff61e6cb2ae&quot;}\" data-wp-interactive=\"core\/image\" class=\"wp-block-image size-large is-style-default wp-lightbox-container\"><img loading=\"lazy\" decoding=\"async\" width=\"1024\" height=\"473\" data-wp-class--hide=\"state.isContentHidden\" data-wp-class--show=\"state.isContentVisible\" data-wp-init=\"callbacks.setButtonStyles\" data-wp-on-async--click=\"actions.showLightbox\" data-wp-on-async--load=\"callbacks.setButtonStyles\" data-wp-on-async-window--resize=\"callbacks.setButtonStyles\" data-id=\"8991\" src=\"https:\/\/www.djurskyddet.se\/billochbull\/wp-content\/uploads\/sites\/24\/2024\/05\/391563647_2124962404511782_9003348596896199277_n-1.jpg\" alt=\"\" class=\"wp-image-8991\" srcset=\"https:\/\/www.djurskyddet.se\/billochbull\/wp-content\/uploads\/sites\/24\/2024\/05\/391563647_2124962404511782_9003348596896199277_n-1.jpg 1024w, https:\/\/www.djurskyddet.se\/billochbull\/wp-content\/uploads\/sites\/24\/2024\/05\/391563647_2124962404511782_9003348596896199277_n-1-300x139.jpg 300w, https:\/\/www.djurskyddet.se\/billochbull\/wp-content\/uploads\/sites\/24\/2024\/05\/391563647_2124962404511782_9003348596896199277_n-1-768x355.jpg 768w, https:\/\/www.djurskyddet.se\/billochbull\/wp-content\/uploads\/sites\/24\/2024\/05\/391563647_2124962404511782_9003348596896199277_n-1-400x185.jpg 400w\" sizes=\"auto, (max-width: 1024px) 100vw, 1024px\" \/><button\n\t\t\tclass=\"lightbox-trigger\"\n\t\t\ttype=\"button\"\n\t\t\taria-haspopup=\"dialog\"\n\t\t\taria-label=\"F\u00f6rstora bild\"\n\t\t\tdata-wp-init=\"callbacks.initTriggerButton\"\n\t\t\tdata-wp-on-async--click=\"actions.showLightbox\"\n\t\t\tdata-wp-style--right=\"state.imageButtonRight\"\n\t\t\tdata-wp-style--top=\"state.imageButtonTop\"\n\t\t>\n\t\t\t<svg xmlns=\"http:\/\/www.w3.org\/2000\/svg\" width=\"12\" height=\"12\" fill=\"none\" viewBox=\"0 0 12 12\">\n\t\t\t\t<path fill=\"#fff\" d=\"M2 0a2 2 0 0 0-2 2v2h1.5V2a.5.5 0 0 1 .5-.5h2V0H2Zm2 10.5H2a.5.5 0 0 1-.5-.5V8H0v2a2 2 0 0 0 2 2h2v-1.5ZM8 12v-1.5h2a.5.5 0 0 0 .5-.5V8H12v2a2 2 0 0 1-2 2H8Zm2-12a2 2 0 0 1 2 2v2h-1.5V2a.5.5 0 0 0-.5-.5H8V0h2Z\" \/>\n\t\t\t<\/svg>\n\t\t<\/button><figcaption class=\"wp-element-caption\">Kl\u00e4 l\u00e5dan i n\u00e5got regn best\u00e4ndigt material.<\/figcaption><\/figure>\n<\/figure>\n\n\n\n<p><\/p>\n\n\n\n<div class=\"wp-block-buttons is-content-justification-center is-layout-flex wp-container-core-buttons-is-layout-1 wp-block-buttons-is-layout-flex\">\n<div class=\"wp-block-button is-style-fill\"><a class=\"wp-block-button__link has-black-color has-text-color has-background has-link-color wp-element-button\" href=\"https:\/\/hittekatter.ifokus.se\/discussion\/1197821\/vinterbostad-at-hemlosa-katter\" style=\"background:radial-gradient(rgb(181,255,43) 0%,rgb(124,174,28) 100%)\" target=\"_blank\" rel=\"noreferrer noopener\"><strong><em>L\u00e4s mer h\u00e4r om hur du kan bygga andra modeller&#8230;<\/em><\/strong><\/a><\/div>\n<\/div>\n\n\n\n<p><\/p>\n\n\n<div class=\"wp-block-image\">\n<figure class=\"aligncenter size-full\"><img loading=\"lazy\" decoding=\"async\" width=\"1024\" height=\"101\" src=\"https:\/\/www.djurskyddet.se\/billochbull\/wp-content\/uploads\/sites\/24\/2024\/05\/border-test-1-1.png\" alt=\"\" class=\"wp-image-8794\" srcset=\"https:\/\/www.djurskyddet.se\/billochbull\/wp-content\/uploads\/sites\/24\/2024\/05\/border-test-1-1.png 1024w, https:\/\/www.djurskyddet.se\/billochbull\/wp-content\/uploads\/sites\/24\/2024\/05\/border-test-1-1-300x30.png 300w, https:\/\/www.djurskyddet.se\/billochbull\/wp-content\/uploads\/sites\/24\/2024\/05\/border-test-1-1-768x76.png 768w, https:\/\/www.djurskyddet.se\/billochbull\/wp-content\/uploads\/sites\/24\/2024\/05\/border-test-1-1-400x39.png 400w\" sizes=\"auto, (max-width: 1024px) 100vw, 1024px\" \/><\/figure><\/div>","protected":false},"excerpt":{"rendered":"<p>Nedanst\u00e5ende mat och tillbeh\u00f6r \u00e4r av stort v\u00e4rde f\u00f6r oss:&nbsp; Nedanst\u00e5ende f\u00f6rbrukningsartiklar \u00e4r av stort v\u00e4rde f\u00f6r oss:&nbsp; DIY &#8211; Fantasihj\u00e4lpen M\u00e5nga g\u00e5nger vill man hj\u00e4lpa till men kanske inte kan skicka pengar. D\u00e5 \u00e4r det ett ypperligt tillf\u00e4lle att f\u00f6rdriva tiden p\u00e5 att g\u00f6ra n\u00e5got tillsammans med familjen! Det ger \u00e4ven kunskap till barnen att \u00e4ven om man inte kan ta hand om allt s\u00e5 kan alla g\u00f6ra n\u00e5got&hellip;<\/p>\n<p><a class=\"more-link\" href=\"https:\/\/www.djurskyddet.se\/billochbull\/stod-oss\/onskelista\/\" title=\"Continue reading &lsquo;\u00d6nskelista&rsquo;\">L&auml;s mer<span class=\"meta-nav\">&raquo;<\/span><\/a><\/p>\n","protected":false},"author":23,"featured_media":0,"parent":9579,"menu_order":0,"comment_status":"closed","ping_status":"closed","template":"left-sidebar.php","meta":{"_acf_changed":false,"footnotes":""},"class_list":["post-9014","page","type-page","status-publish","hentry"],"acf":[],"_links":{"self":[{"href":"https:\/\/www.djurskyddet.se\/billochbull\/wp-json\/wp\/v2\/pages\/9014","targetHints":{"allow":["GET"]}}],"collection":[{"href":"https:\/\/www.djurskyddet.se\/billochbull\/wp-json\/wp\/v2\/pages"}],"about":[{"href":"https:\/\/www.djurskyddet.se\/billochbull\/wp-json\/wp\/v2\/types\/page"}],"author":[{"embeddable":true,"href":"https:\/\/www.djurskyddet.se\/billochbull\/wp-json\/wp\/v2\/users\/23"}],"replies":[{"embeddable":true,"href":"https:\/\/www.djurskyddet.se\/billochbull\/wp-json\/wp\/v2\/comments?post=9014"}],"version-history":[{"count":19,"href":"https:\/\/www.djurskyddet.se\/billochbull\/wp-json\/wp\/v2\/pages\/9014\/revisions"}],"predecessor-version":[{"id":9161,"href":"https:\/\/www.djurskyddet.se\/billochbull\/wp-json\/wp\/v2\/pages\/9014\/revisions\/9161"}],"up":[{"embeddable":true,"href":"https:\/\/www.djurskyddet.se\/billochbull\/wp-json\/wp\/v2\/pages\/9579"}],"wp:attachment":[{"href":"https:\/\/www.djurskyddet.se\/billochbull\/wp-json\/wp\/v2\/media?parent=9014"}],"curies":[{"name":"wp","href":"https:\/\/api.w.org\/{rel}","templated":true}]}}