{"id":5500,"date":"2018-08-20T11:15:22","date_gmt":"2018-08-20T11:15:22","guid":{"rendered":"http:\/\/www.djurskyddet.se\/kopia\/?page_id=5500"},"modified":"2024-09-09T17:10:50","modified_gmt":"2024-09-09T17:10:50","slug":"loppis","status":"publish","type":"page","link":"https:\/\/www.djurskyddet.se\/bollnasovanaker\/loppis\/","title":{"rendered":"Loppis"},"content":{"rendered":"\n<p>Vi tar endast emot hela och rena saker som ni kan t\u00e4nka er att sk\u00e4nka till oss. Kontakta oss om ni har n\u00e5got ni vill donera s\u00e5 best\u00e4mmer vi en tid.<\/p>\n\n\n\n<p>Loppis brukar vi ha V\u00e5r och H\u00f6st. Ibland n\u00e5gon g\u00e5ng p\u00e5 sommaren i m\u00e5n av tid. D\u00e5 brukar vi annonsera p\u00e5 Facebook och Instagram. Vid v\u00e5ra loppisar h\u00f6st och v\u00e5r ges ocks\u00e5 tillf\u00e4lle att titta p\u00e5 v\u00e5ra katter som s\u00f6ker nya hem. Vi har kaffeservering, lotterier, s\u00e4ljer hembakt br\u00f6d och korv med br\u00f6d.  <\/p>\n\n\n\n<p>Vinster till v\u00e5ra lotterier fr\u00e5n f\u00f6retag och privatpersoner mottages tacksamt. Vill n\u00e5gon g\u00f6ra en insats och baka till f\u00f6rs\u00e4ljning och kaffeservering s\u00e5 mottages det med gl\u00e4dje. Alla pengar g\u00e5r till v\u00e5ra \u00e4lskade katter.&nbsp; <\/p>\n\n\n\n<figure class=\"wp-block-gallery has-nested-images columns-default is-cropped wp-block-gallery-1 is-layout-flex wp-block-gallery-is-layout-flex\">\n<figure class=\"wp-block-image size-full\"><img loading=\"lazy\" decoding=\"async\" width=\"1024\" height=\"683\" data-id=\"7289\" src=\"https:\/\/www.djurskyddet.se\/bollnasovanaker\/wp-content\/uploads\/sites\/32\/2024\/09\/loppis-nytt-6.jpg\" alt=\"\" class=\"wp-image-7289\" srcset=\"https:\/\/www.djurskyddet.se\/bollnasovanaker\/wp-content\/uploads\/sites\/32\/2024\/09\/loppis-nytt-6.jpg 1024w, https:\/\/www.djurskyddet.se\/bollnasovanaker\/wp-content\/uploads\/sites\/32\/2024\/09\/loppis-nytt-6-300x200.jpg 300w, https:\/\/www.djurskyddet.se\/bollnasovanaker\/wp-content\/uploads\/sites\/32\/2024\/09\/loppis-nytt-6-768x512.jpg 768w, https:\/\/www.djurskyddet.se\/bollnasovanaker\/wp-content\/uploads\/sites\/32\/2024\/09\/loppis-nytt-6-400x267.jpg 400w\" sizes=\"auto, (max-width: 1024px) 100vw, 1024px\" \/><\/figure>\n<\/figure>\n\n\n\n<p>Tack till alla er som bes\u00f6ker v\u00e5r-och h\u00f6stloppisarna  och fikar, k\u00f6per  korv, lotter, prylar, och hembakt br\u00f6d. Stort tack \u00e4ven till alla f\u00f6retag som sponsrat med vinster och till alla privatpersoner som bidragit med g\u00e5vor. Varma kramar till alla volont\u00e4rer som l\u00e4gger ner s\u00e5 mycket jobb b\u00e5de f\u00f6re och under sj\u00e4lva loppisdagarna. Ni alla som bidragit p\u00e5 n\u00e5got vis g\u00f6r skillnad och tack vare er alla s\u00e5 kan vi forts\u00e4tta v\u00e5rt viktiga arbete med att hj\u00e4lpa heml\u00f6sa och utsatta katter.<\/p>\n\n\n\n<figure class=\"wp-block-gallery has-nested-images columns-default is-cropped wp-block-gallery-2 is-layout-flex wp-block-gallery-is-layout-flex\">\n<figure class=\"wp-block-image size-full\"><img loading=\"lazy\" decoding=\"async\" width=\"450\" height=\"600\" data-id=\"7290\" src=\"https:\/\/www.djurskyddet.se\/bollnasovanaker\/wp-content\/uploads\/sites\/32\/2024\/09\/Loppis-nytt.jpg\" alt=\"\" class=\"wp-image-7290\" srcset=\"https:\/\/www.djurskyddet.se\/bollnasovanaker\/wp-content\/uploads\/sites\/32\/2024\/09\/Loppis-nytt.jpg 450w, https:\/\/www.djurskyddet.se\/bollnasovanaker\/wp-content\/uploads\/sites\/32\/2024\/09\/Loppis-nytt-225x300.jpg 225w, https:\/\/www.djurskyddet.se\/bollnasovanaker\/wp-content\/uploads\/sites\/32\/2024\/09\/Loppis-nytt-400x533.jpg 400w\" sizes=\"auto, (max-width: 450px) 100vw, 450px\" \/><\/figure>\n\n\n\n<figure class=\"wp-block-image size-full\"><img loading=\"lazy\" decoding=\"async\" width=\"768\" height=\"1024\" data-id=\"7291\" src=\"https:\/\/www.djurskyddet.se\/bollnasovanaker\/wp-content\/uploads\/sites\/32\/2024\/09\/loppis-nytt-3.jpg\" alt=\"\" class=\"wp-image-7291\" srcset=\"https:\/\/www.djurskyddet.se\/bollnasovanaker\/wp-content\/uploads\/sites\/32\/2024\/09\/loppis-nytt-3.jpg 768w, https:\/\/www.djurskyddet.se\/bollnasovanaker\/wp-content\/uploads\/sites\/32\/2024\/09\/loppis-nytt-3-225x300.jpg 225w, https:\/\/www.djurskyddet.se\/bollnasovanaker\/wp-content\/uploads\/sites\/32\/2024\/09\/loppis-nytt-3-400x533.jpg 400w\" sizes=\"auto, (max-width: 768px) 100vw, 768px\" \/><\/figure>\n\n\n\n<figure class=\"wp-block-image size-large\"><img loading=\"lazy\" decoding=\"async\" width=\"465\" height=\"960\" data-id=\"5581\" src=\"https:\/\/www.djurskyddet.se\/bollnasovanaker\/wp-content\/uploads\/sites\/32\/2019\/07\/26031893-exBZq-Copy.jpg\" alt=\"\" class=\"wp-image-5581\" srcset=\"https:\/\/www.djurskyddet.se\/bollnasovanaker\/wp-content\/uploads\/sites\/32\/2019\/07\/26031893-exBZq-Copy.jpg 465w, https:\/\/www.djurskyddet.se\/bollnasovanaker\/wp-content\/uploads\/sites\/32\/2019\/07\/26031893-exBZq-Copy-145x300.jpg 145w, https:\/\/www.djurskyddet.se\/bollnasovanaker\/wp-content\/uploads\/sites\/32\/2019\/07\/26031893-exBZq-Copy-400x826.jpg 400w\" sizes=\"auto, (max-width: 465px) 100vw, 465px\" \/><\/figure>\n\n\n\n<figure class=\"wp-block-image size-full\"><img loading=\"lazy\" decoding=\"async\" width=\"768\" height=\"1024\" data-id=\"7292\" src=\"https:\/\/www.djurskyddet.se\/bollnasovanaker\/wp-content\/uploads\/sites\/32\/2024\/09\/loppis-nytt-2.jpg\" alt=\"\" class=\"wp-image-7292\" srcset=\"https:\/\/www.djurskyddet.se\/bollnasovanaker\/wp-content\/uploads\/sites\/32\/2024\/09\/loppis-nytt-2.jpg 768w, https:\/\/www.djurskyddet.se\/bollnasovanaker\/wp-content\/uploads\/sites\/32\/2024\/09\/loppis-nytt-2-225x300.jpg 225w, https:\/\/www.djurskyddet.se\/bollnasovanaker\/wp-content\/uploads\/sites\/32\/2024\/09\/loppis-nytt-2-400x533.jpg 400w\" sizes=\"auto, (max-width: 768px) 100vw, 768px\" \/><\/figure>\n\n\n\n<figure class=\"wp-block-image size-large\"><img loading=\"lazy\" decoding=\"async\" width=\"586\" height=\"781\" data-id=\"5584\" src=\"https:\/\/www.djurskyddet.se\/bollnasovanaker\/wp-content\/uploads\/sites\/32\/2019\/07\/82464950-rr2rq.jpg\" alt=\"\" class=\"wp-image-5584\" srcset=\"https:\/\/www.djurskyddet.se\/bollnasovanaker\/wp-content\/uploads\/sites\/32\/2019\/07\/82464950-rr2rq.jpg 586w, https:\/\/www.djurskyddet.se\/bollnasovanaker\/wp-content\/uploads\/sites\/32\/2019\/07\/82464950-rr2rq-225x300.jpg 225w, https:\/\/www.djurskyddet.se\/bollnasovanaker\/wp-content\/uploads\/sites\/32\/2019\/07\/82464950-rr2rq-400x533.jpg 400w\" sizes=\"auto, (max-width: 586px) 100vw, 586px\" \/><\/figure>\n\n\n\n<figure class=\"wp-block-image size-large\"><img loading=\"lazy\" decoding=\"async\" width=\"586\" height=\"781\" data-id=\"5585\" src=\"https:\/\/www.djurskyddet.se\/bollnasovanaker\/wp-content\/uploads\/sites\/32\/2019\/07\/82464963-VcDp2.jpg\" alt=\"\" class=\"wp-image-5585\" srcset=\"https:\/\/www.djurskyddet.se\/bollnasovanaker\/wp-content\/uploads\/sites\/32\/2019\/07\/82464963-VcDp2.jpg 586w, https:\/\/www.djurskyddet.se\/bollnasovanaker\/wp-content\/uploads\/sites\/32\/2019\/07\/82464963-VcDp2-225x300.jpg 225w, https:\/\/www.djurskyddet.se\/bollnasovanaker\/wp-content\/uploads\/sites\/32\/2019\/07\/82464963-VcDp2-400x533.jpg 400w\" sizes=\"auto, (max-width: 586px) 100vw, 586px\" \/><\/figure>\n\n\n\n<figure class=\"wp-block-image size-full\"><img loading=\"lazy\" decoding=\"async\" width=\"768\" height=\"1024\" data-id=\"7293\" src=\"https:\/\/www.djurskyddet.se\/bollnasovanaker\/wp-content\/uploads\/sites\/32\/2024\/09\/loppis-nytt-5.jpg\" alt=\"\" class=\"wp-image-7293\" srcset=\"https:\/\/www.djurskyddet.se\/bollnasovanaker\/wp-content\/uploads\/sites\/32\/2024\/09\/loppis-nytt-5.jpg 768w, https:\/\/www.djurskyddet.se\/bollnasovanaker\/wp-content\/uploads\/sites\/32\/2024\/09\/loppis-nytt-5-225x300.jpg 225w, https:\/\/www.djurskyddet.se\/bollnasovanaker\/wp-content\/uploads\/sites\/32\/2024\/09\/loppis-nytt-5-400x533.jpg 400w\" sizes=\"auto, (max-width: 768px) 100vw, 768px\" \/><\/figure>\n<\/figure>\n","protected":false},"excerpt":{"rendered":"<p>Vi tar endast emot hela och rena saker som ni kan t\u00e4nka er att sk\u00e4nka till oss. Kontakta oss om ni har n\u00e5got ni vill donera s\u00e5 best\u00e4mmer vi en tid. Loppis brukar vi ha V\u00e5r och H\u00f6st. Ibland n\u00e5gon g\u00e5ng p\u00e5 sommaren i m\u00e5n av tid. D\u00e5 brukar vi annonsera p\u00e5 Facebook och Instagram. Vid v\u00e5ra loppisar h\u00f6st och v\u00e5r ges ocks\u00e5 tillf\u00e4lle att titta p\u00e5 v\u00e5ra katter som&hellip;<\/p>\n<p><a class=\"more-link\" href=\"https:\/\/www.djurskyddet.se\/bollnasovanaker\/loppis\/\" title=\"Continue reading &lsquo;Loppis&rsquo;\">L&auml;s mer<span class=\"meta-nav\">&raquo;<\/span><\/a><\/p>\n","protected":false},"author":3,"featured_media":0,"parent":0,"menu_order":0,"comment_status":"closed","ping_status":"closed","template":"page-templates\/left-sidebar.php","meta":{"_acf_changed":false,"footnotes":""},"class_list":["post-5500","page","type-page","status-publish","hentry"],"acf":[],"_links":{"self":[{"href":"https:\/\/www.djurskyddet.se\/bollnasovanaker\/wp-json\/wp\/v2\/pages\/5500","targetHints":{"allow":["GET"]}}],"collection":[{"href":"https:\/\/www.djurskyddet.se\/bollnasovanaker\/wp-json\/wp\/v2\/pages"}],"about":[{"href":"https:\/\/www.djurskyddet.se\/bollnasovanaker\/wp-json\/wp\/v2\/types\/page"}],"author":[{"embeddable":true,"href":"https:\/\/www.djurskyddet.se\/bollnasovanaker\/wp-json\/wp\/v2\/users\/3"}],"replies":[{"embeddable":true,"href":"https:\/\/www.djurskyddet.se\/bollnasovanaker\/wp-json\/wp\/v2\/comments?post=5500"}],"version-history":[{"count":18,"href":"https:\/\/www.djurskyddet.se\/bollnasovanaker\/wp-json\/wp\/v2\/pages\/5500\/revisions"}],"predecessor-version":[{"id":7294,"href":"https:\/\/www.djurskyddet.se\/bollnasovanaker\/wp-json\/wp\/v2\/pages\/5500\/revisions\/7294"}],"wp:attachment":[{"href":"https:\/\/www.djurskyddet.se\/bollnasovanaker\/wp-json\/wp\/v2\/media?parent=5500"}],"curies":[{"name":"wp","href":"https:\/\/api.w.org\/{rel}","templated":true}]}}