{"id":5589,"date":"2019-07-26T13:33:37","date_gmt":"2019-07-26T13:33:37","guid":{"rendered":"https:\/\/www.djurskyddet.se\/bollnasovanaker\/?page_id=5589"},"modified":"2025-09-02T12:32:57","modified_gmt":"2025-09-02T12:32:57","slug":"verksamhet-styrelse","status":"publish","type":"page","link":"https:\/\/www.djurskyddet.se\/bollnasovanaker\/om-oss\/verksamhet-styrelse\/","title":{"rendered":"Verksamhet"},"content":{"rendered":"\n<h2 class=\"wp-block-heading\" id=\"verksamhetsberattelse-for-2021\">Verksamhetsber\u00e4ttelse f\u00f6r 2024<\/h2>\n\n\n\n<p>\u00c5rsm\u00f6tet h\u00f6lls p\u00e5 katthemmet 2025-03-27.<\/p>\n\n\n\n<p>Vi har haft 7 styrelsem\u00f6ten under \u00e5ret.<\/p>\n\n\n\n<p>Styrelsen har under \u00e5ret fungerat som djurhemsansvariga och pressansvariga.<\/p>\n\n\n\n<p>F\u00f6reningen har 2024-12-31 223 medlemmar.<\/p>\n\n\n\n<p>27 katter har omh\u00e4ndertagits och 18 katter har adopterats till permanenta hem.<br>15 katter har varit placerade i jourhem, 4 katter har avlivats pga sjukdom.<\/p>\n\n\n\n<p>Vi har haft v\u00e5rloppis den 4\/5 samtidigt som H\u00e4ggesta marknad och h\u00f6stloppis den 26\/8. <\/p>\n\n\n\n<p>Servering av kaffe med hembakt br\u00f6d, f\u00f6rs\u00e4ljning av loppisprylar, lotter, korv &amp; br\u00f6d och hembakt br\u00f6d. \u00d6ppet hus med visning av v\u00e5ra katter.<\/p>\n\n\n\n<p>Julskyltning p\u00e5 stan med visning av bilder p\u00e5 v\u00e5ra katter och f\u00f6rs\u00e4ljning av hembakt br\u00f6d.<\/p>\n\n\n\n<p>Vi f\u00e5r \u00e5rliga bidrag av Bolln\u00e4s och Ovan\u00e5kers kommuner och \u00e4ven fr\u00e5n Djurskyddet Sverige<\/p>\n\n\n\n<p>Vi \u00e4r i stort behov av volont\u00e4rer.<\/p>\n\n\n\n<p>Styrelsen vill tacka alla medlemmar och alla personer som p\u00e5 olika s\u00e4tt hj\u00e4lper oss till en fungerande verksamhet.<\/p>\n\n\n\n<p>Bolln\u00e4s 2025-03-27<\/p>\n","protected":false},"excerpt":{"rendered":"<p>Verksamhetsber\u00e4ttelse f\u00f6r 2024 \u00c5rsm\u00f6tet h\u00f6lls p\u00e5 katthemmet 2025-03-27. Vi har haft 7 styrelsem\u00f6ten under \u00e5ret. Styrelsen har under \u00e5ret fungerat som djurhemsansvariga och pressansvariga. F\u00f6reningen har 2024-12-31 223 medlemmar. 27 katter har omh\u00e4ndertagits och 18 katter har adopterats till permanenta hem.15 katter har varit placerade i jourhem, 4 katter har avlivats pga sjukdom. Vi har haft v\u00e5rloppis den 4\/5 samtidigt som H\u00e4ggesta marknad och h\u00f6stloppis den 26\/8. Servering av kaffe&hellip;<\/p>\n<p><a class=\"more-link\" href=\"https:\/\/www.djurskyddet.se\/bollnasovanaker\/om-oss\/verksamhet-styrelse\/\" title=\"Continue reading &lsquo;Verksamhet&rsquo;\">L&auml;s mer<span class=\"meta-nav\">&raquo;<\/span><\/a><\/p>\n","protected":false},"author":29,"featured_media":0,"parent":5591,"menu_order":0,"comment_status":"closed","ping_status":"closed","template":"left-sidebar.php","meta":{"_acf_changed":false,"footnotes":""},"class_list":["post-5589","page","type-page","status-publish","hentry"],"acf":[],"_links":{"self":[{"href":"https:\/\/www.djurskyddet.se\/bollnasovanaker\/wp-json\/wp\/v2\/pages\/5589","targetHints":{"allow":["GET"]}}],"collection":[{"href":"https:\/\/www.djurskyddet.se\/bollnasovanaker\/wp-json\/wp\/v2\/pages"}],"about":[{"href":"https:\/\/www.djurskyddet.se\/bollnasovanaker\/wp-json\/wp\/v2\/types\/page"}],"author":[{"embeddable":true,"href":"https:\/\/www.djurskyddet.se\/bollnasovanaker\/wp-json\/wp\/v2\/users\/29"}],"replies":[{"embeddable":true,"href":"https:\/\/www.djurskyddet.se\/bollnasovanaker\/wp-json\/wp\/v2\/comments?post=5589"}],"version-history":[{"count":13,"href":"https:\/\/www.djurskyddet.se\/bollnasovanaker\/wp-json\/wp\/v2\/pages\/5589\/revisions"}],"predecessor-version":[{"id":7371,"href":"https:\/\/www.djurskyddet.se\/bollnasovanaker\/wp-json\/wp\/v2\/pages\/5589\/revisions\/7371"}],"up":[{"embeddable":true,"href":"https:\/\/www.djurskyddet.se\/bollnasovanaker\/wp-json\/wp\/v2\/pages\/5591"}],"wp:attachment":[{"href":"https:\/\/www.djurskyddet.se\/bollnasovanaker\/wp-json\/wp\/v2\/media?parent=5589"}],"curies":[{"name":"wp","href":"https:\/\/api.w.org\/{rel}","templated":true}]}}