{"id":5591,"date":"2019-07-26T13:42:05","date_gmt":"2019-07-26T13:42:05","guid":{"rendered":"https:\/\/www.djurskyddet.se\/bollnasovanaker\/?page_id=5591"},"modified":"2021-09-29T11:06:04","modified_gmt":"2021-09-29T11:06:04","slug":"om-oss","status":"publish","type":"page","link":"https:\/\/www.djurskyddet.se\/bollnasovanaker\/om-oss\/","title":{"rendered":"Om oss"},"content":{"rendered":"\n<p>M\u00e5nga djur far idag illa i samh\u00e4llet. S\u00e4llskapsdjur missk\u00f6ts, gl\u00f6ms bort\u00a0och \u00f6verges. Speciellt katter har v\u00e4ldigt l\u00e5g status.<br>Alla djur har r\u00e4tt till ett v\u00e4rdigt liv! Ingen kan g\u00f6ra allt men alla kan g\u00f6ra n\u00e5got.<br>Du kan st\u00f6dja Djurskyddet Bolln\u00e4s\/Ovan\u00e5ker p\u00e5 flera s\u00e4tt<\/p>\n\n\n\n<p>Vill du hj\u00e4lpa Djurskyddet. Bli d\u00e5 medlem, ge en g\u00e5va eller g\u00f6r ett bes\u00f6k hos oss p\u00e5 v\u00e5ra loppisar.<br>\u00d6ppna ditt hem f\u00f6r n\u00e5gon av v\u00e5ra katter som beh\u00f6ver ett k\u00e4rleksfullt hem.<br>Du kan ocks\u00e5 l\u00e4mna kattmat, leksaker och loppissaker direkt till oss. Ring g\u00e4rna f\u00f6re eller skicka ett sms om ingen \u00e4r d\u00e4r 070-302 80 06. <br>Vi beh\u00f6ver allt st\u00f6d och tar tacksamt emot det! <\/p>\n","protected":false},"excerpt":{"rendered":"<p>M\u00e5nga djur far idag illa i samh\u00e4llet. S\u00e4llskapsdjur missk\u00f6ts, gl\u00f6ms bort\u00a0och \u00f6verges. Speciellt katter har v\u00e4ldigt l\u00e5g status.Alla djur har r\u00e4tt till ett v\u00e4rdigt liv! Ingen kan g\u00f6ra allt men alla kan g\u00f6ra n\u00e5got.Du kan st\u00f6dja Djurskyddet Bolln\u00e4s\/Ovan\u00e5ker p\u00e5 flera s\u00e4tt Vill du hj\u00e4lpa Djurskyddet. Bli d\u00e5 medlem, ge en g\u00e5va eller g\u00f6r ett bes\u00f6k hos oss p\u00e5 v\u00e5ra loppisar.\u00d6ppna ditt hem f\u00f6r n\u00e5gon av v\u00e5ra katter som beh\u00f6ver ett&hellip;<\/p>\n<p><a class=\"more-link\" href=\"https:\/\/www.djurskyddet.se\/bollnasovanaker\/om-oss\/\" title=\"Continue reading &lsquo;Om oss&rsquo;\">L&auml;s mer<span class=\"meta-nav\">&raquo;<\/span><\/a><\/p>\n","protected":false},"author":29,"featured_media":0,"parent":0,"menu_order":0,"comment_status":"closed","ping_status":"closed","template":"left-sidebar.php","meta":{"_acf_changed":false,"footnotes":""},"class_list":["post-5591","page","type-page","status-publish","hentry"],"acf":[],"_links":{"self":[{"href":"https:\/\/www.djurskyddet.se\/bollnasovanaker\/wp-json\/wp\/v2\/pages\/5591","targetHints":{"allow":["GET"]}}],"collection":[{"href":"https:\/\/www.djurskyddet.se\/bollnasovanaker\/wp-json\/wp\/v2\/pages"}],"about":[{"href":"https:\/\/www.djurskyddet.se\/bollnasovanaker\/wp-json\/wp\/v2\/types\/page"}],"author":[{"embeddable":true,"href":"https:\/\/www.djurskyddet.se\/bollnasovanaker\/wp-json\/wp\/v2\/users\/29"}],"replies":[{"embeddable":true,"href":"https:\/\/www.djurskyddet.se\/bollnasovanaker\/wp-json\/wp\/v2\/comments?post=5591"}],"version-history":[{"count":5,"href":"https:\/\/www.djurskyddet.se\/bollnasovanaker\/wp-json\/wp\/v2\/pages\/5591\/revisions"}],"predecessor-version":[{"id":6031,"href":"https:\/\/www.djurskyddet.se\/bollnasovanaker\/wp-json\/wp\/v2\/pages\/5591\/revisions\/6031"}],"wp:attachment":[{"href":"https:\/\/www.djurskyddet.se\/bollnasovanaker\/wp-json\/wp\/v2\/media?parent=5591"}],"curies":[{"name":"wp","href":"https:\/\/api.w.org\/{rel}","templated":true}]}}