{"id":5597,"date":"2019-07-26T13:45:44","date_gmt":"2019-07-26T13:45:44","guid":{"rendered":"https:\/\/www.djurskyddet.se\/bollnasovanaker\/?page_id=5597"},"modified":"2024-09-09T09:16:32","modified_gmt":"2024-09-09T09:16:32","slug":"djurhemmet","status":"publish","type":"page","link":"https:\/\/www.djurskyddet.se\/bollnasovanaker\/djurhemmet\/","title":{"rendered":"Djurhemmet"},"content":{"rendered":"\n<p>Djurhemmet ligger i Bolln\u00e4s p\u00e5 H\u00e4ggesta industriomr\u00e5de, Indusdtrigastan 3.\u00a0D\u00e4r kan vi ta emot s\u00e5 m\u00e5nga katter som vi har tillst\u00e5nd f\u00f6r.\u00a0Vi har tillst\u00e5nd att ha 25 vuxna katter + kattungar.<br>Vi har tillst\u00e5nd att s\u00e4lja katter enligt djurskyddslagen\u00a0\u00a716. Hundar och andra djur kan vi hj\u00e4lpa till att omplacera.<\/p>\n\n\n\n<p>Djurhemmet&nbsp;best\u00e5r av ett k\u00f6k och tre rum med&nbsp;inredda hytter. Katterna f\u00e5r komma ut ur sina hytter&nbsp;tillsammans med de katter de trivs ihop med. Vi har ett lekrum och fem rastg\u00e5rdar d\u00e4r de katter som vill brukar vistas varje dag. Vi har tv\u00e5 karant\u00e4ner nyinkomna katter vistas tills de har varit till veterin\u00e4ren. Vi \u00e4r v\u00e4ldigt&nbsp;noga med hygienen, det ska vara rent s\u00e5 att inte on\u00f6dig smitta uppst\u00e5r. <\/p>\n\n\n\n<p>I&nbsp;f\u00f6rsta hand tar vi emot katter som \u00e4r \u00f6vergivna och far illa. M\u00e5nga av de nya katterna \u00e4r skygga&nbsp;och ibland kan det ta tid innan vi kan \u00e5ka till veterin\u00e4ren med dem. Vi m\u00e5ste kunna hantera katterna och ta dem till veterin\u00e4ren, innan vi kan s\u00e4tta ut dom till f\u00f6rs\u00e4ljning. Detta medf\u00f6r att vi ofta har&nbsp;k\u00f6 till v\u00e5rt djurhem.<\/p>\n\n\n\n<p>Alla som arbetar hos oss g\u00f6r det ideellt och har detta som fritidssyssels\u00e4ttning. Vi har olika arbetsuppgifter och vill arbeta med katterna i lugn och ro. D\u00e4rf\u00f6r vill vi att alla som \u00f6nskar g\u00f6ra ett bes\u00f6k hos oss eller titta p\u00e5 katt tar h\u00e4nsyn&nbsp;till detta och bokar tid. Vi undanber spontana bes\u00f6k!<\/p>\n\n\n\n<p>Vill du n\u00e5 oss p\u00e5 telefon s\u00e5 ring&nbsp;<strong>070-3028006. <\/strong>Om vi inte svarar s\u00e5 l\u00e4mna ett meddelande s\u00e5 h\u00f6r vi av oss&nbsp;s\u00e5 fort vi kan.<\/p>\n\n\n\n<figure class=\"wp-block-gallery has-nested-images columns-default is-cropped wp-block-gallery-1 is-layout-flex wp-block-gallery-is-layout-flex\">\n<figure class=\"wp-block-image size-large\"><img loading=\"lazy\" decoding=\"async\" width=\"500\" height=\"333\" data-id=\"5599\" src=\"https:\/\/www.djurskyddet.se\/bollnasovanaker\/wp-content\/uploads\/sites\/32\/2019\/07\/19122623-quHi1-Copy.jpg\" alt=\"\" class=\"wp-image-5599\" srcset=\"https:\/\/www.djurskyddet.se\/bollnasovanaker\/wp-content\/uploads\/sites\/32\/2019\/07\/19122623-quHi1-Copy.jpg 500w, https:\/\/www.djurskyddet.se\/bollnasovanaker\/wp-content\/uploads\/sites\/32\/2019\/07\/19122623-quHi1-Copy-300x200.jpg 300w, https:\/\/www.djurskyddet.se\/bollnasovanaker\/wp-content\/uploads\/sites\/32\/2019\/07\/19122623-quHi1-Copy-400x266.jpg 400w\" sizes=\"auto, (max-width: 500px) 100vw, 500px\" \/><\/figure>\n\n\n\n<figure class=\"wp-block-image size-large\"><img loading=\"lazy\" decoding=\"async\" width=\"500\" height=\"333\" data-id=\"5600\" src=\"https:\/\/www.djurskyddet.se\/bollnasovanaker\/wp-content\/uploads\/sites\/32\/2019\/07\/19122643-qIBXC-Copy.jpg\" alt=\"\" class=\"wp-image-5600\" srcset=\"https:\/\/www.djurskyddet.se\/bollnasovanaker\/wp-content\/uploads\/sites\/32\/2019\/07\/19122643-qIBXC-Copy.jpg 500w, https:\/\/www.djurskyddet.se\/bollnasovanaker\/wp-content\/uploads\/sites\/32\/2019\/07\/19122643-qIBXC-Copy-300x200.jpg 300w, https:\/\/www.djurskyddet.se\/bollnasovanaker\/wp-content\/uploads\/sites\/32\/2019\/07\/19122643-qIBXC-Copy-400x266.jpg 400w\" sizes=\"auto, (max-width: 500px) 100vw, 500px\" \/><\/figure>\n\n\n\n<figure class=\"wp-block-image size-large\"><img loading=\"lazy\" decoding=\"async\" width=\"600\" height=\"371\" data-id=\"5603\" src=\"https:\/\/www.djurskyddet.se\/bollnasovanaker\/wp-content\/uploads\/sites\/32\/2019\/07\/19079695-6vJRZ-Copy-1.jpg\" alt=\"\" class=\"wp-image-5603\" srcset=\"https:\/\/www.djurskyddet.se\/bollnasovanaker\/wp-content\/uploads\/sites\/32\/2019\/07\/19079695-6vJRZ-Copy-1.jpg 600w, https:\/\/www.djurskyddet.se\/bollnasovanaker\/wp-content\/uploads\/sites\/32\/2019\/07\/19079695-6vJRZ-Copy-1-300x186.jpg 300w, https:\/\/www.djurskyddet.se\/bollnasovanaker\/wp-content\/uploads\/sites\/32\/2019\/07\/19079695-6vJRZ-Copy-1-400x247.jpg 400w\" sizes=\"auto, (max-width: 600px) 100vw, 600px\" \/><\/figure>\n<\/figure>\n","protected":false},"excerpt":{"rendered":"<p>Vi finns p\u00e5 facebook:<br \/>\nhttps:\/\/www.facebook.com\/Djurskyddet-Bolln%C3%A4sOvan%C3%A5ker-282831968424617\/<\/p>\n<p>Vi finns p\u00e5 Instagram:<br \/>\n@djurskyddet_bollnas_ovanaker<\/p>\n","protected":false},"author":29,"featured_media":0,"parent":0,"menu_order":0,"comment_status":"closed","ping_status":"closed","template":"left-sidebar.php","meta":{"_acf_changed":false,"footnotes":""},"class_list":["post-5597","page","type-page","status-publish","hentry"],"acf":[],"_links":{"self":[{"href":"https:\/\/www.djurskyddet.se\/bollnasovanaker\/wp-json\/wp\/v2\/pages\/5597","targetHints":{"allow":["GET"]}}],"collection":[{"href":"https:\/\/www.djurskyddet.se\/bollnasovanaker\/wp-json\/wp\/v2\/pages"}],"about":[{"href":"https:\/\/www.djurskyddet.se\/bollnasovanaker\/wp-json\/wp\/v2\/types\/page"}],"author":[{"embeddable":true,"href":"https:\/\/www.djurskyddet.se\/bollnasovanaker\/wp-json\/wp\/v2\/users\/29"}],"replies":[{"embeddable":true,"href":"https:\/\/www.djurskyddet.se\/bollnasovanaker\/wp-json\/wp\/v2\/comments?post=5597"}],"version-history":[{"count":5,"href":"https:\/\/www.djurskyddet.se\/bollnasovanaker\/wp-json\/wp\/v2\/pages\/5597\/revisions"}],"predecessor-version":[{"id":7123,"href":"https:\/\/www.djurskyddet.se\/bollnasovanaker\/wp-json\/wp\/v2\/pages\/5597\/revisions\/7123"}],"wp:attachment":[{"href":"https:\/\/www.djurskyddet.se\/bollnasovanaker\/wp-json\/wp\/v2\/media?parent=5597"}],"curies":[{"name":"wp","href":"https:\/\/api.w.org\/{rel}","templated":true}]}}