{"id":5605,"date":"2019-07-26T13:48:07","date_gmt":"2019-07-26T13:48:07","guid":{"rendered":"https:\/\/www.djurskyddet.se\/bollnasovanaker\/?page_id=5605"},"modified":"2022-07-27T19:19:47","modified_gmt":"2022-07-27T19:19:47","slug":"katter","status":"publish","type":"page","link":"https:\/\/www.djurskyddet.se\/bollnasovanaker\/djurhemmet\/katter\/","title":{"rendered":"S\u00e5 fungerar det"},"content":{"rendered":"\n<p>En katt fr\u00e5n oss\u00a0kostar <strong>1000<\/strong> <strong>kronor<\/strong>. Katten \u00e4r alltid veterin\u00e4runders\u00f6kt,\u00a0vaccinerad,\u00a0kastrerad och id-m\u00e4rkt. Kattungar \u00e4r 12 veckor eller \u00e4ldre n\u00e4r de l\u00e4mnar djurhemmet. Obs! Vi tar en bokningsavgift p\u00e5 200 kronor som ej \u00e5terf\u00e5s vid \u00e5nger. Vi vill att ni bes\u00f6ker oss 2-3 ggr f\u00f6r vi \u00e4r noga med att r\u00e4tt katt kommer till r\u00e4tt hem.<\/p>\n\n\n\n<p>Du f\u00e5r skriva p\u00e5 ett kontrakt\/avtal att du ska sk\u00f6ta katten v\u00e4l. D\u00e4r st\u00e5r ocks\u00e5 en del r\u00e5d som vi vill att du f\u00f6ljer. Vi skicka g\u00e4rna kontrakten p\u00e5 mailen som ni kan l\u00e4sa igrenom innan ni bes\u00f6ker oss.<\/p>\n\n\n\n<p>Vi vill inte att\u00a0katter ska vara\u00a0utekatter i\u00a0hyreshus och t\u00e4tbebyggt omr\u00e5de eller om du bor n\u00e4ra en st\u00f6rre v\u00e4g med mycket trafik! Bor du i s\u00e5dan milj\u00f6 f\u00e5r katten vara innekatt. M\u00e5nga av v\u00e5ra katter har redan levt ett h\u00e5rt liv och vi vill inte att det ska upprepas.<\/p>\n\n\n\n<figure class=\"wp-block-gallery has-nested-images columns-default is-cropped wp-block-gallery-1 is-layout-flex wp-block-gallery-is-layout-flex\">\n<figure class=\"wp-block-image size-large\"><img loading=\"lazy\" decoding=\"async\" width=\"155\" height=\"206\" data-id=\"5988\" src=\"https:\/\/www.djurskyddet.se\/bollnasovanaker\/wp-content\/uploads\/sites\/32\/2021\/03\/Simon-hemsidan-2.jpg\" alt=\"\" class=\"wp-image-5988\" \/><\/figure>\n\n\n\n<figure class=\"wp-block-image size-large\"><img loading=\"lazy\" decoding=\"async\" width=\"764\" height=\"1024\" data-id=\"5926\" src=\"https:\/\/www.djurskyddet.se\/bollnasovanaker\/wp-content\/uploads\/sites\/32\/2021\/03\/M\u00e5na-hemsidan-2-764x1024.jpg\" alt=\"\" class=\"wp-image-5926\" srcset=\"https:\/\/www.djurskyddet.se\/bollnasovanaker\/wp-content\/uploads\/sites\/32\/2021\/03\/M\u00e5na-hemsidan-2.jpg 764w, https:\/\/www.djurskyddet.se\/bollnasovanaker\/wp-content\/uploads\/sites\/32\/2021\/03\/M\u00e5na-hemsidan-2-224x300.jpg 224w, https:\/\/www.djurskyddet.se\/bollnasovanaker\/wp-content\/uploads\/sites\/32\/2021\/03\/M\u00e5na-hemsidan-2-400x536.jpg 400w\" sizes=\"auto, (max-width: 764px) 100vw, 764px\" \/><\/figure>\n\n\n\n<figure class=\"wp-block-image size-large\"><img loading=\"lazy\" decoding=\"async\" width=\"538\" height=\"797\" data-id=\"5920\" src=\"https:\/\/www.djurskyddet.se\/bollnasovanaker\/wp-content\/uploads\/sites\/32\/2021\/03\/IMG_20210309_114526.jpg\" alt=\"\" class=\"wp-image-5920\" srcset=\"https:\/\/www.djurskyddet.se\/bollnasovanaker\/wp-content\/uploads\/sites\/32\/2021\/03\/IMG_20210309_114526.jpg 538w, https:\/\/www.djurskyddet.se\/bollnasovanaker\/wp-content\/uploads\/sites\/32\/2021\/03\/IMG_20210309_114526-203x300.jpg 203w, https:\/\/www.djurskyddet.se\/bollnasovanaker\/wp-content\/uploads\/sites\/32\/2021\/03\/IMG_20210309_114526-400x593.jpg 400w\" sizes=\"auto, (max-width: 538px) 100vw, 538px\" \/><\/figure>\n<\/figure>\n\n\n\n<p><\/p>\n\n\n\n<p><br><\/p>\n","protected":false},"excerpt":{"rendered":"<p>En katt fr\u00e5n oss\u00a0kostar 1000 kronor. Katten \u00e4r alltid veterin\u00e4runders\u00f6kt,\u00a0vaccinerad,\u00a0kastrerad och id-m\u00e4rkt. Kattungar \u00e4r 12 veckor eller \u00e4ldre n\u00e4r de l\u00e4mnar djurhemmet. Obs! Vi tar en bokningsavgift p\u00e5 200 kronor som ej \u00e5terf\u00e5s vid \u00e5nger. Vi vill att ni bes\u00f6ker oss 2-3 ggr f\u00f6r vi \u00e4r noga med att r\u00e4tt katt kommer till r\u00e4tt hem. Du f\u00e5r skriva p\u00e5 ett kontrakt\/avtal att du ska sk\u00f6ta katten v\u00e4l. D\u00e4r st\u00e5r ocks\u00e5&hellip;<\/p>\n<p><a class=\"more-link\" href=\"https:\/\/www.djurskyddet.se\/bollnasovanaker\/djurhemmet\/katter\/\" title=\"Continue reading &lsquo;S\u00e5 fungerar det&rsquo;\">L&auml;s mer<span class=\"meta-nav\">&raquo;<\/span><\/a><\/p>\n","protected":false},"author":29,"featured_media":0,"parent":5597,"menu_order":0,"comment_status":"closed","ping_status":"closed","template":"left-sidebar.php","meta":{"_acf_changed":false,"footnotes":""},"class_list":["post-5605","page","type-page","status-publish","hentry"],"acf":[],"_links":{"self":[{"href":"https:\/\/www.djurskyddet.se\/bollnasovanaker\/wp-json\/wp\/v2\/pages\/5605","targetHints":{"allow":["GET"]}}],"collection":[{"href":"https:\/\/www.djurskyddet.se\/bollnasovanaker\/wp-json\/wp\/v2\/pages"}],"about":[{"href":"https:\/\/www.djurskyddet.se\/bollnasovanaker\/wp-json\/wp\/v2\/types\/page"}],"author":[{"embeddable":true,"href":"https:\/\/www.djurskyddet.se\/bollnasovanaker\/wp-json\/wp\/v2\/users\/29"}],"replies":[{"embeddable":true,"href":"https:\/\/www.djurskyddet.se\/bollnasovanaker\/wp-json\/wp\/v2\/comments?post=5605"}],"version-history":[{"count":11,"href":"https:\/\/www.djurskyddet.se\/bollnasovanaker\/wp-json\/wp\/v2\/pages\/5605\/revisions"}],"predecessor-version":[{"id":6158,"href":"https:\/\/www.djurskyddet.se\/bollnasovanaker\/wp-json\/wp\/v2\/pages\/5605\/revisions\/6158"}],"up":[{"embeddable":true,"href":"https:\/\/www.djurskyddet.se\/bollnasovanaker\/wp-json\/wp\/v2\/pages\/5597"}],"wp:attachment":[{"href":"https:\/\/www.djurskyddet.se\/bollnasovanaker\/wp-json\/wp\/v2\/media?parent=5605"}],"curies":[{"name":"wp","href":"https:\/\/api.w.org\/{rel}","templated":true}]}}