{"id":5684,"date":"2025-01-24T13:42:45","date_gmt":"2025-01-24T13:42:45","guid":{"rendered":"https:\/\/www.djurskyddet.se\/boras\/?page_id=5684"},"modified":"2026-04-22T16:27:46","modified_gmt":"2026-04-22T16:27:46","slug":"hittat-ett-djur","status":"publish","type":"page","link":"https:\/\/www.djurskyddet.se\/boras\/hittat-ett-djur\/","title":{"rendered":"Om du hittat ett djur, t ex en katt"},"content":{"rendered":"\n<p><strong>Har du hittat en katt? H\u00e4r kan du l\u00e4sa om hur du g\u00e5r tillv\u00e4ga f\u00f6r att s\u00e4kerst\u00e4lla att katten \u00e4r heml\u00f6s och vem du ska kontakta vid olika situationer.<\/strong><\/p>\n\n\n\n<p><strong>kontakt vid fr\u00e5gor:<\/strong><br><a href=\"tel:0737516308v\">0737-51 63 08<\/a><br><a href=\"https:\/\/www.facebook.com\/profile.php?id=61566917612274\" target=\"_blank\" rel=\"noopener\">Facebook<\/a><br><a href=\"mailto:boras@djurskyddet.se\">boras@djurskyddet.se<\/a><\/p>\n\n\n\n<p>Vilda djur, skadade djur och akut transport av transport av djur till veterin\u00e4r (\u00e4ven ditt djur):<br><a href=\"https:\/\/www.svenskadjurambulansen.se\/\">Djurambulansen<\/a> <a href=\"http:\/\/0771999 112\">0771-999 112<\/a><\/p>\n\n\n\n<p>Har du hittat en skadad f\u00e5gel?<br><a href=\"https:\/\/www.google.com\/search?q=F%C3%A5gelcentralen&amp;rlz=1C5CHFA_enSE966SE967&amp;oq=hitta+skadad+f%C3%A5gel&amp;gs_lcrp=EgZjaHJvbWUyBggAEEUYOTIHCAEQABjvBTIKCAIQABiiBBiJBdIBCDY1OTVqMGo0qAIAsAIB&amp;sourceid=chrome&amp;ie=UTF-8&amp;mstk=AUtExfAGaeWUS8WsrkaVJrFaUPAByj74jMolbTA1pZoPvEgBkfssmWJZHC5DRzXW_nFJttI34pe2MMT5ud11X3ClbQiWuuUYYbham8EAZodaXc52mqelImLCWpN64RHZzh3oVgjo6_wE4TbRBWKnLt24IRAhIBTjkzPuPzVAzU_jVIPhRT0&amp;csui=3&amp;ved=2ahUKEwiDj5zDvoGUAxXDFxAIHccFDb4QgK4QegQIARAC\">F\u00e5gelcentralen<\/a>&nbsp;<a href=\"http:\/\/0733105773\">0733-105773<\/a><\/p>\n\n\n\n<p><\/p>\n\n\n\n<h2 class=\"wp-block-heading\">Har katten redan en \u00e4gare?<\/h2>\n\n\n\n<p>Om du kan komma n\u00e4ra katten s\u00e5 kan du kontrollera om den har en tatuering i \u00f6rat eller ett ID-chip. ID-chipet syns eller k\u00e4nns inte s\u00e5 det beh\u00f6ver l\u00e4sas av ev en chip-l\u00e4sare. Vi kan komma och l\u00e4sa av chipet och kan d\u00e5 se om katten har en registrerad \u00e4gare. Du kan ocks\u00e5 ta djuret till veterin\u00e4ren som har chip-l\u00e4sare.<\/p>\n\n\n\n<h2 class=\"wp-block-heading\">Om du hittar ett heml\u00f6st djur<\/h2>\n\n\n\n<p>F\u00e5nga in ett skyggt heml\u00f6st djur:<\/p>\n\n\n\n<ul class=\"wp-block-list\">\n<li><strong>Locka med mat: <\/strong>Se till att djuret f\u00e5r mat och vatten p\u00e5 samma tider varje dag, och g\u00e4rna n\u00e5got skydd f\u00f6r v\u00e4der och vind. Det viktigt att ni har en matningsrutin s\u00e5 att djuret kommer till samma plats vid samma tid varje dag d\u00e5 det blir l\u00e4ttare att f\u00e5nga in det.<\/li>\n\n\n\n<li><strong>Var h\u00e5ller djuret hus:<\/strong> Uppm\u00e4rksamma vart djuret tar v\u00e4gen n\u00e4r det g\u00f6mmer sig. Under ett hus? In i ett garage? Bra att veta var det h\u00e5ller hus n\u00e4r vi ska f\u00e5nga in det.<\/li>\n\n\n\n<li><strong>F\u00e5nga med f\u00e4lla:<\/strong> Vi kommer med en f\u00e4lla och f\u00e5ngar in djuret, eller s\u00e5 kan du l\u00e5na en f\u00e4lla av oss. Det kanta olika tid att f\u00e5 djuret att g\u00e5 i f\u00e4llan s\u00e5 det g\u00e4ller att ha lite t\u00e5lamod.<\/li>\n<\/ul>\n\n\n\n<p id=\"block-9f910c96-fd7c-4029-a17c-a47cf45da9cd\"><strong>Hj\u00e4lp oss hj\u00e4lpa mer och fler.<\/strong><br>Swisha en g\u00e5va: <br>123 340 52 30<\/p>\n","protected":false},"excerpt":{"rendered":"<p>Har du hittat en katt? H\u00e4r kan du l\u00e4sa om hur du g\u00e5r tillv\u00e4ga f\u00f6r att s\u00e4kerst\u00e4lla att katten \u00e4r heml\u00f6s och vem du ska kontakta vid olika situationer. kontakt vid fr\u00e5gor:0737-51 63 08Facebookboras@djurskyddet.se Vilda djur, skadade djur och akut transport av transport av djur till veterin\u00e4r (\u00e4ven ditt djur):Djurambulansen 0771-999 112 Har du hittat en skadad f\u00e5gel?F\u00e5gelcentralen&nbsp;0733-105773 Har katten redan en \u00e4gare? Om du kan komma n\u00e4ra katten s\u00e5&hellip;<\/p>\n<p><a class=\"more-link\" href=\"https:\/\/www.djurskyddet.se\/boras\/hittat-ett-djur\/\" title=\"Continue reading &lsquo;Om du hittat ett djur, t ex en katt&rsquo;\">L&auml;s mer<span class=\"meta-nav\">&raquo;<\/span><\/a><\/p>\n","protected":false},"author":3,"featured_media":5754,"parent":0,"menu_order":0,"comment_status":"closed","ping_status":"closed","template":"left-sidebar.php","meta":{"_acf_changed":false,"footnotes":""},"class_list":["post-5684","page","type-page","status-publish","has-post-thumbnail","hentry"],"acf":[],"yoast_head":"<!-- This site is optimized with the Yoast SEO plugin v25.5 - https:\/\/yoast.com\/wordpress\/plugins\/seo\/ -->\n<title>Om du hittat ett djur, t ex en katt - Djurskyddet Bor\u00e5s<\/title>\n<meta name=\"robots\" content=\"index, follow, max-snippet:-1, max-image-preview:large, max-video-preview:-1\" \/>\n<link rel=\"canonical\" href=\"https:\/\/www.djurskyddet.se\/boras\/hittat-ett-djur\/\" \/>\n<meta property=\"og:locale\" content=\"sv_SE\" \/>\n<meta property=\"og:type\" content=\"article\" \/>\n<meta property=\"og:title\" content=\"Om du hittat ett djur, t ex en katt - Djurskyddet Bor\u00e5s\" \/>\n<meta property=\"og:description\" content=\"Har du hittat en katt? H\u00e4r kan du l\u00e4sa om hur du g\u00e5r tillv\u00e4ga f\u00f6r att s\u00e4kerst\u00e4lla att katten \u00e4r heml\u00f6s och vem du ska kontakta vid olika situationer. kontakt vid fr\u00e5gor:0737-51 63 08Facebookboras@djurskyddet.se Vilda djur, skadade djur och akut transport av transport av djur till veterin\u00e4r (\u00e4ven ditt djur):Djurambulansen 0771-999 112 Har du hittat en skadad f\u00e5gel?F\u00e5gelcentralen&nbsp;0733-105773 Har katten redan en \u00e4gare? Om du kan komma n\u00e4ra katten s\u00e5&hellip;L&auml;s mer&raquo;\" \/>\n<meta property=\"og:url\" content=\"https:\/\/www.djurskyddet.se\/boras\/hittat-ett-djur\/\" \/>\n<meta property=\"og:site_name\" content=\"Djurskyddet Bor\u00e5s\" \/>\n<meta property=\"article:publisher\" content=\"https:\/\/www.facebook.com\/profile.php?id=61566917612274\" \/>\n<meta property=\"article:modified_time\" content=\"2026-04-22T16:27:46+00:00\" \/>\n<meta property=\"og:image\" content=\"http:\/\/www.djurskyddet.se\/boras\/wp-content\/uploads\/sites\/59\/2014\/12\/dog-5883275_1920.jpg\" \/>\n\t<meta property=\"og:image:width\" content=\"1024\" \/>\n\t<meta property=\"og:image:height\" content=\"683\" \/>\n\t<meta property=\"og:image:type\" content=\"image\/jpeg\" \/>\n<meta name=\"twitter:card\" content=\"summary_large_image\" \/>\n<meta name=\"twitter:label1\" content=\"Ber\u00e4knad l\u00e4stid\" \/>\n\t<meta name=\"twitter:data1\" content=\"2 minuter\" \/>\n<script type=\"application\/ld+json\" class=\"yoast-schema-graph\">{\"@context\":\"https:\/\/schema.org\",\"@graph\":[{\"@type\":\"WebPage\",\"@id\":\"https:\/\/www.djurskyddet.se\/boras\/hittat-ett-djur\/\",\"url\":\"https:\/\/www.djurskyddet.se\/boras\/hittat-ett-djur\/\",\"name\":\"Om du hittat ett djur, t ex en katt - Djurskyddet Bor\u00e5s\",\"isPartOf\":{\"@id\":\"https:\/\/www.djurskyddet.se\/boras\/#website\"},\"primaryImageOfPage\":{\"@id\":\"https:\/\/www.djurskyddet.se\/boras\/hittat-ett-djur\/#primaryimage\"},\"image\":{\"@id\":\"https:\/\/www.djurskyddet.se\/boras\/hittat-ett-djur\/#primaryimage\"},\"thumbnailUrl\":\"https:\/\/www.djurskyddet.se\/boras\/wp-content\/uploads\/sites\/59\/2014\/12\/dog-5883275_1920.jpg\",\"datePublished\":\"2025-01-24T13:42:45+00:00\",\"dateModified\":\"2026-04-22T16:27:46+00:00\",\"breadcrumb\":{\"@id\":\"https:\/\/www.djurskyddet.se\/boras\/hittat-ett-djur\/#breadcrumb\"},\"inLanguage\":\"sv-SE\",\"potentialAction\":[{\"@type\":\"ReadAction\",\"target\":[\"https:\/\/www.djurskyddet.se\/boras\/hittat-ett-djur\/\"]}]},{\"@type\":\"ImageObject\",\"inLanguage\":\"sv-SE\",\"@id\":\"https:\/\/www.djurskyddet.se\/boras\/hittat-ett-djur\/#primaryimage\",\"url\":\"https:\/\/www.djurskyddet.se\/boras\/wp-content\/uploads\/sites\/59\/2014\/12\/dog-5883275_1920.jpg\",\"contentUrl\":\"https:\/\/www.djurskyddet.se\/boras\/wp-content\/uploads\/sites\/59\/2014\/12\/dog-5883275_1920.jpg\",\"width\":1024,\"height\":683},{\"@type\":\"BreadcrumbList\",\"@id\":\"https:\/\/www.djurskyddet.se\/boras\/hittat-ett-djur\/#breadcrumb\",\"itemListElement\":[{\"@type\":\"ListItem\",\"position\":1,\"name\":\"Hem\",\"item\":\"https:\/\/www.djurskyddet.se\/boras\/\"},{\"@type\":\"ListItem\",\"position\":2,\"name\":\"Om du hittat ett djur, t ex en katt\"}]},{\"@type\":\"WebSite\",\"@id\":\"https:\/\/www.djurskyddet.se\/boras\/#website\",\"url\":\"https:\/\/www.djurskyddet.se\/boras\/\",\"name\":\"Djurskyddet Bor\u00e5s\",\"description\":\"V\u00e5r mission: att ge heml\u00f6sa djur en andra chans\",\"publisher\":{\"@id\":\"https:\/\/www.djurskyddet.se\/boras\/#organization\"},\"potentialAction\":[{\"@type\":\"SearchAction\",\"target\":{\"@type\":\"EntryPoint\",\"urlTemplate\":\"https:\/\/www.djurskyddet.se\/boras\/?s={search_term_string}\"},\"query-input\":{\"@type\":\"PropertyValueSpecification\",\"valueRequired\":true,\"valueName\":\"search_term_string\"}}],\"inLanguage\":\"sv-SE\"},{\"@type\":\"Organization\",\"@id\":\"https:\/\/www.djurskyddet.se\/boras\/#organization\",\"name\":\"Djurskyddet Bor\u00e5s\",\"url\":\"https:\/\/www.djurskyddet.se\/boras\/\",\"logo\":{\"@type\":\"ImageObject\",\"inLanguage\":\"sv-SE\",\"@id\":\"https:\/\/www.djurskyddet.se\/boras\/#\/schema\/logo\/image\/\",\"url\":\"https:\/\/www.djurskyddet.se\/boras\/wp-content\/uploads\/sites\/59\/2025\/02\/djurskyddet-gront-D-288x300-removebg-preview.png\",\"contentUrl\":\"https:\/\/www.djurskyddet.se\/boras\/wp-content\/uploads\/sites\/59\/2025\/02\/djurskyddet-gront-D-288x300-removebg-preview.png\",\"width\":288,\"height\":300,\"caption\":\"Djurskyddet Bor\u00e5s\"},\"image\":{\"@id\":\"https:\/\/www.djurskyddet.se\/boras\/#\/schema\/logo\/image\/\"},\"sameAs\":[\"https:\/\/www.facebook.com\/profile.php?id=61566917612274\"]}]}<\/script>\n<!-- \/ Yoast SEO plugin. -->","yoast_head_json":{"title":"Om du hittat ett djur, t ex en katt - Djurskyddet Bor\u00e5s","robots":{"index":"index","follow":"follow","max-snippet":"max-snippet:-1","max-image-preview":"max-image-preview:large","max-video-preview":"max-video-preview:-1"},"canonical":"https:\/\/www.djurskyddet.se\/boras\/hittat-ett-djur\/","og_locale":"sv_SE","og_type":"article","og_title":"Om du hittat ett djur, t ex en katt - Djurskyddet Bor\u00e5s","og_description":"Har du hittat en katt? H\u00e4r kan du l\u00e4sa om hur du g\u00e5r tillv\u00e4ga f\u00f6r att s\u00e4kerst\u00e4lla att katten \u00e4r heml\u00f6s och vem du ska kontakta vid olika situationer. kontakt vid fr\u00e5gor:0737-51 63 08Facebookboras@djurskyddet.se Vilda djur, skadade djur och akut transport av transport av djur till veterin\u00e4r (\u00e4ven ditt djur):Djurambulansen 0771-999 112 Har du hittat en skadad f\u00e5gel?F\u00e5gelcentralen&nbsp;0733-105773 Har katten redan en \u00e4gare? Om du kan komma n\u00e4ra katten s\u00e5&hellip;L&auml;s mer&raquo;","og_url":"https:\/\/www.djurskyddet.se\/boras\/hittat-ett-djur\/","og_site_name":"Djurskyddet Bor\u00e5s","article_publisher":"https:\/\/www.facebook.com\/profile.php?id=61566917612274","article_modified_time":"2026-04-22T16:27:46+00:00","og_image":[{"width":1024,"height":683,"url":"http:\/\/www.djurskyddet.se\/boras\/wp-content\/uploads\/sites\/59\/2014\/12\/dog-5883275_1920.jpg","type":"image\/jpeg"}],"twitter_card":"summary_large_image","twitter_misc":{"Ber\u00e4knad l\u00e4stid":"2 minuter"},"schema":{"@context":"https:\/\/schema.org","@graph":[{"@type":"WebPage","@id":"https:\/\/www.djurskyddet.se\/boras\/hittat-ett-djur\/","url":"https:\/\/www.djurskyddet.se\/boras\/hittat-ett-djur\/","name":"Om du hittat ett djur, t ex en katt - Djurskyddet Bor\u00e5s","isPartOf":{"@id":"https:\/\/www.djurskyddet.se\/boras\/#website"},"primaryImageOfPage":{"@id":"https:\/\/www.djurskyddet.se\/boras\/hittat-ett-djur\/#primaryimage"},"image":{"@id":"https:\/\/www.djurskyddet.se\/boras\/hittat-ett-djur\/#primaryimage"},"thumbnailUrl":"https:\/\/www.djurskyddet.se\/boras\/wp-content\/uploads\/sites\/59\/2014\/12\/dog-5883275_1920.jpg","datePublished":"2025-01-24T13:42:45+00:00","dateModified":"2026-04-22T16:27:46+00:00","breadcrumb":{"@id":"https:\/\/www.djurskyddet.se\/boras\/hittat-ett-djur\/#breadcrumb"},"inLanguage":"sv-SE","potentialAction":[{"@type":"ReadAction","target":["https:\/\/www.djurskyddet.se\/boras\/hittat-ett-djur\/"]}]},{"@type":"ImageObject","inLanguage":"sv-SE","@id":"https:\/\/www.djurskyddet.se\/boras\/hittat-ett-djur\/#primaryimage","url":"https:\/\/www.djurskyddet.se\/boras\/wp-content\/uploads\/sites\/59\/2014\/12\/dog-5883275_1920.jpg","contentUrl":"https:\/\/www.djurskyddet.se\/boras\/wp-content\/uploads\/sites\/59\/2014\/12\/dog-5883275_1920.jpg","width":1024,"height":683},{"@type":"BreadcrumbList","@id":"https:\/\/www.djurskyddet.se\/boras\/hittat-ett-djur\/#breadcrumb","itemListElement":[{"@type":"ListItem","position":1,"name":"Hem","item":"https:\/\/www.djurskyddet.se\/boras\/"},{"@type":"ListItem","position":2,"name":"Om du hittat ett djur, t ex en katt"}]},{"@type":"WebSite","@id":"https:\/\/www.djurskyddet.se\/boras\/#website","url":"https:\/\/www.djurskyddet.se\/boras\/","name":"Djurskyddet Bor\u00e5s","description":"V\u00e5r mission: att ge heml\u00f6sa djur en andra chans","publisher":{"@id":"https:\/\/www.djurskyddet.se\/boras\/#organization"},"potentialAction":[{"@type":"SearchAction","target":{"@type":"EntryPoint","urlTemplate":"https:\/\/www.djurskyddet.se\/boras\/?s={search_term_string}"},"query-input":{"@type":"PropertyValueSpecification","valueRequired":true,"valueName":"search_term_string"}}],"inLanguage":"sv-SE"},{"@type":"Organization","@id":"https:\/\/www.djurskyddet.se\/boras\/#organization","name":"Djurskyddet Bor\u00e5s","url":"https:\/\/www.djurskyddet.se\/boras\/","logo":{"@type":"ImageObject","inLanguage":"sv-SE","@id":"https:\/\/www.djurskyddet.se\/boras\/#\/schema\/logo\/image\/","url":"https:\/\/www.djurskyddet.se\/boras\/wp-content\/uploads\/sites\/59\/2025\/02\/djurskyddet-gront-D-288x300-removebg-preview.png","contentUrl":"https:\/\/www.djurskyddet.se\/boras\/wp-content\/uploads\/sites\/59\/2025\/02\/djurskyddet-gront-D-288x300-removebg-preview.png","width":288,"height":300,"caption":"Djurskyddet Bor\u00e5s"},"image":{"@id":"https:\/\/www.djurskyddet.se\/boras\/#\/schema\/logo\/image\/"},"sameAs":["https:\/\/www.facebook.com\/profile.php?id=61566917612274"]}]}},"_links":{"self":[{"href":"https:\/\/www.djurskyddet.se\/boras\/wp-json\/wp\/v2\/pages\/5684","targetHints":{"allow":["GET"]}}],"collection":[{"href":"https:\/\/www.djurskyddet.se\/boras\/wp-json\/wp\/v2\/pages"}],"about":[{"href":"https:\/\/www.djurskyddet.se\/boras\/wp-json\/wp\/v2\/types\/page"}],"author":[{"embeddable":true,"href":"https:\/\/www.djurskyddet.se\/boras\/wp-json\/wp\/v2\/users\/3"}],"replies":[{"embeddable":true,"href":"https:\/\/www.djurskyddet.se\/boras\/wp-json\/wp\/v2\/comments?post=5684"}],"version-history":[{"count":23,"href":"https:\/\/www.djurskyddet.se\/boras\/wp-json\/wp\/v2\/pages\/5684\/revisions"}],"predecessor-version":[{"id":6006,"href":"https:\/\/www.djurskyddet.se\/boras\/wp-json\/wp\/v2\/pages\/5684\/revisions\/6006"}],"wp:featuredmedia":[{"embeddable":true,"href":"https:\/\/www.djurskyddet.se\/boras\/wp-json\/wp\/v2\/media\/5754"}],"wp:attachment":[{"href":"https:\/\/www.djurskyddet.se\/boras\/wp-json\/wp\/v2\/media?parent=5684"}],"curies":[{"name":"wp","href":"https:\/\/api.w.org\/{rel}","templated":true}]}}