{"id":5688,"date":"2025-01-24T13:44:13","date_gmt":"2025-01-24T13:44:13","guid":{"rendered":"https:\/\/www.djurskyddet.se\/boras\/?page_id=5688"},"modified":"2025-06-26T16:53:29","modified_gmt":"2025-06-26T16:53:29","slug":"bli-jourhem","status":"publish","type":"page","link":"https:\/\/www.djurskyddet.se\/boras\/bli-jourhem\/","title":{"rendered":"Bli jourhem f\u00f6r heml\u00f6sa katter i Bor\u00e5s"},"content":{"rendered":"\n<p><strong>Vill du g\u00f6ra skillnad f\u00f6r heml\u00f6sa katter? Som jourhem hos Djurskyddet Bor\u00e5s ger du en katt ett tillf\u00e4lligt hem tills den kan flytta till ett permanent tryggt och k\u00e4rleksfullt hem.<\/strong><\/p>\n\n\n\n<p><strong>kontakt vid fr\u00e5gor:<\/strong><br><a href=\"tel:0737516308v\">0737-51 63 08<\/a><br><a href=\"https:\/\/www.facebook.com\/profile.php?id=61566917612274\" target=\"_blank\" rel=\"noopener\">Facebook<\/a><br><a href=\"mailto:boras@djurskyddet.se\">boras@djurskyddet.se<\/a><\/p>\n\n\n\n<h2 class=\"wp-block-heading\">Vad inneb\u00e4r det att vara jourhem?<\/h2>\n\n\n\n<p>Som jourhem tar du hand om en eller flera katter som annars skulle vara heml\u00f6sa. Katten bor hos dig tills den \u00e4r kastrerad, vaccinerad och redo f\u00f6r adoption. M\u00e5nga katter \u00e4r skygga och beh\u00f6ver ett lugnt hem d\u00e4r de kan k\u00e4nna sig trygga.<\/p>\n\n\n\n<h2 class=\"wp-block-heading\">Vad ing\u00e5r i jourhemsansvaret?<\/h2>\n\n\n\n<ul class=\"wp-block-list\">\n<li>Ge katten en trygg milj\u00f6 och omv\u00e5rdnad<\/li>\n\n\n\n<li>Hj\u00e4lpa till att socialisera de katter som beh\u00f6ver det<\/li>\n\n\n\n<li>Ha kontakt med v\u00e5r f\u00f6rening ang\u00e5ende kattens utveckling<\/li>\n\n\n\n<li>skriva p\u00e5 och fullf\u00f6lja jourhemsavtalet<\/li>\n<\/ul>\n\n\n\n<h2 class=\"wp-block-heading\">Vad st\u00e5r Djurskyddet Bor\u00e5s f\u00f6r?<\/h2>\n\n\n\n<ul class=\"wp-block-list\">\n<li>Veterin\u00e4rkostnader, inklusive vaccinering och kastrering<\/li>\n\n\n\n<li>Avmaskning och behandling vid behov<\/li>\n\n\n\n<li>St\u00f6d i form av kattmat, kattsand och r\u00e5dgivning<\/li>\n<\/ul>\n\n\n\n<p>Vi ers\u00e4tter exempelvis inte skador som djuret orsakar, oavsett om det \u00e4r ting eller skador p\u00e5 person eller annat djur.<\/p>\n\n\n\n<h2 class=\"wp-block-heading\">Vill du hj\u00e4lpa heml\u00f6sa katter?<\/h2>\n\n\n\n<p>Vi s\u00f6ker alltid nya jourhem! \u00c4r du intresserad? <br><strong>Kontakta oss:<\/strong><br><a data-type=\"link\" data-id=\"https:\/\/www.facebook.com\/profile.php?id=61566917612274\" href=\"https:\/\/www.facebook.com\/profile.php?id=61566917612274\" target=\"_blank\" rel=\"noopener\">Facebook-sida<\/a><br><a href=\"mailto:boras@djurskyddet.se\">boras@djurskyddet.se<\/a><\/p>\n\n\n\n<p id=\"block-9f910c96-fd7c-4029-a17c-a47cf45da9cd\"><strong>Hj\u00e4lp oss hj\u00e4lpa mer och fler.<\/strong><br>Swisha en g\u00e5va: <br>123 340 52 30<\/p>\n","protected":false},"excerpt":{"rendered":"<p>Vill du g\u00f6ra skillnad f\u00f6r heml\u00f6sa katter? Som jourhem hos Djurskyddet Bor\u00e5s ger du en katt ett tillf\u00e4lligt hem tills den kan flytta till ett permanent tryggt och k\u00e4rleksfullt hem. kontakt vid fr\u00e5gor:0737-51 63 08Facebookboras@djurskyddet.se Vad inneb\u00e4r det att vara jourhem? Som jourhem tar du hand om en eller flera katter som annars skulle vara heml\u00f6sa. Katten bor hos dig tills den \u00e4r kastrerad, vaccinerad och redo f\u00f6r adoption. M\u00e5nga&hellip;<\/p>\n<p><a class=\"more-link\" href=\"https:\/\/www.djurskyddet.se\/boras\/bli-jourhem\/\" title=\"Continue reading &lsquo;Bli jourhem f\u00f6r heml\u00f6sa katter i Bor\u00e5s&rsquo;\">L&auml;s mer<span class=\"meta-nav\">&raquo;<\/span><\/a><\/p>\n","protected":false},"author":3,"featured_media":0,"parent":0,"menu_order":0,"comment_status":"closed","ping_status":"closed","template":"page-templates\/left-sidebar.php","meta":{"_acf_changed":false,"footnotes":""},"class_list":["post-5688","page","type-page","status-publish","hentry"],"acf":[],"yoast_head":"<!-- This site is optimized with the Yoast SEO plugin v25.5 - https:\/\/yoast.com\/wordpress\/plugins\/seo\/ -->\n<title>Bli jourhem f\u00f6r heml\u00f6sa katter i Bor\u00e5s - Djurskyddet Bor\u00e5s<\/title>\n<meta name=\"robots\" content=\"index, follow, max-snippet:-1, max-image-preview:large, max-video-preview:-1\" \/>\n<link rel=\"canonical\" href=\"https:\/\/www.djurskyddet.se\/boras\/bli-jourhem\/\" \/>\n<meta property=\"og:locale\" content=\"sv_SE\" \/>\n<meta property=\"og:type\" content=\"article\" \/>\n<meta property=\"og:title\" content=\"Bli jourhem - hj\u00e4lp oss hj\u00e4lpa, en tass i taget\" \/>\n<meta property=\"og:description\" content=\"Vill du g\u00f6ra skillnad f\u00f6r heml\u00f6sa katter? Som jourhem hos Djurskyddet Bor\u00e5s ger du en katt ett tillf\u00e4lligt hem tills den kan flytta till ett permanent tryggt och k\u00e4rleksfullt hem. kontakt vid fr\u00e5gor:0737-51 63 08Facebookboras@djurskyddet.se Vad inneb\u00e4r det att vara jourhem? Som jourhem tar du hand om en eller flera katter som annars skulle vara heml\u00f6sa. Katten bor hos dig tills den \u00e4r kastrerad, vaccinerad och redo f\u00f6r adoption. M\u00e5nga&hellip;L&auml;s mer&raquo;\" \/>\n<meta property=\"og:url\" content=\"https:\/\/www.djurskyddet.se\/boras\/bli-jourhem\/\" \/>\n<meta property=\"og:site_name\" content=\"Djurskyddet Bor\u00e5s\" \/>\n<meta property=\"article:publisher\" content=\"https:\/\/www.facebook.com\/profile.php?id=61566917612274\" \/>\n<meta property=\"article:modified_time\" content=\"2025-06-26T16:53:29+00:00\" \/>\n<meta property=\"og:image\" content=\"http:\/\/www.djurskyddet.se\/boras\/wp-content\/uploads\/sites\/59\/2014\/12\/gul-kattunge-m-ogon.png\" \/>\n\t<meta property=\"og:image:width\" content=\"900\" \/>\n\t<meta property=\"og:image:height\" content=\"600\" \/>\n\t<meta property=\"og:image:type\" content=\"image\/png\" \/>\n<meta name=\"twitter:card\" content=\"summary_large_image\" \/>\n<meta name=\"twitter:label1\" content=\"Ber\u00e4knad l\u00e4stid\" \/>\n\t<meta name=\"twitter:data1\" content=\"1 minut\" \/>\n<script type=\"application\/ld+json\" class=\"yoast-schema-graph\">{\"@context\":\"https:\/\/schema.org\",\"@graph\":[{\"@type\":\"WebPage\",\"@id\":\"https:\/\/www.djurskyddet.se\/boras\/bli-jourhem\/\",\"url\":\"https:\/\/www.djurskyddet.se\/boras\/bli-jourhem\/\",\"name\":\"Bli jourhem f\u00f6r heml\u00f6sa katter i Bor\u00e5s - Djurskyddet Bor\u00e5s\",\"isPartOf\":{\"@id\":\"https:\/\/www.djurskyddet.se\/boras\/#website\"},\"datePublished\":\"2025-01-24T13:44:13+00:00\",\"dateModified\":\"2025-06-26T16:53:29+00:00\",\"breadcrumb\":{\"@id\":\"https:\/\/www.djurskyddet.se\/boras\/bli-jourhem\/#breadcrumb\"},\"inLanguage\":\"sv-SE\",\"potentialAction\":[{\"@type\":\"ReadAction\",\"target\":[\"https:\/\/www.djurskyddet.se\/boras\/bli-jourhem\/\"]}]},{\"@type\":\"BreadcrumbList\",\"@id\":\"https:\/\/www.djurskyddet.se\/boras\/bli-jourhem\/#breadcrumb\",\"itemListElement\":[{\"@type\":\"ListItem\",\"position\":1,\"name\":\"Hem\",\"item\":\"https:\/\/www.djurskyddet.se\/boras\/\"},{\"@type\":\"ListItem\",\"position\":2,\"name\":\"Bli jourhem f\u00f6r heml\u00f6sa katter i Bor\u00e5s\"}]},{\"@type\":\"WebSite\",\"@id\":\"https:\/\/www.djurskyddet.se\/boras\/#website\",\"url\":\"https:\/\/www.djurskyddet.se\/boras\/\",\"name\":\"Djurskyddet Bor\u00e5s\",\"description\":\"V\u00e5r mission: att ge heml\u00f6sa djur en andra chans\",\"publisher\":{\"@id\":\"https:\/\/www.djurskyddet.se\/boras\/#organization\"},\"potentialAction\":[{\"@type\":\"SearchAction\",\"target\":{\"@type\":\"EntryPoint\",\"urlTemplate\":\"https:\/\/www.djurskyddet.se\/boras\/?s={search_term_string}\"},\"query-input\":{\"@type\":\"PropertyValueSpecification\",\"valueRequired\":true,\"valueName\":\"search_term_string\"}}],\"inLanguage\":\"sv-SE\"},{\"@type\":\"Organization\",\"@id\":\"https:\/\/www.djurskyddet.se\/boras\/#organization\",\"name\":\"Djurskyddet Bor\u00e5s\",\"url\":\"https:\/\/www.djurskyddet.se\/boras\/\",\"logo\":{\"@type\":\"ImageObject\",\"inLanguage\":\"sv-SE\",\"@id\":\"https:\/\/www.djurskyddet.se\/boras\/#\/schema\/logo\/image\/\",\"url\":\"https:\/\/www.djurskyddet.se\/boras\/wp-content\/uploads\/sites\/59\/2025\/02\/djurskyddet-gront-D-288x300-removebg-preview.png\",\"contentUrl\":\"https:\/\/www.djurskyddet.se\/boras\/wp-content\/uploads\/sites\/59\/2025\/02\/djurskyddet-gront-D-288x300-removebg-preview.png\",\"width\":288,\"height\":300,\"caption\":\"Djurskyddet Bor\u00e5s\"},\"image\":{\"@id\":\"https:\/\/www.djurskyddet.se\/boras\/#\/schema\/logo\/image\/\"},\"sameAs\":[\"https:\/\/www.facebook.com\/profile.php?id=61566917612274\"]}]}<\/script>\n<!-- \/ Yoast SEO plugin. -->","yoast_head_json":{"title":"Bli jourhem f\u00f6r heml\u00f6sa katter i Bor\u00e5s - Djurskyddet Bor\u00e5s","robots":{"index":"index","follow":"follow","max-snippet":"max-snippet:-1","max-image-preview":"max-image-preview:large","max-video-preview":"max-video-preview:-1"},"canonical":"https:\/\/www.djurskyddet.se\/boras\/bli-jourhem\/","og_locale":"sv_SE","og_type":"article","og_title":"Bli jourhem - hj\u00e4lp oss hj\u00e4lpa, en tass i taget","og_description":"Vill du g\u00f6ra skillnad f\u00f6r heml\u00f6sa katter? Som jourhem hos Djurskyddet Bor\u00e5s ger du en katt ett tillf\u00e4lligt hem tills den kan flytta till ett permanent tryggt och k\u00e4rleksfullt hem. kontakt vid fr\u00e5gor:0737-51 63 08Facebookboras@djurskyddet.se Vad inneb\u00e4r det att vara jourhem? Som jourhem tar du hand om en eller flera katter som annars skulle vara heml\u00f6sa. Katten bor hos dig tills den \u00e4r kastrerad, vaccinerad och redo f\u00f6r adoption. M\u00e5nga&hellip;L&auml;s mer&raquo;","og_url":"https:\/\/www.djurskyddet.se\/boras\/bli-jourhem\/","og_site_name":"Djurskyddet Bor\u00e5s","article_publisher":"https:\/\/www.facebook.com\/profile.php?id=61566917612274","article_modified_time":"2025-06-26T16:53:29+00:00","og_image":[{"width":900,"height":600,"url":"http:\/\/www.djurskyddet.se\/boras\/wp-content\/uploads\/sites\/59\/2014\/12\/gul-kattunge-m-ogon.png","type":"image\/png"}],"twitter_card":"summary_large_image","twitter_misc":{"Ber\u00e4knad l\u00e4stid":"1 minut"},"schema":{"@context":"https:\/\/schema.org","@graph":[{"@type":"WebPage","@id":"https:\/\/www.djurskyddet.se\/boras\/bli-jourhem\/","url":"https:\/\/www.djurskyddet.se\/boras\/bli-jourhem\/","name":"Bli jourhem f\u00f6r heml\u00f6sa katter i Bor\u00e5s - Djurskyddet Bor\u00e5s","isPartOf":{"@id":"https:\/\/www.djurskyddet.se\/boras\/#website"},"datePublished":"2025-01-24T13:44:13+00:00","dateModified":"2025-06-26T16:53:29+00:00","breadcrumb":{"@id":"https:\/\/www.djurskyddet.se\/boras\/bli-jourhem\/#breadcrumb"},"inLanguage":"sv-SE","potentialAction":[{"@type":"ReadAction","target":["https:\/\/www.djurskyddet.se\/boras\/bli-jourhem\/"]}]},{"@type":"BreadcrumbList","@id":"https:\/\/www.djurskyddet.se\/boras\/bli-jourhem\/#breadcrumb","itemListElement":[{"@type":"ListItem","position":1,"name":"Hem","item":"https:\/\/www.djurskyddet.se\/boras\/"},{"@type":"ListItem","position":2,"name":"Bli jourhem f\u00f6r heml\u00f6sa katter i Bor\u00e5s"}]},{"@type":"WebSite","@id":"https:\/\/www.djurskyddet.se\/boras\/#website","url":"https:\/\/www.djurskyddet.se\/boras\/","name":"Djurskyddet Bor\u00e5s","description":"V\u00e5r mission: att ge heml\u00f6sa djur en andra chans","publisher":{"@id":"https:\/\/www.djurskyddet.se\/boras\/#organization"},"potentialAction":[{"@type":"SearchAction","target":{"@type":"EntryPoint","urlTemplate":"https:\/\/www.djurskyddet.se\/boras\/?s={search_term_string}"},"query-input":{"@type":"PropertyValueSpecification","valueRequired":true,"valueName":"search_term_string"}}],"inLanguage":"sv-SE"},{"@type":"Organization","@id":"https:\/\/www.djurskyddet.se\/boras\/#organization","name":"Djurskyddet Bor\u00e5s","url":"https:\/\/www.djurskyddet.se\/boras\/","logo":{"@type":"ImageObject","inLanguage":"sv-SE","@id":"https:\/\/www.djurskyddet.se\/boras\/#\/schema\/logo\/image\/","url":"https:\/\/www.djurskyddet.se\/boras\/wp-content\/uploads\/sites\/59\/2025\/02\/djurskyddet-gront-D-288x300-removebg-preview.png","contentUrl":"https:\/\/www.djurskyddet.se\/boras\/wp-content\/uploads\/sites\/59\/2025\/02\/djurskyddet-gront-D-288x300-removebg-preview.png","width":288,"height":300,"caption":"Djurskyddet Bor\u00e5s"},"image":{"@id":"https:\/\/www.djurskyddet.se\/boras\/#\/schema\/logo\/image\/"},"sameAs":["https:\/\/www.facebook.com\/profile.php?id=61566917612274"]}]}},"_links":{"self":[{"href":"https:\/\/www.djurskyddet.se\/boras\/wp-json\/wp\/v2\/pages\/5688","targetHints":{"allow":["GET"]}}],"collection":[{"href":"https:\/\/www.djurskyddet.se\/boras\/wp-json\/wp\/v2\/pages"}],"about":[{"href":"https:\/\/www.djurskyddet.se\/boras\/wp-json\/wp\/v2\/types\/page"}],"author":[{"embeddable":true,"href":"https:\/\/www.djurskyddet.se\/boras\/wp-json\/wp\/v2\/users\/3"}],"replies":[{"embeddable":true,"href":"https:\/\/www.djurskyddet.se\/boras\/wp-json\/wp\/v2\/comments?post=5688"}],"version-history":[{"count":12,"href":"https:\/\/www.djurskyddet.se\/boras\/wp-json\/wp\/v2\/pages\/5688\/revisions"}],"predecessor-version":[{"id":5956,"href":"https:\/\/www.djurskyddet.se\/boras\/wp-json\/wp\/v2\/pages\/5688\/revisions\/5956"}],"wp:attachment":[{"href":"https:\/\/www.djurskyddet.se\/boras\/wp-json\/wp\/v2\/media?parent=5688"}],"curies":[{"name":"wp","href":"https:\/\/api.w.org\/{rel}","templated":true}]}}