{"id":5690,"date":"2025-01-24T13:44:35","date_gmt":"2025-01-24T13:44:35","guid":{"rendered":"https:\/\/www.djurskyddet.se\/boras\/?page_id=5690"},"modified":"2025-10-01T11:23:06","modified_gmt":"2025-10-01T11:23:06","slug":"bli-medlem","status":"publish","type":"page","link":"https:\/\/www.djurskyddet.se\/boras\/bli-medlem\/","title":{"rendered":"Bli medlem"},"content":{"rendered":"\n<h3 class=\"wp-block-heading\"><strong>S\u00e5 blir du medlem<\/strong><\/h3>\n\n\n\n<p>Registrera dig som medlem p\u00e5\u202fDjurskyddet Sveriges hemsida. <strong>Se till att v\u00e4lja Djurskyddet Bor\u00e5s<\/strong> som din lokalf\u00f6rening.\u00a0<\/p>\n\n\n\n<div class=\"wp-block-buttons is-layout-flex wp-block-buttons-is-layout-flex\">\n<div class=\"wp-block-button has-custom-font-size has-small-font-size\"><a class=\"wp-block-button__link has-white-color has-text-color has-background has-link-color wp-element-button\" href=\"https:\/\/donation.djurskyddet.se\/s\/medlem\" style=\"background-color:#00a64a\"><strong>Bli medlem h\u00e4r<\/strong><\/a><\/div>\n<\/div>\n\n\n\n<p><\/p>\n\n\n\n<p>Du kan ocks\u00e5 bli medlem genom att maila dina uppgifter till <a href=\"mailto:boras@djurskyddet.se\">boras@djurskyddet.se<\/a><strong>, <\/strong>s\u00e5 ordnar vi resten.<\/p>\n\n\n\n<h3 class=\"wp-block-heading\"><strong>Kostnad<\/strong><\/h3>\n\n\n\n<p>Medlemskapet kostar <strong>200 kr\/\u00e5r<\/strong>, varav 100 kr g\u00e5r till <strong>Djurskyddet Bor\u00e5s<\/strong> och 100 kr till Djurskyddet Sverige. Som medlem i Djurskyddet Bor\u00e5s \u00e4r du ocks\u00e5 medlem i riksf\u00f6rbundet Djurskyddet Sverige och f\u00e5r Tidningen Djurskyddet fyra g\u00e5nger per \u00e5r, b\u00e5de i brevl\u00e5dan och i appen TD. Ladda ner den d\u00e4r appar finns! Dessutom kan du l\u00e4sa intressanta djurskyddsnyheter p\u00e5 <a href=\"https:\/\/tidningen.djurskyddet.se\/\"><strong>webbtidningen<\/strong> <\/a>och kan ta del av ett antal\u202ffina <strong><a href=\"https:\/\/www.djurskyddet.se\/stod-oss\/bli-medlem\/medlemsformaner\/\">medlemsf\u00f6rm\u00e5ner<\/a><\/strong>, s\u00e5som rabatt hos olika n\u00e4tbutiker.\u00a0<\/p>\n\n\n\n<p>N\u00e4r du har betalat din avgift f\u00e5r du ett SMS med m\u00f6jlighet att ladda ner appen <strong>Cardskipper<\/strong>, d\u00e4r ditt digitala medlemskort finns. <br>Vill du ha ett fysiskt kort? H\u00f6r av dig, s\u00e5 skickar vi det!<\/p>\n\n\n\n<p id=\"block-9f910c96-fd7c-4029-a17c-a47cf45da9cd\"><strong>Hj\u00e4lp oss hj\u00e4lpa mer och fler<\/strong>:<br><strong>Swisha en g\u00e5va: <\/strong><br>123 340 52 30<br><strong>bankgiro: <\/strong><br>793-0696<\/p>\n\n\n\n<p><strong>kontakt vid fr\u00e5gor:<\/strong><br><a href=\"tel:0737516308v\">0737-51 63 08<\/a><br><a href=\"https:\/\/www.facebook.com\/profile.php?id=61566917612274\" target=\"_blank\" rel=\"noopener\">Facebook<\/a><br><a href=\"mailto:boras@djurskyddet.se\">boras@djurskyddet.se<\/a><\/p>\n","protected":false},"excerpt":{"rendered":"<p>S\u00e5 blir du medlem Registrera dig som medlem p\u00e5\u202fDjurskyddet Sveriges hemsida. Se till att v\u00e4lja Djurskyddet Bor\u00e5s som din lokalf\u00f6rening.\u00a0 Du kan ocks\u00e5 bli medlem genom att maila dina uppgifter till boras@djurskyddet.se, s\u00e5 ordnar vi resten. Kostnad Medlemskapet kostar 200 kr\/\u00e5r, varav 100 kr g\u00e5r till Djurskyddet Bor\u00e5s och 100 kr till Djurskyddet Sverige. Som medlem i Djurskyddet Bor\u00e5s \u00e4r du ocks\u00e5 medlem i riksf\u00f6rbundet Djurskyddet Sverige och f\u00e5r Tidningen&hellip;<\/p>\n<p><a class=\"more-link\" href=\"https:\/\/www.djurskyddet.se\/boras\/bli-medlem\/\" title=\"Continue reading &lsquo;Bli medlem&rsquo;\">L&auml;s mer<span class=\"meta-nav\">&raquo;<\/span><\/a><\/p>\n","protected":false},"author":3,"featured_media":5943,"parent":0,"menu_order":0,"comment_status":"closed","ping_status":"closed","template":"left-sidebar.php","meta":{"_acf_changed":false,"footnotes":""},"class_list":["post-5690","page","type-page","status-publish","has-post-thumbnail","hentry"],"acf":[],"yoast_head":"<!-- This site is optimized with the Yoast SEO plugin v25.5 - https:\/\/yoast.com\/wordpress\/plugins\/seo\/ -->\n<title>Bli medlem - Djurskyddet Bor\u00e5s<\/title>\n<meta name=\"description\" content=\"Bli medlem och st\u00f6d v\u00e5rt arbete i Djurskyddet f\u00f6r alla djurs r\u00e4tt till trygghet och ett k\u00e4rleksfullt hem. Bli medlem idag!\" \/>\n<meta name=\"robots\" content=\"index, follow, max-snippet:-1, max-image-preview:large, max-video-preview:-1\" \/>\n<link rel=\"canonical\" href=\"https:\/\/www.djurskyddet.se\/boras\/bli-medlem\/\" \/>\n<meta property=\"og:locale\" content=\"sv_SE\" \/>\n<meta property=\"og:type\" content=\"article\" \/>\n<meta property=\"og:title\" content=\"Bli medlem - Djurskyddet Bor\u00e5s\" \/>\n<meta property=\"og:description\" content=\"Bli medlem och st\u00f6d v\u00e5rt arbete i Djurskyddet f\u00f6r alla djurs r\u00e4tt till trygghet och ett k\u00e4rleksfullt hem. Bli medlem idag!\" \/>\n<meta property=\"og:url\" content=\"https:\/\/www.djurskyddet.se\/boras\/bli-medlem\/\" \/>\n<meta property=\"og:site_name\" content=\"Djurskyddet Bor\u00e5s\" \/>\n<meta property=\"article:publisher\" content=\"https:\/\/www.facebook.com\/profile.php?id=61566917612274\" \/>\n<meta property=\"article:modified_time\" content=\"2025-10-01T11:23:06+00:00\" \/>\n<meta property=\"og:image\" content=\"http:\/\/www.djurskyddet.se\/boras\/wp-content\/uploads\/sites\/59\/2025\/06\/katter-hjarta-vit-logo.png\" \/>\n\t<meta property=\"og:image:width\" content=\"1024\" \/>\n\t<meta property=\"og:image:height\" content=\"529\" \/>\n\t<meta property=\"og:image:type\" content=\"image\/png\" \/>\n<meta name=\"twitter:card\" content=\"summary_large_image\" \/>\n<meta name=\"twitter:label1\" content=\"Ber\u00e4knad l\u00e4stid\" \/>\n\t<meta name=\"twitter:data1\" content=\"2 minuter\" \/>\n<script type=\"application\/ld+json\" class=\"yoast-schema-graph\">{\"@context\":\"https:\/\/schema.org\",\"@graph\":[{\"@type\":\"WebPage\",\"@id\":\"https:\/\/www.djurskyddet.se\/boras\/bli-medlem\/\",\"url\":\"https:\/\/www.djurskyddet.se\/boras\/bli-medlem\/\",\"name\":\"Bli medlem - Djurskyddet Bor\u00e5s\",\"isPartOf\":{\"@id\":\"https:\/\/www.djurskyddet.se\/boras\/#website\"},\"primaryImageOfPage\":{\"@id\":\"https:\/\/www.djurskyddet.se\/boras\/bli-medlem\/#primaryimage\"},\"image\":{\"@id\":\"https:\/\/www.djurskyddet.se\/boras\/bli-medlem\/#primaryimage\"},\"thumbnailUrl\":\"https:\/\/www.djurskyddet.se\/boras\/wp-content\/uploads\/sites\/59\/2025\/06\/katter-hjarta-vit-logo.png\",\"datePublished\":\"2025-01-24T13:44:35+00:00\",\"dateModified\":\"2025-10-01T11:23:06+00:00\",\"description\":\"Bli medlem och st\u00f6d v\u00e5rt arbete i Djurskyddet f\u00f6r alla djurs r\u00e4tt till trygghet och ett k\u00e4rleksfullt hem. Bli medlem idag!\",\"breadcrumb\":{\"@id\":\"https:\/\/www.djurskyddet.se\/boras\/bli-medlem\/#breadcrumb\"},\"inLanguage\":\"sv-SE\",\"potentialAction\":[{\"@type\":\"ReadAction\",\"target\":[\"https:\/\/www.djurskyddet.se\/boras\/bli-medlem\/\"]}]},{\"@type\":\"ImageObject\",\"inLanguage\":\"sv-SE\",\"@id\":\"https:\/\/www.djurskyddet.se\/boras\/bli-medlem\/#primaryimage\",\"url\":\"https:\/\/www.djurskyddet.se\/boras\/wp-content\/uploads\/sites\/59\/2025\/06\/katter-hjarta-vit-logo.png\",\"contentUrl\":\"https:\/\/www.djurskyddet.se\/boras\/wp-content\/uploads\/sites\/59\/2025\/06\/katter-hjarta-vit-logo.png\",\"width\":1024,\"height\":529},{\"@type\":\"BreadcrumbList\",\"@id\":\"https:\/\/www.djurskyddet.se\/boras\/bli-medlem\/#breadcrumb\",\"itemListElement\":[{\"@type\":\"ListItem\",\"position\":1,\"name\":\"Hem\",\"item\":\"https:\/\/www.djurskyddet.se\/boras\/\"},{\"@type\":\"ListItem\",\"position\":2,\"name\":\"Bli medlem\"}]},{\"@type\":\"WebSite\",\"@id\":\"https:\/\/www.djurskyddet.se\/boras\/#website\",\"url\":\"https:\/\/www.djurskyddet.se\/boras\/\",\"name\":\"Djurskyddet Bor\u00e5s\",\"description\":\"V\u00e5r mission: att ge heml\u00f6sa djur en andra chans\",\"publisher\":{\"@id\":\"https:\/\/www.djurskyddet.se\/boras\/#organization\"},\"potentialAction\":[{\"@type\":\"SearchAction\",\"target\":{\"@type\":\"EntryPoint\",\"urlTemplate\":\"https:\/\/www.djurskyddet.se\/boras\/?s={search_term_string}\"},\"query-input\":{\"@type\":\"PropertyValueSpecification\",\"valueRequired\":true,\"valueName\":\"search_term_string\"}}],\"inLanguage\":\"sv-SE\"},{\"@type\":\"Organization\",\"@id\":\"https:\/\/www.djurskyddet.se\/boras\/#organization\",\"name\":\"Djurskyddet Bor\u00e5s\",\"url\":\"https:\/\/www.djurskyddet.se\/boras\/\",\"logo\":{\"@type\":\"ImageObject\",\"inLanguage\":\"sv-SE\",\"@id\":\"https:\/\/www.djurskyddet.se\/boras\/#\/schema\/logo\/image\/\",\"url\":\"https:\/\/www.djurskyddet.se\/boras\/wp-content\/uploads\/sites\/59\/2025\/02\/djurskyddet-gront-D-288x300-removebg-preview.png\",\"contentUrl\":\"https:\/\/www.djurskyddet.se\/boras\/wp-content\/uploads\/sites\/59\/2025\/02\/djurskyddet-gront-D-288x300-removebg-preview.png\",\"width\":288,\"height\":300,\"caption\":\"Djurskyddet Bor\u00e5s\"},\"image\":{\"@id\":\"https:\/\/www.djurskyddet.se\/boras\/#\/schema\/logo\/image\/\"},\"sameAs\":[\"https:\/\/www.facebook.com\/profile.php?id=61566917612274\"]}]}<\/script>\n<!-- \/ Yoast SEO plugin. -->","yoast_head_json":{"title":"Bli medlem - Djurskyddet Bor\u00e5s","description":"Bli medlem och st\u00f6d v\u00e5rt arbete i Djurskyddet f\u00f6r alla djurs r\u00e4tt till trygghet och ett k\u00e4rleksfullt hem. Bli medlem idag!","robots":{"index":"index","follow":"follow","max-snippet":"max-snippet:-1","max-image-preview":"max-image-preview:large","max-video-preview":"max-video-preview:-1"},"canonical":"https:\/\/www.djurskyddet.se\/boras\/bli-medlem\/","og_locale":"sv_SE","og_type":"article","og_title":"Bli medlem - Djurskyddet Bor\u00e5s","og_description":"Bli medlem och st\u00f6d v\u00e5rt arbete i Djurskyddet f\u00f6r alla djurs r\u00e4tt till trygghet och ett k\u00e4rleksfullt hem. Bli medlem idag!","og_url":"https:\/\/www.djurskyddet.se\/boras\/bli-medlem\/","og_site_name":"Djurskyddet Bor\u00e5s","article_publisher":"https:\/\/www.facebook.com\/profile.php?id=61566917612274","article_modified_time":"2025-10-01T11:23:06+00:00","og_image":[{"width":1024,"height":529,"url":"http:\/\/www.djurskyddet.se\/boras\/wp-content\/uploads\/sites\/59\/2025\/06\/katter-hjarta-vit-logo.png","type":"image\/png"}],"twitter_card":"summary_large_image","twitter_misc":{"Ber\u00e4knad l\u00e4stid":"2 minuter"},"schema":{"@context":"https:\/\/schema.org","@graph":[{"@type":"WebPage","@id":"https:\/\/www.djurskyddet.se\/boras\/bli-medlem\/","url":"https:\/\/www.djurskyddet.se\/boras\/bli-medlem\/","name":"Bli medlem - Djurskyddet Bor\u00e5s","isPartOf":{"@id":"https:\/\/www.djurskyddet.se\/boras\/#website"},"primaryImageOfPage":{"@id":"https:\/\/www.djurskyddet.se\/boras\/bli-medlem\/#primaryimage"},"image":{"@id":"https:\/\/www.djurskyddet.se\/boras\/bli-medlem\/#primaryimage"},"thumbnailUrl":"https:\/\/www.djurskyddet.se\/boras\/wp-content\/uploads\/sites\/59\/2025\/06\/katter-hjarta-vit-logo.png","datePublished":"2025-01-24T13:44:35+00:00","dateModified":"2025-10-01T11:23:06+00:00","description":"Bli medlem och st\u00f6d v\u00e5rt arbete i Djurskyddet f\u00f6r alla djurs r\u00e4tt till trygghet och ett k\u00e4rleksfullt hem. Bli medlem idag!","breadcrumb":{"@id":"https:\/\/www.djurskyddet.se\/boras\/bli-medlem\/#breadcrumb"},"inLanguage":"sv-SE","potentialAction":[{"@type":"ReadAction","target":["https:\/\/www.djurskyddet.se\/boras\/bli-medlem\/"]}]},{"@type":"ImageObject","inLanguage":"sv-SE","@id":"https:\/\/www.djurskyddet.se\/boras\/bli-medlem\/#primaryimage","url":"https:\/\/www.djurskyddet.se\/boras\/wp-content\/uploads\/sites\/59\/2025\/06\/katter-hjarta-vit-logo.png","contentUrl":"https:\/\/www.djurskyddet.se\/boras\/wp-content\/uploads\/sites\/59\/2025\/06\/katter-hjarta-vit-logo.png","width":1024,"height":529},{"@type":"BreadcrumbList","@id":"https:\/\/www.djurskyddet.se\/boras\/bli-medlem\/#breadcrumb","itemListElement":[{"@type":"ListItem","position":1,"name":"Hem","item":"https:\/\/www.djurskyddet.se\/boras\/"},{"@type":"ListItem","position":2,"name":"Bli medlem"}]},{"@type":"WebSite","@id":"https:\/\/www.djurskyddet.se\/boras\/#website","url":"https:\/\/www.djurskyddet.se\/boras\/","name":"Djurskyddet Bor\u00e5s","description":"V\u00e5r mission: att ge heml\u00f6sa djur en andra chans","publisher":{"@id":"https:\/\/www.djurskyddet.se\/boras\/#organization"},"potentialAction":[{"@type":"SearchAction","target":{"@type":"EntryPoint","urlTemplate":"https:\/\/www.djurskyddet.se\/boras\/?s={search_term_string}"},"query-input":{"@type":"PropertyValueSpecification","valueRequired":true,"valueName":"search_term_string"}}],"inLanguage":"sv-SE"},{"@type":"Organization","@id":"https:\/\/www.djurskyddet.se\/boras\/#organization","name":"Djurskyddet Bor\u00e5s","url":"https:\/\/www.djurskyddet.se\/boras\/","logo":{"@type":"ImageObject","inLanguage":"sv-SE","@id":"https:\/\/www.djurskyddet.se\/boras\/#\/schema\/logo\/image\/","url":"https:\/\/www.djurskyddet.se\/boras\/wp-content\/uploads\/sites\/59\/2025\/02\/djurskyddet-gront-D-288x300-removebg-preview.png","contentUrl":"https:\/\/www.djurskyddet.se\/boras\/wp-content\/uploads\/sites\/59\/2025\/02\/djurskyddet-gront-D-288x300-removebg-preview.png","width":288,"height":300,"caption":"Djurskyddet Bor\u00e5s"},"image":{"@id":"https:\/\/www.djurskyddet.se\/boras\/#\/schema\/logo\/image\/"},"sameAs":["https:\/\/www.facebook.com\/profile.php?id=61566917612274"]}]}},"_links":{"self":[{"href":"https:\/\/www.djurskyddet.se\/boras\/wp-json\/wp\/v2\/pages\/5690","targetHints":{"allow":["GET"]}}],"collection":[{"href":"https:\/\/www.djurskyddet.se\/boras\/wp-json\/wp\/v2\/pages"}],"about":[{"href":"https:\/\/www.djurskyddet.se\/boras\/wp-json\/wp\/v2\/types\/page"}],"author":[{"embeddable":true,"href":"https:\/\/www.djurskyddet.se\/boras\/wp-json\/wp\/v2\/users\/3"}],"replies":[{"embeddable":true,"href":"https:\/\/www.djurskyddet.se\/boras\/wp-json\/wp\/v2\/comments?post=5690"}],"version-history":[{"count":14,"href":"https:\/\/www.djurskyddet.se\/boras\/wp-json\/wp\/v2\/pages\/5690\/revisions"}],"predecessor-version":[{"id":5983,"href":"https:\/\/www.djurskyddet.se\/boras\/wp-json\/wp\/v2\/pages\/5690\/revisions\/5983"}],"wp:featuredmedia":[{"embeddable":true,"href":"https:\/\/www.djurskyddet.se\/boras\/wp-json\/wp\/v2\/media\/5943"}],"wp:attachment":[{"href":"https:\/\/www.djurskyddet.se\/boras\/wp-json\/wp\/v2\/media?parent=5690"}],"curies":[{"name":"wp","href":"https:\/\/api.w.org\/{rel}","templated":true}]}}