{"id":5766,"date":"2025-01-30T19:50:28","date_gmt":"2025-01-30T19:50:28","guid":{"rendered":"https:\/\/www.djurskyddet.se\/boras\/?page_id=5766"},"modified":"2025-06-26T16:54:46","modified_gmt":"2025-06-26T16:54:46","slug":"ge-ett-bidrag","status":"publish","type":"page","link":"https:\/\/www.djurskyddet.se\/boras\/ge-ett-bidrag\/","title":{"rendered":"Ge ett bidrag"},"content":{"rendered":"\n<h2 class=\"wp-block-heading\">Swisha:<br>123 340 52 30<\/h2>\n\n\n\n<p><strong>Bankgiro:<\/strong><br>793-0696<\/p>\n\n\n\n<p><a href=\"https:\/\/www.djurskyddet.se\/boras\/bli-manadsgivare\/\">Du kan \u00e4ven bli m\u00e5nadsgivare via autogiro.<\/a><\/p>\n\n\n\n<p>D\u00e5 Djurskyddet Bor\u00e5s \u00e4r en ideell f\u00f6rening \u00e4r vi beroende av ekonomiskt st\u00f6ttning f\u00f6r att hj\u00e4lpa heml\u00f6sa katter. Vanliga kostnader f\u00f6r f\u00f6reningen \u00e4r veterin\u00e4rkostnader, kattmat och kattstr\u00f6. Vi tar tacksamt emot bidrag. <br><\/p>\n\n\n\n<p><strong>kontakt vid fr\u00e5gor:<\/strong><br><a href=\"tel:0737516308v\">0737-51 63 08<\/a><br><a href=\"https:\/\/www.facebook.com\/profile.php?id=61566917612274\" target=\"_blank\" rel=\"noopener\">Facebook<\/a><br><a href=\"mailto:boras@djurskyddet.se\">boras@djurskyddet.se<\/a><\/p>\n\n\n\n<p><\/p>\n","protected":false},"excerpt":{"rendered":"<p>Swisha:123 340 52 30 Bankgiro:793-0696 Du kan \u00e4ven bli m\u00e5nadsgivare via autogiro. D\u00e5 Djurskyddet Bor\u00e5s \u00e4r en ideell f\u00f6rening \u00e4r vi beroende av ekonomiskt st\u00f6ttning f\u00f6r att hj\u00e4lpa heml\u00f6sa katter. Vanliga kostnader f\u00f6r f\u00f6reningen \u00e4r veterin\u00e4rkostnader, kattmat och kattstr\u00f6. Vi tar tacksamt emot bidrag. kontakt vid fr\u00e5gor:0737-51 63 08Facebookboras@djurskyddet.se<\/p>\n","protected":false},"author":73,"featured_media":0,"parent":0,"menu_order":0,"comment_status":"closed","ping_status":"closed","template":"","meta":{"_acf_changed":false,"footnotes":""},"class_list":["post-5766","page","type-page","status-publish","hentry"],"acf":[],"yoast_head":"<!-- This site is optimized with the Yoast SEO plugin v25.5 - https:\/\/yoast.com\/wordpress\/plugins\/seo\/ -->\n<title>Ge ett bidrag - Djurskyddet Bor\u00e5s<\/title>\n<meta name=\"robots\" content=\"index, follow, max-snippet:-1, max-image-preview:large, max-video-preview:-1\" \/>\n<link rel=\"canonical\" href=\"https:\/\/www.djurskyddet.se\/boras\/ge-ett-bidrag\/\" \/>\n<meta property=\"og:locale\" content=\"sv_SE\" \/>\n<meta property=\"og:type\" content=\"article\" \/>\n<meta property=\"og:title\" content=\"Ge ett bidrag - Djurskyddet Bor\u00e5s\" \/>\n<meta property=\"og:description\" content=\"Swisha:123 340 52 30 Bankgiro:793-0696 Du kan \u00e4ven bli m\u00e5nadsgivare via autogiro. D\u00e5 Djurskyddet Bor\u00e5s \u00e4r en ideell f\u00f6rening \u00e4r vi beroende av ekonomiskt st\u00f6ttning f\u00f6r att hj\u00e4lpa heml\u00f6sa katter. Vanliga kostnader f\u00f6r f\u00f6reningen \u00e4r veterin\u00e4rkostnader, kattmat och kattstr\u00f6. Vi tar tacksamt emot bidrag. kontakt vid fr\u00e5gor:0737-51 63 08Facebookboras@djurskyddet.se\" \/>\n<meta property=\"og:url\" content=\"https:\/\/www.djurskyddet.se\/boras\/ge-ett-bidrag\/\" \/>\n<meta property=\"og:site_name\" content=\"Djurskyddet Bor\u00e5s\" \/>\n<meta property=\"article:publisher\" content=\"https:\/\/www.facebook.com\/profile.php?id=61566917612274\" \/>\n<meta property=\"article:modified_time\" content=\"2025-06-26T16:54:46+00:00\" \/>\n<meta name=\"twitter:card\" content=\"summary_large_image\" \/>\n<meta name=\"twitter:label1\" content=\"Ber\u00e4knad l\u00e4stid\" \/>\n\t<meta name=\"twitter:data1\" content=\"1 minut\" \/>\n<script type=\"application\/ld+json\" class=\"yoast-schema-graph\">{\"@context\":\"https:\/\/schema.org\",\"@graph\":[{\"@type\":\"WebPage\",\"@id\":\"https:\/\/www.djurskyddet.se\/boras\/ge-ett-bidrag\/\",\"url\":\"https:\/\/www.djurskyddet.se\/boras\/ge-ett-bidrag\/\",\"name\":\"Ge ett bidrag - Djurskyddet Bor\u00e5s\",\"isPartOf\":{\"@id\":\"https:\/\/www.djurskyddet.se\/boras\/#website\"},\"datePublished\":\"2025-01-30T19:50:28+00:00\",\"dateModified\":\"2025-06-26T16:54:46+00:00\",\"breadcrumb\":{\"@id\":\"https:\/\/www.djurskyddet.se\/boras\/ge-ett-bidrag\/#breadcrumb\"},\"inLanguage\":\"sv-SE\",\"potentialAction\":[{\"@type\":\"ReadAction\",\"target\":[\"https:\/\/www.djurskyddet.se\/boras\/ge-ett-bidrag\/\"]}]},{\"@type\":\"BreadcrumbList\",\"@id\":\"https:\/\/www.djurskyddet.se\/boras\/ge-ett-bidrag\/#breadcrumb\",\"itemListElement\":[{\"@type\":\"ListItem\",\"position\":1,\"name\":\"Hem\",\"item\":\"https:\/\/www.djurskyddet.se\/boras\/\"},{\"@type\":\"ListItem\",\"position\":2,\"name\":\"Ge ett bidrag\"}]},{\"@type\":\"WebSite\",\"@id\":\"https:\/\/www.djurskyddet.se\/boras\/#website\",\"url\":\"https:\/\/www.djurskyddet.se\/boras\/\",\"name\":\"Djurskyddet Bor\u00e5s\",\"description\":\"V\u00e5r mission: att ge heml\u00f6sa djur en andra chans\",\"publisher\":{\"@id\":\"https:\/\/www.djurskyddet.se\/boras\/#organization\"},\"potentialAction\":[{\"@type\":\"SearchAction\",\"target\":{\"@type\":\"EntryPoint\",\"urlTemplate\":\"https:\/\/www.djurskyddet.se\/boras\/?s={search_term_string}\"},\"query-input\":{\"@type\":\"PropertyValueSpecification\",\"valueRequired\":true,\"valueName\":\"search_term_string\"}}],\"inLanguage\":\"sv-SE\"},{\"@type\":\"Organization\",\"@id\":\"https:\/\/www.djurskyddet.se\/boras\/#organization\",\"name\":\"Djurskyddet Bor\u00e5s\",\"url\":\"https:\/\/www.djurskyddet.se\/boras\/\",\"logo\":{\"@type\":\"ImageObject\",\"inLanguage\":\"sv-SE\",\"@id\":\"https:\/\/www.djurskyddet.se\/boras\/#\/schema\/logo\/image\/\",\"url\":\"https:\/\/www.djurskyddet.se\/boras\/wp-content\/uploads\/sites\/59\/2025\/02\/djurskyddet-gront-D-288x300-removebg-preview.png\",\"contentUrl\":\"https:\/\/www.djurskyddet.se\/boras\/wp-content\/uploads\/sites\/59\/2025\/02\/djurskyddet-gront-D-288x300-removebg-preview.png\",\"width\":288,\"height\":300,\"caption\":\"Djurskyddet Bor\u00e5s\"},\"image\":{\"@id\":\"https:\/\/www.djurskyddet.se\/boras\/#\/schema\/logo\/image\/\"},\"sameAs\":[\"https:\/\/www.facebook.com\/profile.php?id=61566917612274\"]}]}<\/script>\n<!-- \/ Yoast SEO plugin. -->","yoast_head_json":{"title":"Ge ett bidrag - Djurskyddet Bor\u00e5s","robots":{"index":"index","follow":"follow","max-snippet":"max-snippet:-1","max-image-preview":"max-image-preview:large","max-video-preview":"max-video-preview:-1"},"canonical":"https:\/\/www.djurskyddet.se\/boras\/ge-ett-bidrag\/","og_locale":"sv_SE","og_type":"article","og_title":"Ge ett bidrag - Djurskyddet Bor\u00e5s","og_description":"Swisha:123 340 52 30 Bankgiro:793-0696 Du kan \u00e4ven bli m\u00e5nadsgivare via autogiro. D\u00e5 Djurskyddet Bor\u00e5s \u00e4r en ideell f\u00f6rening \u00e4r vi beroende av ekonomiskt st\u00f6ttning f\u00f6r att hj\u00e4lpa heml\u00f6sa katter. Vanliga kostnader f\u00f6r f\u00f6reningen \u00e4r veterin\u00e4rkostnader, kattmat och kattstr\u00f6. Vi tar tacksamt emot bidrag. kontakt vid fr\u00e5gor:0737-51 63 08Facebookboras@djurskyddet.se","og_url":"https:\/\/www.djurskyddet.se\/boras\/ge-ett-bidrag\/","og_site_name":"Djurskyddet Bor\u00e5s","article_publisher":"https:\/\/www.facebook.com\/profile.php?id=61566917612274","article_modified_time":"2025-06-26T16:54:46+00:00","twitter_card":"summary_large_image","twitter_misc":{"Ber\u00e4knad l\u00e4stid":"1 minut"},"schema":{"@context":"https:\/\/schema.org","@graph":[{"@type":"WebPage","@id":"https:\/\/www.djurskyddet.se\/boras\/ge-ett-bidrag\/","url":"https:\/\/www.djurskyddet.se\/boras\/ge-ett-bidrag\/","name":"Ge ett bidrag - Djurskyddet Bor\u00e5s","isPartOf":{"@id":"https:\/\/www.djurskyddet.se\/boras\/#website"},"datePublished":"2025-01-30T19:50:28+00:00","dateModified":"2025-06-26T16:54:46+00:00","breadcrumb":{"@id":"https:\/\/www.djurskyddet.se\/boras\/ge-ett-bidrag\/#breadcrumb"},"inLanguage":"sv-SE","potentialAction":[{"@type":"ReadAction","target":["https:\/\/www.djurskyddet.se\/boras\/ge-ett-bidrag\/"]}]},{"@type":"BreadcrumbList","@id":"https:\/\/www.djurskyddet.se\/boras\/ge-ett-bidrag\/#breadcrumb","itemListElement":[{"@type":"ListItem","position":1,"name":"Hem","item":"https:\/\/www.djurskyddet.se\/boras\/"},{"@type":"ListItem","position":2,"name":"Ge ett bidrag"}]},{"@type":"WebSite","@id":"https:\/\/www.djurskyddet.se\/boras\/#website","url":"https:\/\/www.djurskyddet.se\/boras\/","name":"Djurskyddet Bor\u00e5s","description":"V\u00e5r mission: att ge heml\u00f6sa djur en andra chans","publisher":{"@id":"https:\/\/www.djurskyddet.se\/boras\/#organization"},"potentialAction":[{"@type":"SearchAction","target":{"@type":"EntryPoint","urlTemplate":"https:\/\/www.djurskyddet.se\/boras\/?s={search_term_string}"},"query-input":{"@type":"PropertyValueSpecification","valueRequired":true,"valueName":"search_term_string"}}],"inLanguage":"sv-SE"},{"@type":"Organization","@id":"https:\/\/www.djurskyddet.se\/boras\/#organization","name":"Djurskyddet Bor\u00e5s","url":"https:\/\/www.djurskyddet.se\/boras\/","logo":{"@type":"ImageObject","inLanguage":"sv-SE","@id":"https:\/\/www.djurskyddet.se\/boras\/#\/schema\/logo\/image\/","url":"https:\/\/www.djurskyddet.se\/boras\/wp-content\/uploads\/sites\/59\/2025\/02\/djurskyddet-gront-D-288x300-removebg-preview.png","contentUrl":"https:\/\/www.djurskyddet.se\/boras\/wp-content\/uploads\/sites\/59\/2025\/02\/djurskyddet-gront-D-288x300-removebg-preview.png","width":288,"height":300,"caption":"Djurskyddet Bor\u00e5s"},"image":{"@id":"https:\/\/www.djurskyddet.se\/boras\/#\/schema\/logo\/image\/"},"sameAs":["https:\/\/www.facebook.com\/profile.php?id=61566917612274"]}]}},"_links":{"self":[{"href":"https:\/\/www.djurskyddet.se\/boras\/wp-json\/wp\/v2\/pages\/5766","targetHints":{"allow":["GET"]}}],"collection":[{"href":"https:\/\/www.djurskyddet.se\/boras\/wp-json\/wp\/v2\/pages"}],"about":[{"href":"https:\/\/www.djurskyddet.se\/boras\/wp-json\/wp\/v2\/types\/page"}],"author":[{"embeddable":true,"href":"https:\/\/www.djurskyddet.se\/boras\/wp-json\/wp\/v2\/users\/73"}],"replies":[{"embeddable":true,"href":"https:\/\/www.djurskyddet.se\/boras\/wp-json\/wp\/v2\/comments?post=5766"}],"version-history":[{"count":9,"href":"https:\/\/www.djurskyddet.se\/boras\/wp-json\/wp\/v2\/pages\/5766\/revisions"}],"predecessor-version":[{"id":5959,"href":"https:\/\/www.djurskyddet.se\/boras\/wp-json\/wp\/v2\/pages\/5766\/revisions\/5959"}],"wp:attachment":[{"href":"https:\/\/www.djurskyddet.se\/boras\/wp-json\/wp\/v2\/media?parent=5766"}],"curies":[{"name":"wp","href":"https:\/\/api.w.org\/{rel}","templated":true}]}}