{"id":5770,"date":"2025-01-31T14:52:25","date_gmt":"2025-01-31T14:52:25","guid":{"rendered":"https:\/\/www.djurskyddet.se\/boras\/?page_id=5770"},"modified":"2025-06-26T16:53:53","modified_gmt":"2025-06-26T16:53:53","slug":"bli-manadsgivare","status":"publish","type":"page","link":"https:\/\/www.djurskyddet.se\/boras\/bli-manadsgivare\/","title":{"rendered":"Bli m\u00e5nadsgivare"},"content":{"rendered":"\n<h3 class=\"wp-block-heading\"><strong>Bli m\u00e5nadsgivare<\/strong>!<\/h3>\n\n\n\n<p>Hj\u00e4lp utsatta djur genom att sk\u00e4nka en g\u00e5va varje m\u00e5nad via autogiro! Regelbundet st\u00f6d ger oss b\u00e4ttre m\u00f6jligheter att planera och g\u00f6ra st\u00f6rre skillnad. <\/p>\n\n\n\n<h3 class=\"wp-block-heading\"><strong>S\u00e5 g\u00f6r du<\/strong>:<\/h3>\n\n\n\n<p><strong><a href=\"https:\/\/www.djurskyddet.se\/stod-oss\/manadsgivare\/\">Fyll i formul\u00e4ret p\u00e5 Djurskyddet Sverige<\/a><\/strong> och bli m\u00e5nadsgivare!<\/p>\n\n\n\n<p>Eller s\u00e5 kan du h\u00f6ra av dig till oss s\u00e5 hj\u00e4lper vi dig med en blankett. Du v\u00e4ljer sj\u00e4lv belopp n\u00e4r du registrerar dig.<\/p>\n\n\n\n<p>Som m\u00e5nadsgivare blir du automatiskt medlem i <strong>Djurskyddet Sverige<\/strong> och f\u00e5r <a href=\"https:\/\/tidningen.djurskyddet.se\/\"><strong>Tidningen Djurskyddet<\/strong> <\/a>fyra g\u00e5nger per \u00e5r. <br>Vill du bara ge utan att bli medlem? Kontakta oss eller anv\u00e4nd:<br><strong>bankgiro: <\/strong><br>793-0696<br><strong>Swisha en g\u00e5va: <\/strong><br>123 340 52 30<\/p>\n\n\n\n<p><strong>kontakt vid fr\u00e5gor:<\/strong><br><a href=\"tel:0737516308v\">0737-51 63 08<\/a><br><a href=\"https:\/\/www.facebook.com\/profile.php?id=61566917612274\" target=\"_blank\" rel=\"noopener\">Facebook<\/a><br><a href=\"mailto:boras@djurskyddet.se\">boras@djurskyddet.se<\/a><\/p>\n","protected":false},"excerpt":{"rendered":"<p>Bli m\u00e5nadsgivare! Hj\u00e4lp utsatta djur genom att sk\u00e4nka en g\u00e5va varje m\u00e5nad via autogiro! Regelbundet st\u00f6d ger oss b\u00e4ttre m\u00f6jligheter att planera och g\u00f6ra st\u00f6rre skillnad. S\u00e5 g\u00f6r du: Fyll i formul\u00e4ret p\u00e5 Djurskyddet Sverige och bli m\u00e5nadsgivare! Eller s\u00e5 kan du h\u00f6ra av dig till oss s\u00e5 hj\u00e4lper vi dig med en blankett. Du v\u00e4ljer sj\u00e4lv belopp n\u00e4r du registrerar dig. Som m\u00e5nadsgivare blir du automatiskt medlem i Djurskyddet&hellip;<\/p>\n<p><a class=\"more-link\" href=\"https:\/\/www.djurskyddet.se\/boras\/bli-manadsgivare\/\" title=\"Continue reading &lsquo;Bli m\u00e5nadsgivare&rsquo;\">L&auml;s mer<span class=\"meta-nav\">&raquo;<\/span><\/a><\/p>\n","protected":false},"author":73,"featured_media":5919,"parent":0,"menu_order":0,"comment_status":"closed","ping_status":"closed","template":"","meta":{"_acf_changed":false,"footnotes":""},"class_list":["post-5770","page","type-page","status-publish","has-post-thumbnail","hentry"],"acf":[],"yoast_head":"<!-- This site is optimized with the Yoast SEO plugin v25.5 - https:\/\/yoast.com\/wordpress\/plugins\/seo\/ -->\n<title>Bli m\u00e5nadsgivare - Djurskyddet Bor\u00e5s<\/title>\n<meta name=\"robots\" content=\"index, follow, max-snippet:-1, max-image-preview:large, max-video-preview:-1\" \/>\n<link rel=\"canonical\" href=\"https:\/\/www.djurskyddet.se\/boras\/bli-manadsgivare\/\" \/>\n<meta property=\"og:locale\" content=\"sv_SE\" \/>\n<meta property=\"og:type\" content=\"article\" \/>\n<meta property=\"og:title\" content=\"Bli m\u00e5nadsgivare - Djurskyddet Bor\u00e5s\" \/>\n<meta property=\"og:description\" content=\"Bli m\u00e5nadsgivare! Hj\u00e4lp utsatta djur genom att sk\u00e4nka en g\u00e5va varje m\u00e5nad via autogiro! Regelbundet st\u00f6d ger oss b\u00e4ttre m\u00f6jligheter att planera och g\u00f6ra st\u00f6rre skillnad. S\u00e5 g\u00f6r du: Fyll i formul\u00e4ret p\u00e5 Djurskyddet Sverige och bli m\u00e5nadsgivare! Eller s\u00e5 kan du h\u00f6ra av dig till oss s\u00e5 hj\u00e4lper vi dig med en blankett. Du v\u00e4ljer sj\u00e4lv belopp n\u00e4r du registrerar dig. Som m\u00e5nadsgivare blir du automatiskt medlem i Djurskyddet&hellip;L&auml;s mer&raquo;\" \/>\n<meta property=\"og:url\" content=\"https:\/\/www.djurskyddet.se\/boras\/bli-manadsgivare\/\" \/>\n<meta property=\"og:site_name\" content=\"Djurskyddet Bor\u00e5s\" \/>\n<meta property=\"article:publisher\" content=\"https:\/\/www.facebook.com\/profile.php?id=61566917612274\" \/>\n<meta property=\"article:modified_time\" content=\"2025-06-26T16:53:53+00:00\" \/>\n<meta property=\"og:image\" content=\"http:\/\/www.djurskyddet.se\/boras\/wp-content\/uploads\/sites\/59\/2014\/12\/bedjande-kattunge.png\" \/>\n\t<meta property=\"og:image:width\" content=\"1024\" \/>\n\t<meta property=\"og:image:height\" content=\"537\" \/>\n\t<meta property=\"og:image:type\" content=\"image\/png\" \/>\n<meta name=\"twitter:card\" content=\"summary_large_image\" \/>\n<meta name=\"twitter:label1\" content=\"Ber\u00e4knad l\u00e4stid\" \/>\n\t<meta name=\"twitter:data1\" content=\"1 minut\" \/>\n<script type=\"application\/ld+json\" class=\"yoast-schema-graph\">{\"@context\":\"https:\/\/schema.org\",\"@graph\":[{\"@type\":\"WebPage\",\"@id\":\"https:\/\/www.djurskyddet.se\/boras\/bli-manadsgivare\/\",\"url\":\"https:\/\/www.djurskyddet.se\/boras\/bli-manadsgivare\/\",\"name\":\"Bli m\u00e5nadsgivare - Djurskyddet Bor\u00e5s\",\"isPartOf\":{\"@id\":\"https:\/\/www.djurskyddet.se\/boras\/#website\"},\"primaryImageOfPage\":{\"@id\":\"https:\/\/www.djurskyddet.se\/boras\/bli-manadsgivare\/#primaryimage\"},\"image\":{\"@id\":\"https:\/\/www.djurskyddet.se\/boras\/bli-manadsgivare\/#primaryimage\"},\"thumbnailUrl\":\"https:\/\/www.djurskyddet.se\/boras\/wp-content\/uploads\/sites\/59\/2014\/12\/bedjande-kattunge.png\",\"datePublished\":\"2025-01-31T14:52:25+00:00\",\"dateModified\":\"2025-06-26T16:53:53+00:00\",\"breadcrumb\":{\"@id\":\"https:\/\/www.djurskyddet.se\/boras\/bli-manadsgivare\/#breadcrumb\"},\"inLanguage\":\"sv-SE\",\"potentialAction\":[{\"@type\":\"ReadAction\",\"target\":[\"https:\/\/www.djurskyddet.se\/boras\/bli-manadsgivare\/\"]}]},{\"@type\":\"ImageObject\",\"inLanguage\":\"sv-SE\",\"@id\":\"https:\/\/www.djurskyddet.se\/boras\/bli-manadsgivare\/#primaryimage\",\"url\":\"https:\/\/www.djurskyddet.se\/boras\/wp-content\/uploads\/sites\/59\/2014\/12\/bedjande-kattunge.png\",\"contentUrl\":\"https:\/\/www.djurskyddet.se\/boras\/wp-content\/uploads\/sites\/59\/2014\/12\/bedjande-kattunge.png\",\"width\":1024,\"height\":537},{\"@type\":\"BreadcrumbList\",\"@id\":\"https:\/\/www.djurskyddet.se\/boras\/bli-manadsgivare\/#breadcrumb\",\"itemListElement\":[{\"@type\":\"ListItem\",\"position\":1,\"name\":\"Hem\",\"item\":\"https:\/\/www.djurskyddet.se\/boras\/\"},{\"@type\":\"ListItem\",\"position\":2,\"name\":\"Bli m\u00e5nadsgivare\"}]},{\"@type\":\"WebSite\",\"@id\":\"https:\/\/www.djurskyddet.se\/boras\/#website\",\"url\":\"https:\/\/www.djurskyddet.se\/boras\/\",\"name\":\"Djurskyddet Bor\u00e5s\",\"description\":\"V\u00e5r mission: att ge heml\u00f6sa djur en andra chans\",\"publisher\":{\"@id\":\"https:\/\/www.djurskyddet.se\/boras\/#organization\"},\"potentialAction\":[{\"@type\":\"SearchAction\",\"target\":{\"@type\":\"EntryPoint\",\"urlTemplate\":\"https:\/\/www.djurskyddet.se\/boras\/?s={search_term_string}\"},\"query-input\":{\"@type\":\"PropertyValueSpecification\",\"valueRequired\":true,\"valueName\":\"search_term_string\"}}],\"inLanguage\":\"sv-SE\"},{\"@type\":\"Organization\",\"@id\":\"https:\/\/www.djurskyddet.se\/boras\/#organization\",\"name\":\"Djurskyddet Bor\u00e5s\",\"url\":\"https:\/\/www.djurskyddet.se\/boras\/\",\"logo\":{\"@type\":\"ImageObject\",\"inLanguage\":\"sv-SE\",\"@id\":\"https:\/\/www.djurskyddet.se\/boras\/#\/schema\/logo\/image\/\",\"url\":\"https:\/\/www.djurskyddet.se\/boras\/wp-content\/uploads\/sites\/59\/2025\/02\/djurskyddet-gront-D-288x300-removebg-preview.png\",\"contentUrl\":\"https:\/\/www.djurskyddet.se\/boras\/wp-content\/uploads\/sites\/59\/2025\/02\/djurskyddet-gront-D-288x300-removebg-preview.png\",\"width\":288,\"height\":300,\"caption\":\"Djurskyddet Bor\u00e5s\"},\"image\":{\"@id\":\"https:\/\/www.djurskyddet.se\/boras\/#\/schema\/logo\/image\/\"},\"sameAs\":[\"https:\/\/www.facebook.com\/profile.php?id=61566917612274\"]}]}<\/script>\n<!-- \/ Yoast SEO plugin. -->","yoast_head_json":{"title":"Bli m\u00e5nadsgivare - Djurskyddet Bor\u00e5s","robots":{"index":"index","follow":"follow","max-snippet":"max-snippet:-1","max-image-preview":"max-image-preview:large","max-video-preview":"max-video-preview:-1"},"canonical":"https:\/\/www.djurskyddet.se\/boras\/bli-manadsgivare\/","og_locale":"sv_SE","og_type":"article","og_title":"Bli m\u00e5nadsgivare - Djurskyddet Bor\u00e5s","og_description":"Bli m\u00e5nadsgivare! Hj\u00e4lp utsatta djur genom att sk\u00e4nka en g\u00e5va varje m\u00e5nad via autogiro! Regelbundet st\u00f6d ger oss b\u00e4ttre m\u00f6jligheter att planera och g\u00f6ra st\u00f6rre skillnad. S\u00e5 g\u00f6r du: Fyll i formul\u00e4ret p\u00e5 Djurskyddet Sverige och bli m\u00e5nadsgivare! Eller s\u00e5 kan du h\u00f6ra av dig till oss s\u00e5 hj\u00e4lper vi dig med en blankett. Du v\u00e4ljer sj\u00e4lv belopp n\u00e4r du registrerar dig. Som m\u00e5nadsgivare blir du automatiskt medlem i Djurskyddet&hellip;L&auml;s mer&raquo;","og_url":"https:\/\/www.djurskyddet.se\/boras\/bli-manadsgivare\/","og_site_name":"Djurskyddet Bor\u00e5s","article_publisher":"https:\/\/www.facebook.com\/profile.php?id=61566917612274","article_modified_time":"2025-06-26T16:53:53+00:00","og_image":[{"width":1024,"height":537,"url":"http:\/\/www.djurskyddet.se\/boras\/wp-content\/uploads\/sites\/59\/2014\/12\/bedjande-kattunge.png","type":"image\/png"}],"twitter_card":"summary_large_image","twitter_misc":{"Ber\u00e4knad l\u00e4stid":"1 minut"},"schema":{"@context":"https:\/\/schema.org","@graph":[{"@type":"WebPage","@id":"https:\/\/www.djurskyddet.se\/boras\/bli-manadsgivare\/","url":"https:\/\/www.djurskyddet.se\/boras\/bli-manadsgivare\/","name":"Bli m\u00e5nadsgivare - Djurskyddet Bor\u00e5s","isPartOf":{"@id":"https:\/\/www.djurskyddet.se\/boras\/#website"},"primaryImageOfPage":{"@id":"https:\/\/www.djurskyddet.se\/boras\/bli-manadsgivare\/#primaryimage"},"image":{"@id":"https:\/\/www.djurskyddet.se\/boras\/bli-manadsgivare\/#primaryimage"},"thumbnailUrl":"https:\/\/www.djurskyddet.se\/boras\/wp-content\/uploads\/sites\/59\/2014\/12\/bedjande-kattunge.png","datePublished":"2025-01-31T14:52:25+00:00","dateModified":"2025-06-26T16:53:53+00:00","breadcrumb":{"@id":"https:\/\/www.djurskyddet.se\/boras\/bli-manadsgivare\/#breadcrumb"},"inLanguage":"sv-SE","potentialAction":[{"@type":"ReadAction","target":["https:\/\/www.djurskyddet.se\/boras\/bli-manadsgivare\/"]}]},{"@type":"ImageObject","inLanguage":"sv-SE","@id":"https:\/\/www.djurskyddet.se\/boras\/bli-manadsgivare\/#primaryimage","url":"https:\/\/www.djurskyddet.se\/boras\/wp-content\/uploads\/sites\/59\/2014\/12\/bedjande-kattunge.png","contentUrl":"https:\/\/www.djurskyddet.se\/boras\/wp-content\/uploads\/sites\/59\/2014\/12\/bedjande-kattunge.png","width":1024,"height":537},{"@type":"BreadcrumbList","@id":"https:\/\/www.djurskyddet.se\/boras\/bli-manadsgivare\/#breadcrumb","itemListElement":[{"@type":"ListItem","position":1,"name":"Hem","item":"https:\/\/www.djurskyddet.se\/boras\/"},{"@type":"ListItem","position":2,"name":"Bli m\u00e5nadsgivare"}]},{"@type":"WebSite","@id":"https:\/\/www.djurskyddet.se\/boras\/#website","url":"https:\/\/www.djurskyddet.se\/boras\/","name":"Djurskyddet Bor\u00e5s","description":"V\u00e5r mission: att ge heml\u00f6sa djur en andra chans","publisher":{"@id":"https:\/\/www.djurskyddet.se\/boras\/#organization"},"potentialAction":[{"@type":"SearchAction","target":{"@type":"EntryPoint","urlTemplate":"https:\/\/www.djurskyddet.se\/boras\/?s={search_term_string}"},"query-input":{"@type":"PropertyValueSpecification","valueRequired":true,"valueName":"search_term_string"}}],"inLanguage":"sv-SE"},{"@type":"Organization","@id":"https:\/\/www.djurskyddet.se\/boras\/#organization","name":"Djurskyddet Bor\u00e5s","url":"https:\/\/www.djurskyddet.se\/boras\/","logo":{"@type":"ImageObject","inLanguage":"sv-SE","@id":"https:\/\/www.djurskyddet.se\/boras\/#\/schema\/logo\/image\/","url":"https:\/\/www.djurskyddet.se\/boras\/wp-content\/uploads\/sites\/59\/2025\/02\/djurskyddet-gront-D-288x300-removebg-preview.png","contentUrl":"https:\/\/www.djurskyddet.se\/boras\/wp-content\/uploads\/sites\/59\/2025\/02\/djurskyddet-gront-D-288x300-removebg-preview.png","width":288,"height":300,"caption":"Djurskyddet Bor\u00e5s"},"image":{"@id":"https:\/\/www.djurskyddet.se\/boras\/#\/schema\/logo\/image\/"},"sameAs":["https:\/\/www.facebook.com\/profile.php?id=61566917612274"]}]}},"_links":{"self":[{"href":"https:\/\/www.djurskyddet.se\/boras\/wp-json\/wp\/v2\/pages\/5770","targetHints":{"allow":["GET"]}}],"collection":[{"href":"https:\/\/www.djurskyddet.se\/boras\/wp-json\/wp\/v2\/pages"}],"about":[{"href":"https:\/\/www.djurskyddet.se\/boras\/wp-json\/wp\/v2\/types\/page"}],"author":[{"embeddable":true,"href":"https:\/\/www.djurskyddet.se\/boras\/wp-json\/wp\/v2\/users\/73"}],"replies":[{"embeddable":true,"href":"https:\/\/www.djurskyddet.se\/boras\/wp-json\/wp\/v2\/comments?post=5770"}],"version-history":[{"count":8,"href":"https:\/\/www.djurskyddet.se\/boras\/wp-json\/wp\/v2\/pages\/5770\/revisions"}],"predecessor-version":[{"id":5957,"href":"https:\/\/www.djurskyddet.se\/boras\/wp-json\/wp\/v2\/pages\/5770\/revisions\/5957"}],"wp:featuredmedia":[{"embeddable":true,"href":"https:\/\/www.djurskyddet.se\/boras\/wp-json\/wp\/v2\/media\/5919"}],"wp:attachment":[{"href":"https:\/\/www.djurskyddet.se\/boras\/wp-json\/wp\/v2\/media?parent=5770"}],"curies":[{"name":"wp","href":"https:\/\/api.w.org\/{rel}","templated":true}]}}