{"id":5988,"date":"2026-01-19T16:33:42","date_gmt":"2026-01-19T16:33:42","guid":{"rendered":"https:\/\/www.djurskyddet.se\/boras\/?page_id=5988"},"modified":"2026-01-19T16:33:43","modified_gmt":"2026-01-19T16:33:43","slug":"att-vara-jourhem-ar-underbart","status":"publish","type":"page","link":"https:\/\/www.djurskyddet.se\/boras\/att-vara-jourhem-ar-underbart\/","title":{"rendered":"Att vara jourhem \u00e4r underbart"},"content":{"rendered":"\n<p><strong>S\u00e5 h\u00e4r kan det vara:<\/strong><\/p>\n\n\n\n<p><a><\/a>Man f\u00e5r hem en skygg liten krake som har varit med om en del, ibland traumatiserad eller ibland bara beh\u00f6ver ett nytt hem. Katten kan vilja spendera en eller till och med tv\u00e5 m\u00e5nader under soffan och bara komma fram p\u00e5 natten f\u00f6r att \u00e4ta, dricka och g\u00e5 p\u00e5 l\u00e5dan. Kan vara frustrerande om man t\u00e4nkt sig en kn\u00e4katt. B\u00e4sta \u00e4r att bara l\u00e5ta dem ta sin tid. Och sakta, sakta kommer de fram. Vill oftast s\u00e5 g\u00e4rna ha kontakt men v\u00e5gar inte. Som jourhem \u00e4r det att v\u00e4nta, finnas d\u00e4r och vara trygg. Och du kan vara den tryggheten.<\/p>\n\n\n\n<figure class=\"wp-block-gallery has-nested-images columns-default is-cropped wp-block-gallery-1 is-layout-flex wp-block-gallery-is-layout-flex\">\n<figure class=\"wp-block-image size-full\"><img loading=\"lazy\" decoding=\"async\" width=\"819\" height=\"1024\" data-id=\"5992\" src=\"https:\/\/www.djurskyddet.se\/boras\/wp-content\/uploads\/sites\/59\/2026\/01\/8598c52d-73f2-4cb3-ab3a-7e2d0c4f8ad9.jpeg\" alt=\"\" class=\"wp-image-5992\" srcset=\"https:\/\/www.djurskyddet.se\/boras\/wp-content\/uploads\/sites\/59\/2026\/01\/8598c52d-73f2-4cb3-ab3a-7e2d0c4f8ad9.jpeg 819w, https:\/\/www.djurskyddet.se\/boras\/wp-content\/uploads\/sites\/59\/2026\/01\/8598c52d-73f2-4cb3-ab3a-7e2d0c4f8ad9-240x300.jpeg 240w, https:\/\/www.djurskyddet.se\/boras\/wp-content\/uploads\/sites\/59\/2026\/01\/8598c52d-73f2-4cb3-ab3a-7e2d0c4f8ad9-768x960.jpeg 768w, https:\/\/www.djurskyddet.se\/boras\/wp-content\/uploads\/sites\/59\/2026\/01\/8598c52d-73f2-4cb3-ab3a-7e2d0c4f8ad9-400x500.jpeg 400w\" sizes=\"auto, (max-width: 819px) 100vw, 819px\" \/><\/figure>\n\n\n\n<figure class=\"wp-block-image size-large\"><img loading=\"lazy\" decoding=\"async\" width=\"819\" height=\"1024\" data-id=\"5991\" src=\"https:\/\/www.djurskyddet.se\/boras\/wp-content\/uploads\/sites\/59\/2026\/01\/8f8fc3f1-f7d7-41e7-a139-e9d7c426a04b.jpeg\" alt=\"\" class=\"wp-image-5991\" srcset=\"https:\/\/www.djurskyddet.se\/boras\/wp-content\/uploads\/sites\/59\/2026\/01\/8f8fc3f1-f7d7-41e7-a139-e9d7c426a04b.jpeg 819w, https:\/\/www.djurskyddet.se\/boras\/wp-content\/uploads\/sites\/59\/2026\/01\/8f8fc3f1-f7d7-41e7-a139-e9d7c426a04b-240x300.jpeg 240w, https:\/\/www.djurskyddet.se\/boras\/wp-content\/uploads\/sites\/59\/2026\/01\/8f8fc3f1-f7d7-41e7-a139-e9d7c426a04b-768x960.jpeg 768w, https:\/\/www.djurskyddet.se\/boras\/wp-content\/uploads\/sites\/59\/2026\/01\/8f8fc3f1-f7d7-41e7-a139-e9d7c426a04b-400x500.jpeg 400w\" sizes=\"auto, (max-width: 819px) 100vw, 819px\" \/><\/figure>\n<\/figure>\n\n\n\n<p>Jag har varit jourhem \u00e5t katter och det \u00e4r en helt underbar k\u00e4nsla n\u00e4r djuret \u00e4ntligen v\u00e5gar lita p\u00e5 en. En liten klapp. Sedan lite n\u00e4rmare. Kanske sitta lite nyfiket bredvid en i soffan. Sedan kanske v\u00e5ga bli lyft. Sedan komma och vilja gosa. Att l\u00e4ra k\u00e4nna varandra. N\u00e4h\u00e4, inte mage. Men kinden! Ibland har de trivts med mina katter, ibland \u00e4r det bara fr\u00e4s. Men det \u00e4r ocks\u00e5 underbart f\u00f6r d\u00e5 vet man vilket hem de kommer passa i!<\/p>\n\n\n\n<p>Att f\u00e5 ett litet liv att b\u00f6rja v\u00e5ga och \u00e4lska, g\u00f6ra dem redo f\u00f6r ett nytt f\u00f6r evigt-hem, det \u00e4r en helt underbar k\u00e4nsla.<\/p>\n\n\n\n<p>Bli jourhem! Du kommer inte \u00e5ngra dig!<\/p>\n\n\n\n<p>\/Frida<\/p>\n","protected":false},"excerpt":{"rendered":"<p>S\u00e5 h\u00e4r kan det vara: Man f\u00e5r hem en skygg liten krake som har varit med om en del, ibland traumatiserad eller ibland bara beh\u00f6ver ett nytt hem. Katten kan vilja spendera en eller till och med tv\u00e5 m\u00e5nader under soffan och bara komma fram p\u00e5 natten f\u00f6r att \u00e4ta, dricka och g\u00e5 p\u00e5 l\u00e5dan. Kan vara frustrerande om man t\u00e4nkt sig en kn\u00e4katt. B\u00e4sta \u00e4r att bara l\u00e5ta dem&hellip;<\/p>\n<p><a class=\"more-link\" href=\"https:\/\/www.djurskyddet.se\/boras\/att-vara-jourhem-ar-underbart\/\" title=\"Continue reading &lsquo;Att vara jourhem \u00e4r underbart&rsquo;\">L&auml;s mer<span class=\"meta-nav\">&raquo;<\/span><\/a><\/p>\n","protected":false},"author":73,"featured_media":5990,"parent":0,"menu_order":0,"comment_status":"closed","ping_status":"closed","template":"","meta":{"_acf_changed":false,"footnotes":""},"class_list":["post-5988","page","type-page","status-publish","has-post-thumbnail","hentry"],"acf":[],"yoast_head":"<!-- This site is optimized with the Yoast SEO plugin v25.5 - https:\/\/yoast.com\/wordpress\/plugins\/seo\/ -->\n<title>Att vara jourhem \u00e4r underbart - Djurskyddet Bor\u00e5s<\/title>\n<meta name=\"robots\" content=\"index, follow, max-snippet:-1, max-image-preview:large, max-video-preview:-1\" \/>\n<link rel=\"canonical\" href=\"https:\/\/www.djurskyddet.se\/boras\/att-vara-jourhem-ar-underbart\/\" \/>\n<meta property=\"og:locale\" content=\"sv_SE\" \/>\n<meta property=\"og:type\" content=\"article\" \/>\n<meta property=\"og:title\" content=\"Att vara jourhem \u00e4r underbart - Djurskyddet Bor\u00e5s\" \/>\n<meta property=\"og:description\" content=\"S\u00e5 h\u00e4r kan det vara: Man f\u00e5r hem en skygg liten krake som har varit med om en del, ibland traumatiserad eller ibland bara beh\u00f6ver ett nytt hem. Katten kan vilja spendera en eller till och med tv\u00e5 m\u00e5nader under soffan och bara komma fram p\u00e5 natten f\u00f6r att \u00e4ta, dricka och g\u00e5 p\u00e5 l\u00e5dan. Kan vara frustrerande om man t\u00e4nkt sig en kn\u00e4katt. B\u00e4sta \u00e4r att bara l\u00e5ta dem&hellip;L&auml;s mer&raquo;\" \/>\n<meta property=\"og:url\" content=\"https:\/\/www.djurskyddet.se\/boras\/att-vara-jourhem-ar-underbart\/\" \/>\n<meta property=\"og:site_name\" content=\"Djurskyddet Bor\u00e5s\" \/>\n<meta property=\"article:publisher\" content=\"https:\/\/www.facebook.com\/profile.php?id=61566917612274\" \/>\n<meta property=\"article:modified_time\" content=\"2026-01-19T16:33:43+00:00\" \/>\n<meta property=\"og:image\" content=\"http:\/\/www.djurskyddet.se\/boras\/wp-content\/uploads\/sites\/59\/2026\/01\/cdf6f679-7add-4ff7-8416-af048a05495e.jpeg\" \/>\n\t<meta property=\"og:image:width\" content=\"819\" \/>\n\t<meta property=\"og:image:height\" content=\"1024\" \/>\n\t<meta property=\"og:image:type\" content=\"image\/jpeg\" \/>\n<meta name=\"twitter:card\" content=\"summary_large_image\" \/>\n<meta name=\"twitter:label1\" content=\"Ber\u00e4knad l\u00e4stid\" \/>\n\t<meta name=\"twitter:data1\" content=\"2 minuter\" \/>\n<script type=\"application\/ld+json\" class=\"yoast-schema-graph\">{\"@context\":\"https:\/\/schema.org\",\"@graph\":[{\"@type\":\"WebPage\",\"@id\":\"https:\/\/www.djurskyddet.se\/boras\/att-vara-jourhem-ar-underbart\/\",\"url\":\"https:\/\/www.djurskyddet.se\/boras\/att-vara-jourhem-ar-underbart\/\",\"name\":\"Att vara jourhem \u00e4r underbart - Djurskyddet Bor\u00e5s\",\"isPartOf\":{\"@id\":\"https:\/\/www.djurskyddet.se\/boras\/#website\"},\"primaryImageOfPage\":{\"@id\":\"https:\/\/www.djurskyddet.se\/boras\/att-vara-jourhem-ar-underbart\/#primaryimage\"},\"image\":{\"@id\":\"https:\/\/www.djurskyddet.se\/boras\/att-vara-jourhem-ar-underbart\/#primaryimage\"},\"thumbnailUrl\":\"https:\/\/www.djurskyddet.se\/boras\/wp-content\/uploads\/sites\/59\/2026\/01\/cdf6f679-7add-4ff7-8416-af048a05495e.jpeg\",\"datePublished\":\"2026-01-19T16:33:42+00:00\",\"dateModified\":\"2026-01-19T16:33:43+00:00\",\"breadcrumb\":{\"@id\":\"https:\/\/www.djurskyddet.se\/boras\/att-vara-jourhem-ar-underbart\/#breadcrumb\"},\"inLanguage\":\"sv-SE\",\"potentialAction\":[{\"@type\":\"ReadAction\",\"target\":[\"https:\/\/www.djurskyddet.se\/boras\/att-vara-jourhem-ar-underbart\/\"]}]},{\"@type\":\"ImageObject\",\"inLanguage\":\"sv-SE\",\"@id\":\"https:\/\/www.djurskyddet.se\/boras\/att-vara-jourhem-ar-underbart\/#primaryimage\",\"url\":\"https:\/\/www.djurskyddet.se\/boras\/wp-content\/uploads\/sites\/59\/2026\/01\/cdf6f679-7add-4ff7-8416-af048a05495e.jpeg\",\"contentUrl\":\"https:\/\/www.djurskyddet.se\/boras\/wp-content\/uploads\/sites\/59\/2026\/01\/cdf6f679-7add-4ff7-8416-af048a05495e.jpeg\",\"width\":819,\"height\":1024},{\"@type\":\"BreadcrumbList\",\"@id\":\"https:\/\/www.djurskyddet.se\/boras\/att-vara-jourhem-ar-underbart\/#breadcrumb\",\"itemListElement\":[{\"@type\":\"ListItem\",\"position\":1,\"name\":\"Hem\",\"item\":\"https:\/\/www.djurskyddet.se\/boras\/\"},{\"@type\":\"ListItem\",\"position\":2,\"name\":\"Att vara jourhem \u00e4r underbart\"}]},{\"@type\":\"WebSite\",\"@id\":\"https:\/\/www.djurskyddet.se\/boras\/#website\",\"url\":\"https:\/\/www.djurskyddet.se\/boras\/\",\"name\":\"Djurskyddet Bor\u00e5s\",\"description\":\"V\u00e5r mission: att ge heml\u00f6sa djur en andra chans\",\"publisher\":{\"@id\":\"https:\/\/www.djurskyddet.se\/boras\/#organization\"},\"potentialAction\":[{\"@type\":\"SearchAction\",\"target\":{\"@type\":\"EntryPoint\",\"urlTemplate\":\"https:\/\/www.djurskyddet.se\/boras\/?s={search_term_string}\"},\"query-input\":{\"@type\":\"PropertyValueSpecification\",\"valueRequired\":true,\"valueName\":\"search_term_string\"}}],\"inLanguage\":\"sv-SE\"},{\"@type\":\"Organization\",\"@id\":\"https:\/\/www.djurskyddet.se\/boras\/#organization\",\"name\":\"Djurskyddet Bor\u00e5s\",\"url\":\"https:\/\/www.djurskyddet.se\/boras\/\",\"logo\":{\"@type\":\"ImageObject\",\"inLanguage\":\"sv-SE\",\"@id\":\"https:\/\/www.djurskyddet.se\/boras\/#\/schema\/logo\/image\/\",\"url\":\"https:\/\/www.djurskyddet.se\/boras\/wp-content\/uploads\/sites\/59\/2025\/02\/djurskyddet-gront-D-288x300-removebg-preview.png\",\"contentUrl\":\"https:\/\/www.djurskyddet.se\/boras\/wp-content\/uploads\/sites\/59\/2025\/02\/djurskyddet-gront-D-288x300-removebg-preview.png\",\"width\":288,\"height\":300,\"caption\":\"Djurskyddet Bor\u00e5s\"},\"image\":{\"@id\":\"https:\/\/www.djurskyddet.se\/boras\/#\/schema\/logo\/image\/\"},\"sameAs\":[\"https:\/\/www.facebook.com\/profile.php?id=61566917612274\"]}]}<\/script>\n<!-- \/ Yoast SEO plugin. -->","yoast_head_json":{"title":"Att vara jourhem \u00e4r underbart - Djurskyddet Bor\u00e5s","robots":{"index":"index","follow":"follow","max-snippet":"max-snippet:-1","max-image-preview":"max-image-preview:large","max-video-preview":"max-video-preview:-1"},"canonical":"https:\/\/www.djurskyddet.se\/boras\/att-vara-jourhem-ar-underbart\/","og_locale":"sv_SE","og_type":"article","og_title":"Att vara jourhem \u00e4r underbart - Djurskyddet Bor\u00e5s","og_description":"S\u00e5 h\u00e4r kan det vara: Man f\u00e5r hem en skygg liten krake som har varit med om en del, ibland traumatiserad eller ibland bara beh\u00f6ver ett nytt hem. Katten kan vilja spendera en eller till och med tv\u00e5 m\u00e5nader under soffan och bara komma fram p\u00e5 natten f\u00f6r att \u00e4ta, dricka och g\u00e5 p\u00e5 l\u00e5dan. Kan vara frustrerande om man t\u00e4nkt sig en kn\u00e4katt. B\u00e4sta \u00e4r att bara l\u00e5ta dem&hellip;L&auml;s mer&raquo;","og_url":"https:\/\/www.djurskyddet.se\/boras\/att-vara-jourhem-ar-underbart\/","og_site_name":"Djurskyddet Bor\u00e5s","article_publisher":"https:\/\/www.facebook.com\/profile.php?id=61566917612274","article_modified_time":"2026-01-19T16:33:43+00:00","og_image":[{"width":819,"height":1024,"url":"http:\/\/www.djurskyddet.se\/boras\/wp-content\/uploads\/sites\/59\/2026\/01\/cdf6f679-7add-4ff7-8416-af048a05495e.jpeg","type":"image\/jpeg"}],"twitter_card":"summary_large_image","twitter_misc":{"Ber\u00e4knad l\u00e4stid":"2 minuter"},"schema":{"@context":"https:\/\/schema.org","@graph":[{"@type":"WebPage","@id":"https:\/\/www.djurskyddet.se\/boras\/att-vara-jourhem-ar-underbart\/","url":"https:\/\/www.djurskyddet.se\/boras\/att-vara-jourhem-ar-underbart\/","name":"Att vara jourhem \u00e4r underbart - Djurskyddet Bor\u00e5s","isPartOf":{"@id":"https:\/\/www.djurskyddet.se\/boras\/#website"},"primaryImageOfPage":{"@id":"https:\/\/www.djurskyddet.se\/boras\/att-vara-jourhem-ar-underbart\/#primaryimage"},"image":{"@id":"https:\/\/www.djurskyddet.se\/boras\/att-vara-jourhem-ar-underbart\/#primaryimage"},"thumbnailUrl":"https:\/\/www.djurskyddet.se\/boras\/wp-content\/uploads\/sites\/59\/2026\/01\/cdf6f679-7add-4ff7-8416-af048a05495e.jpeg","datePublished":"2026-01-19T16:33:42+00:00","dateModified":"2026-01-19T16:33:43+00:00","breadcrumb":{"@id":"https:\/\/www.djurskyddet.se\/boras\/att-vara-jourhem-ar-underbart\/#breadcrumb"},"inLanguage":"sv-SE","potentialAction":[{"@type":"ReadAction","target":["https:\/\/www.djurskyddet.se\/boras\/att-vara-jourhem-ar-underbart\/"]}]},{"@type":"ImageObject","inLanguage":"sv-SE","@id":"https:\/\/www.djurskyddet.se\/boras\/att-vara-jourhem-ar-underbart\/#primaryimage","url":"https:\/\/www.djurskyddet.se\/boras\/wp-content\/uploads\/sites\/59\/2026\/01\/cdf6f679-7add-4ff7-8416-af048a05495e.jpeg","contentUrl":"https:\/\/www.djurskyddet.se\/boras\/wp-content\/uploads\/sites\/59\/2026\/01\/cdf6f679-7add-4ff7-8416-af048a05495e.jpeg","width":819,"height":1024},{"@type":"BreadcrumbList","@id":"https:\/\/www.djurskyddet.se\/boras\/att-vara-jourhem-ar-underbart\/#breadcrumb","itemListElement":[{"@type":"ListItem","position":1,"name":"Hem","item":"https:\/\/www.djurskyddet.se\/boras\/"},{"@type":"ListItem","position":2,"name":"Att vara jourhem \u00e4r underbart"}]},{"@type":"WebSite","@id":"https:\/\/www.djurskyddet.se\/boras\/#website","url":"https:\/\/www.djurskyddet.se\/boras\/","name":"Djurskyddet Bor\u00e5s","description":"V\u00e5r mission: att ge heml\u00f6sa djur en andra chans","publisher":{"@id":"https:\/\/www.djurskyddet.se\/boras\/#organization"},"potentialAction":[{"@type":"SearchAction","target":{"@type":"EntryPoint","urlTemplate":"https:\/\/www.djurskyddet.se\/boras\/?s={search_term_string}"},"query-input":{"@type":"PropertyValueSpecification","valueRequired":true,"valueName":"search_term_string"}}],"inLanguage":"sv-SE"},{"@type":"Organization","@id":"https:\/\/www.djurskyddet.se\/boras\/#organization","name":"Djurskyddet Bor\u00e5s","url":"https:\/\/www.djurskyddet.se\/boras\/","logo":{"@type":"ImageObject","inLanguage":"sv-SE","@id":"https:\/\/www.djurskyddet.se\/boras\/#\/schema\/logo\/image\/","url":"https:\/\/www.djurskyddet.se\/boras\/wp-content\/uploads\/sites\/59\/2025\/02\/djurskyddet-gront-D-288x300-removebg-preview.png","contentUrl":"https:\/\/www.djurskyddet.se\/boras\/wp-content\/uploads\/sites\/59\/2025\/02\/djurskyddet-gront-D-288x300-removebg-preview.png","width":288,"height":300,"caption":"Djurskyddet Bor\u00e5s"},"image":{"@id":"https:\/\/www.djurskyddet.se\/boras\/#\/schema\/logo\/image\/"},"sameAs":["https:\/\/www.facebook.com\/profile.php?id=61566917612274"]}]}},"_links":{"self":[{"href":"https:\/\/www.djurskyddet.se\/boras\/wp-json\/wp\/v2\/pages\/5988","targetHints":{"allow":["GET"]}}],"collection":[{"href":"https:\/\/www.djurskyddet.se\/boras\/wp-json\/wp\/v2\/pages"}],"about":[{"href":"https:\/\/www.djurskyddet.se\/boras\/wp-json\/wp\/v2\/types\/page"}],"author":[{"embeddable":true,"href":"https:\/\/www.djurskyddet.se\/boras\/wp-json\/wp\/v2\/users\/73"}],"replies":[{"embeddable":true,"href":"https:\/\/www.djurskyddet.se\/boras\/wp-json\/wp\/v2\/comments?post=5988"}],"version-history":[{"count":1,"href":"https:\/\/www.djurskyddet.se\/boras\/wp-json\/wp\/v2\/pages\/5988\/revisions"}],"predecessor-version":[{"id":5993,"href":"https:\/\/www.djurskyddet.se\/boras\/wp-json\/wp\/v2\/pages\/5988\/revisions\/5993"}],"wp:featuredmedia":[{"embeddable":true,"href":"https:\/\/www.djurskyddet.se\/boras\/wp-json\/wp\/v2\/media\/5990"}],"wp:attachment":[{"href":"https:\/\/www.djurskyddet.se\/boras\/wp-json\/wp\/v2\/media?parent=5988"}],"curies":[{"name":"wp","href":"https:\/\/api.w.org\/{rel}","templated":true}]}}