{"id":5581,"date":"2020-05-20T07:01:53","date_gmt":"2020-05-20T07:01:53","guid":{"rendered":"https:\/\/www.djurskyddet.se\/dalarna\/?page_id=5581"},"modified":"2026-01-06T08:40:56","modified_gmt":"2026-01-06T08:40:56","slug":"om-oss","status":"publish","type":"page","link":"https:\/\/www.djurskyddet.se\/dalarna\/om-oss\/","title":{"rendered":"Om oss"},"content":{"rendered":"\n<figure class=\"wp-block-image is-style-rounded\"><img loading=\"lazy\" decoding=\"async\" width=\"1024\" height=\"582\" src=\"https:\/\/www.djurskyddet.se\/dalarna\/wp-content\/uploads\/sites\/44\/2020\/09\/IMAG3781-1024x582.jpg\" alt=\"\" class=\"wp-image-5667\" srcset=\"https:\/\/www.djurskyddet.se\/dalarna\/wp-content\/uploads\/sites\/44\/2020\/09\/IMAG3781.jpg 1024w, https:\/\/www.djurskyddet.se\/dalarna\/wp-content\/uploads\/sites\/44\/2020\/09\/IMAG3781-300x171.jpg 300w, https:\/\/www.djurskyddet.se\/dalarna\/wp-content\/uploads\/sites\/44\/2020\/09\/IMAG3781-768x437.jpg 768w, https:\/\/www.djurskyddet.se\/dalarna\/wp-content\/uploads\/sites\/44\/2020\/09\/IMAG3781-400x227.jpg 400w\" sizes=\"auto, (max-width: 1024px) 100vw, 1024px\" \/><figcaption class=\"wp-element-caption\">Frostbrunnsdalen i Borl\u00e4nge <\/figcaption><\/figure>\n\n\n\n<p><strong>Djurskyddet Dalarna <\/strong>\u00e4r anslutet till Djurskyddet Sverige som med sina n\u00e4stan 10 000 medlemmar \u00e4r en av Sveriges st\u00f6rsta djurskyddsorganisationer. Det \u00e4r en rikst\u00e4ckande ideell organisation med f\u00f6r n\u00e4rvarande 44 anslutna lokalf\u00f6reningar. Organisationen har arbetat ideellt i \u00f6ver hundra \u00e5r f\u00f6r att hj\u00e4lpa djuren och st\u00e4rka djurskyddet. Djurskyddet Sveriges vision \u00e4r ett samh\u00e4lle d\u00e4r m\u00e4nniskor visar respekt och medk\u00e4nsla f\u00f6r alla djur. Organisationen jobbar f\u00f6r att alla djur ska behandlas v\u00e4l, oavsett om de lever vilt, h\u00e5lls f\u00f6r m\u00e4nniskans s\u00e4llskap eller f\u00f6ds upp f\u00f6r att bli eller producera mat. Alla djur ska ha r\u00e4tt att utf\u00f6ra sina naturliga beteenden och skyddas fr\u00e5n lidande. N\u00e4r djur avlivas ska det ske fritt fr\u00e5n r\u00e4dsla och sm\u00e4rta.<\/p>\n\n\n\n<p>Djurskyddet Dalarna riktar in sig p\u00e5 djurv\u00e4lf\u00e4rdsfr\u00e5gor i framf\u00f6rallt Dalarnas l\u00e4n. Styrelsemedlemmarna \u00e4r bosatta runtom i Dalarna och h\u00e5ller koll p\u00e5 djurv\u00e4lf\u00e4rd och djurskydd i sin n\u00e4rhet, samt i landet (och ibland i v\u00e4rlden) i stort. <\/p>\n\n\n\n<p>V\u00e5r lokalf\u00f6rening vill bidra till en \u00f6kad djurv\u00e4lf\u00e4rd genom att sprida information, kunskap och bildning, samt hj\u00e4lpa till med efterlysningar och eventuella omplaceringsannonser via v\u00e5ra sociala medier. F\u00f6r tillf\u00e4llet bedriver Djurskyddet Dalarna ingen omplacerings- eller djurhemsverksamhet Vi kan f\u00f6rmedla m\u00f6jlighet att bli jourhem till andra omplaceringsverksamheter, och vi kan beh\u00f6va hem som kan kontaktas f\u00f6r tillf\u00e4lligt omh\u00e4ndertagande i akuta fall. <\/p>\n\n\n\n<p>Vi administrerar insamlingsfonden<em><strong> <a href=\"https:\/\/www.djurskyddet.se\/dalarna\/lille-parvels-minnesfond\/\">Lille Parvels Minnesfond <\/a><\/strong><\/em>som kan bist\u00e5 s\u00e4rskilt utsatta och \u00e4garl\u00f6sa djur med veterin\u00e4rv\u00e5rd. <\/p>\n\n\n\n<p>Tre kattf\u00e4llor och chipl\u00e4sare finns f\u00f6r utl\u00e5ning i Leksand, Borl\u00e4nge och R\u00e4ttvik. Kontakta <em>dalarna@djurskyddet.se<\/em> f\u00f6r information eller skicka ett meddelande via v\u00e5r <a href=\"https:\/\/www.facebook.com\/DjurskyddetDalarna\">Facebooksida\/messenger<\/a>.<\/p>\n\n\n\n<p>V\u00e4lkommen att bli <a href=\"https:\/\/www.djurskyddet.se\/dalarna\/bli-medlem\/\">medlem<\/a> i Djurskyddet Dalarna!<\/p>\n\n\n\n<figure class=\"wp-block-image\"><img loading=\"lazy\" decoding=\"async\" width=\"333\" height=\"113\" src=\"https:\/\/www.djurskyddet.se\/dalarna\/wp-content\/uploads\/sites\/44\/2020\/05\/djurskyddet_logo_Dalarna_RGB_webb.gif\" alt=\"\" class=\"wp-image-5573\" \/><\/figure>\n\n\n\n<p><\/p>\n","protected":false},"excerpt":{"rendered":"<p>Djurskyddet Dalarna \u00e4r anslutet till Djurskyddet Sverige som med sina n\u00e4stan 10 000 medlemmar \u00e4r en av Sveriges st\u00f6rsta djurskyddsorganisationer. Det \u00e4r en rikst\u00e4ckande ideell organisation med f\u00f6r n\u00e4rvarande 44 anslutna lokalf\u00f6reningar. Organisationen har arbetat ideellt i \u00f6ver hundra \u00e5r f\u00f6r att hj\u00e4lpa djuren och st\u00e4rka djurskyddet. Djurskyddet Sveriges vision \u00e4r ett samh\u00e4lle d\u00e4r m\u00e4nniskor visar respekt och medk\u00e4nsla f\u00f6r alla djur. Organisationen jobbar f\u00f6r att alla djur ska behandlas&hellip;<\/p>\n<p><a class=\"more-link\" href=\"https:\/\/www.djurskyddet.se\/dalarna\/om-oss\/\" title=\"Continue reading &lsquo;Om oss&rsquo;\">L&auml;s mer<span class=\"meta-nav\">&raquo;<\/span><\/a><\/p>\n","protected":false},"author":3,"featured_media":0,"parent":0,"menu_order":0,"comment_status":"closed","ping_status":"closed","template":"left-sidebar.php","meta":{"_acf_changed":false,"footnotes":""},"class_list":["post-5581","page","type-page","status-publish","hentry"],"acf":[],"_links":{"self":[{"href":"https:\/\/www.djurskyddet.se\/dalarna\/wp-json\/wp\/v2\/pages\/5581","targetHints":{"allow":["GET"]}}],"collection":[{"href":"https:\/\/www.djurskyddet.se\/dalarna\/wp-json\/wp\/v2\/pages"}],"about":[{"href":"https:\/\/www.djurskyddet.se\/dalarna\/wp-json\/wp\/v2\/types\/page"}],"author":[{"embeddable":true,"href":"https:\/\/www.djurskyddet.se\/dalarna\/wp-json\/wp\/v2\/users\/3"}],"replies":[{"embeddable":true,"href":"https:\/\/www.djurskyddet.se\/dalarna\/wp-json\/wp\/v2\/comments?post=5581"}],"version-history":[{"count":29,"href":"https:\/\/www.djurskyddet.se\/dalarna\/wp-json\/wp\/v2\/pages\/5581\/revisions"}],"predecessor-version":[{"id":6290,"href":"https:\/\/www.djurskyddet.se\/dalarna\/wp-json\/wp\/v2\/pages\/5581\/revisions\/6290"}],"wp:attachment":[{"href":"https:\/\/www.djurskyddet.se\/dalarna\/wp-json\/wp\/v2\/media?parent=5581"}],"curies":[{"name":"wp","href":"https:\/\/api.w.org\/{rel}","templated":true}]}}