{"id":5583,"date":"2020-05-20T07:03:03","date_gmt":"2020-05-20T07:03:03","guid":{"rendered":"https:\/\/www.djurskyddet.se\/dalarna\/?page_id=5583"},"modified":"2020-09-28T11:34:21","modified_gmt":"2020-09-28T11:34:21","slug":"djurskyddet-sverige","status":"publish","type":"page","link":"https:\/\/www.djurskyddet.se\/dalarna\/djurskyddet-sverige\/","title":{"rendered":"Djurskyddet Sverige"},"content":{"rendered":"\n<p>Djurskyddet Sveriges vision \u00e4r ett samh\u00e4lle d\u00e4r m\u00e4nniskor visar respekt och medk\u00e4nsla f\u00f6r alla djur. Organisationen jobbar f\u00f6r att alla djur ska behandlas v\u00e4l, oavsett om de lever vilt, h\u00e5lls f\u00f6r m\u00e4nniskans s\u00e4llskap eller f\u00f6ds upp f\u00f6r att bli eller producera mat. Alla djur ska ha r\u00e4tt att utf\u00f6ra sina naturliga beteenden och skyddas fr\u00e5n lidande. N\u00e4r djur avlivas ska det ske fritt fr\u00e5n r\u00e4dsla och sm\u00e4rta.<\/p>\n\n\n\n<p>L\u00e4s g\u00e4rna mer om Djurskyddet Sverige p\u00e5&nbsp;<a href=\"http:\/\/www.djurskyddet.se\/\" target=\"_blank\" rel=\"noreferrer noopener\">www.djurskyddet.se<\/a>&nbsp;och f\u00f6lj organisationen p\u00e5&nbsp;<a href=\"http:\/\/www.facebook.com\/djurskyddet\" target=\"_blank\" rel=\"noreferrer noopener\">www.facebook.com\/djurskyddet<\/a><\/p>\n","protected":false},"excerpt":{"rendered":"<p>Djurskyddet Sveriges vision \u00e4r ett samh\u00e4lle d\u00e4r m\u00e4nniskor visar respekt och medk\u00e4nsla f\u00f6r alla djur. Organisationen jobbar f\u00f6r att alla djur ska behandlas v\u00e4l, oavsett om de lever vilt, h\u00e5lls f\u00f6r m\u00e4nniskans s\u00e4llskap eller f\u00f6ds upp f\u00f6r att bli eller producera mat. Alla djur ska ha r\u00e4tt att utf\u00f6ra sina naturliga beteenden och skyddas fr\u00e5n lidande. N\u00e4r djur avlivas ska det ske fritt fr\u00e5n r\u00e4dsla och sm\u00e4rta. L\u00e4s g\u00e4rna mer&hellip;<\/p>\n<p><a class=\"more-link\" href=\"https:\/\/www.djurskyddet.se\/dalarna\/djurskyddet-sverige\/\" title=\"Continue reading &lsquo;Djurskyddet Sverige&rsquo;\">L&auml;s mer<span class=\"meta-nav\">&raquo;<\/span><\/a><\/p>\n","protected":false},"author":3,"featured_media":0,"parent":0,"menu_order":0,"comment_status":"closed","ping_status":"closed","template":"left-sidebar.php","meta":{"_acf_changed":false,"footnotes":""},"class_list":["post-5583","page","type-page","status-publish","hentry"],"acf":[],"_links":{"self":[{"href":"https:\/\/www.djurskyddet.se\/dalarna\/wp-json\/wp\/v2\/pages\/5583","targetHints":{"allow":["GET"]}}],"collection":[{"href":"https:\/\/www.djurskyddet.se\/dalarna\/wp-json\/wp\/v2\/pages"}],"about":[{"href":"https:\/\/www.djurskyddet.se\/dalarna\/wp-json\/wp\/v2\/types\/page"}],"author":[{"embeddable":true,"href":"https:\/\/www.djurskyddet.se\/dalarna\/wp-json\/wp\/v2\/users\/3"}],"replies":[{"embeddable":true,"href":"https:\/\/www.djurskyddet.se\/dalarna\/wp-json\/wp\/v2\/comments?post=5583"}],"version-history":[{"count":2,"href":"https:\/\/www.djurskyddet.se\/dalarna\/wp-json\/wp\/v2\/pages\/5583\/revisions"}],"predecessor-version":[{"id":5671,"href":"https:\/\/www.djurskyddet.se\/dalarna\/wp-json\/wp\/v2\/pages\/5583\/revisions\/5671"}],"wp:attachment":[{"href":"https:\/\/www.djurskyddet.se\/dalarna\/wp-json\/wp\/v2\/media?parent=5583"}],"curies":[{"name":"wp","href":"https:\/\/api.w.org\/{rel}","templated":true}]}}