{"id":5589,"date":"2020-05-20T07:07:51","date_gmt":"2020-05-20T07:07:51","guid":{"rendered":"https:\/\/www.djurskyddet.se\/dalarna\/?page_id=5589"},"modified":"2026-04-10T08:43:42","modified_gmt":"2026-04-10T08:43:42","slug":"bli-medlem","status":"publish","type":"page","link":"https:\/\/www.djurskyddet.se\/dalarna\/bli-medlem\/","title":{"rendered":"Bli medlem"},"content":{"rendered":"\n<p>\u00c5rsavgiften f\u00f6r ett medlemskap \u00e4r 240 kr\/\u00e5r. Som medlem i Djurskyddet Dalarna \u00e4r du ocks\u00e5 medlem i riksf\u00f6rbundet Djurskyddet Sverige och f\u00e5r Tidningen Djurskyddet fyra g\u00e5nger per \u00e5r, b\u00e5de i brevl\u00e5dan och i appen TD. Ladda ner den d\u00e4r appar finns! Dessutom kan du l\u00e4sa intressanta djurskyddsnyheter p\u00e5 <a href=\"https:\/\/tidningen.djurskyddet.se\/\"><strong>webbtidningen<\/strong> <\/a>och kan ta del av ett antal\u202ffina <strong><a href=\"https:\/\/www.djurskyddet.se\/stod-oss\/bli-medlem\/medlemsformaner\/\">medlemsf\u00f6rm\u00e5ner<\/a><\/strong>, s\u00e5som rabatt hos olika n\u00e4tbutiker.&nbsp;<\/p>\n\n\n\n<p>Registrera dig som medlem p\u00e5\u202fDjurskyddet Sveriges hemsida. <strong>Se till att v\u00e4lja Djurskyddet Dalarna<\/strong> som din lokalf\u00f6rening.&nbsp;<\/p>\n\n\n\n<div class=\"wp-block-buttons is-layout-flex wp-block-buttons-is-layout-flex\">\n<div class=\"wp-block-button has-custom-font-size has-small-font-size\"><a class=\"wp-block-button__link has-white-color has-text-color has-background has-link-color wp-element-button\" href=\"https:\/\/donation.djurskyddet.se\/s\/medlem\" style=\"background-color:#00a64a\"><strong>Bli medlem h\u00e4r<\/strong><\/a><\/div>\n<\/div>\n\n\n\n<p>V\u00e4nligen anv\u00e4nd endast formul\u00e4ret ovan f\u00f6r att bli medlem (inte swish eller bankgiro) eftersom medlemskapet hanteras av riksf\u00f6rbundet. <\/p>\n\n\n\n<p>F\u00f6r dig som redan \u00e4r medlem och vill forts\u00e4tta vara medlem kommer inbetalningskort \/ l\u00e4nk till inbetalning direkt fr\u00e5n riksf\u00f6rbundet till din mejl eller med vanlig post inf\u00f6r f\u00f6rnyelse av medlemskap. <\/p>\n\n\n\n<p>Du som \u00e4r under 30 \u00e5r kan dessutom bli medlem gratis i\u00a0<a href=\"https:\/\/www.djurskyddet.se\/ungdom\/bli-medlem\/\" target=\"_blank\" rel=\"noreferrer noopener\">Djurskyddet Ungdom<\/a>.<br><\/p>\n\n\n\n<p><\/p>\n","protected":false},"excerpt":{"rendered":"<p>\u00c5rsavgiften f\u00f6r ett medlemskap \u00e4r 240 kr\/\u00e5r. Som medlem i Djurskyddet Dalarna \u00e4r du ocks\u00e5 medlem i riksf\u00f6rbundet Djurskyddet Sverige och f\u00e5r Tidningen Djurskyddet fyra g\u00e5nger per \u00e5r, b\u00e5de i brevl\u00e5dan och i appen TD. Ladda ner den d\u00e4r appar finns! Dessutom kan du l\u00e4sa intressanta djurskyddsnyheter p\u00e5 webbtidningen och kan ta del av ett antal\u202ffina medlemsf\u00f6rm\u00e5ner, s\u00e5som rabatt hos olika n\u00e4tbutiker.&nbsp; Registrera dig som medlem p\u00e5\u202fDjurskyddet Sveriges hemsida. Se&hellip;<\/p>\n<p><a class=\"more-link\" href=\"https:\/\/www.djurskyddet.se\/dalarna\/bli-medlem\/\" title=\"Continue reading &lsquo;Bli medlem&rsquo;\">L&auml;s mer<span class=\"meta-nav\">&raquo;<\/span><\/a><\/p>\n","protected":false},"author":3,"featured_media":0,"parent":0,"menu_order":0,"comment_status":"closed","ping_status":"closed","template":"left-sidebar.php","meta":{"_acf_changed":false,"footnotes":""},"class_list":["post-5589","page","type-page","status-publish","hentry"],"acf":[],"_links":{"self":[{"href":"https:\/\/www.djurskyddet.se\/dalarna\/wp-json\/wp\/v2\/pages\/5589","targetHints":{"allow":["GET"]}}],"collection":[{"href":"https:\/\/www.djurskyddet.se\/dalarna\/wp-json\/wp\/v2\/pages"}],"about":[{"href":"https:\/\/www.djurskyddet.se\/dalarna\/wp-json\/wp\/v2\/types\/page"}],"author":[{"embeddable":true,"href":"https:\/\/www.djurskyddet.se\/dalarna\/wp-json\/wp\/v2\/users\/3"}],"replies":[{"embeddable":true,"href":"https:\/\/www.djurskyddet.se\/dalarna\/wp-json\/wp\/v2\/comments?post=5589"}],"version-history":[{"count":18,"href":"https:\/\/www.djurskyddet.se\/dalarna\/wp-json\/wp\/v2\/pages\/5589\/revisions"}],"predecessor-version":[{"id":6317,"href":"https:\/\/www.djurskyddet.se\/dalarna\/wp-json\/wp\/v2\/pages\/5589\/revisions\/6317"}],"wp:attachment":[{"href":"https:\/\/www.djurskyddet.se\/dalarna\/wp-json\/wp\/v2\/media?parent=5589"}],"curies":[{"name":"wp","href":"https:\/\/api.w.org\/{rel}","templated":true}]}}