{"id":5593,"date":"2020-05-20T07:11:47","date_gmt":"2020-05-20T07:11:47","guid":{"rendered":"https:\/\/www.djurskyddet.se\/dalarna\/?page_id=5593"},"modified":"2026-04-10T08:39:06","modified_gmt":"2026-04-10T08:39:06","slug":"ge-en-gava","status":"publish","type":"page","link":"https:\/\/www.djurskyddet.se\/dalarna\/ge-en-gava\/","title":{"rendered":"Ge en g\u00e5va"},"content":{"rendered":"\n<p>Vill du sk\u00e4nka pengar till v\u00e5rt arbete f\u00f6r djuren?<br>D\u00e5 \u00e4r det l\u00e4ttast att SWISHA till nummer 123 634 8411 eller g\u00f6ra en ins\u00e4ttning till v\u00e5rt bankgiro: 873-5284. <\/p>\n\n\n\n<p>M\u00e4rk ins\u00e4ttningen &#8221;G\u00c5VA&#8221; och uppge g\u00e4rna era kontaktuppgifter. <\/p>\n\n\n\n<p>Vill du ge ett bidrag som g\u00e5r till veterin\u00e4rv\u00e5rd och rehabilitering f\u00f6r utsatta och \u00f6vergivna djur? M\u00e4rk din ins\u00e4ttning\/swish med &#8221;Lille Parvel&#8221;. <\/p>\n\n\n\n<p>Vill du st\u00f6dja Djurskyddet Dalarna via medlemskap? Fyll i <a href=\"https:\/\/donation.djurskyddet.se\/s\/medlem\">formul\u00e4ret<\/a> och v\u00e4lj Djurskyddet Dalarna som din lokalf\u00f6rening. V\u00e4nligen anv\u00e4nd inte swish eller bankgiro f\u00f6r medlemskap eftersom medlemskapet hanteras av riksf\u00f6rbundet. <\/p>\n\n\n\n<p>Stort tack f\u00f6r ditt st\u00f6d!<\/p>\n\n\n\n<figure class=\"wp-block-image\"><img loading=\"lazy\" decoding=\"async\" width=\"200\" height=\"200\" src=\"https:\/\/www.djurskyddet.se\/dalarna\/wp-content\/uploads\/sites\/44\/2020\/09\/donate-icon.png\" alt=\"\" class=\"wp-image-5648\" srcset=\"https:\/\/www.djurskyddet.se\/dalarna\/wp-content\/uploads\/sites\/44\/2020\/09\/donate-icon.png 200w, https:\/\/www.djurskyddet.se\/dalarna\/wp-content\/uploads\/sites\/44\/2020\/09\/donate-icon-150x150.png 150w\" sizes=\"auto, (max-width: 200px) 100vw, 200px\" \/><\/figure>\n","protected":false},"excerpt":{"rendered":"<p>Vill du sk\u00e4nka pengar till v\u00e5rt arbete f\u00f6r djuren?D\u00e5 \u00e4r det l\u00e4ttast att SWISHA till nummer 123 634 8411 eller g\u00f6ra en ins\u00e4ttning till v\u00e5rt bankgiro: 873-5284. M\u00e4rk ins\u00e4ttningen &#8221;G\u00c5VA&#8221; och uppge g\u00e4rna era kontaktuppgifter. Vill du ge ett bidrag som g\u00e5r till veterin\u00e4rv\u00e5rd och rehabilitering f\u00f6r utsatta och \u00f6vergivna djur? M\u00e4rk din ins\u00e4ttning\/swish med &#8221;Lille Parvel&#8221;. Vill du st\u00f6dja Djurskyddet Dalarna via medlemskap? Fyll i formul\u00e4ret och v\u00e4lj Djurskyddet&hellip;<\/p>\n<p><a class=\"more-link\" href=\"https:\/\/www.djurskyddet.se\/dalarna\/ge-en-gava\/\" title=\"Continue reading &lsquo;Ge en g\u00e5va&rsquo;\">L&auml;s mer<span class=\"meta-nav\">&raquo;<\/span><\/a><\/p>\n","protected":false},"author":3,"featured_media":0,"parent":0,"menu_order":0,"comment_status":"closed","ping_status":"closed","template":"left-sidebar.php","meta":{"_acf_changed":false,"footnotes":""},"class_list":["post-5593","page","type-page","status-publish","hentry"],"acf":[],"_links":{"self":[{"href":"https:\/\/www.djurskyddet.se\/dalarna\/wp-json\/wp\/v2\/pages\/5593","targetHints":{"allow":["GET"]}}],"collection":[{"href":"https:\/\/www.djurskyddet.se\/dalarna\/wp-json\/wp\/v2\/pages"}],"about":[{"href":"https:\/\/www.djurskyddet.se\/dalarna\/wp-json\/wp\/v2\/types\/page"}],"author":[{"embeddable":true,"href":"https:\/\/www.djurskyddet.se\/dalarna\/wp-json\/wp\/v2\/users\/3"}],"replies":[{"embeddable":true,"href":"https:\/\/www.djurskyddet.se\/dalarna\/wp-json\/wp\/v2\/comments?post=5593"}],"version-history":[{"count":6,"href":"https:\/\/www.djurskyddet.se\/dalarna\/wp-json\/wp\/v2\/pages\/5593\/revisions"}],"predecessor-version":[{"id":6314,"href":"https:\/\/www.djurskyddet.se\/dalarna\/wp-json\/wp\/v2\/pages\/5593\/revisions\/6314"}],"wp:attachment":[{"href":"https:\/\/www.djurskyddet.se\/dalarna\/wp-json\/wp\/v2\/media?parent=5593"}],"curies":[{"name":"wp","href":"https:\/\/api.w.org\/{rel}","templated":true}]}}