{"id":5597,"date":"2020-05-20T07:14:40","date_gmt":"2020-05-20T07:14:40","guid":{"rendered":"https:\/\/www.djurskyddet.se\/dalarna\/?page_id=5597"},"modified":"2024-07-24T12:25:09","modified_gmt":"2024-07-24T12:25:09","slug":"tips-och-rad","status":"publish","type":"page","link":"https:\/\/www.djurskyddet.se\/dalarna\/tips-och-rad\/","title":{"rendered":"Tips och r\u00e5d"},"content":{"rendered":"\n<p>H\u00e4r finns l\u00e4nk till Djurskyddet Sveriges omfattande <a href=\"https:\/\/www.djurskyddet.se\/tips\/\">material om djurv\u00e4lf\u00e4rd och djurskydd<\/a>, samt material som vi i Djurskyddet Dalarna producerar. Vi l\u00e4gger l\u00f6pande till s\u00e5dant som vi hoppas kan vara anv\u00e4ndbart och relevant. <\/p>\n\n\n\n<figure class=\"wp-block-image size-medium is-style-rounded\"><img loading=\"lazy\" decoding=\"async\" width=\"940\" height=\"788\" src=\"https:\/\/www.djurskyddet.se\/dalarna\/wp-content\/uploads\/sites\/44\/2022\/06\/1-300x251.png\" alt=\"\" class=\"wp-image-5788\" srcset=\"https:\/\/www.djurskyddet.se\/dalarna\/wp-content\/uploads\/sites\/44\/2022\/06\/1-300x251.png 300w, https:\/\/www.djurskyddet.se\/dalarna\/wp-content\/uploads\/sites\/44\/2022\/06\/1-768x644.png 768w, https:\/\/www.djurskyddet.se\/dalarna\/wp-content\/uploads\/sites\/44\/2022\/06\/1-400x335.png 400w, https:\/\/www.djurskyddet.se\/dalarna\/wp-content\/uploads\/sites\/44\/2022\/06\/1.png 940w\" sizes=\"auto, (max-width: 940px) 100vw, 940px\" \/><\/figure>\n","protected":false},"excerpt":{"rendered":"<p>H\u00e4r finns l\u00e4nk till Djurskyddet Sveriges omfattande material om djurv\u00e4lf\u00e4rd och djurskydd, samt material som vi i Djurskyddet Dalarna producerar. Vi l\u00e4gger l\u00f6pande till s\u00e5dant som vi hoppas kan vara anv\u00e4ndbart och relevant.<\/p>\n","protected":false},"author":37,"featured_media":0,"parent":0,"menu_order":0,"comment_status":"closed","ping_status":"closed","template":"left-sidebar.php","meta":{"_acf_changed":false,"footnotes":""},"class_list":["post-5597","page","type-page","status-publish","hentry"],"acf":[],"_links":{"self":[{"href":"https:\/\/www.djurskyddet.se\/dalarna\/wp-json\/wp\/v2\/pages\/5597","targetHints":{"allow":["GET"]}}],"collection":[{"href":"https:\/\/www.djurskyddet.se\/dalarna\/wp-json\/wp\/v2\/pages"}],"about":[{"href":"https:\/\/www.djurskyddet.se\/dalarna\/wp-json\/wp\/v2\/types\/page"}],"author":[{"embeddable":true,"href":"https:\/\/www.djurskyddet.se\/dalarna\/wp-json\/wp\/v2\/users\/37"}],"replies":[{"embeddable":true,"href":"https:\/\/www.djurskyddet.se\/dalarna\/wp-json\/wp\/v2\/comments?post=5597"}],"version-history":[{"count":5,"href":"https:\/\/www.djurskyddet.se\/dalarna\/wp-json\/wp\/v2\/pages\/5597\/revisions"}],"predecessor-version":[{"id":5891,"href":"https:\/\/www.djurskyddet.se\/dalarna\/wp-json\/wp\/v2\/pages\/5597\/revisions\/5891"}],"wp:attachment":[{"href":"https:\/\/www.djurskyddet.se\/dalarna\/wp-json\/wp\/v2\/media?parent=5597"}],"curies":[{"name":"wp","href":"https:\/\/api.w.org\/{rel}","templated":true}]}}