{"id":5651,"date":"2020-09-28T10:00:32","date_gmt":"2020-09-28T10:00:32","guid":{"rendered":"https:\/\/www.djurskyddet.se\/dalarna\/?page_id=5651"},"modified":"2024-07-14T09:20:39","modified_gmt":"2024-07-14T09:20:39","slug":"lille-parvels-minnesfond","status":"publish","type":"page","link":"https:\/\/www.djurskyddet.se\/dalarna\/lille-parvels-minnesfond\/","title":{"rendered":""},"content":{"rendered":"\n<p class=\"has-text-align-center has-large-font-size\"><strong>Lilla Parvels Minnesfond<\/strong><\/p>\n\n\n<div class=\"wp-block-image is-style-rounded\">\n<figure class=\"aligncenter size-medium\"><img loading=\"lazy\" decoding=\"async\" width=\"300\" height=\"300\" src=\"https:\/\/www.djurskyddet.se\/dalarna\/wp-content\/uploads\/sites\/44\/2024\/07\/Lilla-Parvels-Minnesfond-1-300x300.png\" alt=\"\" class=\"wp-image-6119\" srcset=\"https:\/\/www.djurskyddet.se\/dalarna\/wp-content\/uploads\/sites\/44\/2024\/07\/Lilla-Parvels-Minnesfond-1-300x300.png 300w, https:\/\/www.djurskyddet.se\/dalarna\/wp-content\/uploads\/sites\/44\/2024\/07\/Lilla-Parvels-Minnesfond-1-150x150.png 150w, https:\/\/www.djurskyddet.se\/dalarna\/wp-content\/uploads\/sites\/44\/2024\/07\/Lilla-Parvels-Minnesfond-1-400x400.png 400w, https:\/\/www.djurskyddet.se\/dalarna\/wp-content\/uploads\/sites\/44\/2024\/07\/Lilla-Parvels-Minnesfond-1.png 500w\" sizes=\"auto, (max-width: 300px) 100vw, 300px\" \/><\/figure><\/div>\n\n\n<p>Lilla Parvels minnesfond har till syfte att ge bidrag till v\u00e5rd och rehabilitering av utsatta djur. F\u00f6rst och fr\u00e4mst f\u00f6r medlemmar i Djurskyddet Dalarna som omh\u00e4ndertagit ett \u00f6vergivet eller heml\u00f6st djur, men fonden exkluderar inte bidrag till icke-medlemmar.<\/p>\n\n\n\n<p>F\u00f6reningar och privatpersoner kan s\u00f6ka ekonomiskt bidrag f\u00f6r v\u00e5rd av \u00f6vergivet djur kontakta oss via e-post<a href=\"dalarna@djurskyddet.se\" data-type=\"link\" data-id=\"dalarna@djurskyddet.se\"> dalarna@djurskyddet.se<\/a> s\u00e5 skickar vi ett mejl med information och ans\u00f6kningformul\u00e4r som du fyller i med v\u00e4ndande mejl. I icke-akuta fall g\u00e5r det ocks\u00e5 bra att mejla oss f\u00f6r ans\u00f6kningsdokument, och posta till adressen angiven i dokumentet. <\/p>\n\n\n\n<p>Det \u00e4r viktigt att du meddelar om du s\u00f6ker som f\u00f6rening eller privatperson s\u00e5 du f\u00e5r r\u00e4tt ans\u00f6kan att skicka in.<\/p>\n\n\n\n<p>Det kan vara bra att t\u00e4nka p\u00e5 att vi \u00e4r en ideell organisation som inte alltid har de m\u00f6jligheter och resurser vi skulle \u00f6nska, s\u00e5 hantering av ans\u00f6kningar kan dr\u00f6ja och beviljande av bidrag \u00e4r helt beroende av det kapital vi f\u00f6r tillf\u00e4llet f\u00f6rfogar \u00f6ver. Vi f\u00f6rbeh\u00e5ller oss s\u00e5ledes r\u00e4tten att utan motivation avsl\u00e5 eller godk\u00e4nna ans\u00f6kan. Ange om fallet \u00e4r mycket akut s\u00e5 g\u00f6r vi allt vi kan f\u00f6r att p\u00e5skynda hanteringen. L\u00e4s mer om fonden h\u00e4r, med villkor f\u00f6r hantering och beviljande av bidrag. <\/p>\n\n\n\n<p>Fonden \u00e4r helt beroende av v\u00e4nliga g\u00e5vogivare. Vill du ge en g\u00e5va redan nu? Swisha till 123 634 8411 eller s\u00e4tt in g\u00e5van p\u00e5 bankgiro 873 &#8211; 5284 och m\u00e4rk inbetalningen &#8221;Lilla Parvel&#8221;.<\/p>\n\n\n\n<p>Det b\u00f6rjade s\u00e5 h\u00e4r&#8230;<\/p>\n\n\n\n<p>Ber\u00e4ttelsen om Lilla Parvel: katten som hittades i skogen<\/p>\n\n\n\n<p><em>Under v\u00e5ren 2018 f\u00f6ddes tv\u00e5 sm\u00e5 kattungar cirka 5 km fr\u00e5n v\u00e5r sommarstuga. Under den otroligt varma sommaren lekte de ofta bredvid v\u00e4gen, s\u00e5 man fick vara aktsam n\u00e4r man k\u00f6rde f\u00f6rbi d\u00e4r. Sommaren n\u00e4rmade sig sitt slut och det b\u00f6rjade sina p\u00e5 m\u00e4nniskor i stugorna, vissa blev kvar och vissa \u00e5kte dit p\u00e5 helgerna. Katterna s\u00e5gs till och fr\u00e5n men den ena hade dragit sig bort mot v\u00e5r sommarstuga. H\u00f6sten och kylan kom smygande och jag best\u00e4mde mig f\u00f6r att f\u00f6rs\u00f6ka h\u00f6ra mig f\u00f6r om n\u00e5gon \u00e4gde katterna. Ingen \u00e4gare kunde hittas trots mina anstr\u00e4ngningar. <\/em><\/p>\n\n\n\n<p><em>Mitt hj\u00e4rta brast i tanken \u00f6ver att dom skulle beh\u00f6va g\u00e5 ute hela vintern och best\u00e4mde mig f\u00f6r att kontakta Djurskyddet Dalarna f\u00f6r att f\u00e5 r\u00e5d och hj\u00e4lp med att l\u00e5na kattf\u00e4lla. Den placerades ut d\u00e4r vi till en b\u00f6rjan sett katterna tillsammans. D\u00e5 jag aldrig gjort n\u00e5got liknande tidigare s\u00e5 fick jag tips och r\u00e5d ifr\u00e5n Djurskyddet Dalarna genom deras chatt via Facebook. <\/em><\/p>\n\n\n\n<p><em>Efter cirka tv\u00e5 och en halv vecka utan att ha sett till katterna s\u00e5 sitter en dag den ena katten i f\u00e4llan. Jag tar med katten hem och s\u00e4tter den i ett eget rum. Den \u00e4r otroligt skygg men jag m\u00e4rker snabbt att n\u00e5got inte st\u00e4mmer med kattens mun, den ser liksom sned ut. Kattungen \u00e4ter upp maten, men det \u00e4r en hemsk doft i rummet. Jag bokar in en tid hos veterin\u00e4ren efter samr\u00e5d med Djurskyddet Dalarna som forts\u00e4tter st\u00e4lla upp med r\u00e5d och \u00e4ven ekonomisk hj\u00e4lp d\u00e5 jag vill hj\u00e4lpa den stackars katten. Jag f\u00e5r snabbt tid hos en veterin\u00e4r som unders\u00f6ker Lille Parvel, som visar sig vara en liten kattflicka. <\/em><\/p>\n\n\n\n<p><em>Doften tyder p\u00e5 en kraftig infektion i munnen och det ser inte bra ut. En bit av tungan \u00e4r borta och lika s\u00e5 flertalet t\u00e4nder. K\u00e4ken \u00e4r s\u00e5 sned att hon biter h\u00e5l i sin egen gom. Ett \u00f6ppet s\u00e5r finns under hakan. Men f\u00f6r att veta mer s\u00e5 beh\u00f6vs en r\u00f6ntgen. Veterin\u00e4ren f\u00f6rs\u00f6ker f\u00e5 kontakt med polisen f\u00f6r h\u00f6ra sig f\u00f6r om en eventuell kan \u00e4gare kan sp\u00e5ras, och om polisen kan st\u00e5 f\u00f6r kostnaderna f\u00f6r v\u00e5rden. De ska ringa upp senare. Jag k\u00e4nner att jag sj\u00e4lv kan v\u00e5rda Lille Parvel om jag kan f\u00e5 lite ekonomisk hj\u00e4lp vilket Djurskyddet Dalarna lovat, s\u00e5 vi g\u00e5r vidare med r\u00f6ntgen.<\/em><\/p>\n\n\n\n<p><em>Bilderna ser inte bra ut och det visar sig att k\u00e4ken som \u00e4r sned tyder p\u00e5 en gammal fraktur som Lille Parvel inte f\u00e5tt v\u00e5rd f\u00f6r. K\u00e4ken har inte l\u00e4kt ordentligt och \u00e4r i massor av sm\u00e5 frakturer. Veterin\u00e4ren kan operera men domen \u00e4r att hon kommer f\u00e5 leva helt utan underk\u00e4ke. Situationen var mycket os\u00e4ker och operationen skulle sannolikt inneb\u00e4ra best\u00e5ende sv\u00e5ra konsekvenser f\u00f6r henne. <\/em><\/p>\n\n\n\n<p><em>Vi tar det tunga men enda r\u00e4tta beslutet att Lille Parvel f\u00e5r somna in. Inne i trygghet och v\u00e4rme, omgiven av m\u00e4nniskor som bryr sig och som gjort s\u00e5 mycket det bara g\u00e5r. Hon blev bara runt sex m\u00e5nader gammal, men beh\u00f6vde inte lida l\u00e4ngre.<\/em><\/p>\n\n\n\n<p><em>N\u00e5gra veckor senare gick \u00e4ven Lilla Parvels syster i f\u00e4llan. Fullt frisk och fick stanna kvar i upphittarens familj d\u00e4r hon \u00e4ven fick en kattkompis.<\/em><\/p>\n\n\n\n<p>Ber\u00e4ttat av upphittaren Jennifer i Leksand<\/p>\n\n\n\n<figure class=\"wp-block-gallery has-nested-images columns-default wp-block-gallery-1 is-layout-flex wp-block-gallery-is-layout-flex\">\n<figure class=\"wp-block-image size-full is-style-rounded\"><img loading=\"lazy\" decoding=\"async\" width=\"300\" height=\"300\" data-id=\"5749\" src=\"https:\/\/www.djurskyddet.se\/dalarna\/wp-content\/uploads\/sites\/44\/2022\/06\/lilla-parvel-1.jpg\" alt=\"\" class=\"wp-image-5749\" srcset=\"https:\/\/www.djurskyddet.se\/dalarna\/wp-content\/uploads\/sites\/44\/2022\/06\/lilla-parvel-1.jpg 300w, https:\/\/www.djurskyddet.se\/dalarna\/wp-content\/uploads\/sites\/44\/2022\/06\/lilla-parvel-1-150x150.jpg 150w\" sizes=\"auto, (max-width: 300px) 100vw, 300px\" \/><figcaption class=\"wp-element-caption\">Lille Parvel hos veterin\u00e4ren, innan det s\u00e5 ledsamt stod klart den radikala operationen som kr\u00e4vdes skulle sannolikt inneburit ett liv i lidande f\u00f6r henne. Hade den unga kattflickan inte \u00f6vergivits av sina \u00e4gare och skadan uppt\u00e4ckts och behandlats tidigare, hade hon kunnat leva ett l\u00e5ngt och tryggt kattliv.  <\/figcaption><\/figure>\n<\/figure>\n\n\n\n<p><\/p>\n\n\n\n<p><\/p>\n\n\n<div class=\"wp-block-post-date__modified-date wp-block-post-date\"><time datetime=\"2024-07-14T09:20:39+00:00\">14 juli, 2024<\/time><\/div>\n\n\n<h2 class=\"wp-block-heading\"><\/h2>\n\n\n\n<p><\/p>\n\n\n\n<p><\/p>\n","protected":false},"excerpt":{"rendered":"<p>Lilla Parvels Minnesfond Lilla Parvels minnesfond har till syfte att ge bidrag till v\u00e5rd och rehabilitering av utsatta djur. F\u00f6rst och fr\u00e4mst f\u00f6r medlemmar i Djurskyddet Dalarna som omh\u00e4ndertagit ett \u00f6vergivet eller heml\u00f6st djur, men fonden exkluderar inte bidrag till icke-medlemmar. F\u00f6reningar och privatpersoner kan s\u00f6ka ekonomiskt bidrag f\u00f6r v\u00e5rd av \u00f6vergivet djur kontakta oss via e-post dalarna@djurskyddet.se s\u00e5 skickar vi ett mejl med information och ans\u00f6kningformul\u00e4r som du fyller&hellip;<\/p>\n<p><a class=\"more-link\" href=\"https:\/\/www.djurskyddet.se\/dalarna\/lille-parvels-minnesfond\/\" title=\"Continue reading &lsquo;&rsquo;\">L&auml;s mer<span class=\"meta-nav\">&raquo;<\/span><\/a><\/p>\n","protected":false},"author":46,"featured_media":0,"parent":0,"menu_order":0,"comment_status":"closed","ping_status":"closed","template":"left-sidebar.php","meta":{"_acf_changed":false,"footnotes":""},"class_list":["post-5651","page","type-page","status-publish","hentry"],"acf":[],"_links":{"self":[{"href":"https:\/\/www.djurskyddet.se\/dalarna\/wp-json\/wp\/v2\/pages\/5651","targetHints":{"allow":["GET"]}}],"collection":[{"href":"https:\/\/www.djurskyddet.se\/dalarna\/wp-json\/wp\/v2\/pages"}],"about":[{"href":"https:\/\/www.djurskyddet.se\/dalarna\/wp-json\/wp\/v2\/types\/page"}],"author":[{"embeddable":true,"href":"https:\/\/www.djurskyddet.se\/dalarna\/wp-json\/wp\/v2\/users\/46"}],"replies":[{"embeddable":true,"href":"https:\/\/www.djurskyddet.se\/dalarna\/wp-json\/wp\/v2\/comments?post=5651"}],"version-history":[{"count":29,"href":"https:\/\/www.djurskyddet.se\/dalarna\/wp-json\/wp\/v2\/pages\/5651\/revisions"}],"predecessor-version":[{"id":6146,"href":"https:\/\/www.djurskyddet.se\/dalarna\/wp-json\/wp\/v2\/pages\/5651\/revisions\/6146"}],"wp:attachment":[{"href":"https:\/\/www.djurskyddet.se\/dalarna\/wp-json\/wp\/v2\/media?parent=5651"}],"curies":[{"name":"wp","href":"https:\/\/api.w.org\/{rel}","templated":true}]}}