{"id":5718,"date":"2022-01-31T06:07:49","date_gmt":"2022-01-31T06:07:49","guid":{"rendered":"https:\/\/www.djurskyddet.se\/dalarna\/?page_id=5718"},"modified":"2024-07-14T08:32:08","modified_gmt":"2024-07-14T08:32:08","slug":"arsmoteshandlingar","status":"publish","type":"page","link":"https:\/\/www.djurskyddet.se\/dalarna\/arsmoteshandlingar\/","title":{"rendered":"F\u00f6reningshandlingar"},"content":{"rendered":"\n<p>Se h\u00e4nvisning till \u00e5rsm\u00f6teshandlingar i v\u00e4nsterkolumnen. <\/p>\n\n\n\n<figure class=\"wp-block-pullquote has-text-align-left\"><blockquote><p> <\/p><\/blockquote><\/figure>\n","protected":false},"excerpt":{"rendered":"<p>Se h\u00e4nvisning till \u00e5rsm\u00f6teshandlingar i v\u00e4nsterkolumnen.<\/p>\n","protected":false},"author":46,"featured_media":0,"parent":0,"menu_order":0,"comment_status":"closed","ping_status":"closed","template":"left-sidebar.php","meta":{"_acf_changed":false,"footnotes":""},"class_list":["post-5718","page","type-page","status-publish","hentry"],"acf":[],"_links":{"self":[{"href":"https:\/\/www.djurskyddet.se\/dalarna\/wp-json\/wp\/v2\/pages\/5718","targetHints":{"allow":["GET"]}}],"collection":[{"href":"https:\/\/www.djurskyddet.se\/dalarna\/wp-json\/wp\/v2\/pages"}],"about":[{"href":"https:\/\/www.djurskyddet.se\/dalarna\/wp-json\/wp\/v2\/types\/page"}],"author":[{"embeddable":true,"href":"https:\/\/www.djurskyddet.se\/dalarna\/wp-json\/wp\/v2\/users\/46"}],"replies":[{"embeddable":true,"href":"https:\/\/www.djurskyddet.se\/dalarna\/wp-json\/wp\/v2\/comments?post=5718"}],"version-history":[{"count":9,"href":"https:\/\/www.djurskyddet.se\/dalarna\/wp-json\/wp\/v2\/pages\/5718\/revisions"}],"predecessor-version":[{"id":6139,"href":"https:\/\/www.djurskyddet.se\/dalarna\/wp-json\/wp\/v2\/pages\/5718\/revisions\/6139"}],"wp:attachment":[{"href":"https:\/\/www.djurskyddet.se\/dalarna\/wp-json\/wp\/v2\/media?parent=5718"}],"curies":[{"name":"wp","href":"https:\/\/api.w.org\/{rel}","templated":true}]}}